{"id":44657,"date":"2021-10-14T15:56:25","date_gmt":"2021-10-14T12:56:25","guid":{"rendered":"https:\/\/www.teknocanta.com\/sacoche-a-soufflet-promotionnelle-pour-ordinateur-portable\/"},"modified":"2021-10-14T15:56:25","modified_gmt":"2021-10-14T12:56:25","slug":"sacoche-promotionnelle-pour-ordinateur-portable-protege","status":"publish","type":"product","link":"https:\/\/www.teknocanta.com\/fr\/produit\/sacoche-promotionnelle-pour-ordinateur-portable-protege\/","title":{"rendered":"Sacoche \u00e0 soufflet promotionnelle pour ordinateur portable"},"content":{"rendered":"<div>Sacoche \u00e0 soufflet promotionnelle pour ordinateur portable<\/div>\n<div>Vous pouvez commander des sacs promotionnels imprim\u00e9s ou non imprim\u00e9s dans la quantit\u00e9 que vous souhaitez : Les prix des sacs promotionnels varient en fonction du nombre de commandes et de l&rsquo;impression sur le sac. FiyLes prix sont \u00e9tablis pour 500 pi\u00e8ces.atland\u0131rma 500 adet i\u00e7in yap\u0131lm\u0131\u015ft\u0131r. Les frais d&rsquo;impression et la TVA ne sont pas inclus dans le prix.&nbsp;<\/div>\n<div><\/div>\n<div>Notre mod\u00e8le de sac promotionnel \u00e0 soufflet pour ordinateur portable est disponible en stock dans notre entrep\u00f4t, vous pouvez le commander avec ou sans impression. Vous pouvez l&rsquo;obtenir le jour m\u00eame en le prenant non imprim\u00e9. La couleur du produit en stock est le noir.<\/div>\n<div><\/div>\n<div>Pour les commandes de 200 pi\u00e8ces ou plus, la couleur et le type de tissu, la couleur de la doublure int\u00e9rieure ou la couleur de la fermeture \u00e9clair du sac peuvent \u00eatre modifi\u00e9s en r\u00e9alisant une production sp\u00e9ciale pour vous.<\/div>\n<div><\/div>\n<div>Les parties ext\u00e9rieures du sac sont fabriqu\u00e9es en tissu imperm\u00e9able 1900 deniers et les doublures sont fabriqu\u00e9es en tissu imperm\u00e9able 270 deniers. Les dimensions du sac sont de 32x42x15 cm. Le sac se compose de deux poches frontales, de deux compartiments sup\u00e9rieurs et de deux compartiments arri\u00e8re, de petites poches suppl\u00e9mentaires et d&rsquo;un compartiment pour ordinateur portable en mousse \u00e0 l&rsquo;int\u00e9rieur du sac. Les corps des sacs sont soutenus par une mousse \u00e9ponge de 8 mm d&rsquo;\u00e9paisseur. Un zip de qualit\u00e9 de type 8 est utilis\u00e9.&nbsp;Une fermeture \u00e0 glissi\u00e8re et un gousset cach\u00e9 au fond du sac permettent de l&rsquo;agrandir si n\u00e9cessaire.&nbsp;<\/div>\n<div><\/div>\n<div>Il est possible d&rsquo;imprimer le logo sur une zone de votre choix \u00e0 l&rsquo;int\u00e9rieur ou \u00e0 l&rsquo;ext\u00e9rieur des sacs \u00e0 soufflets promotionnels pour ordinateurs portables. La broderie, l&rsquo;impression par transfert, la s\u00e9rigraphie classique ou la boucle m\u00e9tallique imprim\u00e9e au laser peuvent \u00e9galement \u00eatre appliqu\u00e9es sur le sac. Il peut \u00e9galement \u00eatre cousu sur le sac lors de la fabrication par impression \u00e0 chaud sur du cuir artificiel. Les co\u00fbts d&rsquo;impression varient en fonction du nombre de couleurs de l&rsquo;image \u00e0 imprimer, de la technique d&rsquo;impression et du nombre de commandes. Les sacs promotionnels \u00e0 soufflet pour ordinateur portable ne peuvent \u00eatre imprim\u00e9s techniquement qu&rsquo;avec un logo en une couleur ou par transfert.<\/div>\n<div><\/div>\n<div>Le d\u00e9lai de fabrication de la sacoche \u00e0 soufflet imprim\u00e9e avec logo varie en fonction du nombre de commandes. Les mod\u00e8les de sacs \u00e0 soufflets promotionnels imprim\u00e9s avec un logo peuvent \u00eatre livr\u00e9s en quelques jours apr\u00e8s impression.&nbsp;<\/div>\n<div><\/div>\n<div>Veuillez nous consulter pour conna\u00eetre le stock actuel et les d\u00e9lais de production.<\/div>\n<div><\/div>\n<div>Les entreprises qui fabriquent des porte-documents \u00e0 soufflet imprim\u00e9s avec un logo sont g\u00e9n\u00e9ralement des organisations de congr\u00e8s, des associations ou des entreprises. La fabrication de valises \u00e0 soufflet promotionnelles pour ordinateurs portables et mallettes est un outil promotionnel permanent et efficace \u00e0 long terme.<\/div>\n<div><\/div>\n<div>Vous pouvez voir les mod\u00e8les de sacs promotionnels que nous fabriquons en venant dans notre bureau de vente Avrupa \u00c7anta \u00e0 ISTOC site des grossistes et vous pouvez demander un \u00e9chantillon avant de commander pour vos achats en gros. Vous pouvez \u00e9galement suivre les \u00e9tapes de production et d&rsquo;impression en vous rendant dans notre atelier de fabrication de sacs \u00e0 Zeytinburnu, \u00e0 Istanbul.&nbsp;<\/div>\n<div><\/div>\n<div>Notre soci\u00e9t\u00e9, qui fabrique des sacs promotionnels, continue \u00e0 fabriquer des sacs pour tous vos \u00e9v\u00e9nements tels que les foires, les congr\u00e8s et les symposiums. Nous envoyons les sacs que nous fabriquons \u00e0 des prix abordables par l&rsquo;interm\u00e9diaire des soci\u00e9t\u00e9s d&rsquo;exp\u00e9dition ou de fret avec lesquelles nous avons pass\u00e9 des contrats \u00e0 l&rsquo;int\u00e9rieur et \u00e0 l&rsquo;ext\u00e9rieur d&rsquo;Istanbul.<\/div>\n","protected":false},"excerpt":{"rendered":"<p>Sacoche \u00e0 soufflet promotionnelle pour ordinateur portable Vous pouvez commander des sacs promotionnels imprim\u00e9s ou non imprim\u00e9s dans la quantit\u00e9 que vous souhaitez : Les prix des sacs promotionnels varient en fonction du nombre de commandes et de l&rsquo;impression sur le sac. FiyLes prix sont \u00e9tablis pour 500 pi\u00e8ces.atland\u0131rma 500 adet i\u00e7in yap\u0131lm\u0131\u015ft\u0131r. Les frais&hellip;<\/p>\n","protected":false},"featured_media":42416,"comment_status":"open","ping_status":"closed","template":"","meta":[],"product_brand":[],"product_cat":[1365,1363,1376],"product_tag":[1737,1659],"class_list":{"0":"post-44657","1":"product","2":"type-product","3":"status-publish","4":"has-post-thumbnail","6":"product_cat-ordinateur-portable-et-mallette","7":"product_cat-sac-de-congres-et-de-symposium","8":"product_cat-sacs-approvisionnes","9":"product_tag-sacoche-a-soufflet-pour-ordinateur-portable","10":"product_tag-sacs-en-gros","11":"description-off","13":"first","14":"instock","15":"shipping-taxable","16":"purchasable","17":"product-type-simple"},"yoast_head":"<!-- This site is optimized with the Yoast SEO plugin v26.6 - https:\/\/yoast.com\/wordpress\/plugins\/seo\/ -->\n<title>Sacoche \u00e0 soufflet promotionnelle pour ordinateur portable - Tekno \u00c7anta - Promosyon Toptan \u00c7anta \u0130malat\u0131<\/title>\n<meta name=\"robots\" content=\"index, follow, max-snippet:-1, max-image-preview:large, max-video-preview:-1\" \/>\n<link rel=\"canonical\" href=\"https:\/\/www.teknocanta.com\/sacoche-a-soufflet-promotionnelle-pour-ordinateur-portable\/\" \/>\n<meta property=\"og:locale\" content=\"fr_FR\" \/>\n<meta property=\"og:type\" content=\"article\" \/>\n<meta property=\"og:title\" content=\"Sacoche \u00e0 soufflet promotionnelle pour ordinateur portable - Tekno \u00c7anta - Promosyon Toptan \u00c7anta \u0130malat\u0131\" \/>\n<meta property=\"og:description\" content=\"Sacoche \u00e0 soufflet promotionnelle pour ordinateur portable Vous pouvez commander des sacs promotionnels imprim\u00e9s ou non imprim\u00e9s dans la quantit\u00e9 que vous souhaitez : Les prix des sacs promotionnels varient en fonction du nombre de commandes et de l&rsquo;impression sur le sac. FiyLes prix sont \u00e9tablis pour 500 pi\u00e8ces.atland\u0131rma 500 adet i\u00e7in yap\u0131lm\u0131\u015ft\u0131r. Les frais&hellip;\" \/>\n<meta property=\"og:url\" content=\"https:\/\/www.teknocanta.com\/sacoche-a-soufflet-promotionnelle-pour-ordinateur-portable\/\" \/>\n<meta property=\"og:site_name\" content=\"Tekno \u00c7anta - Promosyon Toptan \u00c7anta \u0130malat\u0131\" \/>\n<meta name=\"twitter:card\" content=\"summary_large_image\" \/>\n<meta name=\"twitter:label1\" content=\"Dur\u00e9e de lecture estim\u00e9e\" \/>\n\t<meta name=\"twitter:data1\" content=\"3 minutes\" \/>\n<script type=\"application\/ld+json\" class=\"yoast-schema-graph\">{\"@context\":\"https:\/\/schema.org\",\"@graph\":[{\"@type\":\"WebPage\",\"@id\":\"https:\/\/www.teknocanta.com\/sacoche-a-soufflet-promotionnelle-pour-ordinateur-portable\/\",\"url\":\"https:\/\/www.teknocanta.com\/sacoche-a-soufflet-promotionnelle-pour-ordinateur-portable\/\",\"name\":\"Sacoche \u00e0 soufflet promotionnelle pour ordinateur portable - Tekno \u00c7anta - Promosyon Toptan \u00c7anta \u0130malat\u0131\",\"isPartOf\":{\"@id\":\"https:\/\/www.teknocanta.com\/#website\"},\"primaryImageOfPage\":{\"@id\":\"https:\/\/www.teknocanta.com\/sacoche-a-soufflet-promotionnelle-pour-ordinateur-portable\/#primaryimage\"},\"image\":{\"@id\":\"https:\/\/www.teknocanta.com\/sacoche-a-soufflet-promotionnelle-pour-ordinateur-portable\/#primaryimage\"},\"thumbnailUrl\":\"https:\/\/www.teknocanta.com\/wp-content\/uploads\/2021\/10\/promosyonkoruklulaptopcanntasion.jpg\",\"datePublished\":\"2021-10-14T12:56:25+00:00\",\"breadcrumb\":{\"@id\":\"https:\/\/www.teknocanta.com\/sacoche-a-soufflet-promotionnelle-pour-ordinateur-portable\/#breadcrumb\"},\"inLanguage\":\"fr-FR\",\"potentialAction\":[{\"@type\":\"ReadAction\",\"target\":[\"https:\/\/www.teknocanta.com\/sacoche-a-soufflet-promotionnelle-pour-ordinateur-portable\/\"]}]},{\"@type\":\"ImageObject\",\"inLanguage\":\"fr-FR\",\"@id\":\"https:\/\/www.teknocanta.com\/sacoche-a-soufflet-promotionnelle-pour-ordinateur-portable\/#primaryimage\",\"url\":\"https:\/\/www.teknocanta.com\/wp-content\/uploads\/2021\/10\/promosyonkoruklulaptopcanntasion.jpg\",\"contentUrl\":\"https:\/\/www.teknocanta.com\/wp-content\/uploads\/2021\/10\/promosyonkoruklulaptopcanntasion.jpg\",\"width\":1000,\"height\":1000},{\"@type\":\"BreadcrumbList\",\"@id\":\"https:\/\/www.teknocanta.com\/sacoche-a-soufflet-promotionnelle-pour-ordinateur-portable\/#breadcrumb\",\"itemListElement\":[{\"@type\":\"ListItem\",\"position\":1,\"name\":\"Ana sayfa\",\"item\":\"https:\/\/www.teknocanta.com\/fr\/\"},{\"@type\":\"ListItem\",\"position\":2,\"name\":\"\u00dcr\u00fcnler\",\"item\":\"https:\/\/www.teknocanta.com\/urunler\/\"},{\"@type\":\"ListItem\",\"position\":3,\"name\":\"Sacoche \u00e0 soufflet promotionnelle pour ordinateur portable\"}]},{\"@type\":\"WebSite\",\"@id\":\"https:\/\/www.teknocanta.com\/#website\",\"url\":\"https:\/\/www.teknocanta.com\/\",\"name\":\"Tekno \u00c7anta - Promosyon Toptan \u00c7anta \u0130malat\u0131\",\"description\":\"Toptan \u00e7anta imalat\u0131, ham bez \u00e7anta, s\u0131rt \u00e7antalar\u0131, laptop ve evrak \u00e7antalar\u0131, kongre \u00e7antalar\u0131, fuar \u00e7antas\u0131 ve ipli b\u00fczg\u00fcl\u00fc \u00e7anta imalat\u0131 yapmaktay\u0131z.\",\"potentialAction\":[{\"@type\":\"SearchAction\",\"target\":{\"@type\":\"EntryPoint\",\"urlTemplate\":\"https:\/\/www.teknocanta.com\/?s={search_term_string}\"},\"query-input\":{\"@type\":\"PropertyValueSpecification\",\"valueRequired\":true,\"valueName\":\"search_term_string\"}}],\"inLanguage\":\"fr-FR\"}]}<\/script>\n<!-- \/ Yoast SEO plugin. -->","yoast_head_json":{"title":"Sacoche \u00e0 soufflet promotionnelle pour ordinateur portable - Tekno \u00c7anta - Promosyon Toptan \u00c7anta \u0130malat\u0131","robots":{"index":"index","follow":"follow","max-snippet":"max-snippet:-1","max-image-preview":"max-image-preview:large","max-video-preview":"max-video-preview:-1"},"canonical":"https:\/\/www.teknocanta.com\/sacoche-a-soufflet-promotionnelle-pour-ordinateur-portable\/","og_locale":"fr_FR","og_type":"article","og_title":"Sacoche \u00e0 soufflet promotionnelle pour ordinateur portable - Tekno \u00c7anta - Promosyon Toptan \u00c7anta \u0130malat\u0131","og_description":"Sacoche \u00e0 soufflet promotionnelle pour ordinateur portable Vous pouvez commander des sacs promotionnels imprim\u00e9s ou non imprim\u00e9s dans la quantit\u00e9 que vous souhaitez : Les prix des sacs promotionnels varient en fonction du nombre de commandes et de l&rsquo;impression sur le sac. FiyLes prix sont \u00e9tablis pour 500 pi\u00e8ces.atland\u0131rma 500 adet i\u00e7in yap\u0131lm\u0131\u015ft\u0131r. Les frais&hellip;","og_url":"https:\/\/www.teknocanta.com\/sacoche-a-soufflet-promotionnelle-pour-ordinateur-portable\/","og_site_name":"Tekno \u00c7anta - Promosyon Toptan \u00c7anta \u0130malat\u0131","twitter_card":"summary_large_image","twitter_misc":{"Dur\u00e9e de lecture estim\u00e9e":"3 minutes"},"schema":{"@context":"https:\/\/schema.org","@graph":[{"@type":"WebPage","@id":"https:\/\/www.teknocanta.com\/sacoche-a-soufflet-promotionnelle-pour-ordinateur-portable\/","url":"https:\/\/www.teknocanta.com\/sacoche-a-soufflet-promotionnelle-pour-ordinateur-portable\/","name":"Sacoche \u00e0 soufflet promotionnelle pour ordinateur portable - Tekno \u00c7anta - Promosyon Toptan \u00c7anta \u0130malat\u0131","isPartOf":{"@id":"https:\/\/www.teknocanta.com\/#website"},"primaryImageOfPage":{"@id":"https:\/\/www.teknocanta.com\/sacoche-a-soufflet-promotionnelle-pour-ordinateur-portable\/#primaryimage"},"image":{"@id":"https:\/\/www.teknocanta.com\/sacoche-a-soufflet-promotionnelle-pour-ordinateur-portable\/#primaryimage"},"thumbnailUrl":"https:\/\/www.teknocanta.com\/wp-content\/uploads\/2021\/10\/promosyonkoruklulaptopcanntasion.jpg","datePublished":"2021-10-14T12:56:25+00:00","breadcrumb":{"@id":"https:\/\/www.teknocanta.com\/sacoche-a-soufflet-promotionnelle-pour-ordinateur-portable\/#breadcrumb"},"inLanguage":"fr-FR","potentialAction":[{"@type":"ReadAction","target":["https:\/\/www.teknocanta.com\/sacoche-a-soufflet-promotionnelle-pour-ordinateur-portable\/"]}]},{"@type":"ImageObject","inLanguage":"fr-FR","@id":"https:\/\/www.teknocanta.com\/sacoche-a-soufflet-promotionnelle-pour-ordinateur-portable\/#primaryimage","url":"https:\/\/www.teknocanta.com\/wp-content\/uploads\/2021\/10\/promosyonkoruklulaptopcanntasion.jpg","contentUrl":"https:\/\/www.teknocanta.com\/wp-content\/uploads\/2021\/10\/promosyonkoruklulaptopcanntasion.jpg","width":1000,"height":1000},{"@type":"BreadcrumbList","@id":"https:\/\/www.teknocanta.com\/sacoche-a-soufflet-promotionnelle-pour-ordinateur-portable\/#breadcrumb","itemListElement":[{"@type":"ListItem","position":1,"name":"Ana sayfa","item":"https:\/\/www.teknocanta.com\/fr\/"},{"@type":"ListItem","position":2,"name":"\u00dcr\u00fcnler","item":"https:\/\/www.teknocanta.com\/urunler\/"},{"@type":"ListItem","position":3,"name":"Sacoche \u00e0 soufflet promotionnelle pour ordinateur portable"}]},{"@type":"WebSite","@id":"https:\/\/www.teknocanta.com\/#website","url":"https:\/\/www.teknocanta.com\/","name":"Tekno \u00c7anta - Promosyon Toptan \u00c7anta \u0130malat\u0131","description":"Toptan \u00e7anta imalat\u0131, ham bez \u00e7anta, s\u0131rt \u00e7antalar\u0131, laptop ve evrak \u00e7antalar\u0131, kongre \u00e7antalar\u0131, fuar \u00e7antas\u0131 ve ipli b\u00fczg\u00fcl\u00fc \u00e7anta imalat\u0131 yapmaktay\u0131z.","potentialAction":[{"@type":"SearchAction","target":{"@type":"EntryPoint","urlTemplate":"https:\/\/www.teknocanta.com\/?s={search_term_string}"},"query-input":{"@type":"PropertyValueSpecification","valueRequired":true,"valueName":"search_term_string"}}],"inLanguage":"fr-FR"}]}},"_links":{"self":[{"href":"https:\/\/www.teknocanta.com\/fr\/wp-json\/wp\/v2\/product\/44657","targetHints":{"allow":["GET"]}}],"collection":[{"href":"https:\/\/www.teknocanta.com\/fr\/wp-json\/wp\/v2\/product"}],"about":[{"href":"https:\/\/www.teknocanta.com\/fr\/wp-json\/wp\/v2\/types\/product"}],"replies":[{"embeddable":true,"href":"https:\/\/www.teknocanta.com\/fr\/wp-json\/wp\/v2\/comments?post=44657"}],"wp:featuredmedia":[{"embeddable":true,"href":"https:\/\/www.teknocanta.com\/fr\/wp-json\/wp\/v2\/media\/42416"}],"wp:attachment":[{"href":"https:\/\/www.teknocanta.com\/fr\/wp-json\/wp\/v2\/media?parent=44657"}],"wp:term":[{"taxonomy":"product_brand","embeddable":true,"href":"https:\/\/www.teknocanta.com\/fr\/wp-json\/wp\/v2\/product_brand?post=44657"},{"taxonomy":"product_cat","embeddable":true,"href":"https:\/\/www.teknocanta.com\/fr\/wp-json\/wp\/v2\/product_cat?post=44657"},{"taxonomy":"product_tag","embeddable":true,"href":"https:\/\/www.teknocanta.com\/fr\/wp-json\/wp\/v2\/product_tag?post=44657"}],"curies":[{"name":"wp","href":"https:\/\/api.w.org\/{rel}","templated":true}]}}