{"id":44643,"date":"2021-10-14T15:57:09","date_gmt":"2021-10-14T12:57:09","guid":{"rendered":"https:\/\/www.teknocanta.com\/sac-a-dos-promotionnel-de-gros-anthracite\/"},"modified":"2021-10-14T15:57:09","modified_gmt":"2021-10-14T12:57:09","slug":"promotionnel-sac-a-dos-de-grossiste-anthracite","status":"publish","type":"product","link":"https:\/\/www.teknocanta.com\/fr\/produit\/promotionnel-sac-a-dos-de-grossiste-anthracite\/","title":{"rendered":"Sac \u00e0 dos promotionnel de gros &#8211; Anthracite"},"content":{"rendered":"<div>Sac \u00e0 dos promotionnel de gros &#8211; Anthracite<\/div>\n<div>Les prix de gros des sacs \u00e0 dos indiqu\u00e9s sur notre page web sont valables pour des commandes de 500 pi\u00e8ces. Il y aura une augmentation de prix pour les achats moins importants. Il s&rsquo;agit d&rsquo;un produit stock\u00e9. La quantit\u00e9 minimale de commande pour les produits en rupture de stock est de 200 pi\u00e8ces. La TVA de 8% et les frais d&rsquo;impression ne sont pas inclus dans le prix. Veuillez demander une liste de prix pour des quantit\u00e9s diff\u00e9rentes.<\/div>\n<div><\/div>\n<div>Le sac \u00e0 dos de gros stock\u00e9 est fabriqu\u00e9 en tissu impertex de lin imperm\u00e9able \u00e0 l&rsquo;eau et sans canc\u00e9rog\u00e8nes. La surface du tissu convient \u00e0 tous les types d&rsquo;impression. L&rsquo;impression par transfert, la s\u00e9rigraphie, l&rsquo;impression par peinture classique ou la broderie peuvent \u00eatre r\u00e9alis\u00e9es \u00e0 l&rsquo;int\u00e9rieur ou \u00e0 l&rsquo;ext\u00e9rieur du sac.&nbsp;<\/div>\n<div><\/div>\n<div>Les sacs \u00e0 dos promotionnels stock\u00e9s en gros ne peuvent pas \u00eatre techniquement brod\u00e9s et ne peuvent \u00eatre imprim\u00e9s qu&rsquo;avec une technique de s\u00e9rigraphie classique d&rsquo;une seule couleur. Il est possible de r\u00e9aliser toutes sortes d&rsquo;impressions dans vos commandes de fabrication sp\u00e9ciales.&nbsp;<\/div>\n<div><\/div>\n<div>Pour les commandes de 200 pi\u00e8ces ou plus, la couleur du tissu, la couleur de la doublure et la couleur de la fermeture \u00e9clair peuvent \u00eatre modifi\u00e9es. Il est possible de modifier le mod\u00e8le du sac en payant une diff\u00e9rence de prix.<\/div>\n<div><\/div>\n<div>La taille du sac est de 30x40x8 cm. Le sac se compose d&rsquo;une partie sup\u00e9rieure et d&rsquo;une partie frontale. Le sac est compos\u00e9 d&rsquo;une mousse de 8 mm d&rsquo;\u00e9paisseur et d&rsquo;une fermeture \u00e0 glissi\u00e8re de qualit\u00e9 de type 8. Le sac comporte un compartiment pour ordinateur portable.&nbsp;<\/div>\n<div><\/div>\n<div>Pour vos commandes de sacs \u00e0 dos personnalis\u00e9s, les d\u00e9lais de fabrication sont d&rsquo;au moins une semaine en fonction de la quantit\u00e9. Les produits en stock peuvent \u00eatre livr\u00e9s le jour m\u00eame sans impression. Le d\u00e9lai d&rsquo;impression pour les produits en stock est de quelques jours.<\/div>\n<div><\/div>\n<div>Les sacs stock\u00e9s vous aideront \u00e0 r\u00e9pondre \u00e0 vos besoins urgents en mati\u00e8re de sacs. Les sacs \u00e0 dos stock\u00e9s r\u00e9pondront rapidement \u00e0 vos besoins, avec ou sans impression, sans avoir \u00e0 attendre le temps de fabrication. La fabrication d&rsquo;un sac \u00e0 dos prenant en moyenne une semaine, les institutions qui n&rsquo;ont pas le temps et qui ont besoin d&rsquo;un sac plus t\u00f4t trouveront l\u00e0 une bonne solution.&nbsp;<\/div>\n<div><\/div>\n<div>Les sacs \u00e0 dos en gros sont tr\u00e8s pratiques pour les \u00e9tudiants en dehors des congr\u00e8s et des symposiums. Il s&rsquo;agit d&rsquo;un produit dont la capacit\u00e9 est suffisante pour r\u00e9pondre aux besoins quotidiens. Il s&rsquo;agit d&rsquo;un mod\u00e8le de sac \u00e0 dos l\u00e9ger et fonctionnel.<\/div>\n<div><\/div>\n<div>Les sacs \u00e0 dos promotionnels sont un produit promotionnel utile que vous pouvez utiliser lors de toutes sortes d&rsquo;\u00e9v\u00e9nements tels que des congr\u00e8s, des symposiums et des s\u00e9minaires \u00e0 des fins promotionnelles et que vous pouvez offrir \u00e0 vos clients.<\/div>\n<div><\/div>\n<div>Le lieu de fabrication est Istanbul et il s&rsquo;agit d&rsquo;un produit de production nationale \u00e0 100 %. Notre atelier est situ\u00e9 dans le district de K\u00fc\u00e7\u00fck\u00e7ekmece, notre bureau de vente et notre salle d&rsquo;exposition sont situ\u00e9s dans le district de Ba\u011fc\u0131lar, site des grossistes d&rsquo;ISTO\u00c7.<\/div>\n<div><\/div>\n<div>Nos produits peuvent \u00eatre exp\u00e9di\u00e9s depuis notre adresse d&rsquo;ISTOC vers toute la Turquie \u00e0 des prix \u00e9conomiques par l&rsquo;interm\u00e9diaire de nos soci\u00e9t\u00e9s de fret ou d&rsquo;entreposage sous contrat.<\/div>\n","protected":false},"excerpt":{"rendered":"<p>Sac \u00e0 dos promotionnel de gros &#8211; Anthracite Les prix de gros des sacs \u00e0 dos indiqu\u00e9s sur notre page web sont valables pour des commandes de 500 pi\u00e8ces. Il y aura une augmentation de prix pour les achats moins importants. Il s&rsquo;agit d&rsquo;un produit stock\u00e9. La quantit\u00e9 minimale de commande pour les produits en&hellip;<\/p>\n","protected":false},"featured_media":42542,"comment_status":"open","ping_status":"closed","template":"","meta":[],"product_brand":[],"product_cat":[1374,1363,1376],"product_tag":[1459,1730,1729,1533],"class_list":{"0":"post-44643","1":"product","2":"type-product","3":"status-publish","4":"has-post-thumbnail","6":"product_cat-sac-a-dos","7":"product_cat-sac-de-congres-et-de-symposium","8":"product_cat-sacs-approvisionnes","9":"product_tag-fabricants-de-sacs-fr","10":"product_tag-production-de-sacs-en-gros","11":"product_tag-sac-a-dos-en-lin","12":"product_tag-sac-a-dos-imprime","13":"description-off","15":"first","16":"instock","17":"shipping-taxable","18":"purchasable","19":"product-type-simple"},"yoast_head":"<!-- This site is optimized with the Yoast SEO plugin v26.6 - https:\/\/yoast.com\/wordpress\/plugins\/seo\/ -->\n<title>Sac \u00e0 dos promotionnel de gros - Anthracite - Tekno \u00c7anta - Promosyon Toptan \u00c7anta \u0130malat\u0131<\/title>\n<meta name=\"robots\" content=\"index, follow, max-snippet:-1, max-image-preview:large, max-video-preview:-1\" \/>\n<link rel=\"canonical\" href=\"https:\/\/www.teknocanta.com\/sac-a-dos-promotionnel-de-gros-anthracite\/\" \/>\n<meta property=\"og:locale\" content=\"fr_FR\" \/>\n<meta property=\"og:type\" content=\"article\" \/>\n<meta property=\"og:title\" content=\"Sac \u00e0 dos promotionnel de gros - Anthracite - Tekno \u00c7anta - Promosyon Toptan \u00c7anta \u0130malat\u0131\" \/>\n<meta property=\"og:description\" content=\"Sac \u00e0 dos promotionnel de gros &#8211; Anthracite Les prix de gros des sacs \u00e0 dos indiqu\u00e9s sur notre page web sont valables pour des commandes de 500 pi\u00e8ces. Il y aura une augmentation de prix pour les achats moins importants. Il s&rsquo;agit d&rsquo;un produit stock\u00e9. La quantit\u00e9 minimale de commande pour les produits en&hellip;\" \/>\n<meta property=\"og:url\" content=\"https:\/\/www.teknocanta.com\/sac-a-dos-promotionnel-de-gros-anthracite\/\" \/>\n<meta property=\"og:site_name\" content=\"Tekno \u00c7anta - Promosyon Toptan \u00c7anta \u0130malat\u0131\" \/>\n<meta name=\"twitter:card\" content=\"summary_large_image\" \/>\n<meta name=\"twitter:label1\" content=\"Dur\u00e9e de lecture estim\u00e9e\" \/>\n\t<meta name=\"twitter:data1\" content=\"3 minutes\" \/>\n<script type=\"application\/ld+json\" class=\"yoast-schema-graph\">{\"@context\":\"https:\/\/schema.org\",\"@graph\":[{\"@type\":\"WebPage\",\"@id\":\"https:\/\/www.teknocanta.com\/sac-a-dos-promotionnel-de-gros-anthracite\/\",\"url\":\"https:\/\/www.teknocanta.com\/sac-a-dos-promotionnel-de-gros-anthracite\/\",\"name\":\"Sac \u00e0 dos promotionnel de gros - Anthracite - Tekno \u00c7anta - Promosyon Toptan \u00c7anta \u0130malat\u0131\",\"isPartOf\":{\"@id\":\"https:\/\/www.teknocanta.com\/#website\"},\"primaryImageOfPage\":{\"@id\":\"https:\/\/www.teknocanta.com\/sac-a-dos-promotionnel-de-gros-anthracite\/#primaryimage\"},\"image\":{\"@id\":\"https:\/\/www.teknocanta.com\/sac-a-dos-promotionnel-de-gros-anthracite\/#primaryimage\"},\"thumbnailUrl\":\"https:\/\/www.teknocanta.com\/wp-content\/uploads\/2021\/10\/promosyontoptansirtcantasiantrasitanaresim.jpg\",\"datePublished\":\"2021-10-14T12:57:09+00:00\",\"breadcrumb\":{\"@id\":\"https:\/\/www.teknocanta.com\/sac-a-dos-promotionnel-de-gros-anthracite\/#breadcrumb\"},\"inLanguage\":\"fr-FR\",\"potentialAction\":[{\"@type\":\"ReadAction\",\"target\":[\"https:\/\/www.teknocanta.com\/sac-a-dos-promotionnel-de-gros-anthracite\/\"]}]},{\"@type\":\"ImageObject\",\"inLanguage\":\"fr-FR\",\"@id\":\"https:\/\/www.teknocanta.com\/sac-a-dos-promotionnel-de-gros-anthracite\/#primaryimage\",\"url\":\"https:\/\/www.teknocanta.com\/wp-content\/uploads\/2021\/10\/promosyontoptansirtcantasiantrasitanaresim.jpg\",\"contentUrl\":\"https:\/\/www.teknocanta.com\/wp-content\/uploads\/2021\/10\/promosyontoptansirtcantasiantrasitanaresim.jpg\",\"width\":810,\"height\":1059},{\"@type\":\"BreadcrumbList\",\"@id\":\"https:\/\/www.teknocanta.com\/sac-a-dos-promotionnel-de-gros-anthracite\/#breadcrumb\",\"itemListElement\":[{\"@type\":\"ListItem\",\"position\":1,\"name\":\"Ana sayfa\",\"item\":\"https:\/\/www.teknocanta.com\/fr\/\"},{\"@type\":\"ListItem\",\"position\":2,\"name\":\"\u00dcr\u00fcnler\",\"item\":\"https:\/\/www.teknocanta.com\/urunler\/\"},{\"@type\":\"ListItem\",\"position\":3,\"name\":\"Sac \u00e0 dos promotionnel de gros &#8211; Anthracite\"}]},{\"@type\":\"WebSite\",\"@id\":\"https:\/\/www.teknocanta.com\/#website\",\"url\":\"https:\/\/www.teknocanta.com\/\",\"name\":\"Tekno \u00c7anta - Promosyon Toptan \u00c7anta \u0130malat\u0131\",\"description\":\"Toptan \u00e7anta imalat\u0131, ham bez \u00e7anta, s\u0131rt \u00e7antalar\u0131, laptop ve evrak \u00e7antalar\u0131, kongre \u00e7antalar\u0131, fuar \u00e7antas\u0131 ve ipli b\u00fczg\u00fcl\u00fc \u00e7anta imalat\u0131 yapmaktay\u0131z.\",\"potentialAction\":[{\"@type\":\"SearchAction\",\"target\":{\"@type\":\"EntryPoint\",\"urlTemplate\":\"https:\/\/www.teknocanta.com\/?s={search_term_string}\"},\"query-input\":{\"@type\":\"PropertyValueSpecification\",\"valueRequired\":true,\"valueName\":\"search_term_string\"}}],\"inLanguage\":\"fr-FR\"}]}<\/script>\n<!-- \/ Yoast SEO plugin. -->","yoast_head_json":{"title":"Sac \u00e0 dos promotionnel de gros - Anthracite - Tekno \u00c7anta - Promosyon Toptan \u00c7anta \u0130malat\u0131","robots":{"index":"index","follow":"follow","max-snippet":"max-snippet:-1","max-image-preview":"max-image-preview:large","max-video-preview":"max-video-preview:-1"},"canonical":"https:\/\/www.teknocanta.com\/sac-a-dos-promotionnel-de-gros-anthracite\/","og_locale":"fr_FR","og_type":"article","og_title":"Sac \u00e0 dos promotionnel de gros - Anthracite - Tekno \u00c7anta - Promosyon Toptan \u00c7anta \u0130malat\u0131","og_description":"Sac \u00e0 dos promotionnel de gros &#8211; Anthracite Les prix de gros des sacs \u00e0 dos indiqu\u00e9s sur notre page web sont valables pour des commandes de 500 pi\u00e8ces. Il y aura une augmentation de prix pour les achats moins importants. Il s&rsquo;agit d&rsquo;un produit stock\u00e9. La quantit\u00e9 minimale de commande pour les produits en&hellip;","og_url":"https:\/\/www.teknocanta.com\/sac-a-dos-promotionnel-de-gros-anthracite\/","og_site_name":"Tekno \u00c7anta - Promosyon Toptan \u00c7anta \u0130malat\u0131","twitter_card":"summary_large_image","twitter_misc":{"Dur\u00e9e de lecture estim\u00e9e":"3 minutes"},"schema":{"@context":"https:\/\/schema.org","@graph":[{"@type":"WebPage","@id":"https:\/\/www.teknocanta.com\/sac-a-dos-promotionnel-de-gros-anthracite\/","url":"https:\/\/www.teknocanta.com\/sac-a-dos-promotionnel-de-gros-anthracite\/","name":"Sac \u00e0 dos promotionnel de gros - Anthracite - Tekno \u00c7anta - Promosyon Toptan \u00c7anta \u0130malat\u0131","isPartOf":{"@id":"https:\/\/www.teknocanta.com\/#website"},"primaryImageOfPage":{"@id":"https:\/\/www.teknocanta.com\/sac-a-dos-promotionnel-de-gros-anthracite\/#primaryimage"},"image":{"@id":"https:\/\/www.teknocanta.com\/sac-a-dos-promotionnel-de-gros-anthracite\/#primaryimage"},"thumbnailUrl":"https:\/\/www.teknocanta.com\/wp-content\/uploads\/2021\/10\/promosyontoptansirtcantasiantrasitanaresim.jpg","datePublished":"2021-10-14T12:57:09+00:00","breadcrumb":{"@id":"https:\/\/www.teknocanta.com\/sac-a-dos-promotionnel-de-gros-anthracite\/#breadcrumb"},"inLanguage":"fr-FR","potentialAction":[{"@type":"ReadAction","target":["https:\/\/www.teknocanta.com\/sac-a-dos-promotionnel-de-gros-anthracite\/"]}]},{"@type":"ImageObject","inLanguage":"fr-FR","@id":"https:\/\/www.teknocanta.com\/sac-a-dos-promotionnel-de-gros-anthracite\/#primaryimage","url":"https:\/\/www.teknocanta.com\/wp-content\/uploads\/2021\/10\/promosyontoptansirtcantasiantrasitanaresim.jpg","contentUrl":"https:\/\/www.teknocanta.com\/wp-content\/uploads\/2021\/10\/promosyontoptansirtcantasiantrasitanaresim.jpg","width":810,"height":1059},{"@type":"BreadcrumbList","@id":"https:\/\/www.teknocanta.com\/sac-a-dos-promotionnel-de-gros-anthracite\/#breadcrumb","itemListElement":[{"@type":"ListItem","position":1,"name":"Ana sayfa","item":"https:\/\/www.teknocanta.com\/fr\/"},{"@type":"ListItem","position":2,"name":"\u00dcr\u00fcnler","item":"https:\/\/www.teknocanta.com\/urunler\/"},{"@type":"ListItem","position":3,"name":"Sac \u00e0 dos promotionnel de gros &#8211; Anthracite"}]},{"@type":"WebSite","@id":"https:\/\/www.teknocanta.com\/#website","url":"https:\/\/www.teknocanta.com\/","name":"Tekno \u00c7anta - Promosyon Toptan \u00c7anta \u0130malat\u0131","description":"Toptan \u00e7anta imalat\u0131, ham bez \u00e7anta, s\u0131rt \u00e7antalar\u0131, laptop ve evrak \u00e7antalar\u0131, kongre \u00e7antalar\u0131, fuar \u00e7antas\u0131 ve ipli b\u00fczg\u00fcl\u00fc \u00e7anta imalat\u0131 yapmaktay\u0131z.","potentialAction":[{"@type":"SearchAction","target":{"@type":"EntryPoint","urlTemplate":"https:\/\/www.teknocanta.com\/?s={search_term_string}"},"query-input":{"@type":"PropertyValueSpecification","valueRequired":true,"valueName":"search_term_string"}}],"inLanguage":"fr-FR"}]}},"_links":{"self":[{"href":"https:\/\/www.teknocanta.com\/fr\/wp-json\/wp\/v2\/product\/44643","targetHints":{"allow":["GET"]}}],"collection":[{"href":"https:\/\/www.teknocanta.com\/fr\/wp-json\/wp\/v2\/product"}],"about":[{"href":"https:\/\/www.teknocanta.com\/fr\/wp-json\/wp\/v2\/types\/product"}],"replies":[{"embeddable":true,"href":"https:\/\/www.teknocanta.com\/fr\/wp-json\/wp\/v2\/comments?post=44643"}],"wp:featuredmedia":[{"embeddable":true,"href":"https:\/\/www.teknocanta.com\/fr\/wp-json\/wp\/v2\/media\/42542"}],"wp:attachment":[{"href":"https:\/\/www.teknocanta.com\/fr\/wp-json\/wp\/v2\/media?parent=44643"}],"wp:term":[{"taxonomy":"product_brand","embeddable":true,"href":"https:\/\/www.teknocanta.com\/fr\/wp-json\/wp\/v2\/product_brand?post=44643"},{"taxonomy":"product_cat","embeddable":true,"href":"https:\/\/www.teknocanta.com\/fr\/wp-json\/wp\/v2\/product_cat?post=44643"},{"taxonomy":"product_tag","embeddable":true,"href":"https:\/\/www.teknocanta.com\/fr\/wp-json\/wp\/v2\/product_tag?post=44643"}],"curies":[{"name":"wp","href":"https:\/\/api.w.org\/{rel}","templated":true}]}}