{"id":44640,"date":"2021-10-14T15:57:34","date_gmt":"2021-10-14T12:57:34","guid":{"rendered":"https:\/\/www.teknocanta.com\/sac-pour-tremblement-de-terre\/"},"modified":"2021-10-14T15:57:34","modified_gmt":"2021-10-14T12:57:34","slug":"sac-antisismique","status":"publish","type":"product","link":"https:\/\/www.teknocanta.com\/fr\/produit\/sac-antisismique\/","title":{"rendered":"Sac pour tremblement de terre"},"content":{"rendered":"<p>Vous pouvez prendre le sac de tremblement de terre vide ou plein. <\/p>\n<p>Nous vendons en gros. <\/p>\n<p>Vous pouvez l&rsquo;offrir en imprimant votre logo sur le sac promotionnel de tremblement de terre. <\/p>\n<p>En tant qu&rsquo;entreprise, nous ne sommes que le fabricant de la partie du sac, nous ne sommes pas le fabricant du mat\u00e9riel de premiers secours contenu dans le sac et d&rsquo;autres mat\u00e9riels qui peuvent \u00eatre n\u00e9cessaires lors d&rsquo;un tremblement de terre.&nbsp;<\/p>\n<p>Deprem \u00e7antas\u0131 olarak istedi\u011finiz farkl\u0131 \u00e7antalar\u0131 tercih edebilirsiniz.&nbsp;<\/p>\n<p>Les sacs \u00e0 dos seront plus ergonomiques et plus fonctionnels en tant que sacs \u00e0 tremblement de terre.&nbsp;<\/p>\n<p>Vous pouvez \u00e9galement remplir le sac en vous procurant le sac avec ou sans impression aupr\u00e8s de notre soci\u00e9t\u00e9.&nbsp;<\/p>\n<p>Il s&rsquo;agit d&rsquo;un produit en stock, la couleur du sac en stock est le rouge.&nbsp;<\/p>\n","protected":false},"excerpt":{"rendered":"<p>Vous pouvez prendre le sac de tremblement de terre vide ou plein. Nous vendons en gros. Vous pouvez l&rsquo;offrir en imprimant votre logo sur le sac promotionnel de tremblement de terre. En tant qu&rsquo;entreprise, nous ne sommes que le fabricant de la partie du sac, nous ne sommes pas le fabricant du mat\u00e9riel de premiers&hellip;<\/p>\n","protected":false},"featured_media":42629,"comment_status":"open","ping_status":"closed","template":"","meta":[],"product_brand":[],"product_cat":[1347],"product_tag":[1721,1722,1723],"class_list":{"0":"post-44640","1":"product","2":"type-product","3":"status-publish","4":"has-post-thumbnail","6":"product_cat-trousse-de-secours-en-cas-de-tremblement-de-terre","7":"product_tag-fabrication-de-sacs-pour-tremblement-de-terre","8":"product_tag-sac-de-tremblement-de-terre-istoc","9":"product_tag-sac-promotionnel-pour-tremblement-de-terre","10":"description-off","12":"first","13":"instock","14":"shipping-taxable","15":"purchasable","16":"product-type-simple"},"yoast_head":"<!-- This site is optimized with the Yoast SEO plugin v26.6 - https:\/\/yoast.com\/wordpress\/plugins\/seo\/ -->\n<title>Sac pour tremblement de terre - Tekno \u00c7anta - Promosyon Toptan \u00c7anta \u0130malat\u0131<\/title>\n<meta name=\"robots\" content=\"index, follow, max-snippet:-1, max-image-preview:large, max-video-preview:-1\" \/>\n<link rel=\"canonical\" href=\"https:\/\/www.teknocanta.com\/sac-pour-tremblement-de-terre\/\" \/>\n<meta property=\"og:locale\" content=\"fr_FR\" \/>\n<meta property=\"og:type\" content=\"article\" \/>\n<meta property=\"og:title\" content=\"Sac pour tremblement de terre - Tekno \u00c7anta - Promosyon Toptan \u00c7anta \u0130malat\u0131\" \/>\n<meta property=\"og:description\" content=\"Vous pouvez prendre le sac de tremblement de terre vide ou plein. Nous vendons en gros. Vous pouvez l&rsquo;offrir en imprimant votre logo sur le sac promotionnel de tremblement de terre. En tant qu&rsquo;entreprise, nous ne sommes que le fabricant de la partie du sac, nous ne sommes pas le fabricant du mat\u00e9riel de premiers&hellip;\" \/>\n<meta property=\"og:url\" content=\"https:\/\/www.teknocanta.com\/sac-pour-tremblement-de-terre\/\" \/>\n<meta property=\"og:site_name\" content=\"Tekno \u00c7anta - Promosyon Toptan \u00c7anta \u0130malat\u0131\" \/>\n<meta name=\"twitter:card\" content=\"summary_large_image\" \/>\n<meta name=\"twitter:label1\" content=\"Dur\u00e9e de lecture estim\u00e9e\" \/>\n\t<meta name=\"twitter:data1\" content=\"1 minute\" \/>\n<script type=\"application\/ld+json\" class=\"yoast-schema-graph\">{\"@context\":\"https:\/\/schema.org\",\"@graph\":[{\"@type\":\"WebPage\",\"@id\":\"https:\/\/www.teknocanta.com\/sac-pour-tremblement-de-terre\/\",\"url\":\"https:\/\/www.teknocanta.com\/sac-pour-tremblement-de-terre\/\",\"name\":\"Sac pour tremblement de terre - Tekno \u00c7anta - Promosyon Toptan \u00c7anta \u0130malat\u0131\",\"isPartOf\":{\"@id\":\"https:\/\/www.teknocanta.com\/#website\"},\"primaryImageOfPage\":{\"@id\":\"https:\/\/www.teknocanta.com\/sac-pour-tremblement-de-terre\/#primaryimage\"},\"image\":{\"@id\":\"https:\/\/www.teknocanta.com\/sac-pour-tremblement-de-terre\/#primaryimage\"},\"thumbnailUrl\":\"https:\/\/www.teknocanta.com\/wp-content\/uploads\/2021\/10\/depremcantasi.jpg\",\"datePublished\":\"2021-10-14T12:57:34+00:00\",\"breadcrumb\":{\"@id\":\"https:\/\/www.teknocanta.com\/sac-pour-tremblement-de-terre\/#breadcrumb\"},\"inLanguage\":\"fr-FR\",\"potentialAction\":[{\"@type\":\"ReadAction\",\"target\":[\"https:\/\/www.teknocanta.com\/sac-pour-tremblement-de-terre\/\"]}]},{\"@type\":\"ImageObject\",\"inLanguage\":\"fr-FR\",\"@id\":\"https:\/\/www.teknocanta.com\/sac-pour-tremblement-de-terre\/#primaryimage\",\"url\":\"https:\/\/www.teknocanta.com\/wp-content\/uploads\/2021\/10\/depremcantasi.jpg\",\"contentUrl\":\"https:\/\/www.teknocanta.com\/wp-content\/uploads\/2021\/10\/depremcantasi.jpg\",\"width\":854,\"height\":970},{\"@type\":\"BreadcrumbList\",\"@id\":\"https:\/\/www.teknocanta.com\/sac-pour-tremblement-de-terre\/#breadcrumb\",\"itemListElement\":[{\"@type\":\"ListItem\",\"position\":1,\"name\":\"Ana sayfa\",\"item\":\"https:\/\/www.teknocanta.com\/fr\/\"},{\"@type\":\"ListItem\",\"position\":2,\"name\":\"\u00dcr\u00fcnler\",\"item\":\"https:\/\/www.teknocanta.com\/urunler\/\"},{\"@type\":\"ListItem\",\"position\":3,\"name\":\"Sac pour tremblement de terre\"}]},{\"@type\":\"WebSite\",\"@id\":\"https:\/\/www.teknocanta.com\/#website\",\"url\":\"https:\/\/www.teknocanta.com\/\",\"name\":\"Tekno \u00c7anta - Promosyon Toptan \u00c7anta \u0130malat\u0131\",\"description\":\"Toptan \u00e7anta imalat\u0131, ham bez \u00e7anta, s\u0131rt \u00e7antalar\u0131, laptop ve evrak \u00e7antalar\u0131, kongre \u00e7antalar\u0131, fuar \u00e7antas\u0131 ve ipli b\u00fczg\u00fcl\u00fc \u00e7anta imalat\u0131 yapmaktay\u0131z.\",\"potentialAction\":[{\"@type\":\"SearchAction\",\"target\":{\"@type\":\"EntryPoint\",\"urlTemplate\":\"https:\/\/www.teknocanta.com\/?s={search_term_string}\"},\"query-input\":{\"@type\":\"PropertyValueSpecification\",\"valueRequired\":true,\"valueName\":\"search_term_string\"}}],\"inLanguage\":\"fr-FR\"}]}<\/script>\n<!-- \/ Yoast SEO plugin. -->","yoast_head_json":{"title":"Sac pour tremblement de terre - Tekno \u00c7anta - Promosyon Toptan \u00c7anta \u0130malat\u0131","robots":{"index":"index","follow":"follow","max-snippet":"max-snippet:-1","max-image-preview":"max-image-preview:large","max-video-preview":"max-video-preview:-1"},"canonical":"https:\/\/www.teknocanta.com\/sac-pour-tremblement-de-terre\/","og_locale":"fr_FR","og_type":"article","og_title":"Sac pour tremblement de terre - Tekno \u00c7anta - Promosyon Toptan \u00c7anta \u0130malat\u0131","og_description":"Vous pouvez prendre le sac de tremblement de terre vide ou plein. Nous vendons en gros. Vous pouvez l&rsquo;offrir en imprimant votre logo sur le sac promotionnel de tremblement de terre. En tant qu&rsquo;entreprise, nous ne sommes que le fabricant de la partie du sac, nous ne sommes pas le fabricant du mat\u00e9riel de premiers&hellip;","og_url":"https:\/\/www.teknocanta.com\/sac-pour-tremblement-de-terre\/","og_site_name":"Tekno \u00c7anta - Promosyon Toptan \u00c7anta \u0130malat\u0131","twitter_card":"summary_large_image","twitter_misc":{"Dur\u00e9e de lecture estim\u00e9e":"1 minute"},"schema":{"@context":"https:\/\/schema.org","@graph":[{"@type":"WebPage","@id":"https:\/\/www.teknocanta.com\/sac-pour-tremblement-de-terre\/","url":"https:\/\/www.teknocanta.com\/sac-pour-tremblement-de-terre\/","name":"Sac pour tremblement de terre - Tekno \u00c7anta - Promosyon Toptan \u00c7anta \u0130malat\u0131","isPartOf":{"@id":"https:\/\/www.teknocanta.com\/#website"},"primaryImageOfPage":{"@id":"https:\/\/www.teknocanta.com\/sac-pour-tremblement-de-terre\/#primaryimage"},"image":{"@id":"https:\/\/www.teknocanta.com\/sac-pour-tremblement-de-terre\/#primaryimage"},"thumbnailUrl":"https:\/\/www.teknocanta.com\/wp-content\/uploads\/2021\/10\/depremcantasi.jpg","datePublished":"2021-10-14T12:57:34+00:00","breadcrumb":{"@id":"https:\/\/www.teknocanta.com\/sac-pour-tremblement-de-terre\/#breadcrumb"},"inLanguage":"fr-FR","potentialAction":[{"@type":"ReadAction","target":["https:\/\/www.teknocanta.com\/sac-pour-tremblement-de-terre\/"]}]},{"@type":"ImageObject","inLanguage":"fr-FR","@id":"https:\/\/www.teknocanta.com\/sac-pour-tremblement-de-terre\/#primaryimage","url":"https:\/\/www.teknocanta.com\/wp-content\/uploads\/2021\/10\/depremcantasi.jpg","contentUrl":"https:\/\/www.teknocanta.com\/wp-content\/uploads\/2021\/10\/depremcantasi.jpg","width":854,"height":970},{"@type":"BreadcrumbList","@id":"https:\/\/www.teknocanta.com\/sac-pour-tremblement-de-terre\/#breadcrumb","itemListElement":[{"@type":"ListItem","position":1,"name":"Ana sayfa","item":"https:\/\/www.teknocanta.com\/fr\/"},{"@type":"ListItem","position":2,"name":"\u00dcr\u00fcnler","item":"https:\/\/www.teknocanta.com\/urunler\/"},{"@type":"ListItem","position":3,"name":"Sac pour tremblement de terre"}]},{"@type":"WebSite","@id":"https:\/\/www.teknocanta.com\/#website","url":"https:\/\/www.teknocanta.com\/","name":"Tekno \u00c7anta - Promosyon Toptan \u00c7anta \u0130malat\u0131","description":"Toptan \u00e7anta imalat\u0131, ham bez \u00e7anta, s\u0131rt \u00e7antalar\u0131, laptop ve evrak \u00e7antalar\u0131, kongre \u00e7antalar\u0131, fuar \u00e7antas\u0131 ve ipli b\u00fczg\u00fcl\u00fc \u00e7anta imalat\u0131 yapmaktay\u0131z.","potentialAction":[{"@type":"SearchAction","target":{"@type":"EntryPoint","urlTemplate":"https:\/\/www.teknocanta.com\/?s={search_term_string}"},"query-input":{"@type":"PropertyValueSpecification","valueRequired":true,"valueName":"search_term_string"}}],"inLanguage":"fr-FR"}]}},"_links":{"self":[{"href":"https:\/\/www.teknocanta.com\/fr\/wp-json\/wp\/v2\/product\/44640","targetHints":{"allow":["GET"]}}],"collection":[{"href":"https:\/\/www.teknocanta.com\/fr\/wp-json\/wp\/v2\/product"}],"about":[{"href":"https:\/\/www.teknocanta.com\/fr\/wp-json\/wp\/v2\/types\/product"}],"replies":[{"embeddable":true,"href":"https:\/\/www.teknocanta.com\/fr\/wp-json\/wp\/v2\/comments?post=44640"}],"wp:featuredmedia":[{"embeddable":true,"href":"https:\/\/www.teknocanta.com\/fr\/wp-json\/wp\/v2\/media\/42629"}],"wp:attachment":[{"href":"https:\/\/www.teknocanta.com\/fr\/wp-json\/wp\/v2\/media?parent=44640"}],"wp:term":[{"taxonomy":"product_brand","embeddable":true,"href":"https:\/\/www.teknocanta.com\/fr\/wp-json\/wp\/v2\/product_brand?post=44640"},{"taxonomy":"product_cat","embeddable":true,"href":"https:\/\/www.teknocanta.com\/fr\/wp-json\/wp\/v2\/product_cat?post=44640"},{"taxonomy":"product_tag","embeddable":true,"href":"https:\/\/www.teknocanta.com\/fr\/wp-json\/wp\/v2\/product_tag?post=44640"}],"curies":[{"name":"wp","href":"https:\/\/api.w.org\/{rel}","templated":true}]}}