{"id":44610,"date":"2021-10-14T15:57:57","date_gmt":"2021-10-14T12:57:57","guid":{"rendered":"https:\/\/www.teknocanta.com\/sac-a-dos-promotionnel-en-cuir-artificiel\/"},"modified":"2023-06-15T22:14:58","modified_gmt":"2023-06-15T19:14:58","slug":"sac-a-dos-promotionnel-en-cuir-de-soleil","status":"publish","type":"product","link":"https:\/\/www.teknocanta.com\/fr\/produit\/sac-a-dos-promotionnel-en-cuir-de-soleil\/","title":{"rendered":"Sac \u00e0 dos promotionnel en cuir artificiel"},"content":{"rendered":"<div>Sac \u00e0 dos promotionnel en cuir artificiel<\/div>\n<div>Le prix sac \u00e0 dos en faux cuir indiqu\u00e9 sur notre page web est valable pour une commande de 500 pi\u00e8ces. Il y aura une augmentation de prix pour les achats moins importants. Il s&rsquo;agit d&rsquo;un produit stock\u00e9. La couleur du sac en stock est celle de la photo grise. La TVA de 8% et les frais d&rsquo;impression ne sont pas inclus dans le prix. Veuillez demander une liste de prix pour des quantit\u00e9s diff\u00e9rentes.<\/div>\n<div><\/div>\n<div>La partie avant du sac \u00e0 dos est en cuir artificiel de qualit\u00e9. Les autres parties ext\u00e9rieures sont en impertex de lin et les doublures int\u00e9rieures sont en tissu 270 deniers. Aucun mat\u00e9riau contenant des substances canc\u00e9rig\u00e8nes n&rsquo;a \u00e9t\u00e9 utilis\u00e9 dans la fabrication du sac. La taille du sac est de 44x30x16 cm. Le sac se compose de deux parties sup\u00e9rieures. La petite poche situ\u00e9e sur le dessus du sac sert de pochette pour le t\u00e9l\u00e9phone portable. Le sac est compos\u00e9 d&rsquo;une mousse de 8 mm d&rsquo;\u00e9paisseur et d&rsquo;une fermeture \u00e0 glissi\u00e8re de qualit\u00e9 de type 8. Le sac comporte un compartiment pour ordinateur portable et d&rsquo;autres poches en filet.&nbsp;<\/div>\n<div><\/div>\n<div>Pour les commandes de 200 pi\u00e8ces ou plus, la couleur du tissu, la couleur de la doublure et la couleur de la fermeture \u00e9clair peuvent \u00eatre modifi\u00e9es. Il est possible de modifier le mod\u00e8le du sac en payant une diff\u00e9rence de prix.<\/div>\n<div><\/div>\n<div>Les parties ext\u00e9rieures en cuir du sac et la doublure int\u00e9rieure se pr\u00eatent \u00e0 toutes sortes de techniques d&rsquo;impression. L&rsquo;impression par transfert, la s\u00e9rigraphie, l&rsquo;impression par peinture classique ou la broderie peuvent \u00eatre r\u00e9alis\u00e9es \u00e0 l&rsquo;int\u00e9rieur ou \u00e0 l&rsquo;ext\u00e9rieur du sac.&nbsp;<\/div>\n<div><\/div>\n<div>L&rsquo;impression de broderies n&rsquo;est pas techniquement possible sur les sacs pr\u00eats \u00e0 l&#8217;emploi et seule la s\u00e9rigraphie classique \u00e0 une couleur ou l&rsquo;impression par transfert peut \u00eatre r\u00e9alis\u00e9e si n\u00e9cessaire. Il est possible de r\u00e9aliser toutes sortes d&rsquo;impressions, y compris des broderies pour vos commandes sp\u00e9ciales. La quantit\u00e9 minimale de commande pour les produits de fabrication sp\u00e9ciale est de 200 pi\u00e8ces.<\/div>\n<div>Les d\u00e9lais de fabrication pour vos commandes de sacs \u00e0 dos en cuir en gros sont d&rsquo;au moins une semaine en fonction de la quantit\u00e9. Les produits en stock peuvent \u00eatre livr\u00e9s le jour m\u00eame sans impression. Le d\u00e9lai d&rsquo;impression pour les produits en stock est de quelques jours.<\/div>\n<div><\/div>\n<div>Des sacs \u00e0 dos bien remplis vous aideront \u00e0 r\u00e9pondre \u00e0 vos besoins en mati\u00e8re de sacs d&rsquo;urgence. Les sacs promotionnels en stock r\u00e9pondront rapidement \u00e0 vos besoins, avec ou sans impression, sans avoir \u00e0 attendre le temps de fabrication. La production d&rsquo;un sac prenant en moyenne une semaine, les organisations qui n&rsquo;ont pas le temps et qui ont besoin d&rsquo;un sac plus t\u00f4t trouveront l\u00e0 une bonne solution.&nbsp;<\/div>\n<div><\/div>\n<div>Les sacs \u00e0 dos promotionnels en gros en cuir artificiel conviennent parfaitement aux entreprises ainsi qu&rsquo;aux congr\u00e8s et symposiums. Il s&rsquo;agit d&rsquo;un produit dont la capacit\u00e9 est suffisante pour r\u00e9pondre aux besoins quotidiens. Il s&rsquo;agit d&rsquo;un mod\u00e8le de mallette l\u00e9ger et fonctionnel.<\/div>\n<div><\/div>\n<div>Les sacs \u00e0 dos promotionnels sont un produit promotionnel utile que vous pouvez utiliser lors de toutes sortes d&rsquo;\u00e9v\u00e9nements tels que des congr\u00e8s, des symposiums et des s\u00e9minaires et que vous pouvez offrir \u00e0 vos clients.<\/div>\n<div><\/div>\n<div>Le sac Avrupa est fabriqu\u00e9 \u00e0 Istanbul et il s&rsquo;agit d&rsquo;un produit de fabrication 100 % nationale. Notre atelier est situ\u00e9 dans le district de K\u00fc\u00e7\u00fck\u00e7ekmece, notre bureau de vente et notre salle d&rsquo;exposition sont situ\u00e9s dans le district de Ba\u011fc\u0131lar, site des grossistes d&rsquo;isto\u00e7.<\/div>\n<div><\/div>\n<div>Nos produits peuvent \u00eatre exp\u00e9di\u00e9s dans toute la Turquie \u00e0 des prix \u00e9conomiques par nos soci\u00e9t\u00e9s de fret ou d&rsquo;entreposage sous contrat \u00e0 partir de notre adresse d&rsquo;Isto\u00e7.<\/div>\n","protected":false},"excerpt":{"rendered":"<p>Sac \u00e0 dos promotionnel en cuir artificiel Le prix sac \u00e0 dos en faux cuir indiqu\u00e9 sur notre page web est valable pour une commande de 500 pi\u00e8ces. Il y aura une augmentation de prix pour les achats moins importants. Il s&rsquo;agit d&rsquo;un produit stock\u00e9. La couleur du sac en stock est celle de la&hellip;<\/p>\n","protected":false},"featured_media":42719,"comment_status":"open","ping_status":"closed","template":"","meta":[],"product_brand":[],"product_cat":[1374,1363,1376],"product_tag":[1670,1672,1671],"class_list":{"0":"post-44610","1":"product","2":"type-product","3":"status-publish","4":"has-post-thumbnail","6":"product_cat-sac-a-dos","7":"product_cat-sac-de-congres-et-de-symposium","8":"product_cat-sacs-approvisionnes","9":"product_tag-istoc-wholesale-leather-bags-fr","10":"product_tag-sac-a-dos-en-cuir","11":"product_tag-sacs-en-cuir-en-gros","12":"description-off","14":"first","15":"instock","16":"shipping-taxable","17":"purchasable","18":"product-type-simple"},"yoast_head":"<!-- This site is optimized with the Yoast SEO plugin v26.6 - https:\/\/yoast.com\/wordpress\/plugins\/seo\/ -->\n<title>Sac \u00e0 dos promotionnel en cuir artificiel - Tekno \u00c7anta - Promosyon Toptan \u00c7anta \u0130malat\u0131<\/title>\n<meta name=\"robots\" content=\"index, follow, max-snippet:-1, max-image-preview:large, max-video-preview:-1\" \/>\n<link rel=\"canonical\" href=\"https:\/\/www.teknocanta.com\/fr\/produit\/sac-a-dos-promotionnel-en-cuir-de-soleil\/\" \/>\n<meta property=\"og:locale\" content=\"fr_FR\" \/>\n<meta property=\"og:type\" content=\"article\" \/>\n<meta property=\"og:title\" content=\"Sac \u00e0 dos promotionnel en cuir artificiel - Tekno \u00c7anta - Promosyon Toptan \u00c7anta \u0130malat\u0131\" \/>\n<meta property=\"og:description\" content=\"Sac \u00e0 dos promotionnel en cuir artificiel Le prix sac \u00e0 dos en faux cuir indiqu\u00e9 sur notre page web est valable pour une commande de 500 pi\u00e8ces. Il y aura une augmentation de prix pour les achats moins importants. Il s&rsquo;agit d&rsquo;un produit stock\u00e9. La couleur du sac en stock est celle de la&hellip;\" \/>\n<meta property=\"og:url\" content=\"https:\/\/www.teknocanta.com\/fr\/produit\/sac-a-dos-promotionnel-en-cuir-de-soleil\/\" \/>\n<meta property=\"og:site_name\" content=\"Tekno \u00c7anta - Promosyon Toptan \u00c7anta \u0130malat\u0131\" \/>\n<meta property=\"article:modified_time\" content=\"2023-06-15T19:14:58+00:00\" \/>\n<meta property=\"og:image\" content=\"https:\/\/www.teknocanta.com\/wp-content\/uploads\/2021\/10\/promosyon_suni_deri_sirt_cantasi_11.jpg\" \/>\n\t<meta property=\"og:image:width\" content=\"648\" \/>\n\t<meta property=\"og:image:height\" content=\"807\" \/>\n\t<meta property=\"og:image:type\" content=\"image\/jpeg\" \/>\n<meta name=\"twitter:card\" content=\"summary_large_image\" \/>\n<meta name=\"twitter:label1\" content=\"Dur\u00e9e de lecture estim\u00e9e\" \/>\n\t<meta name=\"twitter:data1\" content=\"3 minutes\" \/>\n<script type=\"application\/ld+json\" class=\"yoast-schema-graph\">{\"@context\":\"https:\/\/schema.org\",\"@graph\":[{\"@type\":\"WebPage\",\"@id\":\"https:\/\/www.teknocanta.com\/fr\/produit\/sac-a-dos-promotionnel-en-cuir-de-soleil\/\",\"url\":\"https:\/\/www.teknocanta.com\/fr\/produit\/sac-a-dos-promotionnel-en-cuir-de-soleil\/\",\"name\":\"Sac \u00e0 dos promotionnel en cuir artificiel - Tekno \u00c7anta - Promosyon Toptan \u00c7anta \u0130malat\u0131\",\"isPartOf\":{\"@id\":\"https:\/\/www.teknocanta.com\/#website\"},\"primaryImageOfPage\":{\"@id\":\"https:\/\/www.teknocanta.com\/fr\/produit\/sac-a-dos-promotionnel-en-cuir-de-soleil\/#primaryimage\"},\"image\":{\"@id\":\"https:\/\/www.teknocanta.com\/fr\/produit\/sac-a-dos-promotionnel-en-cuir-de-soleil\/#primaryimage\"},\"thumbnailUrl\":\"https:\/\/www.teknocanta.com\/wp-content\/uploads\/2021\/10\/promosyon_suni_deri_sirt_cantasi_11.jpg\",\"datePublished\":\"2021-10-14T12:57:57+00:00\",\"dateModified\":\"2023-06-15T19:14:58+00:00\",\"breadcrumb\":{\"@id\":\"https:\/\/www.teknocanta.com\/fr\/produit\/sac-a-dos-promotionnel-en-cuir-de-soleil\/#breadcrumb\"},\"inLanguage\":\"fr-FR\",\"potentialAction\":[{\"@type\":\"ReadAction\",\"target\":[\"https:\/\/www.teknocanta.com\/fr\/produit\/sac-a-dos-promotionnel-en-cuir-de-soleil\/\"]}]},{\"@type\":\"ImageObject\",\"inLanguage\":\"fr-FR\",\"@id\":\"https:\/\/www.teknocanta.com\/fr\/produit\/sac-a-dos-promotionnel-en-cuir-de-soleil\/#primaryimage\",\"url\":\"https:\/\/www.teknocanta.com\/wp-content\/uploads\/2021\/10\/promosyon_suni_deri_sirt_cantasi_11.jpg\",\"contentUrl\":\"https:\/\/www.teknocanta.com\/wp-content\/uploads\/2021\/10\/promosyon_suni_deri_sirt_cantasi_11.jpg\",\"width\":648,\"height\":807},{\"@type\":\"BreadcrumbList\",\"@id\":\"https:\/\/www.teknocanta.com\/fr\/produit\/sac-a-dos-promotionnel-en-cuir-de-soleil\/#breadcrumb\",\"itemListElement\":[{\"@type\":\"ListItem\",\"position\":1,\"name\":\"Ana sayfa\",\"item\":\"https:\/\/www.teknocanta.com\/fr\/\"},{\"@type\":\"ListItem\",\"position\":2,\"name\":\"\u00dcr\u00fcnler\",\"item\":\"https:\/\/www.teknocanta.com\/urunler\/\"},{\"@type\":\"ListItem\",\"position\":3,\"name\":\"Sac \u00e0 dos promotionnel en cuir artificiel\"}]},{\"@type\":\"WebSite\",\"@id\":\"https:\/\/www.teknocanta.com\/#website\",\"url\":\"https:\/\/www.teknocanta.com\/\",\"name\":\"Tekno \u00c7anta - Promosyon Toptan \u00c7anta \u0130malat\u0131\",\"description\":\"Toptan \u00e7anta imalat\u0131, ham bez \u00e7anta, s\u0131rt \u00e7antalar\u0131, laptop ve evrak \u00e7antalar\u0131, kongre \u00e7antalar\u0131, fuar \u00e7antas\u0131 ve ipli b\u00fczg\u00fcl\u00fc \u00e7anta imalat\u0131 yapmaktay\u0131z.\",\"potentialAction\":[{\"@type\":\"SearchAction\",\"target\":{\"@type\":\"EntryPoint\",\"urlTemplate\":\"https:\/\/www.teknocanta.com\/?s={search_term_string}\"},\"query-input\":{\"@type\":\"PropertyValueSpecification\",\"valueRequired\":true,\"valueName\":\"search_term_string\"}}],\"inLanguage\":\"fr-FR\"}]}<\/script>\n<!-- \/ Yoast SEO plugin. -->","yoast_head_json":{"title":"Sac \u00e0 dos promotionnel en cuir artificiel - Tekno \u00c7anta - Promosyon Toptan \u00c7anta \u0130malat\u0131","robots":{"index":"index","follow":"follow","max-snippet":"max-snippet:-1","max-image-preview":"max-image-preview:large","max-video-preview":"max-video-preview:-1"},"canonical":"https:\/\/www.teknocanta.com\/fr\/produit\/sac-a-dos-promotionnel-en-cuir-de-soleil\/","og_locale":"fr_FR","og_type":"article","og_title":"Sac \u00e0 dos promotionnel en cuir artificiel - Tekno \u00c7anta - Promosyon Toptan \u00c7anta \u0130malat\u0131","og_description":"Sac \u00e0 dos promotionnel en cuir artificiel Le prix sac \u00e0 dos en faux cuir indiqu\u00e9 sur notre page web est valable pour une commande de 500 pi\u00e8ces. Il y aura une augmentation de prix pour les achats moins importants. Il s&rsquo;agit d&rsquo;un produit stock\u00e9. La couleur du sac en stock est celle de la&hellip;","og_url":"https:\/\/www.teknocanta.com\/fr\/produit\/sac-a-dos-promotionnel-en-cuir-de-soleil\/","og_site_name":"Tekno \u00c7anta - Promosyon Toptan \u00c7anta \u0130malat\u0131","article_modified_time":"2023-06-15T19:14:58+00:00","og_image":[{"width":648,"height":807,"url":"https:\/\/www.teknocanta.com\/wp-content\/uploads\/2021\/10\/promosyon_suni_deri_sirt_cantasi_11.jpg","type":"image\/jpeg"}],"twitter_card":"summary_large_image","twitter_misc":{"Dur\u00e9e de lecture estim\u00e9e":"3 minutes"},"schema":{"@context":"https:\/\/schema.org","@graph":[{"@type":"WebPage","@id":"https:\/\/www.teknocanta.com\/fr\/produit\/sac-a-dos-promotionnel-en-cuir-de-soleil\/","url":"https:\/\/www.teknocanta.com\/fr\/produit\/sac-a-dos-promotionnel-en-cuir-de-soleil\/","name":"Sac \u00e0 dos promotionnel en cuir artificiel - Tekno \u00c7anta - Promosyon Toptan \u00c7anta \u0130malat\u0131","isPartOf":{"@id":"https:\/\/www.teknocanta.com\/#website"},"primaryImageOfPage":{"@id":"https:\/\/www.teknocanta.com\/fr\/produit\/sac-a-dos-promotionnel-en-cuir-de-soleil\/#primaryimage"},"image":{"@id":"https:\/\/www.teknocanta.com\/fr\/produit\/sac-a-dos-promotionnel-en-cuir-de-soleil\/#primaryimage"},"thumbnailUrl":"https:\/\/www.teknocanta.com\/wp-content\/uploads\/2021\/10\/promosyon_suni_deri_sirt_cantasi_11.jpg","datePublished":"2021-10-14T12:57:57+00:00","dateModified":"2023-06-15T19:14:58+00:00","breadcrumb":{"@id":"https:\/\/www.teknocanta.com\/fr\/produit\/sac-a-dos-promotionnel-en-cuir-de-soleil\/#breadcrumb"},"inLanguage":"fr-FR","potentialAction":[{"@type":"ReadAction","target":["https:\/\/www.teknocanta.com\/fr\/produit\/sac-a-dos-promotionnel-en-cuir-de-soleil\/"]}]},{"@type":"ImageObject","inLanguage":"fr-FR","@id":"https:\/\/www.teknocanta.com\/fr\/produit\/sac-a-dos-promotionnel-en-cuir-de-soleil\/#primaryimage","url":"https:\/\/www.teknocanta.com\/wp-content\/uploads\/2021\/10\/promosyon_suni_deri_sirt_cantasi_11.jpg","contentUrl":"https:\/\/www.teknocanta.com\/wp-content\/uploads\/2021\/10\/promosyon_suni_deri_sirt_cantasi_11.jpg","width":648,"height":807},{"@type":"BreadcrumbList","@id":"https:\/\/www.teknocanta.com\/fr\/produit\/sac-a-dos-promotionnel-en-cuir-de-soleil\/#breadcrumb","itemListElement":[{"@type":"ListItem","position":1,"name":"Ana sayfa","item":"https:\/\/www.teknocanta.com\/fr\/"},{"@type":"ListItem","position":2,"name":"\u00dcr\u00fcnler","item":"https:\/\/www.teknocanta.com\/urunler\/"},{"@type":"ListItem","position":3,"name":"Sac \u00e0 dos promotionnel en cuir artificiel"}]},{"@type":"WebSite","@id":"https:\/\/www.teknocanta.com\/#website","url":"https:\/\/www.teknocanta.com\/","name":"Tekno \u00c7anta - Promosyon Toptan \u00c7anta \u0130malat\u0131","description":"Toptan \u00e7anta imalat\u0131, ham bez \u00e7anta, s\u0131rt \u00e7antalar\u0131, laptop ve evrak \u00e7antalar\u0131, kongre \u00e7antalar\u0131, fuar \u00e7antas\u0131 ve ipli b\u00fczg\u00fcl\u00fc \u00e7anta imalat\u0131 yapmaktay\u0131z.","potentialAction":[{"@type":"SearchAction","target":{"@type":"EntryPoint","urlTemplate":"https:\/\/www.teknocanta.com\/?s={search_term_string}"},"query-input":{"@type":"PropertyValueSpecification","valueRequired":true,"valueName":"search_term_string"}}],"inLanguage":"fr-FR"}]}},"_links":{"self":[{"href":"https:\/\/www.teknocanta.com\/fr\/wp-json\/wp\/v2\/product\/44610","targetHints":{"allow":["GET"]}}],"collection":[{"href":"https:\/\/www.teknocanta.com\/fr\/wp-json\/wp\/v2\/product"}],"about":[{"href":"https:\/\/www.teknocanta.com\/fr\/wp-json\/wp\/v2\/types\/product"}],"replies":[{"embeddable":true,"href":"https:\/\/www.teknocanta.com\/fr\/wp-json\/wp\/v2\/comments?post=44610"}],"wp:featuredmedia":[{"embeddable":true,"href":"https:\/\/www.teknocanta.com\/fr\/wp-json\/wp\/v2\/media\/42719"}],"wp:attachment":[{"href":"https:\/\/www.teknocanta.com\/fr\/wp-json\/wp\/v2\/media?parent=44610"}],"wp:term":[{"taxonomy":"product_brand","embeddable":true,"href":"https:\/\/www.teknocanta.com\/fr\/wp-json\/wp\/v2\/product_brand?post=44610"},{"taxonomy":"product_cat","embeddable":true,"href":"https:\/\/www.teknocanta.com\/fr\/wp-json\/wp\/v2\/product_cat?post=44610"},{"taxonomy":"product_tag","embeddable":true,"href":"https:\/\/www.teknocanta.com\/fr\/wp-json\/wp\/v2\/product_tag?post=44610"}],"curies":[{"name":"wp","href":"https:\/\/api.w.org\/{rel}","templated":true}]}}