{"id":44562,"date":"2021-10-14T15:59:28","date_gmt":"2021-10-14T12:59:28","guid":{"rendered":"https:\/\/www.teknocanta.com\/sac-a-dos-pour-ordinateur-portable-promotion\/"},"modified":"2021-10-14T15:59:28","modified_gmt":"2021-10-14T12:59:28","slug":"sac-a-dos-pour-ordinateur-portable-promotionnel","status":"publish","type":"product","link":"https:\/\/www.teknocanta.com\/fr\/produit\/sac-a-dos-pour-ordinateur-portable-promotionnel\/","title":{"rendered":"Sac \u00e0 dos pour ordinateur portable Promotion"},"content":{"rendered":"<div>Les frais d&rsquo;impression et la TVA de 8% ne sont pas inclus dans le prix. Le prix des sacs varie en fonction de la quantit\u00e9 command\u00e9e.<\/div>\n<div><\/div>\n<div>Il s&rsquo;agit d&rsquo;un produit en stock, la couleur du sac en stock est celle de la photo. Veuillez obtenir des informations sur les couleurs et les stocks actuels.<\/div>\n<div><\/div>\n<div><b><u>Quantit\u00e9 minimale de production<\/u><\/b><\/div>\n<div>Vous pouvez commander la quantit\u00e9 que vous souhaitez \u00e0 partir de nos sacs pr\u00eats \u00e0 l&#8217;emploi disponibles dans notre entrep\u00f4t. Pour les commandes de sacs de couleurs et de tailles sp\u00e9ciales autres que les couleurs des sacs pr\u00eats \u00e0 l&#8217;emploi en stock, la quantit\u00e9 minimale de commande est de 200 pi\u00e8ces.&nbsp; Pour les commandes sp\u00e9ciales de 200 pi\u00e8ces ou plus, la couleur du tissu, la couleur de la doublure int\u00e9rieure ou la couleur de la fermeture \u00e0 glissi\u00e8re peuvent \u00eatre modifi\u00e9es.&nbsp;<\/div>\n<div><\/div>\n<div><b><u>Mati\u00e8re, d\u00e9tail<\/u><\/b><\/div>\n<div>Le tissu ext\u00e9rieur du sac est en 610 deniers noir, les parties ext\u00e9rieures du dos sont en lin gris, la doublure int\u00e9rieure est en 270 deniers noir, tissu de luxe imperm\u00e9able et sans phtalates. La partie sup\u00e9rieure de la poign\u00e9e du sac est en cuir artificiel, tandis que l&rsquo;int\u00e9rieur de la poign\u00e9e et les bretelles arri\u00e8re sont en mat\u00e9riau Airteks pour un meilleur confort de portage. Les corps des sacs sont soutenus par une mousse de 8 mm d&rsquo;\u00e9paisseur. Une fermeture \u00e9clair de qualit\u00e9 type 8 et des poign\u00e9es en m\u00e9tal sont utilis\u00e9es. L&rsquo;int\u00e9rieur du sac est dot\u00e9 d&rsquo;un compartiment pour ordinateur portable et d&rsquo;une poche zipp\u00e9e s\u00e9par\u00e9e pour le mat\u00e9riel de l&rsquo;ordinateur. L&rsquo;ext\u00e9rieur du sac se compose d&rsquo;un compartiment principal sup\u00e9rieur avec fermeture \u00e0 glissi\u00e8re et de deux poches frontales avec fermeture \u00e0 glissi\u00e8re,<\/div>\n<div><\/div>\n<div><b><u>Taille<\/u><\/b><\/div>\n<div>La taille du sac est de 30x40x10 cm. Il est possible de produire des sacs de taille sp\u00e9ciale.&nbsp;<\/div>\n<div><\/div>\n<div><u><b>Types d&rsquo;impression, frais d&rsquo;impression et d\u00e9lais de fabrication des sacs.<\/b><\/u><\/div>\n<div>Il est techniquement possible d&rsquo;imprimer n&rsquo;importe quel type d&rsquo;impression sur n&rsquo;importe quelle partie du sac. Les types d&rsquo;impression sont la s\u00e9rigraphie classique monochrome ou multicolore, l&rsquo;impression par transfert, le marquage laser sur plaque m\u00e9tallique et l&rsquo;impression par broderie. Les frais d&rsquo;impression varient en fonction du nombre de couleurs de l&rsquo;image \u00e0 imprimer, de la taille de l&rsquo;impression, de la quantit\u00e9 d&rsquo;impression et du type d&rsquo;impression. Le temps de fabrication varie en fonction de la quantit\u00e9 command\u00e9e et le temps de fabrication moyen est de 7 \u00e0 15 jours pour les commandes de 200 \u00e0 500 pi\u00e8ces.<\/div>\n<div><\/div>\n<div><b><u>Types d&rsquo;impression, frais d&rsquo;impression et d\u00e9lais d&rsquo;ex\u00e9cution pour les sacs pr\u00eats \u00e0 l&#8217;emploi&nbsp;<\/u><\/b><\/div>\n<div>Nous ne disposons pas de service d&rsquo;impression pour les commandes de sacs de moins de 50 pi\u00e8ces. Il n&rsquo;est pas techniquement possible d&rsquo;imprimer des broderies sur des sacs pr\u00eats \u00e0 l&#8217;emploi. Seules les techniques de s\u00e9rigraphie monochrome, de marquage laser sur plaques m\u00e9talliques et d&rsquo;impression par transfert sont possibles. Les frais d&rsquo;impression varient en fonction du nombre de couleurs de l&rsquo;image \u00e0 imprimer, de la taille de l&rsquo;impression, de la quantit\u00e9 d&rsquo;impression et du type d&rsquo;impression. Les sacs pr\u00eats \u00e0 l&#8217;emploi non imprim\u00e9s peuvent \u00eatre livr\u00e9s le jour m\u00eame, tandis que les sacs imprim\u00e9s peuvent \u00eatre livr\u00e9s dans un d\u00e9lai de 2 \u00e0 7 jours, en fonction du type d&rsquo;impression et de la quantit\u00e9 command\u00e9e.<\/div>\n<div><\/div>\n<div><u><b>Domaines d&rsquo;utilisation<\/b><\/u><\/div>\n<div>Le sac \u00e0 dos promotionnel est un produit promotionnel et publicitaire utile et durable que vous pouvez pr\u00e9senter \u00e0 vos visiteurs lors de toutes sortes d&rsquo;\u00e9v\u00e9nements tels que des congr\u00e8s, des symposiums, des conf\u00e9rences et des s\u00e9minaires, ainsi que dans les foires sectorielles auxquelles vous participez. Les \u00e9tudiants peuvent l&rsquo;utiliser comme sac d&rsquo;\u00e9cole promotionnel, mais il convient \u00e9galement \u00e0 l&rsquo;usage quotidien des femmes et des hommes.&nbsp;<\/div>\n<div><\/div>\n<div><u><b>Livraison<\/b><\/u><\/div>\n<div>Nous proposons \u00e0 nos clients qui commandent depuis l&rsquo;ext\u00e9rieur d&rsquo;Istanbul des services d&rsquo;exp\u00e9dition \u00e0 des prix abordables par l&rsquo;interm\u00e9diaire de la soci\u00e9t\u00e9 de fret ou des soci\u00e9t\u00e9s de transport avec lesquelles nous avons pass\u00e9 un contrat. Nos clients d&rsquo;Istanbul peuvent venir chercher eux-m\u00eames les produits \u00e0 notre atelier ou au bureau de vente d&rsquo;\u0130sto\u00e7, nous pouvons les envoyer par cargo ou par nos soci\u00e9t\u00e9s de transport sous contrat.<\/div>\n<div><\/div>\n","protected":false},"excerpt":{"rendered":"<p>Les frais d&rsquo;impression et la TVA de 8% ne sont pas inclus dans le prix. Le prix des sacs varie en fonction de la quantit\u00e9 command\u00e9e. Il s&rsquo;agit d&rsquo;un produit en stock, la couleur du sac en stock est celle de la photo. Veuillez obtenir des informations sur les couleurs et les stocks actuels. Quantit\u00e9&hellip;<\/p>\n","protected":false},"featured_media":43151,"comment_status":"open","ping_status":"closed","template":"","meta":[],"product_brand":[],"product_cat":[1374,1363,1376],"product_tag":[1501,1465,1612,1613],"class_list":{"0":"post-44562","1":"product","2":"type-product","3":"status-publish","4":"has-post-thumbnail","6":"product_cat-sac-a-dos","7":"product_cat-sac-de-congres-et-de-symposium","8":"product_cat-sacs-approvisionnes","9":"product_tag-fabrication-de-sacs-a-istanbul","10":"product_tag-sac-distanbul","11":"product_tag-sac-istoc","12":"product_tag-sacs-de-production-en-gros","13":"description-off","15":"first","16":"instock","17":"shipping-taxable","18":"purchasable","19":"product-type-simple"},"yoast_head":"<!-- This site is optimized with the Yoast SEO plugin v26.6 - https:\/\/yoast.com\/wordpress\/plugins\/seo\/ -->\n<title>Sac \u00e0 dos pour ordinateur portable Promotion - Tekno \u00c7anta - Promosyon Toptan \u00c7anta \u0130malat\u0131<\/title>\n<meta name=\"robots\" content=\"index, follow, max-snippet:-1, max-image-preview:large, max-video-preview:-1\" \/>\n<link rel=\"canonical\" href=\"https:\/\/www.teknocanta.com\/sac-a-dos-pour-ordinateur-portable-promotion\/\" \/>\n<meta property=\"og:locale\" content=\"fr_FR\" \/>\n<meta property=\"og:type\" content=\"article\" \/>\n<meta property=\"og:title\" content=\"Sac \u00e0 dos pour ordinateur portable Promotion - Tekno \u00c7anta - Promosyon Toptan \u00c7anta \u0130malat\u0131\" \/>\n<meta property=\"og:description\" content=\"Les frais d&rsquo;impression et la TVA de 8% ne sont pas inclus dans le prix. Le prix des sacs varie en fonction de la quantit\u00e9 command\u00e9e. Il s&rsquo;agit d&rsquo;un produit en stock, la couleur du sac en stock est celle de la photo. Veuillez obtenir des informations sur les couleurs et les stocks actuels. Quantit\u00e9&hellip;\" \/>\n<meta property=\"og:url\" content=\"https:\/\/www.teknocanta.com\/sac-a-dos-pour-ordinateur-portable-promotion\/\" \/>\n<meta property=\"og:site_name\" content=\"Tekno \u00c7anta - Promosyon Toptan \u00c7anta \u0130malat\u0131\" \/>\n<meta name=\"twitter:card\" content=\"summary_large_image\" \/>\n<meta name=\"twitter:label1\" content=\"Dur\u00e9e de lecture estim\u00e9e\" \/>\n\t<meta name=\"twitter:data1\" content=\"4 minutes\" \/>\n<script type=\"application\/ld+json\" class=\"yoast-schema-graph\">{\"@context\":\"https:\/\/schema.org\",\"@graph\":[{\"@type\":\"WebPage\",\"@id\":\"https:\/\/www.teknocanta.com\/sac-a-dos-pour-ordinateur-portable-promotion\/\",\"url\":\"https:\/\/www.teknocanta.com\/sac-a-dos-pour-ordinateur-portable-promotion\/\",\"name\":\"Sac \u00e0 dos pour ordinateur portable Promotion - Tekno \u00c7anta - Promosyon Toptan \u00c7anta \u0130malat\u0131\",\"isPartOf\":{\"@id\":\"https:\/\/www.teknocanta.com\/#website\"},\"primaryImageOfPage\":{\"@id\":\"https:\/\/www.teknocanta.com\/sac-a-dos-pour-ordinateur-portable-promotion\/#primaryimage\"},\"image\":{\"@id\":\"https:\/\/www.teknocanta.com\/sac-a-dos-pour-ordinateur-portable-promotion\/#primaryimage\"},\"thumbnailUrl\":\"https:\/\/www.teknocanta.com\/wp-content\/uploads\/2021\/10\/laptopsirtcantasipromosyon_son_ana_resim_1.jpg\",\"datePublished\":\"2021-10-14T12:59:28+00:00\",\"breadcrumb\":{\"@id\":\"https:\/\/www.teknocanta.com\/sac-a-dos-pour-ordinateur-portable-promotion\/#breadcrumb\"},\"inLanguage\":\"fr-FR\",\"potentialAction\":[{\"@type\":\"ReadAction\",\"target\":[\"https:\/\/www.teknocanta.com\/sac-a-dos-pour-ordinateur-portable-promotion\/\"]}]},{\"@type\":\"ImageObject\",\"inLanguage\":\"fr-FR\",\"@id\":\"https:\/\/www.teknocanta.com\/sac-a-dos-pour-ordinateur-portable-promotion\/#primaryimage\",\"url\":\"https:\/\/www.teknocanta.com\/wp-content\/uploads\/2021\/10\/laptopsirtcantasipromosyon_son_ana_resim_1.jpg\",\"contentUrl\":\"https:\/\/www.teknocanta.com\/wp-content\/uploads\/2021\/10\/laptopsirtcantasipromosyon_son_ana_resim_1.jpg\",\"width\":948,\"height\":1256},{\"@type\":\"BreadcrumbList\",\"@id\":\"https:\/\/www.teknocanta.com\/sac-a-dos-pour-ordinateur-portable-promotion\/#breadcrumb\",\"itemListElement\":[{\"@type\":\"ListItem\",\"position\":1,\"name\":\"Ana sayfa\",\"item\":\"https:\/\/www.teknocanta.com\/fr\/\"},{\"@type\":\"ListItem\",\"position\":2,\"name\":\"\u00dcr\u00fcnler\",\"item\":\"https:\/\/www.teknocanta.com\/urunler\/\"},{\"@type\":\"ListItem\",\"position\":3,\"name\":\"Sac \u00e0 dos pour ordinateur portable Promotion\"}]},{\"@type\":\"WebSite\",\"@id\":\"https:\/\/www.teknocanta.com\/#website\",\"url\":\"https:\/\/www.teknocanta.com\/\",\"name\":\"Tekno \u00c7anta - Promosyon Toptan \u00c7anta \u0130malat\u0131\",\"description\":\"Toptan \u00e7anta imalat\u0131, ham bez \u00e7anta, s\u0131rt \u00e7antalar\u0131, laptop ve evrak \u00e7antalar\u0131, kongre \u00e7antalar\u0131, fuar \u00e7antas\u0131 ve ipli b\u00fczg\u00fcl\u00fc \u00e7anta imalat\u0131 yapmaktay\u0131z.\",\"potentialAction\":[{\"@type\":\"SearchAction\",\"target\":{\"@type\":\"EntryPoint\",\"urlTemplate\":\"https:\/\/www.teknocanta.com\/?s={search_term_string}\"},\"query-input\":{\"@type\":\"PropertyValueSpecification\",\"valueRequired\":true,\"valueName\":\"search_term_string\"}}],\"inLanguage\":\"fr-FR\"}]}<\/script>\n<!-- \/ Yoast SEO plugin. -->","yoast_head_json":{"title":"Sac \u00e0 dos pour ordinateur portable Promotion - Tekno \u00c7anta - Promosyon Toptan \u00c7anta \u0130malat\u0131","robots":{"index":"index","follow":"follow","max-snippet":"max-snippet:-1","max-image-preview":"max-image-preview:large","max-video-preview":"max-video-preview:-1"},"canonical":"https:\/\/www.teknocanta.com\/sac-a-dos-pour-ordinateur-portable-promotion\/","og_locale":"fr_FR","og_type":"article","og_title":"Sac \u00e0 dos pour ordinateur portable Promotion - Tekno \u00c7anta - Promosyon Toptan \u00c7anta \u0130malat\u0131","og_description":"Les frais d&rsquo;impression et la TVA de 8% ne sont pas inclus dans le prix. Le prix des sacs varie en fonction de la quantit\u00e9 command\u00e9e. Il s&rsquo;agit d&rsquo;un produit en stock, la couleur du sac en stock est celle de la photo. Veuillez obtenir des informations sur les couleurs et les stocks actuels. Quantit\u00e9&hellip;","og_url":"https:\/\/www.teknocanta.com\/sac-a-dos-pour-ordinateur-portable-promotion\/","og_site_name":"Tekno \u00c7anta - Promosyon Toptan \u00c7anta \u0130malat\u0131","twitter_card":"summary_large_image","twitter_misc":{"Dur\u00e9e de lecture estim\u00e9e":"4 minutes"},"schema":{"@context":"https:\/\/schema.org","@graph":[{"@type":"WebPage","@id":"https:\/\/www.teknocanta.com\/sac-a-dos-pour-ordinateur-portable-promotion\/","url":"https:\/\/www.teknocanta.com\/sac-a-dos-pour-ordinateur-portable-promotion\/","name":"Sac \u00e0 dos pour ordinateur portable Promotion - Tekno \u00c7anta - Promosyon Toptan \u00c7anta \u0130malat\u0131","isPartOf":{"@id":"https:\/\/www.teknocanta.com\/#website"},"primaryImageOfPage":{"@id":"https:\/\/www.teknocanta.com\/sac-a-dos-pour-ordinateur-portable-promotion\/#primaryimage"},"image":{"@id":"https:\/\/www.teknocanta.com\/sac-a-dos-pour-ordinateur-portable-promotion\/#primaryimage"},"thumbnailUrl":"https:\/\/www.teknocanta.com\/wp-content\/uploads\/2021\/10\/laptopsirtcantasipromosyon_son_ana_resim_1.jpg","datePublished":"2021-10-14T12:59:28+00:00","breadcrumb":{"@id":"https:\/\/www.teknocanta.com\/sac-a-dos-pour-ordinateur-portable-promotion\/#breadcrumb"},"inLanguage":"fr-FR","potentialAction":[{"@type":"ReadAction","target":["https:\/\/www.teknocanta.com\/sac-a-dos-pour-ordinateur-portable-promotion\/"]}]},{"@type":"ImageObject","inLanguage":"fr-FR","@id":"https:\/\/www.teknocanta.com\/sac-a-dos-pour-ordinateur-portable-promotion\/#primaryimage","url":"https:\/\/www.teknocanta.com\/wp-content\/uploads\/2021\/10\/laptopsirtcantasipromosyon_son_ana_resim_1.jpg","contentUrl":"https:\/\/www.teknocanta.com\/wp-content\/uploads\/2021\/10\/laptopsirtcantasipromosyon_son_ana_resim_1.jpg","width":948,"height":1256},{"@type":"BreadcrumbList","@id":"https:\/\/www.teknocanta.com\/sac-a-dos-pour-ordinateur-portable-promotion\/#breadcrumb","itemListElement":[{"@type":"ListItem","position":1,"name":"Ana sayfa","item":"https:\/\/www.teknocanta.com\/fr\/"},{"@type":"ListItem","position":2,"name":"\u00dcr\u00fcnler","item":"https:\/\/www.teknocanta.com\/urunler\/"},{"@type":"ListItem","position":3,"name":"Sac \u00e0 dos pour ordinateur portable Promotion"}]},{"@type":"WebSite","@id":"https:\/\/www.teknocanta.com\/#website","url":"https:\/\/www.teknocanta.com\/","name":"Tekno \u00c7anta - Promosyon Toptan \u00c7anta \u0130malat\u0131","description":"Toptan \u00e7anta imalat\u0131, ham bez \u00e7anta, s\u0131rt \u00e7antalar\u0131, laptop ve evrak \u00e7antalar\u0131, kongre \u00e7antalar\u0131, fuar \u00e7antas\u0131 ve ipli b\u00fczg\u00fcl\u00fc \u00e7anta imalat\u0131 yapmaktay\u0131z.","potentialAction":[{"@type":"SearchAction","target":{"@type":"EntryPoint","urlTemplate":"https:\/\/www.teknocanta.com\/?s={search_term_string}"},"query-input":{"@type":"PropertyValueSpecification","valueRequired":true,"valueName":"search_term_string"}}],"inLanguage":"fr-FR"}]}},"_links":{"self":[{"href":"https:\/\/www.teknocanta.com\/fr\/wp-json\/wp\/v2\/product\/44562","targetHints":{"allow":["GET"]}}],"collection":[{"href":"https:\/\/www.teknocanta.com\/fr\/wp-json\/wp\/v2\/product"}],"about":[{"href":"https:\/\/www.teknocanta.com\/fr\/wp-json\/wp\/v2\/types\/product"}],"replies":[{"embeddable":true,"href":"https:\/\/www.teknocanta.com\/fr\/wp-json\/wp\/v2\/comments?post=44562"}],"wp:featuredmedia":[{"embeddable":true,"href":"https:\/\/www.teknocanta.com\/fr\/wp-json\/wp\/v2\/media\/43151"}],"wp:attachment":[{"href":"https:\/\/www.teknocanta.com\/fr\/wp-json\/wp\/v2\/media?parent=44562"}],"wp:term":[{"taxonomy":"product_brand","embeddable":true,"href":"https:\/\/www.teknocanta.com\/fr\/wp-json\/wp\/v2\/product_brand?post=44562"},{"taxonomy":"product_cat","embeddable":true,"href":"https:\/\/www.teknocanta.com\/fr\/wp-json\/wp\/v2\/product_cat?post=44562"},{"taxonomy":"product_tag","embeddable":true,"href":"https:\/\/www.teknocanta.com\/fr\/wp-json\/wp\/v2\/product_tag?post=44562"}],"curies":[{"name":"wp","href":"https:\/\/api.w.org\/{rel}","templated":true}]}}