{"id":44556,"date":"2021-10-14T16:00:04","date_gmt":"2021-10-14T13:00:04","guid":{"rendered":"https:\/\/www.teknocanta.com\/porte-documents-et-sacoche-pour-ordinateur-portable-gris\/"},"modified":"2021-10-14T16:00:04","modified_gmt":"2021-10-14T13:00:04","slug":"porte-documents-et-sacoche-pour-ordinateur-portable-gris","status":"publish","type":"product","link":"https:\/\/www.teknocanta.com\/fr\/produit\/porte-documents-et-sacoche-pour-ordinateur-portable-gris\/","title":{"rendered":"Porte-documents et sacoche pour ordinateur portable &#8211; Gris"},"content":{"rendered":"<p>Porte-documents et sacoche pour ordinateur portable &#8211; Gris<\/p>\n","protected":false},"excerpt":{"rendered":"<p>Porte-documents et sacoche pour ordinateur portable &#8211; Gris<\/p>\n","protected":false},"featured_media":43235,"comment_status":"open","ping_status":"closed","template":"","meta":[],"product_brand":[],"product_cat":[1365,1363,1376],"product_tag":[1429,1604,1605,1606],"class_list":{"0":"post-44556","1":"product","2":"type-product","3":"status-publish","4":"has-post-thumbnail","6":"product_cat-ordinateur-portable-et-mallette","7":"product_cat-sac-de-congres-et-de-symposium","8":"product_cat-sacs-approvisionnes","9":"product_tag-fabrication-de-canta-istanbul","10":"product_tag-porte-documents","11":"product_tag-porte-documents-istoc","12":"product_tag-sac-imprime","13":"description-off","15":"first","16":"instock","17":"shipping-taxable","18":"purchasable","19":"product-type-simple"},"yoast_head":"<!-- This site is optimized with the Yoast SEO plugin v26.6 - https:\/\/yoast.com\/wordpress\/plugins\/seo\/ -->\n<title>Porte-documents et sacoche pour ordinateur portable - Gris - Tekno \u00c7anta - Promosyon Toptan \u00c7anta \u0130malat\u0131<\/title>\n<meta name=\"robots\" content=\"index, follow, max-snippet:-1, max-image-preview:large, max-video-preview:-1\" \/>\n<link rel=\"canonical\" href=\"https:\/\/www.teknocanta.com\/porte-documents-et-sacoche-pour-ordinateur-portable-gris\/\" \/>\n<meta property=\"og:locale\" content=\"fr_FR\" \/>\n<meta property=\"og:type\" content=\"article\" \/>\n<meta property=\"og:title\" content=\"Porte-documents et sacoche pour ordinateur portable - Gris - Tekno \u00c7anta - Promosyon Toptan \u00c7anta \u0130malat\u0131\" \/>\n<meta property=\"og:description\" content=\"Porte-documents et sacoche pour ordinateur portable &#8211; Gris\" \/>\n<meta property=\"og:url\" content=\"https:\/\/www.teknocanta.com\/porte-documents-et-sacoche-pour-ordinateur-portable-gris\/\" \/>\n<meta property=\"og:site_name\" content=\"Tekno \u00c7anta - Promosyon Toptan \u00c7anta \u0130malat\u0131\" \/>\n<meta name=\"twitter:card\" content=\"summary_large_image\" \/>\n<script type=\"application\/ld+json\" class=\"yoast-schema-graph\">{\"@context\":\"https:\/\/schema.org\",\"@graph\":[{\"@type\":\"WebPage\",\"@id\":\"https:\/\/www.teknocanta.com\/porte-documents-et-sacoche-pour-ordinateur-portable-gris\/\",\"url\":\"https:\/\/www.teknocanta.com\/porte-documents-et-sacoche-pour-ordinateur-portable-gris\/\",\"name\":\"Porte-documents et sacoche pour ordinateur portable - Gris - Tekno \u00c7anta - Promosyon Toptan \u00c7anta \u0130malat\u0131\",\"isPartOf\":{\"@id\":\"https:\/\/www.teknocanta.com\/#website\"},\"primaryImageOfPage\":{\"@id\":\"https:\/\/www.teknocanta.com\/porte-documents-et-sacoche-pour-ordinateur-portable-gris\/#primaryimage\"},\"image\":{\"@id\":\"https:\/\/www.teknocanta.com\/porte-documents-et-sacoche-pour-ordinateur-portable-gris\/#primaryimage\"},\"thumbnailUrl\":\"https:\/\/www.teknocanta.com\/wp-content\/uploads\/2021\/10\/laptopveevrakcantasigri_ana_resim_son.jpg\",\"datePublished\":\"2021-10-14T13:00:04+00:00\",\"breadcrumb\":{\"@id\":\"https:\/\/www.teknocanta.com\/porte-documents-et-sacoche-pour-ordinateur-portable-gris\/#breadcrumb\"},\"inLanguage\":\"fr-FR\",\"potentialAction\":[{\"@type\":\"ReadAction\",\"target\":[\"https:\/\/www.teknocanta.com\/porte-documents-et-sacoche-pour-ordinateur-portable-gris\/\"]}]},{\"@type\":\"ImageObject\",\"inLanguage\":\"fr-FR\",\"@id\":\"https:\/\/www.teknocanta.com\/porte-documents-et-sacoche-pour-ordinateur-portable-gris\/#primaryimage\",\"url\":\"https:\/\/www.teknocanta.com\/wp-content\/uploads\/2021\/10\/laptopveevrakcantasigri_ana_resim_son.jpg\",\"contentUrl\":\"https:\/\/www.teknocanta.com\/wp-content\/uploads\/2021\/10\/laptopveevrakcantasigri_ana_resim_son.jpg\",\"width\":934,\"height\":771},{\"@type\":\"BreadcrumbList\",\"@id\":\"https:\/\/www.teknocanta.com\/porte-documents-et-sacoche-pour-ordinateur-portable-gris\/#breadcrumb\",\"itemListElement\":[{\"@type\":\"ListItem\",\"position\":1,\"name\":\"Ana sayfa\",\"item\":\"https:\/\/www.teknocanta.com\/fr\/\"},{\"@type\":\"ListItem\",\"position\":2,\"name\":\"\u00dcr\u00fcnler\",\"item\":\"https:\/\/www.teknocanta.com\/urunler\/\"},{\"@type\":\"ListItem\",\"position\":3,\"name\":\"Porte-documents et sacoche pour ordinateur portable &#8211; Gris\"}]},{\"@type\":\"WebSite\",\"@id\":\"https:\/\/www.teknocanta.com\/#website\",\"url\":\"https:\/\/www.teknocanta.com\/\",\"name\":\"Tekno \u00c7anta - Promosyon Toptan \u00c7anta \u0130malat\u0131\",\"description\":\"Toptan \u00e7anta imalat\u0131, ham bez \u00e7anta, s\u0131rt \u00e7antalar\u0131, laptop ve evrak \u00e7antalar\u0131, kongre \u00e7antalar\u0131, fuar \u00e7antas\u0131 ve ipli b\u00fczg\u00fcl\u00fc \u00e7anta imalat\u0131 yapmaktay\u0131z.\",\"potentialAction\":[{\"@type\":\"SearchAction\",\"target\":{\"@type\":\"EntryPoint\",\"urlTemplate\":\"https:\/\/www.teknocanta.com\/?s={search_term_string}\"},\"query-input\":{\"@type\":\"PropertyValueSpecification\",\"valueRequired\":true,\"valueName\":\"search_term_string\"}}],\"inLanguage\":\"fr-FR\"}]}<\/script>\n<!-- \/ Yoast SEO plugin. -->","yoast_head_json":{"title":"Porte-documents et sacoche pour ordinateur portable - Gris - Tekno \u00c7anta - Promosyon Toptan \u00c7anta \u0130malat\u0131","robots":{"index":"index","follow":"follow","max-snippet":"max-snippet:-1","max-image-preview":"max-image-preview:large","max-video-preview":"max-video-preview:-1"},"canonical":"https:\/\/www.teknocanta.com\/porte-documents-et-sacoche-pour-ordinateur-portable-gris\/","og_locale":"fr_FR","og_type":"article","og_title":"Porte-documents et sacoche pour ordinateur portable - Gris - Tekno \u00c7anta - Promosyon Toptan \u00c7anta \u0130malat\u0131","og_description":"Porte-documents et sacoche pour ordinateur portable &#8211; Gris","og_url":"https:\/\/www.teknocanta.com\/porte-documents-et-sacoche-pour-ordinateur-portable-gris\/","og_site_name":"Tekno \u00c7anta - Promosyon Toptan \u00c7anta \u0130malat\u0131","twitter_card":"summary_large_image","schema":{"@context":"https:\/\/schema.org","@graph":[{"@type":"WebPage","@id":"https:\/\/www.teknocanta.com\/porte-documents-et-sacoche-pour-ordinateur-portable-gris\/","url":"https:\/\/www.teknocanta.com\/porte-documents-et-sacoche-pour-ordinateur-portable-gris\/","name":"Porte-documents et sacoche pour ordinateur portable - Gris - Tekno \u00c7anta - Promosyon Toptan \u00c7anta \u0130malat\u0131","isPartOf":{"@id":"https:\/\/www.teknocanta.com\/#website"},"primaryImageOfPage":{"@id":"https:\/\/www.teknocanta.com\/porte-documents-et-sacoche-pour-ordinateur-portable-gris\/#primaryimage"},"image":{"@id":"https:\/\/www.teknocanta.com\/porte-documents-et-sacoche-pour-ordinateur-portable-gris\/#primaryimage"},"thumbnailUrl":"https:\/\/www.teknocanta.com\/wp-content\/uploads\/2021\/10\/laptopveevrakcantasigri_ana_resim_son.jpg","datePublished":"2021-10-14T13:00:04+00:00","breadcrumb":{"@id":"https:\/\/www.teknocanta.com\/porte-documents-et-sacoche-pour-ordinateur-portable-gris\/#breadcrumb"},"inLanguage":"fr-FR","potentialAction":[{"@type":"ReadAction","target":["https:\/\/www.teknocanta.com\/porte-documents-et-sacoche-pour-ordinateur-portable-gris\/"]}]},{"@type":"ImageObject","inLanguage":"fr-FR","@id":"https:\/\/www.teknocanta.com\/porte-documents-et-sacoche-pour-ordinateur-portable-gris\/#primaryimage","url":"https:\/\/www.teknocanta.com\/wp-content\/uploads\/2021\/10\/laptopveevrakcantasigri_ana_resim_son.jpg","contentUrl":"https:\/\/www.teknocanta.com\/wp-content\/uploads\/2021\/10\/laptopveevrakcantasigri_ana_resim_son.jpg","width":934,"height":771},{"@type":"BreadcrumbList","@id":"https:\/\/www.teknocanta.com\/porte-documents-et-sacoche-pour-ordinateur-portable-gris\/#breadcrumb","itemListElement":[{"@type":"ListItem","position":1,"name":"Ana sayfa","item":"https:\/\/www.teknocanta.com\/fr\/"},{"@type":"ListItem","position":2,"name":"\u00dcr\u00fcnler","item":"https:\/\/www.teknocanta.com\/urunler\/"},{"@type":"ListItem","position":3,"name":"Porte-documents et sacoche pour ordinateur portable &#8211; Gris"}]},{"@type":"WebSite","@id":"https:\/\/www.teknocanta.com\/#website","url":"https:\/\/www.teknocanta.com\/","name":"Tekno \u00c7anta - Promosyon Toptan \u00c7anta \u0130malat\u0131","description":"Toptan \u00e7anta imalat\u0131, ham bez \u00e7anta, s\u0131rt \u00e7antalar\u0131, laptop ve evrak \u00e7antalar\u0131, kongre \u00e7antalar\u0131, fuar \u00e7antas\u0131 ve ipli b\u00fczg\u00fcl\u00fc \u00e7anta imalat\u0131 yapmaktay\u0131z.","potentialAction":[{"@type":"SearchAction","target":{"@type":"EntryPoint","urlTemplate":"https:\/\/www.teknocanta.com\/?s={search_term_string}"},"query-input":{"@type":"PropertyValueSpecification","valueRequired":true,"valueName":"search_term_string"}}],"inLanguage":"fr-FR"}]}},"_links":{"self":[{"href":"https:\/\/www.teknocanta.com\/fr\/wp-json\/wp\/v2\/product\/44556","targetHints":{"allow":["GET"]}}],"collection":[{"href":"https:\/\/www.teknocanta.com\/fr\/wp-json\/wp\/v2\/product"}],"about":[{"href":"https:\/\/www.teknocanta.com\/fr\/wp-json\/wp\/v2\/types\/product"}],"replies":[{"embeddable":true,"href":"https:\/\/www.teknocanta.com\/fr\/wp-json\/wp\/v2\/comments?post=44556"}],"wp:featuredmedia":[{"embeddable":true,"href":"https:\/\/www.teknocanta.com\/fr\/wp-json\/wp\/v2\/media\/43235"}],"wp:attachment":[{"href":"https:\/\/www.teknocanta.com\/fr\/wp-json\/wp\/v2\/media?parent=44556"}],"wp:term":[{"taxonomy":"product_brand","embeddable":true,"href":"https:\/\/www.teknocanta.com\/fr\/wp-json\/wp\/v2\/product_brand?post=44556"},{"taxonomy":"product_cat","embeddable":true,"href":"https:\/\/www.teknocanta.com\/fr\/wp-json\/wp\/v2\/product_cat?post=44556"},{"taxonomy":"product_tag","embeddable":true,"href":"https:\/\/www.teknocanta.com\/fr\/wp-json\/wp\/v2\/product_tag?post=44556"}],"curies":[{"name":"wp","href":"https:\/\/api.w.org\/{rel}","templated":true}]}}