{"id":44529,"date":"2021-10-14T16:00:55","date_gmt":"2021-10-14T13:00:55","guid":{"rendered":"https:\/\/www.teknocanta.com\/sac-a-dos-en-cuir\/"},"modified":"2021-10-14T16:00:55","modified_gmt":"2021-10-14T13:00:55","slug":"deri-sirt-cantasi","status":"publish","type":"product","link":"https:\/\/www.teknocanta.com\/fr\/produit\/deri-sirt-cantasi\/","title":{"rendered":"Sac \u00e0 dos en cuir"},"content":{"rendered":"<p>Sac \u00e0 dos en cuir<\/p>\n<p>Notre soci\u00e9t\u00e9 fait partie des fabricants de sacs. Vous pouvez faire appel \u00e0 nous pour vos besoins en sacs \u00e0 dos imprim\u00e9s et en sacs promotionnels. Vente en gros D\u00e9couvrez nos mod\u00e8les de sacs \u00e0 dos \u00e0 prix abordables.&nbsp;<\/p>\n","protected":false},"excerpt":{"rendered":"<p>Sac \u00e0 dos en cuir Notre soci\u00e9t\u00e9 fait partie des fabricants de sacs. Vous pouvez faire appel \u00e0 nous pour vos besoins en sacs \u00e0 dos imprim\u00e9s et en sacs promotionnels. Vente en gros D\u00e9couvrez nos mod\u00e8les de sacs \u00e0 dos \u00e0 prix abordables.&nbsp;<\/p>\n","protected":false},"featured_media":43367,"comment_status":"open","ping_status":"closed","template":"","meta":[],"product_brand":[],"product_cat":[1374,1363],"product_tag":[1530,1532,1533,1531],"class_list":{"0":"post-44529","1":"product","2":"type-product","3":"status-publish","4":"has-post-thumbnail","6":"product_cat-sac-a-dos","7":"product_cat-sac-de-congres-et-de-symposium","8":"product_tag-sac-a-dos-avec-stock","9":"product_tag-sac-a-dos-bon-marche","10":"product_tag-sac-a-dos-imprime","11":"product_tag-sac-garni","12":"description-off","14":"first","15":"instock","16":"shipping-taxable","17":"purchasable","18":"product-type-simple"},"yoast_head":"<!-- This site is optimized with the Yoast SEO plugin v26.6 - https:\/\/yoast.com\/wordpress\/plugins\/seo\/ -->\n<title>Sac \u00e0 dos en cuir - Tekno \u00c7anta - Promosyon Toptan \u00c7anta \u0130malat\u0131<\/title>\n<meta name=\"robots\" content=\"index, follow, max-snippet:-1, max-image-preview:large, max-video-preview:-1\" \/>\n<link rel=\"canonical\" href=\"https:\/\/www.teknocanta.com\/sac-a-dos-en-cuir\/\" \/>\n<meta property=\"og:locale\" content=\"fr_FR\" \/>\n<meta property=\"og:type\" content=\"article\" \/>\n<meta property=\"og:title\" content=\"Sac \u00e0 dos en cuir - Tekno \u00c7anta - Promosyon Toptan \u00c7anta \u0130malat\u0131\" \/>\n<meta property=\"og:description\" content=\"Sac \u00e0 dos en cuir Notre soci\u00e9t\u00e9 fait partie des fabricants de sacs. Vous pouvez faire appel \u00e0 nous pour vos besoins en sacs \u00e0 dos imprim\u00e9s et en sacs promotionnels. Vente en gros D\u00e9couvrez nos mod\u00e8les de sacs \u00e0 dos \u00e0 prix abordables.&nbsp;\" \/>\n<meta property=\"og:url\" content=\"https:\/\/www.teknocanta.com\/sac-a-dos-en-cuir\/\" \/>\n<meta property=\"og:site_name\" content=\"Tekno \u00c7anta - Promosyon Toptan \u00c7anta \u0130malat\u0131\" \/>\n<meta name=\"twitter:card\" content=\"summary_large_image\" \/>\n<script type=\"application\/ld+json\" class=\"yoast-schema-graph\">{\"@context\":\"https:\/\/schema.org\",\"@graph\":[{\"@type\":\"WebPage\",\"@id\":\"https:\/\/www.teknocanta.com\/sac-a-dos-en-cuir\/\",\"url\":\"https:\/\/www.teknocanta.com\/sac-a-dos-en-cuir\/\",\"name\":\"Sac \u00e0 dos en cuir - Tekno \u00c7anta - Promosyon Toptan \u00c7anta \u0130malat\u0131\",\"isPartOf\":{\"@id\":\"https:\/\/www.teknocanta.com\/#website\"},\"primaryImageOfPage\":{\"@id\":\"https:\/\/www.teknocanta.com\/sac-a-dos-en-cuir\/#primaryimage\"},\"image\":{\"@id\":\"https:\/\/www.teknocanta.com\/sac-a-dos-en-cuir\/#primaryimage\"},\"thumbnailUrl\":\"https:\/\/www.teknocanta.com\/wp-content\/uploads\/2021\/10\/deri_sirt_cantasi_yan_aci.jpg\",\"datePublished\":\"2021-10-14T13:00:55+00:00\",\"breadcrumb\":{\"@id\":\"https:\/\/www.teknocanta.com\/sac-a-dos-en-cuir\/#breadcrumb\"},\"inLanguage\":\"fr-FR\",\"potentialAction\":[{\"@type\":\"ReadAction\",\"target\":[\"https:\/\/www.teknocanta.com\/sac-a-dos-en-cuir\/\"]}]},{\"@type\":\"ImageObject\",\"inLanguage\":\"fr-FR\",\"@id\":\"https:\/\/www.teknocanta.com\/sac-a-dos-en-cuir\/#primaryimage\",\"url\":\"https:\/\/www.teknocanta.com\/wp-content\/uploads\/2021\/10\/deri_sirt_cantasi_yan_aci.jpg\",\"contentUrl\":\"https:\/\/www.teknocanta.com\/wp-content\/uploads\/2021\/10\/deri_sirt_cantasi_yan_aci.jpg\",\"width\":965,\"height\":1144},{\"@type\":\"BreadcrumbList\",\"@id\":\"https:\/\/www.teknocanta.com\/sac-a-dos-en-cuir\/#breadcrumb\",\"itemListElement\":[{\"@type\":\"ListItem\",\"position\":1,\"name\":\"Ana sayfa\",\"item\":\"https:\/\/www.teknocanta.com\/fr\/\"},{\"@type\":\"ListItem\",\"position\":2,\"name\":\"\u00dcr\u00fcnler\",\"item\":\"https:\/\/www.teknocanta.com\/urunler\/\"},{\"@type\":\"ListItem\",\"position\":3,\"name\":\"Sac \u00e0 dos en cuir\"}]},{\"@type\":\"WebSite\",\"@id\":\"https:\/\/www.teknocanta.com\/#website\",\"url\":\"https:\/\/www.teknocanta.com\/\",\"name\":\"Tekno \u00c7anta - Promosyon Toptan \u00c7anta \u0130malat\u0131\",\"description\":\"Toptan \u00e7anta imalat\u0131, ham bez \u00e7anta, s\u0131rt \u00e7antalar\u0131, laptop ve evrak \u00e7antalar\u0131, kongre \u00e7antalar\u0131, fuar \u00e7antas\u0131 ve ipli b\u00fczg\u00fcl\u00fc \u00e7anta imalat\u0131 yapmaktay\u0131z.\",\"potentialAction\":[{\"@type\":\"SearchAction\",\"target\":{\"@type\":\"EntryPoint\",\"urlTemplate\":\"https:\/\/www.teknocanta.com\/?s={search_term_string}\"},\"query-input\":{\"@type\":\"PropertyValueSpecification\",\"valueRequired\":true,\"valueName\":\"search_term_string\"}}],\"inLanguage\":\"fr-FR\"}]}<\/script>\n<!-- \/ Yoast SEO plugin. -->","yoast_head_json":{"title":"Sac \u00e0 dos en cuir - Tekno \u00c7anta - Promosyon Toptan \u00c7anta \u0130malat\u0131","robots":{"index":"index","follow":"follow","max-snippet":"max-snippet:-1","max-image-preview":"max-image-preview:large","max-video-preview":"max-video-preview:-1"},"canonical":"https:\/\/www.teknocanta.com\/sac-a-dos-en-cuir\/","og_locale":"fr_FR","og_type":"article","og_title":"Sac \u00e0 dos en cuir - Tekno \u00c7anta - Promosyon Toptan \u00c7anta \u0130malat\u0131","og_description":"Sac \u00e0 dos en cuir Notre soci\u00e9t\u00e9 fait partie des fabricants de sacs. Vous pouvez faire appel \u00e0 nous pour vos besoins en sacs \u00e0 dos imprim\u00e9s et en sacs promotionnels. Vente en gros D\u00e9couvrez nos mod\u00e8les de sacs \u00e0 dos \u00e0 prix abordables.&nbsp;","og_url":"https:\/\/www.teknocanta.com\/sac-a-dos-en-cuir\/","og_site_name":"Tekno \u00c7anta - Promosyon Toptan \u00c7anta \u0130malat\u0131","twitter_card":"summary_large_image","schema":{"@context":"https:\/\/schema.org","@graph":[{"@type":"WebPage","@id":"https:\/\/www.teknocanta.com\/sac-a-dos-en-cuir\/","url":"https:\/\/www.teknocanta.com\/sac-a-dos-en-cuir\/","name":"Sac \u00e0 dos en cuir - Tekno \u00c7anta - Promosyon Toptan \u00c7anta \u0130malat\u0131","isPartOf":{"@id":"https:\/\/www.teknocanta.com\/#website"},"primaryImageOfPage":{"@id":"https:\/\/www.teknocanta.com\/sac-a-dos-en-cuir\/#primaryimage"},"image":{"@id":"https:\/\/www.teknocanta.com\/sac-a-dos-en-cuir\/#primaryimage"},"thumbnailUrl":"https:\/\/www.teknocanta.com\/wp-content\/uploads\/2021\/10\/deri_sirt_cantasi_yan_aci.jpg","datePublished":"2021-10-14T13:00:55+00:00","breadcrumb":{"@id":"https:\/\/www.teknocanta.com\/sac-a-dos-en-cuir\/#breadcrumb"},"inLanguage":"fr-FR","potentialAction":[{"@type":"ReadAction","target":["https:\/\/www.teknocanta.com\/sac-a-dos-en-cuir\/"]}]},{"@type":"ImageObject","inLanguage":"fr-FR","@id":"https:\/\/www.teknocanta.com\/sac-a-dos-en-cuir\/#primaryimage","url":"https:\/\/www.teknocanta.com\/wp-content\/uploads\/2021\/10\/deri_sirt_cantasi_yan_aci.jpg","contentUrl":"https:\/\/www.teknocanta.com\/wp-content\/uploads\/2021\/10\/deri_sirt_cantasi_yan_aci.jpg","width":965,"height":1144},{"@type":"BreadcrumbList","@id":"https:\/\/www.teknocanta.com\/sac-a-dos-en-cuir\/#breadcrumb","itemListElement":[{"@type":"ListItem","position":1,"name":"Ana sayfa","item":"https:\/\/www.teknocanta.com\/fr\/"},{"@type":"ListItem","position":2,"name":"\u00dcr\u00fcnler","item":"https:\/\/www.teknocanta.com\/urunler\/"},{"@type":"ListItem","position":3,"name":"Sac \u00e0 dos en cuir"}]},{"@type":"WebSite","@id":"https:\/\/www.teknocanta.com\/#website","url":"https:\/\/www.teknocanta.com\/","name":"Tekno \u00c7anta - Promosyon Toptan \u00c7anta \u0130malat\u0131","description":"Toptan \u00e7anta imalat\u0131, ham bez \u00e7anta, s\u0131rt \u00e7antalar\u0131, laptop ve evrak \u00e7antalar\u0131, kongre \u00e7antalar\u0131, fuar \u00e7antas\u0131 ve ipli b\u00fczg\u00fcl\u00fc \u00e7anta imalat\u0131 yapmaktay\u0131z.","potentialAction":[{"@type":"SearchAction","target":{"@type":"EntryPoint","urlTemplate":"https:\/\/www.teknocanta.com\/?s={search_term_string}"},"query-input":{"@type":"PropertyValueSpecification","valueRequired":true,"valueName":"search_term_string"}}],"inLanguage":"fr-FR"}]}},"_links":{"self":[{"href":"https:\/\/www.teknocanta.com\/fr\/wp-json\/wp\/v2\/product\/44529","targetHints":{"allow":["GET"]}}],"collection":[{"href":"https:\/\/www.teknocanta.com\/fr\/wp-json\/wp\/v2\/product"}],"about":[{"href":"https:\/\/www.teknocanta.com\/fr\/wp-json\/wp\/v2\/types\/product"}],"replies":[{"embeddable":true,"href":"https:\/\/www.teknocanta.com\/fr\/wp-json\/wp\/v2\/comments?post=44529"}],"wp:featuredmedia":[{"embeddable":true,"href":"https:\/\/www.teknocanta.com\/fr\/wp-json\/wp\/v2\/media\/43367"}],"wp:attachment":[{"href":"https:\/\/www.teknocanta.com\/fr\/wp-json\/wp\/v2\/media?parent=44529"}],"wp:term":[{"taxonomy":"product_brand","embeddable":true,"href":"https:\/\/www.teknocanta.com\/fr\/wp-json\/wp\/v2\/product_brand?post=44529"},{"taxonomy":"product_cat","embeddable":true,"href":"https:\/\/www.teknocanta.com\/fr\/wp-json\/wp\/v2\/product_cat?post=44529"},{"taxonomy":"product_tag","embeddable":true,"href":"https:\/\/www.teknocanta.com\/fr\/wp-json\/wp\/v2\/product_tag?post=44529"}],"curies":[{"name":"wp","href":"https:\/\/api.w.org\/{rel}","templated":true}]}}