{"id":37425,"date":"2021-10-14T15:52:54","date_gmt":"2021-10-14T12:52:54","guid":{"rendered":"https:\/\/www.teknocanta.com\/?post_type=product&#038;p=37425"},"modified":"2021-10-14T15:53:39","modified_gmt":"2021-10-14T12:53:39","slug":"sirt-cantasi-laptop-bolmeli","status":"publish","type":"product","link":"https:\/\/www.teknocanta.com\/fr\/urun\/sirt-cantasi-laptop-bolmeli\/","title":{"rendered":"S\u0131rt \u00c7antas\u0131 Laptop B\u00f6lmeli"},"content":{"rendered":"<div><font face=\"Arial, sans-serif\"><span style=\"font-size: 13.3333px;\">S\u0131rt \u00c7antas\u0131 Laptop B\u00f6lmeli<\/span><br \/><\/font><\/div>\n<div><font face=\"Arial, sans-serif\"><span style=\"font-size: 13.3333px;\">Farkl\u0131 adetlerdeki fiyat talepleriniz i\u00e7in ileti\u015fim k\u0131sm\u0131ndaki mail adresimize mail atarak fiyat isteyebilirsiniz. %8 KDV ve bask\u0131 \u00fccreti fiyata dahil de\u011fildir.<\/span><\/font><\/div>\n<div><font face=\"Arial, sans-serif\"><span style=\"font-size: 13.3333px;\"><br \/><\/span><\/font><\/div>\n<div><font face=\"Arial, sans-serif\"><span style=\"font-size: 13.3333px;\">Y\u00fcksek adetli \u00f6zel imalatlarda kuma\u015f rengi, astar rengi ve fermuar rengi de\u011fi\u015ftirebilir.<\/span><\/font><\/div>\n<div><font face=\"Arial, sans-serif\"><span style=\"font-size: 13.3333px;\"><br \/><\/span><\/font><\/div>\n<div><font face=\"Arial, sans-serif\"><span style=\"font-size: 13.3333px;\">\u00c7anta ebad\u0131 40x30x12 cm b\u00fcy\u00fckl\u00fc\u011f\u00fcndedir.&nbsp;<\/span><\/font><\/div>\n<div><font face=\"Arial, sans-serif\"><span style=\"font-size: 13.3333px;\"><br \/><\/span><\/font><\/div>\n<div><font face=\"Arial, sans-serif\"><span style=\"font-size: 13.3333px;\">8 mm kal\u0131nl\u0131\u011f\u0131nda k\u00f6p\u00fck ve tip 8 kalitesinde fermuar kullan\u0131lm\u0131\u015ft\u0131r. \u00c7anta i\u00e7erisinde laptop b\u00f6lmesi mevcuttur. \u0130mperteks kuma\u015f gurubundan \u00f6zel bir kuma\u015ftan \u00fcretilmi\u015ftir. \u0130\u00e7 astar i\u00e7in 270 denye imperteks kuma\u015f kullan\u0131lm\u0131\u015ft\u0131r.<\/span><\/font><\/div>\n<div><font face=\"Arial, sans-serif\"><span style=\"font-size: 13.3333px;\"><br \/><\/span><\/font><\/div>\n<div><font face=\"Arial, sans-serif\"><span style=\"font-size: 13.3333px;\">\u00c7antan\u0131n i\u00e7ine veya d\u0131\u015f\u0131na Transfer veya Serigrafi bask\u0131 yap\u0131labilir. Kongre \u00e7antalar\u0131nda genelde kongre ismi tek renk olarak \u00e7antan\u0131n i\u00e7ine bas\u0131lmaktad\u0131r.<\/span><\/font><\/div>\n<div><font face=\"Arial, sans-serif\"><span style=\"font-size: 13.3333px;\"><br \/><\/span><\/font><\/div>\n<div><font face=\"Arial, sans-serif\"><span style=\"font-size: 13.3333px;\">\u0130malat s\u00fcreleri adete g\u00f6re de\u011fi\u015fmekle birlikte ortalama 15 g\u00fcnd\u00fcr, i\u015fin \u00f6nemine g\u00f6re daha erken de verilebilir. Stoktaki \u00fcr\u00fcnler bask\u0131s\u0131z olarak ayn\u0131 g\u00fcn teslim edilebilir. Stoktaki \u00fcr\u00fcnlere bask\u0131 yap\u0131l\u0131r ise duruma g\u00f6re bir ka\u00e7 g\u00fcn s\u00fcrebilir.<\/span><\/font><\/div>\n<div><font face=\"Arial, sans-serif\"><span style=\"font-size: 13.3333px;\"><br \/><\/span><\/font><\/div>\n<div><font face=\"Arial, sans-serif\"><span style=\"font-size: 13.3333px;\">Promosyon laptop b\u00f6lmeli s\u0131rt \u00e7antalar\u0131 Promosyon ama\u00e7l\u0131 olarak kongre ve Sempozyum ve seminer gibi her t\u00fcrl\u00fc etkinliklerinizde kullanabilece\u011finiz, m\u00fc\u015fterilerinize hediye edebilece\u011finiz, kullan\u0131\u015fl\u0131 bir promosyon \u00fcr\u00fcn\u00fcd\u00fcr.<\/span><\/font><\/div>\n","protected":false},"excerpt":{"rendered":"<p>S\u0131rt \u00c7antas\u0131 Laptop B\u00f6lmeli Farkl\u0131 adetlerdeki fiyat talepleriniz i\u00e7in ileti\u015fim k\u0131sm\u0131ndaki mail adresimize mail atarak fiyat isteyebilirsiniz. %8 KDV ve bask\u0131 \u00fccreti fiyata dahil de\u011fildir. Y\u00fcksek adetli \u00f6zel imalatlarda kuma\u015f rengi, astar rengi ve fermuar rengi de\u011fi\u015ftirebilir. \u00c7anta ebad\u0131 40x30x12 cm b\u00fcy\u00fckl\u00fc\u011f\u00fcndedir.&nbsp; 8 mm kal\u0131nl\u0131\u011f\u0131nda k\u00f6p\u00fck ve tip 8 kalitesinde fermuar kullan\u0131lm\u0131\u015ft\u0131r. \u00c7anta i\u00e7erisinde laptop&hellip;<\/p>\n","protected":false},"featured_media":37507,"comment_status":"open","ping_status":"closed","template":"","meta":[],"product_brand":[],"product_cat":[875,894],"product_tag":[180,927,895,896,162,897,182,898,465,1025,183,882,169,172,186,173,387,888,889,899],"class_list":{"0":"post-37425","1":"product","2":"type-product","3":"status-publish","4":"has-post-thumbnail","6":"product_cat-kongre-ve-sempozyum-cantasi","7":"product_cat-sirt-cantasi","8":"product_tag-canta-ureticileri","9":"product_tag-istoc-sirt-cantasi","10":"product_tag-istoc-toptan-canta-fiyatlari","11":"product_tag-konferans-cantasi","12":"product_tag-kongre-cantasi","13":"product_tag-kongre-cantasi-istanbul","14":"product_tag-kongre-sirt-cantasi","15":"product_tag-laptop-bolmeli-sirt-cantasi-ucuz","16":"product_tag-laptop-sirt-cantasi","17":"product_tag-ozel-tasarim-canta-imalati","18":"product_tag-promosyon-canta-fiyatlari","19":"product_tag-promosyon-canta-istanbul","20":"product_tag-promosyon-kongre-cantasi","21":"product_tag-promosyon-sirt-cantasi","22":"product_tag-promosyon-sirt-cantasi-fiyatlari","23":"product_tag-seminer-cantasi","24":"product_tag-sempozyum-cantasi","25":"product_tag-toptan-canta-istoc","26":"product_tag-toptan-kaliteli-canta","27":"product_tag-toptan-ucuz-canta","28":"description-off","30":"first","31":"instock","32":"shipping-taxable","33":"purchasable","34":"product-type-simple"},"yoast_head":"<!-- This site is optimized with the Yoast SEO plugin v26.6 - https:\/\/yoast.com\/wordpress\/plugins\/seo\/ -->\n<title>S\u0131rt \u00c7antas\u0131 Laptop B\u00f6lmeli - Tekno \u00c7anta - Promosyon Toptan \u00c7anta \u0130malat\u0131<\/title>\n<meta name=\"robots\" content=\"index, follow, max-snippet:-1, max-image-preview:large, max-video-preview:-1\" \/>\n<link rel=\"canonical\" href=\"https:\/\/www.teknocanta.com\/sirt-cantasi-laptop-bolmeli\/\" \/>\n<meta property=\"og:locale\" content=\"fr_FR\" \/>\n<meta property=\"og:type\" content=\"article\" \/>\n<meta property=\"og:title\" content=\"S\u0131rt \u00c7antas\u0131 Laptop B\u00f6lmeli - Tekno \u00c7anta - Promosyon Toptan \u00c7anta \u0130malat\u0131\" \/>\n<meta property=\"og:description\" content=\"S\u0131rt \u00c7antas\u0131 Laptop B\u00f6lmeli Farkl\u0131 adetlerdeki fiyat talepleriniz i\u00e7in ileti\u015fim k\u0131sm\u0131ndaki mail adresimize mail atarak fiyat isteyebilirsiniz. %8 KDV ve bask\u0131 \u00fccreti fiyata dahil de\u011fildir. Y\u00fcksek adetli \u00f6zel imalatlarda kuma\u015f rengi, astar rengi ve fermuar rengi de\u011fi\u015ftirebilir. \u00c7anta ebad\u0131 40x30x12 cm b\u00fcy\u00fckl\u00fc\u011f\u00fcndedir.&nbsp; 8 mm kal\u0131nl\u0131\u011f\u0131nda k\u00f6p\u00fck ve tip 8 kalitesinde fermuar kullan\u0131lm\u0131\u015ft\u0131r. \u00c7anta i\u00e7erisinde laptop&hellip;\" \/>\n<meta property=\"og:url\" content=\"https:\/\/www.teknocanta.com\/sirt-cantasi-laptop-bolmeli\/\" \/>\n<meta property=\"og:site_name\" content=\"Tekno \u00c7anta - Promosyon Toptan \u00c7anta \u0130malat\u0131\" \/>\n<meta property=\"article:modified_time\" content=\"2021-10-14T12:53:39+00:00\" \/>\n<meta property=\"og:image\" content=\"https:\/\/www.teknocanta.com\/wp-content\/uploads\/2021\/10\/sirt_cantasi_laptop_bolmeli_son_ana_resim.jpg\" \/>\n\t<meta property=\"og:image:width\" content=\"1000\" \/>\n\t<meta property=\"og:image:height\" content=\"1426\" \/>\n\t<meta property=\"og:image:type\" content=\"image\/jpeg\" \/>\n<meta name=\"twitter:card\" content=\"summary_large_image\" \/>\n<meta name=\"twitter:label1\" content=\"Dur\u00e9e de lecture estim\u00e9e\" \/>\n\t<meta name=\"twitter:data1\" content=\"1 minute\" \/>\n<script type=\"application\/ld+json\" class=\"yoast-schema-graph\">{\"@context\":\"https:\/\/schema.org\",\"@graph\":[{\"@type\":\"WebPage\",\"@id\":\"https:\/\/www.teknocanta.com\/sirt-cantasi-laptop-bolmeli\/\",\"url\":\"https:\/\/www.teknocanta.com\/sirt-cantasi-laptop-bolmeli\/\",\"name\":\"S\u0131rt \u00c7antas\u0131 Laptop B\u00f6lmeli - Tekno \u00c7anta - Promosyon Toptan \u00c7anta \u0130malat\u0131\",\"isPartOf\":{\"@id\":\"https:\/\/www.teknocanta.com\/#website\"},\"primaryImageOfPage\":{\"@id\":\"https:\/\/www.teknocanta.com\/sirt-cantasi-laptop-bolmeli\/#primaryimage\"},\"image\":{\"@id\":\"https:\/\/www.teknocanta.com\/sirt-cantasi-laptop-bolmeli\/#primaryimage\"},\"thumbnailUrl\":\"https:\/\/www.teknocanta.com\/wp-content\/uploads\/2021\/10\/sirt_cantasi_laptop_bolmeli_son_ana_resim.jpg\",\"datePublished\":\"2021-10-14T12:52:54+00:00\",\"dateModified\":\"2021-10-14T12:53:39+00:00\",\"breadcrumb\":{\"@id\":\"https:\/\/www.teknocanta.com\/sirt-cantasi-laptop-bolmeli\/#breadcrumb\"},\"inLanguage\":\"fr-FR\",\"potentialAction\":[{\"@type\":\"ReadAction\",\"target\":[\"https:\/\/www.teknocanta.com\/sirt-cantasi-laptop-bolmeli\/\"]}]},{\"@type\":\"ImageObject\",\"inLanguage\":\"fr-FR\",\"@id\":\"https:\/\/www.teknocanta.com\/sirt-cantasi-laptop-bolmeli\/#primaryimage\",\"url\":\"https:\/\/www.teknocanta.com\/wp-content\/uploads\/2021\/10\/sirt_cantasi_laptop_bolmeli_son_ana_resim.jpg\",\"contentUrl\":\"https:\/\/www.teknocanta.com\/wp-content\/uploads\/2021\/10\/sirt_cantasi_laptop_bolmeli_son_ana_resim.jpg\",\"width\":1000,\"height\":1426},{\"@type\":\"BreadcrumbList\",\"@id\":\"https:\/\/www.teknocanta.com\/sirt-cantasi-laptop-bolmeli\/#breadcrumb\",\"itemListElement\":[{\"@type\":\"ListItem\",\"position\":1,\"name\":\"Ana sayfa\",\"item\":\"https:\/\/www.teknocanta.com\/fr\/\"},{\"@type\":\"ListItem\",\"position\":2,\"name\":\"\u00dcr\u00fcnler\",\"item\":\"https:\/\/www.teknocanta.com\/urunler\/\"},{\"@type\":\"ListItem\",\"position\":3,\"name\":\"S\u0131rt \u00c7antas\u0131 Laptop B\u00f6lmeli\"}]},{\"@type\":\"WebSite\",\"@id\":\"https:\/\/www.teknocanta.com\/#website\",\"url\":\"https:\/\/www.teknocanta.com\/\",\"name\":\"Tekno \u00c7anta - Promosyon Toptan \u00c7anta \u0130malat\u0131\",\"description\":\"Toptan \u00e7anta imalat\u0131, ham bez \u00e7anta, s\u0131rt \u00e7antalar\u0131, laptop ve evrak \u00e7antalar\u0131, kongre \u00e7antalar\u0131, fuar \u00e7antas\u0131 ve ipli b\u00fczg\u00fcl\u00fc \u00e7anta imalat\u0131 yapmaktay\u0131z.\",\"potentialAction\":[{\"@type\":\"SearchAction\",\"target\":{\"@type\":\"EntryPoint\",\"urlTemplate\":\"https:\/\/www.teknocanta.com\/?s={search_term_string}\"},\"query-input\":{\"@type\":\"PropertyValueSpecification\",\"valueRequired\":true,\"valueName\":\"search_term_string\"}}],\"inLanguage\":\"fr-FR\"}]}<\/script>\n<!-- \/ Yoast SEO plugin. -->","yoast_head_json":{"title":"S\u0131rt \u00c7antas\u0131 Laptop B\u00f6lmeli - Tekno \u00c7anta - Promosyon Toptan \u00c7anta \u0130malat\u0131","robots":{"index":"index","follow":"follow","max-snippet":"max-snippet:-1","max-image-preview":"max-image-preview:large","max-video-preview":"max-video-preview:-1"},"canonical":"https:\/\/www.teknocanta.com\/sirt-cantasi-laptop-bolmeli\/","og_locale":"fr_FR","og_type":"article","og_title":"S\u0131rt \u00c7antas\u0131 Laptop B\u00f6lmeli - Tekno \u00c7anta - Promosyon Toptan \u00c7anta \u0130malat\u0131","og_description":"S\u0131rt \u00c7antas\u0131 Laptop B\u00f6lmeli Farkl\u0131 adetlerdeki fiyat talepleriniz i\u00e7in ileti\u015fim k\u0131sm\u0131ndaki mail adresimize mail atarak fiyat isteyebilirsiniz. %8 KDV ve bask\u0131 \u00fccreti fiyata dahil de\u011fildir. Y\u00fcksek adetli \u00f6zel imalatlarda kuma\u015f rengi, astar rengi ve fermuar rengi de\u011fi\u015ftirebilir. \u00c7anta ebad\u0131 40x30x12 cm b\u00fcy\u00fckl\u00fc\u011f\u00fcndedir.&nbsp; 8 mm kal\u0131nl\u0131\u011f\u0131nda k\u00f6p\u00fck ve tip 8 kalitesinde fermuar kullan\u0131lm\u0131\u015ft\u0131r. \u00c7anta i\u00e7erisinde laptop&hellip;","og_url":"https:\/\/www.teknocanta.com\/sirt-cantasi-laptop-bolmeli\/","og_site_name":"Tekno \u00c7anta - Promosyon Toptan \u00c7anta \u0130malat\u0131","article_modified_time":"2021-10-14T12:53:39+00:00","og_image":[{"width":1000,"height":1426,"url":"https:\/\/www.teknocanta.com\/wp-content\/uploads\/2021\/10\/sirt_cantasi_laptop_bolmeli_son_ana_resim.jpg","type":"image\/jpeg"}],"twitter_card":"summary_large_image","twitter_misc":{"Dur\u00e9e de lecture estim\u00e9e":"1 minute"},"schema":{"@context":"https:\/\/schema.org","@graph":[{"@type":"WebPage","@id":"https:\/\/www.teknocanta.com\/sirt-cantasi-laptop-bolmeli\/","url":"https:\/\/www.teknocanta.com\/sirt-cantasi-laptop-bolmeli\/","name":"S\u0131rt \u00c7antas\u0131 Laptop B\u00f6lmeli - Tekno \u00c7anta - Promosyon Toptan \u00c7anta \u0130malat\u0131","isPartOf":{"@id":"https:\/\/www.teknocanta.com\/#website"},"primaryImageOfPage":{"@id":"https:\/\/www.teknocanta.com\/sirt-cantasi-laptop-bolmeli\/#primaryimage"},"image":{"@id":"https:\/\/www.teknocanta.com\/sirt-cantasi-laptop-bolmeli\/#primaryimage"},"thumbnailUrl":"https:\/\/www.teknocanta.com\/wp-content\/uploads\/2021\/10\/sirt_cantasi_laptop_bolmeli_son_ana_resim.jpg","datePublished":"2021-10-14T12:52:54+00:00","dateModified":"2021-10-14T12:53:39+00:00","breadcrumb":{"@id":"https:\/\/www.teknocanta.com\/sirt-cantasi-laptop-bolmeli\/#breadcrumb"},"inLanguage":"fr-FR","potentialAction":[{"@type":"ReadAction","target":["https:\/\/www.teknocanta.com\/sirt-cantasi-laptop-bolmeli\/"]}]},{"@type":"ImageObject","inLanguage":"fr-FR","@id":"https:\/\/www.teknocanta.com\/sirt-cantasi-laptop-bolmeli\/#primaryimage","url":"https:\/\/www.teknocanta.com\/wp-content\/uploads\/2021\/10\/sirt_cantasi_laptop_bolmeli_son_ana_resim.jpg","contentUrl":"https:\/\/www.teknocanta.com\/wp-content\/uploads\/2021\/10\/sirt_cantasi_laptop_bolmeli_son_ana_resim.jpg","width":1000,"height":1426},{"@type":"BreadcrumbList","@id":"https:\/\/www.teknocanta.com\/sirt-cantasi-laptop-bolmeli\/#breadcrumb","itemListElement":[{"@type":"ListItem","position":1,"name":"Ana sayfa","item":"https:\/\/www.teknocanta.com\/fr\/"},{"@type":"ListItem","position":2,"name":"\u00dcr\u00fcnler","item":"https:\/\/www.teknocanta.com\/urunler\/"},{"@type":"ListItem","position":3,"name":"S\u0131rt \u00c7antas\u0131 Laptop B\u00f6lmeli"}]},{"@type":"WebSite","@id":"https:\/\/www.teknocanta.com\/#website","url":"https:\/\/www.teknocanta.com\/","name":"Tekno \u00c7anta - Promosyon Toptan \u00c7anta \u0130malat\u0131","description":"Toptan \u00e7anta imalat\u0131, ham bez \u00e7anta, s\u0131rt \u00e7antalar\u0131, laptop ve evrak \u00e7antalar\u0131, kongre \u00e7antalar\u0131, fuar \u00e7antas\u0131 ve ipli b\u00fczg\u00fcl\u00fc \u00e7anta imalat\u0131 yapmaktay\u0131z.","potentialAction":[{"@type":"SearchAction","target":{"@type":"EntryPoint","urlTemplate":"https:\/\/www.teknocanta.com\/?s={search_term_string}"},"query-input":{"@type":"PropertyValueSpecification","valueRequired":true,"valueName":"search_term_string"}}],"inLanguage":"fr-FR"}]}},"_links":{"self":[{"href":"https:\/\/www.teknocanta.com\/fr\/wp-json\/wp\/v2\/product\/37425","targetHints":{"allow":["GET"]}}],"collection":[{"href":"https:\/\/www.teknocanta.com\/fr\/wp-json\/wp\/v2\/product"}],"about":[{"href":"https:\/\/www.teknocanta.com\/fr\/wp-json\/wp\/v2\/types\/product"}],"replies":[{"embeddable":true,"href":"https:\/\/www.teknocanta.com\/fr\/wp-json\/wp\/v2\/comments?post=37425"}],"wp:featuredmedia":[{"embeddable":true,"href":"https:\/\/www.teknocanta.com\/fr\/wp-json\/wp\/v2\/media\/37507"}],"wp:attachment":[{"href":"https:\/\/www.teknocanta.com\/fr\/wp-json\/wp\/v2\/media?parent=37425"}],"wp:term":[{"taxonomy":"product_brand","embeddable":true,"href":"https:\/\/www.teknocanta.com\/fr\/wp-json\/wp\/v2\/product_brand?post=37425"},{"taxonomy":"product_cat","embeddable":true,"href":"https:\/\/www.teknocanta.com\/fr\/wp-json\/wp\/v2\/product_cat?post=37425"},{"taxonomy":"product_tag","embeddable":true,"href":"https:\/\/www.teknocanta.com\/fr\/wp-json\/wp\/v2\/product_tag?post=37425"}],"curies":[{"name":"wp","href":"https:\/\/api.w.org\/{rel}","templated":true}]}}