{"id":37419,"date":"2021-10-14T15:52:53","date_gmt":"2021-10-14T12:52:53","guid":{"rendered":"https:\/\/www.teknocanta.com\/?post_type=product&#038;p=37419"},"modified":"2026-02-23T08:05:21","modified_gmt":"2026-02-23T05:05:21","slug":"su-gecirmez-sirt-cantasi","status":"publish","type":"product","link":"https:\/\/www.teknocanta.com\/fr\/urun\/su-gecirmez-sirt-cantasi\/","title":{"rendered":"Su Ge\u00e7irmez S\u0131rt \u00c7antas\u0131"},"content":{"rendered":"<div>Su Ge\u00e7irmez S\u0131rt \u00c7antas\u0131<\/div>\n<div>Stoktaki \u00c7antalarda USB APARATI YOKTUR, 250 adet ve \u00fczerin \u00f6zel \u00fcretim sipari\u015flerinizde usb aparat\u0131 tak\u0131labilir.&nbsp;<\/div>\n<div> &nbsp;<\/div>\n<div>Farkl\u0131 adetlerdeki fiyat talepleriniz i\u00e7in ileti\u015fim k\u0131sm\u0131ndaki mail adresimize mail atarak fiyat isteyebilirsiniz.&nbsp;<\/div>\n<div><\/div>\n<div>\u00c7anta resminde g\u00f6rd\u00fc\u011f\u00fcn\u00fcz usb ba\u011flant\u0131 kablosu ilave \u00fccretle iste\u011fe g\u00f6re tak\u0131lmaktad\u0131r. Yan taraflardaki suluk file sabit yer almaktad\u0131r. \u0130ste\u011fe g\u00f6re her renk yap\u0131labilir.&nbsp;<\/div>\n<div><\/div>\n<div>250 adet ve \u00fczeri sipari\u015flerinizde kuma\u015f rengi, garni olarak kullan\u0131lan suni deri rengi, astar rengi veya fermuar rengi de\u011fi\u015ftirebilir. Tercihe g\u00f6re kolon renkleri de de\u011fi\u015ftirebilir. \u00c7antan\u0131n d\u0131\u015f k\u0131sm\u0131nda keten imperteks su ge\u00e7irmez kuma\u015f ile birlikte alt k\u0131s\u0131mda kalitelisuni deri kuma\u015f kullan\u0131lm\u0131\u015ft\u0131r. \u0130\u00e7 astarlarda 270 denye imperteks kuma\u015f kullan\u0131lm\u0131\u015ft\u0131r. En \u00e7ok tercih edilen renk geri renk keten kuma\u015ft\u0131r.<\/div>\n<div><\/div>\n<div>\u00c7anta ebad\u0131 42x32x15 cm b\u00fcy\u00fckl\u00fc\u011f\u00fcndedir. 15,6 in\u00e7&nbsp; bilgisayarlar s\u0131\u011facak b\u00fcy\u00fckl\u00fcktedir. \u00c7anta fermuarl\u0131 1 \u00f6n ve 2 \u00fcst b\u00f6l\u00fcmden olu\u015fmaktad\u0131r. \u00c7antan\u0131n i\u00e7 laptop b\u00f6lmesi ile birlikte fermuarl\u0131 bir cep daha vard\u0131r.<\/div>\n<div><\/div>\n<div>\u00c7anta \u00f6n ve arka g\u00f6vdeleri ile i\u00e7 laptop b\u00f6lmesi 8 mm kal\u0131nl\u0131\u011f\u0131nda k\u00f6p\u00fck ile d\u0131\u015f \u00f6n k\u0131s\u0131m 3 mm k\u00f6p\u00fck s\u00fcnger ile desteklenmi\u015ftir. Tip 8 kalitesinde kaliteli fermuar kullan\u0131lm\u0131\u015ft\u0131r.&nbsp;<\/div>\n<div><\/div>\n<div>\u00c7antan\u0131n i\u00e7ine veya d\u0131\u015f\u0131na renkli bask\u0131lar yapmak m\u00fcmk\u00fcnd\u00fcr. En \u00e7ok tercih edilen bask\u0131 teknikleri transfer bask\u0131, serigrafi bask\u0131 ve nak\u0131\u015f bask\u0131d\u0131r.&nbsp; Maliyet a\u00e7\u0131s\u0131ndan en ekonomik bask\u0131 t\u00fcr\u00fc serigrafi klasik boya bask\u0131d\u0131r. Her bask\u0131 tekni\u011finde bask\u0131daki renk say\u0131s\u0131 ve bask\u0131n\u0131n b\u00fcy\u00fckl\u00fc\u011f\u00fc \u00f6nemlidir. Kongre bilgisayar \u00e7antalar\u0131nda genel olarak kongrenin logosu ismi ile birlikte \u00e7antan\u0131n i\u00e7 astar k\u0131sm\u0131na tek renk serigrafi bask\u0131 tekni\u011fi ile bas\u0131lmaktad\u0131r. Kongrelerde hediye olarak da\u011f\u0131t\u0131lan s\u0131rt \u00e7antalar\u0131n\u0131n d\u0131\u015f k\u0131sm\u0131na bask\u0131 yap\u0131ld\u0131\u011f\u0131 takdirde \u00e7antay\u0131 hediye alan ki\u015fi \u00e7antay\u0131 kullanmak istememektedir.<\/div>\n<div><\/div>\n<div>Kongre bilgisayar \u00e7antalar\u0131nda \u0130malat s\u00fcreleri sipari\u015f adetine g\u00f6re de\u011fi\u015fmekte ve ortalama imalat s\u00fcresi 15 g\u00fcnd\u00fcr, kongrenin tarihine g\u00f6re daha erken de verilebilmektedir. Stoktaki \u00e7antalar bask\u0131s\u0131z olarak ayn\u0131 g\u00fcn verilebilir. Stoktaki \u00fcr\u00fcnler bask\u0131l\u0131 olarak tercih edilir ise bask\u0131 s\u00fcresi yo\u011funlu\u011fa g\u00f6re bir ka\u00e7 g\u00fcn s\u00fcrebilir. Stoktaki \u00e7antalara teknik a\u00e7\u0131dan sadece 1 renk bask\u0131 yap\u0131labilmektedir.&nbsp;<\/div>\n<div><\/div>\n<div>L\u00fctfen g\u00fcncel stok bilgisi al\u0131n\u0131z.<\/div>\n<div><\/div>\n<div>Kongre bilgisayar \u00e7antalar\u0131 Promosyon ama\u00e7l\u0131 kongre, Sempozyum, konferans ve seminer gibi her t\u00fcrl\u00fc etkinliklerinizde kullanabilece\u011finiz, m\u00fc\u015fterilerinize hediye edebilece\u011finiz, kullan\u0131\u015fl\u0131 bir promosyon \u00fcr\u00fcn\u00fcd\u00fcr.&nbsp;<\/div>\n","protected":false},"excerpt":{"rendered":"<p>Su Ge\u00e7irmez S\u0131rt \u00c7antas\u0131 Stoktaki \u00c7antalarda USB APARATI YOKTUR, 250 adet ve \u00fczerin \u00f6zel \u00fcretim sipari\u015flerinizde usb aparat\u0131 tak\u0131labilir.&nbsp; &nbsp; Farkl\u0131 adetlerdeki fiyat talepleriniz i\u00e7in ileti\u015fim k\u0131sm\u0131ndaki mail adresimize mail atarak fiyat isteyebilirsiniz.&nbsp; \u00c7anta resminde g\u00f6rd\u00fc\u011f\u00fcn\u00fcz usb ba\u011flant\u0131 kablosu ilave \u00fccretle iste\u011fe g\u00f6re tak\u0131lmaktad\u0131r. Yan taraflardaki suluk file sabit yer almaktad\u0131r. \u0130ste\u011fe g\u00f6re her renk&hellip;<\/p>\n","protected":false},"featured_media":37453,"comment_status":"open","ping_status":"closed","template":"","meta":[],"product_brand":[],"product_cat":[875,894],"product_tag":[1004,1005,1006,1008,1009,1010,1011,1012,1007,1013],"class_list":{"0":"post-37419","1":"product","2":"type-product","3":"status-publish","4":"has-post-thumbnail","6":"product_cat-kongre-ve-sempozyum-cantasi","7":"product_cat-sirt-cantasi","8":"product_tag-acil-canta","9":"product_tag-acil-stoklu-canta","10":"product_tag-istoc-stoklu-canta","11":"product_tag-istoc-toptan-stoklu-sirt-cantasi","12":"product_tag-keten-kumas-sirt-cantasi","13":"product_tag-stoklu-sirt-cantalari","14":"product_tag-stoklu-toptan-sirt-cantalari","15":"product_tag-su-gecirmez-canta-imalati","16":"product_tag-su-gecirmez-cantalar","17":"product_tag-toptan-stoklu-sirt-cantalari","18":"description-off","20":"first","21":"instock","22":"shipping-taxable","23":"purchasable","24":"product-type-simple"},"yoast_head":"<!-- This site is optimized with the Yoast SEO plugin v26.6 - https:\/\/yoast.com\/wordpress\/plugins\/seo\/ -->\n<title>Su Ge\u00e7irmez S\u0131rt \u00c7antas\u0131 - Tekno \u00c7anta - Promosyon Toptan \u00c7anta \u0130malat\u0131<\/title>\n<meta name=\"robots\" content=\"index, follow, max-snippet:-1, max-image-preview:large, max-video-preview:-1\" \/>\n<link rel=\"canonical\" href=\"https:\/\/www.teknocanta.com\/su-gecirmez-sirt-cantasi\/\" \/>\n<meta property=\"og:locale\" content=\"fr_FR\" \/>\n<meta property=\"og:type\" content=\"article\" \/>\n<meta property=\"og:title\" content=\"Su Ge\u00e7irmez S\u0131rt \u00c7antas\u0131 - Tekno \u00c7anta - Promosyon Toptan \u00c7anta \u0130malat\u0131\" \/>\n<meta property=\"og:description\" content=\"Su Ge\u00e7irmez S\u0131rt \u00c7antas\u0131 Stoktaki \u00c7antalarda USB APARATI YOKTUR, 250 adet ve \u00fczerin \u00f6zel \u00fcretim sipari\u015flerinizde usb aparat\u0131 tak\u0131labilir.&nbsp; &nbsp; Farkl\u0131 adetlerdeki fiyat talepleriniz i\u00e7in ileti\u015fim k\u0131sm\u0131ndaki mail adresimize mail atarak fiyat isteyebilirsiniz.&nbsp; \u00c7anta resminde g\u00f6rd\u00fc\u011f\u00fcn\u00fcz usb ba\u011flant\u0131 kablosu ilave \u00fccretle iste\u011fe g\u00f6re tak\u0131lmaktad\u0131r. Yan taraflardaki suluk file sabit yer almaktad\u0131r. \u0130ste\u011fe g\u00f6re her renk&hellip;\" \/>\n<meta property=\"og:url\" content=\"https:\/\/www.teknocanta.com\/su-gecirmez-sirt-cantasi\/\" \/>\n<meta property=\"og:site_name\" content=\"Tekno \u00c7anta - Promosyon Toptan \u00c7anta \u0130malat\u0131\" \/>\n<meta property=\"article:modified_time\" content=\"2026-02-23T05:05:21+00:00\" \/>\n<meta property=\"og:image\" content=\"https:\/\/www.teknocanta.com\/wp-content\/uploads\/2021\/10\/su_gecirmez_sirt_cantasi_yeni_ana_1.jpg\" \/>\n\t<meta property=\"og:image:width\" content=\"1000\" \/>\n\t<meta property=\"og:image:height\" content=\"1291\" \/>\n\t<meta property=\"og:image:type\" content=\"image\/jpeg\" \/>\n<meta name=\"twitter:card\" content=\"summary_large_image\" \/>\n<meta name=\"twitter:label1\" content=\"Dur\u00e9e de lecture estim\u00e9e\" \/>\n\t<meta name=\"twitter:data1\" content=\"2 minutes\" \/>\n<script type=\"application\/ld+json\" class=\"yoast-schema-graph\">{\"@context\":\"https:\/\/schema.org\",\"@graph\":[{\"@type\":\"WebPage\",\"@id\":\"https:\/\/www.teknocanta.com\/su-gecirmez-sirt-cantasi\/\",\"url\":\"https:\/\/www.teknocanta.com\/su-gecirmez-sirt-cantasi\/\",\"name\":\"Su Ge\u00e7irmez S\u0131rt \u00c7antas\u0131 - Tekno \u00c7anta - Promosyon Toptan \u00c7anta \u0130malat\u0131\",\"isPartOf\":{\"@id\":\"https:\/\/www.teknocanta.com\/#website\"},\"primaryImageOfPage\":{\"@id\":\"https:\/\/www.teknocanta.com\/su-gecirmez-sirt-cantasi\/#primaryimage\"},\"image\":{\"@id\":\"https:\/\/www.teknocanta.com\/su-gecirmez-sirt-cantasi\/#primaryimage\"},\"thumbnailUrl\":\"https:\/\/www.teknocanta.com\/wp-content\/uploads\/2021\/10\/su_gecirmez_sirt_cantasi_yeni_ana_1.jpg\",\"datePublished\":\"2021-10-14T12:52:53+00:00\",\"dateModified\":\"2026-02-23T05:05:21+00:00\",\"breadcrumb\":{\"@id\":\"https:\/\/www.teknocanta.com\/su-gecirmez-sirt-cantasi\/#breadcrumb\"},\"inLanguage\":\"fr-FR\",\"potentialAction\":[{\"@type\":\"ReadAction\",\"target\":[\"https:\/\/www.teknocanta.com\/su-gecirmez-sirt-cantasi\/\"]}]},{\"@type\":\"ImageObject\",\"inLanguage\":\"fr-FR\",\"@id\":\"https:\/\/www.teknocanta.com\/su-gecirmez-sirt-cantasi\/#primaryimage\",\"url\":\"https:\/\/www.teknocanta.com\/wp-content\/uploads\/2021\/10\/su_gecirmez_sirt_cantasi_yeni_ana_1.jpg\",\"contentUrl\":\"https:\/\/www.teknocanta.com\/wp-content\/uploads\/2021\/10\/su_gecirmez_sirt_cantasi_yeni_ana_1.jpg\",\"width\":1000,\"height\":1291},{\"@type\":\"BreadcrumbList\",\"@id\":\"https:\/\/www.teknocanta.com\/su-gecirmez-sirt-cantasi\/#breadcrumb\",\"itemListElement\":[{\"@type\":\"ListItem\",\"position\":1,\"name\":\"Ana sayfa\",\"item\":\"https:\/\/www.teknocanta.com\/fr\/\"},{\"@type\":\"ListItem\",\"position\":2,\"name\":\"\u00dcr\u00fcnler\",\"item\":\"https:\/\/www.teknocanta.com\/urunler\/\"},{\"@type\":\"ListItem\",\"position\":3,\"name\":\"Su Ge\u00e7irmez S\u0131rt \u00c7antas\u0131\"}]},{\"@type\":\"WebSite\",\"@id\":\"https:\/\/www.teknocanta.com\/#website\",\"url\":\"https:\/\/www.teknocanta.com\/\",\"name\":\"Tekno \u00c7anta - Promosyon Toptan \u00c7anta \u0130malat\u0131\",\"description\":\"Toptan \u00e7anta imalat\u0131, ham bez \u00e7anta, s\u0131rt \u00e7antalar\u0131, laptop ve evrak \u00e7antalar\u0131, kongre \u00e7antalar\u0131, fuar \u00e7antas\u0131 ve ipli b\u00fczg\u00fcl\u00fc \u00e7anta imalat\u0131 yapmaktay\u0131z.\",\"potentialAction\":[{\"@type\":\"SearchAction\",\"target\":{\"@type\":\"EntryPoint\",\"urlTemplate\":\"https:\/\/www.teknocanta.com\/?s={search_term_string}\"},\"query-input\":{\"@type\":\"PropertyValueSpecification\",\"valueRequired\":true,\"valueName\":\"search_term_string\"}}],\"inLanguage\":\"fr-FR\"}]}<\/script>\n<!-- \/ Yoast SEO plugin. -->","yoast_head_json":{"title":"Su Ge\u00e7irmez S\u0131rt \u00c7antas\u0131 - Tekno \u00c7anta - Promosyon Toptan \u00c7anta \u0130malat\u0131","robots":{"index":"index","follow":"follow","max-snippet":"max-snippet:-1","max-image-preview":"max-image-preview:large","max-video-preview":"max-video-preview:-1"},"canonical":"https:\/\/www.teknocanta.com\/su-gecirmez-sirt-cantasi\/","og_locale":"fr_FR","og_type":"article","og_title":"Su Ge\u00e7irmez S\u0131rt \u00c7antas\u0131 - Tekno \u00c7anta - Promosyon Toptan \u00c7anta \u0130malat\u0131","og_description":"Su Ge\u00e7irmez S\u0131rt \u00c7antas\u0131 Stoktaki \u00c7antalarda USB APARATI YOKTUR, 250 adet ve \u00fczerin \u00f6zel \u00fcretim sipari\u015flerinizde usb aparat\u0131 tak\u0131labilir.&nbsp; &nbsp; Farkl\u0131 adetlerdeki fiyat talepleriniz i\u00e7in ileti\u015fim k\u0131sm\u0131ndaki mail adresimize mail atarak fiyat isteyebilirsiniz.&nbsp; \u00c7anta resminde g\u00f6rd\u00fc\u011f\u00fcn\u00fcz usb ba\u011flant\u0131 kablosu ilave \u00fccretle iste\u011fe g\u00f6re tak\u0131lmaktad\u0131r. Yan taraflardaki suluk file sabit yer almaktad\u0131r. \u0130ste\u011fe g\u00f6re her renk&hellip;","og_url":"https:\/\/www.teknocanta.com\/su-gecirmez-sirt-cantasi\/","og_site_name":"Tekno \u00c7anta - Promosyon Toptan \u00c7anta \u0130malat\u0131","article_modified_time":"2026-02-23T05:05:21+00:00","og_image":[{"width":1000,"height":1291,"url":"https:\/\/www.teknocanta.com\/wp-content\/uploads\/2021\/10\/su_gecirmez_sirt_cantasi_yeni_ana_1.jpg","type":"image\/jpeg"}],"twitter_card":"summary_large_image","twitter_misc":{"Dur\u00e9e de lecture estim\u00e9e":"2 minutes"},"schema":{"@context":"https:\/\/schema.org","@graph":[{"@type":"WebPage","@id":"https:\/\/www.teknocanta.com\/su-gecirmez-sirt-cantasi\/","url":"https:\/\/www.teknocanta.com\/su-gecirmez-sirt-cantasi\/","name":"Su Ge\u00e7irmez S\u0131rt \u00c7antas\u0131 - Tekno \u00c7anta - Promosyon Toptan \u00c7anta \u0130malat\u0131","isPartOf":{"@id":"https:\/\/www.teknocanta.com\/#website"},"primaryImageOfPage":{"@id":"https:\/\/www.teknocanta.com\/su-gecirmez-sirt-cantasi\/#primaryimage"},"image":{"@id":"https:\/\/www.teknocanta.com\/su-gecirmez-sirt-cantasi\/#primaryimage"},"thumbnailUrl":"https:\/\/www.teknocanta.com\/wp-content\/uploads\/2021\/10\/su_gecirmez_sirt_cantasi_yeni_ana_1.jpg","datePublished":"2021-10-14T12:52:53+00:00","dateModified":"2026-02-23T05:05:21+00:00","breadcrumb":{"@id":"https:\/\/www.teknocanta.com\/su-gecirmez-sirt-cantasi\/#breadcrumb"},"inLanguage":"fr-FR","potentialAction":[{"@type":"ReadAction","target":["https:\/\/www.teknocanta.com\/su-gecirmez-sirt-cantasi\/"]}]},{"@type":"ImageObject","inLanguage":"fr-FR","@id":"https:\/\/www.teknocanta.com\/su-gecirmez-sirt-cantasi\/#primaryimage","url":"https:\/\/www.teknocanta.com\/wp-content\/uploads\/2021\/10\/su_gecirmez_sirt_cantasi_yeni_ana_1.jpg","contentUrl":"https:\/\/www.teknocanta.com\/wp-content\/uploads\/2021\/10\/su_gecirmez_sirt_cantasi_yeni_ana_1.jpg","width":1000,"height":1291},{"@type":"BreadcrumbList","@id":"https:\/\/www.teknocanta.com\/su-gecirmez-sirt-cantasi\/#breadcrumb","itemListElement":[{"@type":"ListItem","position":1,"name":"Ana sayfa","item":"https:\/\/www.teknocanta.com\/fr\/"},{"@type":"ListItem","position":2,"name":"\u00dcr\u00fcnler","item":"https:\/\/www.teknocanta.com\/urunler\/"},{"@type":"ListItem","position":3,"name":"Su Ge\u00e7irmez S\u0131rt \u00c7antas\u0131"}]},{"@type":"WebSite","@id":"https:\/\/www.teknocanta.com\/#website","url":"https:\/\/www.teknocanta.com\/","name":"Tekno \u00c7anta - Promosyon Toptan \u00c7anta \u0130malat\u0131","description":"Toptan \u00e7anta imalat\u0131, ham bez \u00e7anta, s\u0131rt \u00e7antalar\u0131, laptop ve evrak \u00e7antalar\u0131, kongre \u00e7antalar\u0131, fuar \u00e7antas\u0131 ve ipli b\u00fczg\u00fcl\u00fc \u00e7anta imalat\u0131 yapmaktay\u0131z.","potentialAction":[{"@type":"SearchAction","target":{"@type":"EntryPoint","urlTemplate":"https:\/\/www.teknocanta.com\/?s={search_term_string}"},"query-input":{"@type":"PropertyValueSpecification","valueRequired":true,"valueName":"search_term_string"}}],"inLanguage":"fr-FR"}]}},"_links":{"self":[{"href":"https:\/\/www.teknocanta.com\/fr\/wp-json\/wp\/v2\/product\/37419","targetHints":{"allow":["GET"]}}],"collection":[{"href":"https:\/\/www.teknocanta.com\/fr\/wp-json\/wp\/v2\/product"}],"about":[{"href":"https:\/\/www.teknocanta.com\/fr\/wp-json\/wp\/v2\/types\/product"}],"replies":[{"embeddable":true,"href":"https:\/\/www.teknocanta.com\/fr\/wp-json\/wp\/v2\/comments?post=37419"}],"wp:featuredmedia":[{"embeddable":true,"href":"https:\/\/www.teknocanta.com\/fr\/wp-json\/wp\/v2\/media\/37453"}],"wp:attachment":[{"href":"https:\/\/www.teknocanta.com\/fr\/wp-json\/wp\/v2\/media?parent=37419"}],"wp:term":[{"taxonomy":"product_brand","embeddable":true,"href":"https:\/\/www.teknocanta.com\/fr\/wp-json\/wp\/v2\/product_brand?post=37419"},{"taxonomy":"product_cat","embeddable":true,"href":"https:\/\/www.teknocanta.com\/fr\/wp-json\/wp\/v2\/product_cat?post=37419"},{"taxonomy":"product_tag","embeddable":true,"href":"https:\/\/www.teknocanta.com\/fr\/wp-json\/wp\/v2\/product_tag?post=37419"}],"curies":[{"name":"wp","href":"https:\/\/api.w.org\/{rel}","templated":true}]}}