{"id":37309,"date":"2021-10-14T15:51:23","date_gmt":"2021-10-14T12:51:23","guid":{"rendered":"https:\/\/www.teknocanta.com\/?post_type=product&#038;p=37309"},"modified":"2024-07-08T21:03:26","modified_gmt":"2024-07-08T18:03:26","slug":"kanvas-kozmetik-canta","status":"publish","type":"product","link":"https:\/\/www.teknocanta.com\/fr\/urun\/kanvas-kozmetik-canta\/","title":{"rendered":"Kanvas Kozmetik \u00c7anta"},"content":{"rendered":"<p class=\"MsoNormal\" style=\"text-align: justify; color: rgb(110, 111, 112); line-height: normal; font-family: Verdana, serif, arial; font-size: 14px; margin-bottom: 0pt;\">Kanvas Kozmetik \u00c7anta<span style=\"text-align: center; color: rgb(62, 146, 208); font-size: 23px;\"><\/span><\/p>\n","protected":false},"excerpt":{"rendered":"<p>Kanvas Kozmetik \u00c7anta<\/p>\n","protected":false},"featured_media":37412,"comment_status":"open","ping_status":"closed","template":"","meta":[],"product_brand":[],"product_cat":[968],"product_tag":[969],"class_list":{"0":"post-37309","1":"product","2":"type-product","3":"status-publish","4":"has-post-thumbnail","6":"product_cat-makyaj-kozmetik-cantasi","7":"product_tag-promosyon-kanvas-kozmetik-canta-imalati","8":"description-off","10":"first","11":"instock","12":"shipping-taxable","13":"purchasable","14":"product-type-simple"},"yoast_head":"<!-- This site is optimized with the Yoast SEO plugin v26.6 - https:\/\/yoast.com\/wordpress\/plugins\/seo\/ -->\n<title>Kanvas Kozmetik \u00c7anta - Tekno \u00c7anta - Promosyon Toptan \u00c7anta \u0130malat\u0131<\/title>\n<meta name=\"robots\" content=\"index, follow, max-snippet:-1, max-image-preview:large, max-video-preview:-1\" \/>\n<link rel=\"canonical\" href=\"https:\/\/www.teknocanta.com\/kanvas-kozmetik-canta\/\" \/>\n<meta property=\"og:locale\" content=\"fr_FR\" \/>\n<meta property=\"og:type\" content=\"article\" \/>\n<meta property=\"og:title\" content=\"Kanvas Kozmetik \u00c7anta - Tekno \u00c7anta - Promosyon Toptan \u00c7anta \u0130malat\u0131\" \/>\n<meta property=\"og:description\" content=\"Kanvas Kozmetik \u00c7anta\" \/>\n<meta property=\"og:url\" content=\"https:\/\/www.teknocanta.com\/kanvas-kozmetik-canta\/\" \/>\n<meta property=\"og:site_name\" content=\"Tekno \u00c7anta - Promosyon Toptan \u00c7anta \u0130malat\u0131\" \/>\n<meta property=\"article:modified_time\" content=\"2024-07-08T18:03:26+00:00\" \/>\n<meta property=\"og:image\" content=\"https:\/\/www.teknocanta.com\/wp-content\/uploads\/2021\/10\/Hambez037kanvas_makyaj_cantasi_1.jpeg\" \/>\n\t<meta property=\"og:image:width\" content=\"600\" \/>\n\t<meta property=\"og:image:height\" content=\"600\" \/>\n\t<meta property=\"og:image:type\" content=\"image\/jpeg\" \/>\n<meta name=\"twitter:card\" content=\"summary_large_image\" \/>\n<script type=\"application\/ld+json\" class=\"yoast-schema-graph\">{\"@context\":\"https:\/\/schema.org\",\"@graph\":[{\"@type\":\"WebPage\",\"@id\":\"https:\/\/www.teknocanta.com\/kanvas-kozmetik-canta\/\",\"url\":\"https:\/\/www.teknocanta.com\/kanvas-kozmetik-canta\/\",\"name\":\"Kanvas Kozmetik \u00c7anta - Tekno \u00c7anta - Promosyon Toptan \u00c7anta \u0130malat\u0131\",\"isPartOf\":{\"@id\":\"https:\/\/www.teknocanta.com\/#website\"},\"primaryImageOfPage\":{\"@id\":\"https:\/\/www.teknocanta.com\/kanvas-kozmetik-canta\/#primaryimage\"},\"image\":{\"@id\":\"https:\/\/www.teknocanta.com\/kanvas-kozmetik-canta\/#primaryimage\"},\"thumbnailUrl\":\"https:\/\/www.teknocanta.com\/wp-content\/uploads\/2021\/10\/Hambez037kanvas_makyaj_cantasi_1.jpeg\",\"datePublished\":\"2021-10-14T12:51:23+00:00\",\"dateModified\":\"2024-07-08T18:03:26+00:00\",\"breadcrumb\":{\"@id\":\"https:\/\/www.teknocanta.com\/kanvas-kozmetik-canta\/#breadcrumb\"},\"inLanguage\":\"fr-FR\",\"potentialAction\":[{\"@type\":\"ReadAction\",\"target\":[\"https:\/\/www.teknocanta.com\/kanvas-kozmetik-canta\/\"]}]},{\"@type\":\"ImageObject\",\"inLanguage\":\"fr-FR\",\"@id\":\"https:\/\/www.teknocanta.com\/kanvas-kozmetik-canta\/#primaryimage\",\"url\":\"https:\/\/www.teknocanta.com\/wp-content\/uploads\/2021\/10\/Hambez037kanvas_makyaj_cantasi_1.jpeg\",\"contentUrl\":\"https:\/\/www.teknocanta.com\/wp-content\/uploads\/2021\/10\/Hambez037kanvas_makyaj_cantasi_1.jpeg\",\"width\":600,\"height\":600},{\"@type\":\"BreadcrumbList\",\"@id\":\"https:\/\/www.teknocanta.com\/kanvas-kozmetik-canta\/#breadcrumb\",\"itemListElement\":[{\"@type\":\"ListItem\",\"position\":1,\"name\":\"Ana sayfa\",\"item\":\"https:\/\/www.teknocanta.com\/fr\/\"},{\"@type\":\"ListItem\",\"position\":2,\"name\":\"\u00dcr\u00fcnler\",\"item\":\"https:\/\/www.teknocanta.com\/urunler\/\"},{\"@type\":\"ListItem\",\"position\":3,\"name\":\"Kanvas Kozmetik \u00c7anta\"}]},{\"@type\":\"WebSite\",\"@id\":\"https:\/\/www.teknocanta.com\/#website\",\"url\":\"https:\/\/www.teknocanta.com\/\",\"name\":\"Tekno \u00c7anta - Promosyon Toptan \u00c7anta \u0130malat\u0131\",\"description\":\"Toptan \u00e7anta imalat\u0131, ham bez \u00e7anta, s\u0131rt \u00e7antalar\u0131, laptop ve evrak \u00e7antalar\u0131, kongre \u00e7antalar\u0131, fuar \u00e7antas\u0131 ve ipli b\u00fczg\u00fcl\u00fc \u00e7anta imalat\u0131 yapmaktay\u0131z.\",\"potentialAction\":[{\"@type\":\"SearchAction\",\"target\":{\"@type\":\"EntryPoint\",\"urlTemplate\":\"https:\/\/www.teknocanta.com\/?s={search_term_string}\"},\"query-input\":{\"@type\":\"PropertyValueSpecification\",\"valueRequired\":true,\"valueName\":\"search_term_string\"}}],\"inLanguage\":\"fr-FR\"}]}<\/script>\n<!-- \/ Yoast SEO plugin. -->","yoast_head_json":{"title":"Kanvas Kozmetik \u00c7anta - Tekno \u00c7anta - Promosyon Toptan \u00c7anta \u0130malat\u0131","robots":{"index":"index","follow":"follow","max-snippet":"max-snippet:-1","max-image-preview":"max-image-preview:large","max-video-preview":"max-video-preview:-1"},"canonical":"https:\/\/www.teknocanta.com\/kanvas-kozmetik-canta\/","og_locale":"fr_FR","og_type":"article","og_title":"Kanvas Kozmetik \u00c7anta - Tekno \u00c7anta - Promosyon Toptan \u00c7anta \u0130malat\u0131","og_description":"Kanvas Kozmetik \u00c7anta","og_url":"https:\/\/www.teknocanta.com\/kanvas-kozmetik-canta\/","og_site_name":"Tekno \u00c7anta - Promosyon Toptan \u00c7anta \u0130malat\u0131","article_modified_time":"2024-07-08T18:03:26+00:00","og_image":[{"width":600,"height":600,"url":"https:\/\/www.teknocanta.com\/wp-content\/uploads\/2021\/10\/Hambez037kanvas_makyaj_cantasi_1.jpeg","type":"image\/jpeg"}],"twitter_card":"summary_large_image","schema":{"@context":"https:\/\/schema.org","@graph":[{"@type":"WebPage","@id":"https:\/\/www.teknocanta.com\/kanvas-kozmetik-canta\/","url":"https:\/\/www.teknocanta.com\/kanvas-kozmetik-canta\/","name":"Kanvas Kozmetik \u00c7anta - Tekno \u00c7anta - Promosyon Toptan \u00c7anta \u0130malat\u0131","isPartOf":{"@id":"https:\/\/www.teknocanta.com\/#website"},"primaryImageOfPage":{"@id":"https:\/\/www.teknocanta.com\/kanvas-kozmetik-canta\/#primaryimage"},"image":{"@id":"https:\/\/www.teknocanta.com\/kanvas-kozmetik-canta\/#primaryimage"},"thumbnailUrl":"https:\/\/www.teknocanta.com\/wp-content\/uploads\/2021\/10\/Hambez037kanvas_makyaj_cantasi_1.jpeg","datePublished":"2021-10-14T12:51:23+00:00","dateModified":"2024-07-08T18:03:26+00:00","breadcrumb":{"@id":"https:\/\/www.teknocanta.com\/kanvas-kozmetik-canta\/#breadcrumb"},"inLanguage":"fr-FR","potentialAction":[{"@type":"ReadAction","target":["https:\/\/www.teknocanta.com\/kanvas-kozmetik-canta\/"]}]},{"@type":"ImageObject","inLanguage":"fr-FR","@id":"https:\/\/www.teknocanta.com\/kanvas-kozmetik-canta\/#primaryimage","url":"https:\/\/www.teknocanta.com\/wp-content\/uploads\/2021\/10\/Hambez037kanvas_makyaj_cantasi_1.jpeg","contentUrl":"https:\/\/www.teknocanta.com\/wp-content\/uploads\/2021\/10\/Hambez037kanvas_makyaj_cantasi_1.jpeg","width":600,"height":600},{"@type":"BreadcrumbList","@id":"https:\/\/www.teknocanta.com\/kanvas-kozmetik-canta\/#breadcrumb","itemListElement":[{"@type":"ListItem","position":1,"name":"Ana sayfa","item":"https:\/\/www.teknocanta.com\/fr\/"},{"@type":"ListItem","position":2,"name":"\u00dcr\u00fcnler","item":"https:\/\/www.teknocanta.com\/urunler\/"},{"@type":"ListItem","position":3,"name":"Kanvas Kozmetik \u00c7anta"}]},{"@type":"WebSite","@id":"https:\/\/www.teknocanta.com\/#website","url":"https:\/\/www.teknocanta.com\/","name":"Tekno \u00c7anta - Promosyon Toptan \u00c7anta \u0130malat\u0131","description":"Toptan \u00e7anta imalat\u0131, ham bez \u00e7anta, s\u0131rt \u00e7antalar\u0131, laptop ve evrak \u00e7antalar\u0131, kongre \u00e7antalar\u0131, fuar \u00e7antas\u0131 ve ipli b\u00fczg\u00fcl\u00fc \u00e7anta imalat\u0131 yapmaktay\u0131z.","potentialAction":[{"@type":"SearchAction","target":{"@type":"EntryPoint","urlTemplate":"https:\/\/www.teknocanta.com\/?s={search_term_string}"},"query-input":{"@type":"PropertyValueSpecification","valueRequired":true,"valueName":"search_term_string"}}],"inLanguage":"fr-FR"}]}},"_links":{"self":[{"href":"https:\/\/www.teknocanta.com\/fr\/wp-json\/wp\/v2\/product\/37309","targetHints":{"allow":["GET"]}}],"collection":[{"href":"https:\/\/www.teknocanta.com\/fr\/wp-json\/wp\/v2\/product"}],"about":[{"href":"https:\/\/www.teknocanta.com\/fr\/wp-json\/wp\/v2\/types\/product"}],"replies":[{"embeddable":true,"href":"https:\/\/www.teknocanta.com\/fr\/wp-json\/wp\/v2\/comments?post=37309"}],"wp:featuredmedia":[{"embeddable":true,"href":"https:\/\/www.teknocanta.com\/fr\/wp-json\/wp\/v2\/media\/37412"}],"wp:attachment":[{"href":"https:\/\/www.teknocanta.com\/fr\/wp-json\/wp\/v2\/media?parent=37309"}],"wp:term":[{"taxonomy":"product_brand","embeddable":true,"href":"https:\/\/www.teknocanta.com\/fr\/wp-json\/wp\/v2\/product_brand?post=37309"},{"taxonomy":"product_cat","embeddable":true,"href":"https:\/\/www.teknocanta.com\/fr\/wp-json\/wp\/v2\/product_cat?post=37309"},{"taxonomy":"product_tag","embeddable":true,"href":"https:\/\/www.teknocanta.com\/fr\/wp-json\/wp\/v2\/product_tag?post=37309"}],"curies":[{"name":"wp","href":"https:\/\/api.w.org\/{rel}","templated":true}]}}