{"id":37308,"date":"2021-10-14T15:51:23","date_gmt":"2021-10-14T12:51:23","guid":{"rendered":"https:\/\/www.teknocanta.com\/?post_type=product&#038;p=37308"},"modified":"2026-03-10T03:25:33","modified_gmt":"2026-03-10T00:25:33","slug":"spor-canta","status":"publish","type":"product","link":"https:\/\/www.teknocanta.com\/fr\/urun\/spor-canta\/","title":{"rendered":"Spor \u00c7anta"},"content":{"rendered":"<div style=\"text-align: justify;\"><font color=\"#383838\">Spor \u00c7anta<\/font><\/div>\n<div style=\"text-align: justify;\"><font color=\"#383838\"><br \/><\/font><\/div>\n<div style=\"text-align: justify;\"><font color=\"#383838\">El Tutma Ve Omuz Ask\u0131 Aparat\u0131<\/font><\/div>\n<div style=\"text-align: justify;\"><font color=\"#383838\">600 D ve 420 D Kuma\u015f Alternatifi<\/font><\/div>\n<div style=\"text-align: justify;\"><font color=\"#383838\">\u0130stenilen Renklerde ve Kombinasyonda \u00dcretim \u0130mkan\u0131<\/font><\/div>\n<div style=\"text-align: justify;\"><font color=\"#383838\">Kurumunuza Ve Firman\u0131za \u00d6zel<\/font><\/div>\n<div style=\"text-align: justify;\"><font color=\"#383838\">Serigrafi, Transfer Bask\u0131 Ve Nak\u0131\u015f \u0130mkan\u0131<\/font><\/div>\n<div style=\"text-align: justify;\"><font color=\"#383838\">Bu Kategoride Yer alan \u00dcr\u00fcnlerimizin \u0130malat S\u00fcreci Ortalama 10 G\u00fcnd\u00fcr<\/font><\/div>\n<div style=\"text-align: justify;\"><font color=\"#383838\">Anl\u0131k Yo\u011funluklara G\u00f6re Bu S\u00fcreler De\u011fi\u015febilir<\/font><\/div>\n<div style=\"text-align: justify;\"><font color=\"#383838\"><br \/><\/font><\/div>\n<div style=\"text-align: justify;\"><font color=\"#383838\">Birim Fiyat Sipari\u015f Adeti Ve Bask\u0131 Detaylar\u0131na G\u00f6re \u00c7\u0131kar\u0131laca\u011f\u0131ndan<\/font><\/div>\n<div style=\"text-align: justify;\"><font color=\"#383838\">M\u00fc\u015fteri Temsilcisi Arkada\u015flar \u0130le \u0130leti\u015fime Ge\u00e7iniz<\/font><\/div>\n<div style=\"text-align: justify;\"><font color=\"#383838\"><br \/><\/font><\/div>\n<div style=\"text-align: justify;\"><font color=\"#383838\">\u00dcr\u00fcn A\u00e7\u0131klama K\u0131sm\u0131nda Yer Alan Bilgilerde Olabilecek Hatalar, Sipari\u015fte Ba\u011flay\u0131c\u0131 Nitelik Ta\u015f\u0131mamaktad\u0131r.<\/font><\/div>\n","protected":false},"excerpt":{"rendered":"<p>Spor \u00c7anta El Tutma Ve Omuz Ask\u0131 Aparat\u0131 600 D ve 420 D Kuma\u015f Alternatifi \u0130stenilen Renklerde ve Kombinasyonda \u00dcretim \u0130mkan\u0131 Kurumunuza Ve Firman\u0131za \u00d6zel Serigrafi, Transfer Bask\u0131 Ve Nak\u0131\u015f \u0130mkan\u0131 Bu Kategoride Yer alan \u00dcr\u00fcnlerimizin \u0130malat S\u00fcreci Ortalama 10 G\u00fcnd\u00fcr Anl\u0131k Yo\u011funluklara G\u00f6re Bu S\u00fcreler De\u011fi\u015febilir Birim Fiyat Sipari\u015f Adeti Ve Bask\u0131 Detaylar\u0131na G\u00f6re&hellip;<\/p>\n","protected":false},"featured_media":37411,"comment_status":"open","ping_status":"closed","template":"","meta":[],"product_brand":[],"product_cat":[966],"product_tag":[967],"class_list":{"0":"post-37308","1":"product","2":"type-product","3":"status-publish","4":"has-post-thumbnail","6":"product_cat-seyahat-ve-spor-cantasi","7":"product_tag-promosyon-spor-cantalar","8":"description-off","10":"first","11":"instock","12":"shipping-taxable","13":"purchasable","14":"product-type-simple"},"yoast_head":"<!-- This site is optimized with the Yoast SEO plugin v26.6 - https:\/\/yoast.com\/wordpress\/plugins\/seo\/ -->\n<title>Spor \u00c7anta - Tekno \u00c7anta - Promosyon Toptan \u00c7anta \u0130malat\u0131<\/title>\n<meta name=\"robots\" content=\"index, follow, max-snippet:-1, max-image-preview:large, max-video-preview:-1\" \/>\n<link rel=\"canonical\" href=\"https:\/\/www.teknocanta.com\/spor-canta\/\" \/>\n<meta property=\"og:locale\" content=\"fr_FR\" \/>\n<meta property=\"og:type\" content=\"article\" \/>\n<meta property=\"og:title\" content=\"Spor \u00c7anta - Tekno \u00c7anta - Promosyon Toptan \u00c7anta \u0130malat\u0131\" \/>\n<meta property=\"og:description\" content=\"Spor \u00c7anta El Tutma Ve Omuz Ask\u0131 Aparat\u0131 600 D ve 420 D Kuma\u015f Alternatifi \u0130stenilen Renklerde ve Kombinasyonda \u00dcretim \u0130mkan\u0131 Kurumunuza Ve Firman\u0131za \u00d6zel Serigrafi, Transfer Bask\u0131 Ve Nak\u0131\u015f \u0130mkan\u0131 Bu Kategoride Yer alan \u00dcr\u00fcnlerimizin \u0130malat S\u00fcreci Ortalama 10 G\u00fcnd\u00fcr Anl\u0131k Yo\u011funluklara G\u00f6re Bu S\u00fcreler De\u011fi\u015febilir Birim Fiyat Sipari\u015f Adeti Ve Bask\u0131 Detaylar\u0131na G\u00f6re&hellip;\" \/>\n<meta property=\"og:url\" content=\"https:\/\/www.teknocanta.com\/spor-canta\/\" \/>\n<meta property=\"og:site_name\" content=\"Tekno \u00c7anta - Promosyon Toptan \u00c7anta \u0130malat\u0131\" \/>\n<meta property=\"article:modified_time\" content=\"2026-03-10T00:25:33+00:00\" \/>\n<meta property=\"og:image\" content=\"https:\/\/www.teknocanta.com\/wp-content\/uploads\/2021\/10\/av1323seyahatsporcanta.jpg\" \/>\n\t<meta property=\"og:image:width\" content=\"600\" \/>\n\t<meta property=\"og:image:height\" content=\"600\" \/>\n\t<meta property=\"og:image:type\" content=\"image\/jpeg\" \/>\n<meta name=\"twitter:card\" content=\"summary_large_image\" \/>\n<script type=\"application\/ld+json\" class=\"yoast-schema-graph\">{\"@context\":\"https:\/\/schema.org\",\"@graph\":[{\"@type\":\"WebPage\",\"@id\":\"https:\/\/www.teknocanta.com\/spor-canta\/\",\"url\":\"https:\/\/www.teknocanta.com\/spor-canta\/\",\"name\":\"Spor \u00c7anta - Tekno \u00c7anta - Promosyon Toptan \u00c7anta \u0130malat\u0131\",\"isPartOf\":{\"@id\":\"https:\/\/www.teknocanta.com\/#website\"},\"primaryImageOfPage\":{\"@id\":\"https:\/\/www.teknocanta.com\/spor-canta\/#primaryimage\"},\"image\":{\"@id\":\"https:\/\/www.teknocanta.com\/spor-canta\/#primaryimage\"},\"thumbnailUrl\":\"https:\/\/www.teknocanta.com\/wp-content\/uploads\/2021\/10\/av1323seyahatsporcanta.jpg\",\"datePublished\":\"2021-10-14T12:51:23+00:00\",\"dateModified\":\"2026-03-10T00:25:33+00:00\",\"breadcrumb\":{\"@id\":\"https:\/\/www.teknocanta.com\/spor-canta\/#breadcrumb\"},\"inLanguage\":\"fr-FR\",\"potentialAction\":[{\"@type\":\"ReadAction\",\"target\":[\"https:\/\/www.teknocanta.com\/spor-canta\/\"]}]},{\"@type\":\"ImageObject\",\"inLanguage\":\"fr-FR\",\"@id\":\"https:\/\/www.teknocanta.com\/spor-canta\/#primaryimage\",\"url\":\"https:\/\/www.teknocanta.com\/wp-content\/uploads\/2021\/10\/av1323seyahatsporcanta.jpg\",\"contentUrl\":\"https:\/\/www.teknocanta.com\/wp-content\/uploads\/2021\/10\/av1323seyahatsporcanta.jpg\",\"width\":600,\"height\":600},{\"@type\":\"BreadcrumbList\",\"@id\":\"https:\/\/www.teknocanta.com\/spor-canta\/#breadcrumb\",\"itemListElement\":[{\"@type\":\"ListItem\",\"position\":1,\"name\":\"Ana sayfa\",\"item\":\"https:\/\/www.teknocanta.com\/fr\/\"},{\"@type\":\"ListItem\",\"position\":2,\"name\":\"\u00dcr\u00fcnler\",\"item\":\"https:\/\/www.teknocanta.com\/urunler\/\"},{\"@type\":\"ListItem\",\"position\":3,\"name\":\"Spor \u00c7anta\"}]},{\"@type\":\"WebSite\",\"@id\":\"https:\/\/www.teknocanta.com\/#website\",\"url\":\"https:\/\/www.teknocanta.com\/\",\"name\":\"Tekno \u00c7anta - Promosyon Toptan \u00c7anta \u0130malat\u0131\",\"description\":\"Toptan \u00e7anta imalat\u0131, ham bez \u00e7anta, s\u0131rt \u00e7antalar\u0131, laptop ve evrak \u00e7antalar\u0131, kongre \u00e7antalar\u0131, fuar \u00e7antas\u0131 ve ipli b\u00fczg\u00fcl\u00fc \u00e7anta imalat\u0131 yapmaktay\u0131z.\",\"potentialAction\":[{\"@type\":\"SearchAction\",\"target\":{\"@type\":\"EntryPoint\",\"urlTemplate\":\"https:\/\/www.teknocanta.com\/?s={search_term_string}\"},\"query-input\":{\"@type\":\"PropertyValueSpecification\",\"valueRequired\":true,\"valueName\":\"search_term_string\"}}],\"inLanguage\":\"fr-FR\"}]}<\/script>\n<!-- \/ Yoast SEO plugin. -->","yoast_head_json":{"title":"Spor \u00c7anta - Tekno \u00c7anta - Promosyon Toptan \u00c7anta \u0130malat\u0131","robots":{"index":"index","follow":"follow","max-snippet":"max-snippet:-1","max-image-preview":"max-image-preview:large","max-video-preview":"max-video-preview:-1"},"canonical":"https:\/\/www.teknocanta.com\/spor-canta\/","og_locale":"fr_FR","og_type":"article","og_title":"Spor \u00c7anta - Tekno \u00c7anta - Promosyon Toptan \u00c7anta \u0130malat\u0131","og_description":"Spor \u00c7anta El Tutma Ve Omuz Ask\u0131 Aparat\u0131 600 D ve 420 D Kuma\u015f Alternatifi \u0130stenilen Renklerde ve Kombinasyonda \u00dcretim \u0130mkan\u0131 Kurumunuza Ve Firman\u0131za \u00d6zel Serigrafi, Transfer Bask\u0131 Ve Nak\u0131\u015f \u0130mkan\u0131 Bu Kategoride Yer alan \u00dcr\u00fcnlerimizin \u0130malat S\u00fcreci Ortalama 10 G\u00fcnd\u00fcr Anl\u0131k Yo\u011funluklara G\u00f6re Bu S\u00fcreler De\u011fi\u015febilir Birim Fiyat Sipari\u015f Adeti Ve Bask\u0131 Detaylar\u0131na G\u00f6re&hellip;","og_url":"https:\/\/www.teknocanta.com\/spor-canta\/","og_site_name":"Tekno \u00c7anta - Promosyon Toptan \u00c7anta \u0130malat\u0131","article_modified_time":"2026-03-10T00:25:33+00:00","og_image":[{"width":600,"height":600,"url":"https:\/\/www.teknocanta.com\/wp-content\/uploads\/2021\/10\/av1323seyahatsporcanta.jpg","type":"image\/jpeg"}],"twitter_card":"summary_large_image","schema":{"@context":"https:\/\/schema.org","@graph":[{"@type":"WebPage","@id":"https:\/\/www.teknocanta.com\/spor-canta\/","url":"https:\/\/www.teknocanta.com\/spor-canta\/","name":"Spor \u00c7anta - Tekno \u00c7anta - Promosyon Toptan \u00c7anta \u0130malat\u0131","isPartOf":{"@id":"https:\/\/www.teknocanta.com\/#website"},"primaryImageOfPage":{"@id":"https:\/\/www.teknocanta.com\/spor-canta\/#primaryimage"},"image":{"@id":"https:\/\/www.teknocanta.com\/spor-canta\/#primaryimage"},"thumbnailUrl":"https:\/\/www.teknocanta.com\/wp-content\/uploads\/2021\/10\/av1323seyahatsporcanta.jpg","datePublished":"2021-10-14T12:51:23+00:00","dateModified":"2026-03-10T00:25:33+00:00","breadcrumb":{"@id":"https:\/\/www.teknocanta.com\/spor-canta\/#breadcrumb"},"inLanguage":"fr-FR","potentialAction":[{"@type":"ReadAction","target":["https:\/\/www.teknocanta.com\/spor-canta\/"]}]},{"@type":"ImageObject","inLanguage":"fr-FR","@id":"https:\/\/www.teknocanta.com\/spor-canta\/#primaryimage","url":"https:\/\/www.teknocanta.com\/wp-content\/uploads\/2021\/10\/av1323seyahatsporcanta.jpg","contentUrl":"https:\/\/www.teknocanta.com\/wp-content\/uploads\/2021\/10\/av1323seyahatsporcanta.jpg","width":600,"height":600},{"@type":"BreadcrumbList","@id":"https:\/\/www.teknocanta.com\/spor-canta\/#breadcrumb","itemListElement":[{"@type":"ListItem","position":1,"name":"Ana sayfa","item":"https:\/\/www.teknocanta.com\/fr\/"},{"@type":"ListItem","position":2,"name":"\u00dcr\u00fcnler","item":"https:\/\/www.teknocanta.com\/urunler\/"},{"@type":"ListItem","position":3,"name":"Spor \u00c7anta"}]},{"@type":"WebSite","@id":"https:\/\/www.teknocanta.com\/#website","url":"https:\/\/www.teknocanta.com\/","name":"Tekno \u00c7anta - Promosyon Toptan \u00c7anta \u0130malat\u0131","description":"Toptan \u00e7anta imalat\u0131, ham bez \u00e7anta, s\u0131rt \u00e7antalar\u0131, laptop ve evrak \u00e7antalar\u0131, kongre \u00e7antalar\u0131, fuar \u00e7antas\u0131 ve ipli b\u00fczg\u00fcl\u00fc \u00e7anta imalat\u0131 yapmaktay\u0131z.","potentialAction":[{"@type":"SearchAction","target":{"@type":"EntryPoint","urlTemplate":"https:\/\/www.teknocanta.com\/?s={search_term_string}"},"query-input":{"@type":"PropertyValueSpecification","valueRequired":true,"valueName":"search_term_string"}}],"inLanguage":"fr-FR"}]}},"_links":{"self":[{"href":"https:\/\/www.teknocanta.com\/fr\/wp-json\/wp\/v2\/product\/37308","targetHints":{"allow":["GET"]}}],"collection":[{"href":"https:\/\/www.teknocanta.com\/fr\/wp-json\/wp\/v2\/product"}],"about":[{"href":"https:\/\/www.teknocanta.com\/fr\/wp-json\/wp\/v2\/types\/product"}],"replies":[{"embeddable":true,"href":"https:\/\/www.teknocanta.com\/fr\/wp-json\/wp\/v2\/comments?post=37308"}],"wp:featuredmedia":[{"embeddable":true,"href":"https:\/\/www.teknocanta.com\/fr\/wp-json\/wp\/v2\/media\/37411"}],"wp:attachment":[{"href":"https:\/\/www.teknocanta.com\/fr\/wp-json\/wp\/v2\/media?parent=37308"}],"wp:term":[{"taxonomy":"product_brand","embeddable":true,"href":"https:\/\/www.teknocanta.com\/fr\/wp-json\/wp\/v2\/product_brand?post=37308"},{"taxonomy":"product_cat","embeddable":true,"href":"https:\/\/www.teknocanta.com\/fr\/wp-json\/wp\/v2\/product_cat?post=37308"},{"taxonomy":"product_tag","embeddable":true,"href":"https:\/\/www.teknocanta.com\/fr\/wp-json\/wp\/v2\/product_tag?post=37308"}],"curies":[{"name":"wp","href":"https:\/\/api.w.org\/{rel}","templated":true}]}}