{"id":37259,"date":"2021-10-14T15:50:52","date_gmt":"2021-10-14T12:50:52","guid":{"rendered":"https:\/\/www.teknocanta.com\/?post_type=product&#038;p=37259"},"modified":"2025-03-19T20:52:27","modified_gmt":"2025-03-19T17:52:27","slug":"omuz-askili-tela-canta","status":"publish","type":"product","link":"https:\/\/www.teknocanta.com\/fr\/urun\/omuz-askili-tela-canta\/","title":{"rendered":"Omuz Ask\u0131l\u0131 Tela \u00c7anta"},"content":{"rendered":"<p style=\"padding: 0px; border: 0px currentColor; border-image: none; color: rgb(110, 111, 112); font-family: Verdana, serif, arial; font-size: 14px; margin-bottom: 0px;\"><font color=\"#222222\" face=\"Arial\">Omuz ask\u0131l\u0131 postac\u0131 model bez \u00e7anta<\/font><\/p>\n<p style=\"padding: 0px; border: 0px currentColor; border-image: none; color: rgb(110, 111, 112); font-family: Verdana, serif, arial; font-size: 14px; margin-bottom: 0px;\"><font color=\"#222222\" face=\"Arial\">En: 35 cm<\/font><\/p>\n<p style=\"padding: 0px; border: 0px currentColor; border-image: none; color: rgb(110, 111, 112); font-family: Verdana, serif, arial; font-size: 14px; margin-bottom: 0px;\"><font color=\"#222222\" face=\"Arial\">Y\u00fckseklik: 35 cm<\/font><\/p>\n<p style=\"padding: 0px; border: 0px currentColor; border-image: none; color: rgb(110, 111, 112); font-family: Verdana, serif, arial; font-size: 14px; margin-bottom: 0px;\"><font color=\"#222222\" face=\"Arial\">K\u00f6r\u00fck: 10 cm&nbsp;<\/font><\/p>\n<p style=\"padding: 0px; border: 0px currentColor; border-image: none; color: rgb(110, 111, 112); font-family: Verdana, serif, arial; font-size: 14px; margin-bottom: 0px;\"><font color=\"#222222\" face=\"Arial\">100 gr. elyaf kuma\u015f<\/font><\/p>\n<p style=\"padding: 0px; border: 0px currentColor; border-image: none; color: rgb(110, 111, 112); font-family: Verdana, serif, arial; font-size: 14px; margin-bottom: 0px;\"><font color=\"#222222\" face=\"Arial\">\u0130malat s\u00fcresi 7 g\u00fcn<\/font><\/p>\n<p style=\"padding: 0px; border: 0px currentColor; border-image: none; color: rgb(110, 111, 112); font-family: Verdana, serif, arial; font-size: 14px; margin-bottom: 0px;\"><font color=\"#222222\" face=\"Arial\">&nbsp;<\/font><\/p>\n<p style=\"padding: 0px; border: 0px currentColor; border-image: none; color: rgb(110, 111, 112); font-family: Verdana, serif, arial; font-size: 14px; margin-bottom: 0px;\"><font color=\"#222222\" face=\"Arial\">Farkl\u0131 adet ve ebatlardaki fiyat istekleriniz i\u00e7in ileti\u015fim k\u0131sm\u0131ndaki mail adresimize mail atarak fiyat isteyebilirsiniz.<\/font><\/p>\n<p style=\"padding: 0px; border: 0px currentColor; border-image: none; color: rgb(110, 111, 112); font-family: Verdana, serif, arial; font-size: 14px; margin-bottom: 0px;\"><font color=\"#222222\" face=\"Arial\"><br \/><\/font><\/p>\n<p style=\"padding: 0px; border: 0px currentColor; border-image: none; color: rgb(110, 111, 112); font-family: Verdana, serif, arial; font-size: 14px; margin-bottom: 0px;\"><font color=\"#222222\" face=\"Arial\">Postac\u0131 model elyaf \u00e7anta sipari\u015f vermeyi d\u00fc\u015f\u00fcn\u00fcyorsan\u0131z veya fiyat bilgisi almak istiyorsan\u0131z, sipari\u015f adetinizi, \u00e7anta \u00fczerine bas\u0131lacak g\u00f6rseli ve ebat bilgisi ile birlikte ileti\u015fim k\u0131sm\u0131nda bulunan e-mail adresimize l\u00fctfen e-mail at\u0131n\u0131z. Bask\u0131daki renk say\u0131s\u0131, bas\u0131lacak g\u00f6rsele g\u00f6re bask\u0131 tekni\u011fi ve sipari\u015f adedi fiyat\u0131 etkileyen unsurlard\u0131r. M\u00fc\u015fteri temsilcimiz ayn\u0131 g\u00fcn i\u00e7erisinde en k\u0131sa zamanda taraf\u0131n\u0131za d\u00f6n\u00fc\u015f sa\u011flayacakt\u0131r.&nbsp;<\/font><\/p>\n<p style=\"padding: 0px; border: 0px currentColor; border-image: none; color: rgb(110, 111, 112); font-family: Verdana, serif, arial; font-size: 14px; margin-bottom: 0px;\"><font color=\"#222222\" face=\"Arial\">&nbsp;<\/font><\/p>\n<p style=\"padding: 0px; border: 0px currentColor; border-image: none; color: rgb(110, 111, 112); font-family: Verdana, serif, arial; font-size: 14px; margin-bottom: 0px;\"><font color=\"#222222\" face=\"Arial\">Promosyon tela bezi postac\u0131 \u00e7antalarda kullan\u0131lan kuma\u015f kal\u0131nl\u0131klar\u0131 ortalama 100 gr\/m2 a\u011f\u0131rl\u0131\u011f\u0131ndad\u0131r. En \u00e7ok tercih edilen ebat 35x35x10 cm b\u00fcy\u00fckl\u00fc\u011f\u00fcndedir. Yatay ve dikey olarak farkl\u0131 ebatlarda \u00fcretim yapmak m\u00fcmk\u00fcnd\u00fcr. Tela bez \u00e7antalar; elyaf veya nonwoven olarak ta bilinirler.<\/font><\/p>\n<p style=\"padding: 0px; border: 0px currentColor; border-image: none; color: rgb(110, 111, 112); font-family: Verdana, serif, arial; font-size: 14px; margin-bottom: 0px;\"><font color=\"#222222\" face=\"Arial\">&nbsp;<\/font><\/p>\n<p style=\"padding: 0px; border: 0px currentColor; border-image: none; color: rgb(110, 111, 112); font-family: Verdana, serif, arial; font-size: 14px; margin-bottom: 0px;\"><font color=\"#222222\" face=\"Arial\">\u00c7apraz ask\u0131l\u0131 \u00e7antalar\u0131n ortalama imalat s\u00fcreleri bir haftad\u0131r, i\u015fin \u00f6nemine g\u00f6re daha erken de verilebilir. Logonuzdaki renk say\u0131s\u0131na g\u00f6re bir renk veya \u00e7ok renkli bask\u0131lar yap\u0131labilmektedir. Bas\u0131lacak g\u00f6rsele g\u00f6re farkl\u0131 bask\u0131 teknikleri kullan\u0131labilir. Bask\u0131 \u00e7antan\u0131n bir y\u00fcz\u00fcne dilerseniz iki taraf\u0131na da yap\u0131labilir. \u00c7anta \u00fczerine bas\u0131lacak g\u00f6rsel \u00e7antan\u0131n bir k\u0131sm\u0131na veya tamam\u0131n\u0131 kaplayacak \u015fekilde bas\u0131labilmektedir. Ekonomik olmas\u0131 a\u00e7\u0131s\u0131ndan Genelde iki tarafa tek renk bask\u0131 tercih edilmektedir,&nbsp;<\/font><\/p>\n<p style=\"padding: 0px; border: 0px currentColor; border-image: none; color: rgb(110, 111, 112); font-family: Verdana, serif, arial; font-size: 14px; margin-bottom: 0px;\"><font color=\"#222222\" face=\"Arial\">&nbsp;<\/font><\/p>\n<p style=\"padding: 0px; border: 0px currentColor; border-image: none; color: rgb(110, 111, 112); font-family: Verdana, serif, arial; font-size: 14px; margin-bottom: 0px;\"><font color=\"#222222\" face=\"Arial\">elyaf kuma\u015f postac\u0131 model \u00e7antalar Geri d\u00f6n\u00fc\u015f\u00fcml\u00fc ve \u00e7evreci bir \u00fcr\u00fcn oldu\u011fundan dolay\u0131 en \u00e7ok tercih edilen \u00e7anta t\u00fcrlerindendir. postac\u0131 \u00e7antalar\u0131 beyaz veya renkli olarak tercih edebilirsiniz. postac\u0131 model \u00e7antalar\u0131 elde veya \u00e7ama\u015f\u0131r makinesinde y\u0131kaman\u0131zda mahsur yoktur, \u00fcr\u00fcn\u00fcn y\u0131kanmas\u0131 \u00fczerindeki bask\u0131n\u0131n \u00e7\u0131kmas\u0131na sebep olmaz.<\/font><\/p>\n<p style=\"padding: 0px; border: 0px currentColor; border-image: none; color: rgb(110, 111, 112); font-family: Verdana, serif, arial; font-size: 14px; margin-bottom: 0px;\"><font color=\"#222222\" face=\"Arial\">&nbsp;<\/font><\/p>\n<p style=\"padding: 0px; border: 0px currentColor; border-image: none; color: rgb(110, 111, 112); font-family: Verdana, serif, arial; font-size: 14px; margin-bottom: 0px;\"><font color=\"#222222\" face=\"Arial\">Tela bezinden \u00fcretilen postac\u0131 \u00e7antalar Promosyon ama\u00e7l\u0131 Fuar ve Sempozyum gibi Her T\u00fcrl\u00fc etkinliklerinizde kullanabilece\u011finiz, m\u00fc\u015fterilerinize hediye edebilece\u011finiz, kullan\u0131\u015fl\u0131 bir Promosyon \u00fcr\u00fcn\u00fcd\u00fcr,&nbsp;<\/font><\/p>\n<p style=\"padding: 0px; border: 0px currentColor; border-image: none; color: rgb(110, 111, 112); font-family: Verdana, serif, arial; font-size: 14px; margin-bottom: 0px;\"><font color=\"#222222\" face=\"Arial\">&nbsp;<\/font><\/p>\n<p style=\"padding: 0px; border: 0px currentColor; border-image: none; color: rgb(110, 111, 112); font-family: Verdana, serif, arial; font-size: 14px; margin-bottom: 0px;\"><font color=\"#222222\" face=\"Arial\">\u015eirketinizin konumuna g\u00f6re \u00fcr\u00fcnleri teslim edebiliriz veya anla\u015fmal\u0131 oldu\u011fumuz kargo \u015firketi ile t\u00fcm T\u00fcrkiye&rsquo;ye ula\u015ft\u0131rmaktay\u0131z.<\/font><\/p>\n<div><font color=\"#222222\" face=\"Arial\"><br \/><\/font><\/div>\n","protected":false},"excerpt":{"rendered":"<p>Omuz ask\u0131l\u0131 postac\u0131 model bez \u00e7anta En: 35 cm Y\u00fckseklik: 35 cm K\u00f6r\u00fck: 10 cm&nbsp; 100 gr. elyaf kuma\u015f \u0130malat s\u00fcresi 7 g\u00fcn &nbsp; Farkl\u0131 adet ve ebatlardaki fiyat istekleriniz i\u00e7in ileti\u015fim k\u0131sm\u0131ndaki mail adresimize mail atarak fiyat isteyebilirsiniz. Postac\u0131 model elyaf \u00e7anta sipari\u015f vermeyi d\u00fc\u015f\u00fcn\u00fcyorsan\u0131z veya fiyat bilgisi almak istiyorsan\u0131z, sipari\u015f adetinizi, \u00e7anta \u00fczerine&hellip;<\/p>\n","protected":false},"featured_media":37387,"comment_status":"open","ping_status":"closed","template":"","meta":[],"product_brand":[],"product_cat":[789,855],"product_tag":[214,944,209,200,947,945,202,212,201,203,948,206,204,205,949,165,946,210,215,213,216],"class_list":{"0":"post-37259","1":"product","2":"type-product","3":"status-publish","4":"has-post-thumbnail","6":"product_cat-postaci-omuz-cantasi","7":"product_cat-tela-bez-canta","8":"product_tag-bez-canta-fiyatlari","9":"product_tag-bez-carpraz-canta","10":"product_tag-bez-postaci-canta","11":"product_tag-bez-sirt-canta-modelleri","12":"product_tag-carpraz-canta-fiyatlari","13":"product_tag-carpraz-canta-modelleri","14":"product_tag-ham-bez-canta-toptan","15":"product_tag-ham-bez-postaci-canta","16":"product_tag-ham-keten-canta","17":"product_tag-kumas-cantalar","18":"product_tag-postaci-canta","19":"product_tag-postaci-canta-promosyon","20":"product_tag-postaci-cantasi","21":"product_tag-postaci-model-canta","22":"product_tag-postci-model-tela-canta","23":"product_tag-promosyon-canta","24":"product_tag-promosyon-carpraz-canta","25":"product_tag-tela-postaci-canta","26":"product_tag-toptan-canta-istanbul","27":"product_tag-toptan-postaci-canta","28":"product_tag-toptan-postaci-model-canta","29":"description-off","31":"first","32":"instock","33":"shipping-taxable","34":"purchasable","35":"product-type-simple"},"yoast_head":"<!-- This site is optimized with the Yoast SEO plugin v26.6 - https:\/\/yoast.com\/wordpress\/plugins\/seo\/ -->\n<title>Omuz Ask\u0131l\u0131 Tela \u00c7anta - Tekno \u00c7anta - Promosyon Toptan \u00c7anta \u0130malat\u0131<\/title>\n<meta name=\"robots\" content=\"index, follow, max-snippet:-1, max-image-preview:large, max-video-preview:-1\" \/>\n<link rel=\"canonical\" href=\"https:\/\/www.teknocanta.com\/omuz-askili-tela-canta\/\" \/>\n<meta property=\"og:locale\" content=\"fr_FR\" \/>\n<meta property=\"og:type\" content=\"article\" \/>\n<meta property=\"og:title\" content=\"Omuz Ask\u0131l\u0131 Tela \u00c7anta - Tekno \u00c7anta - Promosyon Toptan \u00c7anta \u0130malat\u0131\" \/>\n<meta property=\"og:description\" content=\"Omuz ask\u0131l\u0131 postac\u0131 model bez \u00e7anta En: 35 cm Y\u00fckseklik: 35 cm K\u00f6r\u00fck: 10 cm&nbsp; 100 gr. elyaf kuma\u015f \u0130malat s\u00fcresi 7 g\u00fcn &nbsp; Farkl\u0131 adet ve ebatlardaki fiyat istekleriniz i\u00e7in ileti\u015fim k\u0131sm\u0131ndaki mail adresimize mail atarak fiyat isteyebilirsiniz. Postac\u0131 model elyaf \u00e7anta sipari\u015f vermeyi d\u00fc\u015f\u00fcn\u00fcyorsan\u0131z veya fiyat bilgisi almak istiyorsan\u0131z, sipari\u015f adetinizi, \u00e7anta \u00fczerine&hellip;\" \/>\n<meta property=\"og:url\" content=\"https:\/\/www.teknocanta.com\/omuz-askili-tela-canta\/\" \/>\n<meta property=\"og:site_name\" content=\"Tekno \u00c7anta - Promosyon Toptan \u00c7anta \u0130malat\u0131\" \/>\n<meta property=\"article:modified_time\" content=\"2025-03-19T17:52:27+00:00\" \/>\n<meta property=\"og:image\" content=\"https:\/\/www.teknocanta.com\/wp-content\/uploads\/2021\/10\/Elyaf028_Renklikumaspromosyonbezanta2.jpg\" \/>\n\t<meta property=\"og:image:width\" content=\"600\" \/>\n\t<meta property=\"og:image:height\" content=\"600\" \/>\n\t<meta property=\"og:image:type\" content=\"image\/jpeg\" \/>\n<meta name=\"twitter:card\" content=\"summary_large_image\" \/>\n<meta name=\"twitter:label1\" content=\"Dur\u00e9e de lecture estim\u00e9e\" \/>\n\t<meta name=\"twitter:data1\" content=\"2 minutes\" \/>\n<script type=\"application\/ld+json\" class=\"yoast-schema-graph\">{\"@context\":\"https:\/\/schema.org\",\"@graph\":[{\"@type\":\"WebPage\",\"@id\":\"https:\/\/www.teknocanta.com\/omuz-askili-tela-canta\/\",\"url\":\"https:\/\/www.teknocanta.com\/omuz-askili-tela-canta\/\",\"name\":\"Omuz Ask\u0131l\u0131 Tela \u00c7anta - Tekno \u00c7anta - Promosyon Toptan \u00c7anta \u0130malat\u0131\",\"isPartOf\":{\"@id\":\"https:\/\/www.teknocanta.com\/#website\"},\"primaryImageOfPage\":{\"@id\":\"https:\/\/www.teknocanta.com\/omuz-askili-tela-canta\/#primaryimage\"},\"image\":{\"@id\":\"https:\/\/www.teknocanta.com\/omuz-askili-tela-canta\/#primaryimage\"},\"thumbnailUrl\":\"https:\/\/www.teknocanta.com\/wp-content\/uploads\/2021\/10\/Elyaf028_Renklikumaspromosyonbezanta2.jpg\",\"datePublished\":\"2021-10-14T12:50:52+00:00\",\"dateModified\":\"2025-03-19T17:52:27+00:00\",\"breadcrumb\":{\"@id\":\"https:\/\/www.teknocanta.com\/omuz-askili-tela-canta\/#breadcrumb\"},\"inLanguage\":\"fr-FR\",\"potentialAction\":[{\"@type\":\"ReadAction\",\"target\":[\"https:\/\/www.teknocanta.com\/omuz-askili-tela-canta\/\"]}]},{\"@type\":\"ImageObject\",\"inLanguage\":\"fr-FR\",\"@id\":\"https:\/\/www.teknocanta.com\/omuz-askili-tela-canta\/#primaryimage\",\"url\":\"https:\/\/www.teknocanta.com\/wp-content\/uploads\/2021\/10\/Elyaf028_Renklikumaspromosyonbezanta2.jpg\",\"contentUrl\":\"https:\/\/www.teknocanta.com\/wp-content\/uploads\/2021\/10\/Elyaf028_Renklikumaspromosyonbezanta2.jpg\",\"width\":600,\"height\":600},{\"@type\":\"BreadcrumbList\",\"@id\":\"https:\/\/www.teknocanta.com\/omuz-askili-tela-canta\/#breadcrumb\",\"itemListElement\":[{\"@type\":\"ListItem\",\"position\":1,\"name\":\"Ana sayfa\",\"item\":\"https:\/\/www.teknocanta.com\/fr\/\"},{\"@type\":\"ListItem\",\"position\":2,\"name\":\"\u00dcr\u00fcnler\",\"item\":\"https:\/\/www.teknocanta.com\/urunler\/\"},{\"@type\":\"ListItem\",\"position\":3,\"name\":\"Omuz Ask\u0131l\u0131 Tela \u00c7anta\"}]},{\"@type\":\"WebSite\",\"@id\":\"https:\/\/www.teknocanta.com\/#website\",\"url\":\"https:\/\/www.teknocanta.com\/\",\"name\":\"Tekno \u00c7anta - Promosyon Toptan \u00c7anta \u0130malat\u0131\",\"description\":\"Toptan \u00e7anta imalat\u0131, ham bez \u00e7anta, s\u0131rt \u00e7antalar\u0131, laptop ve evrak \u00e7antalar\u0131, kongre \u00e7antalar\u0131, fuar \u00e7antas\u0131 ve ipli b\u00fczg\u00fcl\u00fc \u00e7anta imalat\u0131 yapmaktay\u0131z.\",\"potentialAction\":[{\"@type\":\"SearchAction\",\"target\":{\"@type\":\"EntryPoint\",\"urlTemplate\":\"https:\/\/www.teknocanta.com\/?s={search_term_string}\"},\"query-input\":{\"@type\":\"PropertyValueSpecification\",\"valueRequired\":true,\"valueName\":\"search_term_string\"}}],\"inLanguage\":\"fr-FR\"}]}<\/script>\n<!-- \/ Yoast SEO plugin. -->","yoast_head_json":{"title":"Omuz Ask\u0131l\u0131 Tela \u00c7anta - Tekno \u00c7anta - Promosyon Toptan \u00c7anta \u0130malat\u0131","robots":{"index":"index","follow":"follow","max-snippet":"max-snippet:-1","max-image-preview":"max-image-preview:large","max-video-preview":"max-video-preview:-1"},"canonical":"https:\/\/www.teknocanta.com\/omuz-askili-tela-canta\/","og_locale":"fr_FR","og_type":"article","og_title":"Omuz Ask\u0131l\u0131 Tela \u00c7anta - Tekno \u00c7anta - Promosyon Toptan \u00c7anta \u0130malat\u0131","og_description":"Omuz ask\u0131l\u0131 postac\u0131 model bez \u00e7anta En: 35 cm Y\u00fckseklik: 35 cm K\u00f6r\u00fck: 10 cm&nbsp; 100 gr. elyaf kuma\u015f \u0130malat s\u00fcresi 7 g\u00fcn &nbsp; Farkl\u0131 adet ve ebatlardaki fiyat istekleriniz i\u00e7in ileti\u015fim k\u0131sm\u0131ndaki mail adresimize mail atarak fiyat isteyebilirsiniz. Postac\u0131 model elyaf \u00e7anta sipari\u015f vermeyi d\u00fc\u015f\u00fcn\u00fcyorsan\u0131z veya fiyat bilgisi almak istiyorsan\u0131z, sipari\u015f adetinizi, \u00e7anta \u00fczerine&hellip;","og_url":"https:\/\/www.teknocanta.com\/omuz-askili-tela-canta\/","og_site_name":"Tekno \u00c7anta - Promosyon Toptan \u00c7anta \u0130malat\u0131","article_modified_time":"2025-03-19T17:52:27+00:00","og_image":[{"width":600,"height":600,"url":"https:\/\/www.teknocanta.com\/wp-content\/uploads\/2021\/10\/Elyaf028_Renklikumaspromosyonbezanta2.jpg","type":"image\/jpeg"}],"twitter_card":"summary_large_image","twitter_misc":{"Dur\u00e9e de lecture estim\u00e9e":"2 minutes"},"schema":{"@context":"https:\/\/schema.org","@graph":[{"@type":"WebPage","@id":"https:\/\/www.teknocanta.com\/omuz-askili-tela-canta\/","url":"https:\/\/www.teknocanta.com\/omuz-askili-tela-canta\/","name":"Omuz Ask\u0131l\u0131 Tela \u00c7anta - Tekno \u00c7anta - Promosyon Toptan \u00c7anta \u0130malat\u0131","isPartOf":{"@id":"https:\/\/www.teknocanta.com\/#website"},"primaryImageOfPage":{"@id":"https:\/\/www.teknocanta.com\/omuz-askili-tela-canta\/#primaryimage"},"image":{"@id":"https:\/\/www.teknocanta.com\/omuz-askili-tela-canta\/#primaryimage"},"thumbnailUrl":"https:\/\/www.teknocanta.com\/wp-content\/uploads\/2021\/10\/Elyaf028_Renklikumaspromosyonbezanta2.jpg","datePublished":"2021-10-14T12:50:52+00:00","dateModified":"2025-03-19T17:52:27+00:00","breadcrumb":{"@id":"https:\/\/www.teknocanta.com\/omuz-askili-tela-canta\/#breadcrumb"},"inLanguage":"fr-FR","potentialAction":[{"@type":"ReadAction","target":["https:\/\/www.teknocanta.com\/omuz-askili-tela-canta\/"]}]},{"@type":"ImageObject","inLanguage":"fr-FR","@id":"https:\/\/www.teknocanta.com\/omuz-askili-tela-canta\/#primaryimage","url":"https:\/\/www.teknocanta.com\/wp-content\/uploads\/2021\/10\/Elyaf028_Renklikumaspromosyonbezanta2.jpg","contentUrl":"https:\/\/www.teknocanta.com\/wp-content\/uploads\/2021\/10\/Elyaf028_Renklikumaspromosyonbezanta2.jpg","width":600,"height":600},{"@type":"BreadcrumbList","@id":"https:\/\/www.teknocanta.com\/omuz-askili-tela-canta\/#breadcrumb","itemListElement":[{"@type":"ListItem","position":1,"name":"Ana sayfa","item":"https:\/\/www.teknocanta.com\/fr\/"},{"@type":"ListItem","position":2,"name":"\u00dcr\u00fcnler","item":"https:\/\/www.teknocanta.com\/urunler\/"},{"@type":"ListItem","position":3,"name":"Omuz Ask\u0131l\u0131 Tela \u00c7anta"}]},{"@type":"WebSite","@id":"https:\/\/www.teknocanta.com\/#website","url":"https:\/\/www.teknocanta.com\/","name":"Tekno \u00c7anta - Promosyon Toptan \u00c7anta \u0130malat\u0131","description":"Toptan \u00e7anta imalat\u0131, ham bez \u00e7anta, s\u0131rt \u00e7antalar\u0131, laptop ve evrak \u00e7antalar\u0131, kongre \u00e7antalar\u0131, fuar \u00e7antas\u0131 ve ipli b\u00fczg\u00fcl\u00fc \u00e7anta imalat\u0131 yapmaktay\u0131z.","potentialAction":[{"@type":"SearchAction","target":{"@type":"EntryPoint","urlTemplate":"https:\/\/www.teknocanta.com\/?s={search_term_string}"},"query-input":{"@type":"PropertyValueSpecification","valueRequired":true,"valueName":"search_term_string"}}],"inLanguage":"fr-FR"}]}},"_links":{"self":[{"href":"https:\/\/www.teknocanta.com\/fr\/wp-json\/wp\/v2\/product\/37259","targetHints":{"allow":["GET"]}}],"collection":[{"href":"https:\/\/www.teknocanta.com\/fr\/wp-json\/wp\/v2\/product"}],"about":[{"href":"https:\/\/www.teknocanta.com\/fr\/wp-json\/wp\/v2\/types\/product"}],"replies":[{"embeddable":true,"href":"https:\/\/www.teknocanta.com\/fr\/wp-json\/wp\/v2\/comments?post=37259"}],"wp:featuredmedia":[{"embeddable":true,"href":"https:\/\/www.teknocanta.com\/fr\/wp-json\/wp\/v2\/media\/37387"}],"wp:attachment":[{"href":"https:\/\/www.teknocanta.com\/fr\/wp-json\/wp\/v2\/media?parent=37259"}],"wp:term":[{"taxonomy":"product_brand","embeddable":true,"href":"https:\/\/www.teknocanta.com\/fr\/wp-json\/wp\/v2\/product_brand?post=37259"},{"taxonomy":"product_cat","embeddable":true,"href":"https:\/\/www.teknocanta.com\/fr\/wp-json\/wp\/v2\/product_cat?post=37259"},{"taxonomy":"product_tag","embeddable":true,"href":"https:\/\/www.teknocanta.com\/fr\/wp-json\/wp\/v2\/product_tag?post=37259"}],"curies":[{"name":"wp","href":"https:\/\/api.w.org\/{rel}","templated":true}]}}