{"id":37253,"date":"2021-10-14T15:50:51","date_gmt":"2021-10-14T12:50:51","guid":{"rendered":"https:\/\/www.teknocanta.com\/?post_type=product&#038;p=37253"},"modified":"2025-05-28T10:56:28","modified_gmt":"2025-05-28T07:56:28","slug":"laptop-kongre-sirt-cantasi","status":"publish","type":"product","link":"https:\/\/www.teknocanta.com\/fr\/urun\/laptop-kongre-sirt-cantasi\/","title":{"rendered":"Laptop Kongre S\u0131rt \u00c7antas\u0131"},"content":{"rendered":"<div>Fiyatland\u0131rma 500 adet i\u00e7in yap\u0131lm\u0131\u015ft\u0131r. Daha d\u00fc\u015f\u00fck adetlerde de sipari\u015f verebilirsiniz. Daha d\u00fc\u015f\u00fck veya daha y\u00fcksek adetlerde fiyatlar de\u011fi\u015fecektir. Farkl\u0131 adetlerdeki fiyat talepleriniz i\u00e7in ileti\u015fim k\u0131sm\u0131ndaki mail adresimize mail atarak fiyat isteyebilirsiniz. %8 KDV ve bask\u0131 \u00fccreti fiyata d\u00e2hil de\u011fildir.<\/div>\n<div><\/div>\n<div>250 adet ve \u00fczeri sipari\u015flerinizde kuma\u015f rengi, astar rengi veya fermuar rengi de\u011fi\u015ftirebilir. \u00c7antan\u0131n d\u0131\u015f k\u0131sm\u0131nda keten imperteks kuma\u015f kullan\u0131lm\u0131\u015ft\u0131r. \u0130\u00e7 astarlarda 270 denye imperteks kuma\u015f kullan\u0131lm\u0131\u015ft\u0131r.<\/div>\n<div><\/div>\n<div>\u00c7anta ebad\u0131 40x30x15 cm b\u00fcy\u00fckl\u00fc\u011f\u00fcndedir. \u00c7anta fermuarl\u0131 3 b\u00f6l\u00fcmden olu\u015fmaktad\u0131r. \u00c7antan\u0131n i\u00e7 k\u0131sm\u0131nda laptop b\u00f6lmesi yer almaktad\u0131r.<\/div>\n<div><\/div>\n<div>\u00c7anta g\u00f6vdeleri ve i\u00e7 laptop b\u00f6lmesi 8 mm kal\u0131nl\u0131\u011f\u0131nda k\u00f6p\u00fck ile desteklenmi\u015ftir. Tip 8 kalitesinde fermuar kullan\u0131lm\u0131\u015ft\u0131r.<\/div>\n<div><\/div>\n<div>\u00c7antan\u0131n i\u00e7ine veya d\u0131\u015f\u0131na renkli bask\u0131lar yapmak m\u00fcmk\u00fcnd\u00fcr. \u0130ste\u011fe ba\u011fl\u0131 olarak nak\u0131\u015f bask\u0131 da yap\u0131labilir. Kongre s\u0131rt \u00e7antalar\u0131nda genel olarak kongrenin logosu ismi ile birlikte \u00e7antan\u0131n i\u00e7 astar k\u0131sm\u0131na bast\u0131r\u0131lmaktad\u0131r. Kongrelerde hediye olarak da\u011f\u0131t\u0131lan s\u0131rt \u00e7antalar\u0131n\u0131n d\u0131\u015f k\u0131sm\u0131na bask\u0131 yap\u0131ld\u0131\u011f\u0131 takdirde \u00e7antay\u0131 hediye alan ki\u015fi \u00e7antay\u0131 kullanmak istemeyebilmektedir. Bask\u0131 \u00fccretleri bas\u0131lacak g\u00f6rseldeki renk say\u0131s\u0131na g\u00f6re de\u011fi\u015fmektedir.<\/div>\n<div><\/div>\n<div>Laptop kongre s\u0131rt \u00e7antalar\u0131nda \u0130malat s\u00fcreleri sipari\u015f adetine g\u00f6re de\u011fi\u015fmekte ve ortalama imalat s\u00fcresi 15 g\u00fcnd\u00fcr, i\u015fin \u00f6nemine g\u00f6re daha erken de verilebilmektedir. Stoktaki \u00e7antalar bask\u0131s\u0131z olarak ayn\u0131 g\u00fcn verilebilir. Stoktaki \u00fcr\u00fcnler bask\u0131l\u0131 olarak tercih edilir ise bask\u0131 s\u00fcresi yo\u011funlu\u011fa g\u00f6re bir ka\u00e7 g\u00fcn s\u00fcrebilir.<\/div>\n<div><\/div>\n<div>L\u00fctfen g\u00fcncel stok bilgisi al\u0131n\u0131z.<\/div>\n<div><\/div>\n<div>Laptop kongre s\u0131rt \u00e7antalar\u0131 Promosyon ama\u00e7l\u0131 kongre, Sempozyum, konferans ve seminer gibi her t\u00fcrl\u00fc etkinliklerinizde kullanabilece\u011finiz, m\u00fc\u015fterilerinize hediye edebilece\u011finiz, kullan\u0131\u015fl\u0131 bir promosyon \u00fcr\u00fcn\u00fcd\u00fcr.<\/div>\n","protected":false},"excerpt":{"rendered":"<p>Fiyatland\u0131rma 500 adet i\u00e7in yap\u0131lm\u0131\u015ft\u0131r. Daha d\u00fc\u015f\u00fck adetlerde de sipari\u015f verebilirsiniz. Daha d\u00fc\u015f\u00fck veya daha y\u00fcksek adetlerde fiyatlar de\u011fi\u015fecektir. Farkl\u0131 adetlerdeki fiyat talepleriniz i\u00e7in ileti\u015fim k\u0131sm\u0131ndaki mail adresimize mail atarak fiyat isteyebilirsiniz. %8 KDV ve bask\u0131 \u00fccreti fiyata d\u00e2hil de\u011fildir. 250 adet ve \u00fczeri sipari\u015flerinizde kuma\u015f rengi, astar rengi veya fermuar rengi de\u011fi\u015ftirebilir. \u00c7antan\u0131n d\u0131\u015f&hellip;<\/p>\n","protected":false},"featured_media":37359,"comment_status":"open","ping_status":"closed","template":"","meta":[],"product_brand":[],"product_cat":[875,894,891],"product_tag":[926,892,158,927,895,896,162,897,182,465,165,183,882,169,172,186,173,387,885],"class_list":{"0":"post-37253","1":"product","2":"type-product","3":"status-publish","4":"has-post-thumbnail","6":"product_cat-kongre-ve-sempozyum-cantasi","7":"product_cat-sirt-cantasi","8":"product_cat-stoklu-cantalar","9":"product_tag-canta-imalat-toptan-satis","10":"product_tag-canta-imalatcilari","11":"product_tag-canta-imalatcilari-istanbul","12":"product_tag-istoc-sirt-cantasi","13":"product_tag-istoc-toptan-canta-fiyatlari","14":"product_tag-konferans-cantasi","15":"product_tag-kongre-cantasi","16":"product_tag-kongre-cantasi-istanbul","17":"product_tag-kongre-sirt-cantasi","18":"product_tag-laptop-sirt-cantasi","19":"product_tag-promosyon-canta","20":"product_tag-promosyon-canta-fiyatlari","21":"product_tag-promosyon-canta-istanbul","22":"product_tag-promosyon-kongre-cantasi","23":"product_tag-promosyon-sirt-cantasi","24":"product_tag-promosyon-sirt-cantasi-fiyatlari","25":"product_tag-seminer-cantasi","26":"product_tag-sempozyum-cantasi","27":"product_tag-sirt-canta-baski","28":"description-off","30":"first","31":"instock","32":"shipping-taxable","33":"purchasable","34":"product-type-simple"},"yoast_head":"<!-- This site is optimized with the Yoast SEO plugin v26.6 - https:\/\/yoast.com\/wordpress\/plugins\/seo\/ -->\n<title>Laptop Kongre S\u0131rt \u00c7antas\u0131 - Tekno \u00c7anta - Promosyon Toptan \u00c7anta \u0130malat\u0131<\/title>\n<meta name=\"robots\" content=\"index, follow, max-snippet:-1, max-image-preview:large, max-video-preview:-1\" \/>\n<link rel=\"canonical\" href=\"https:\/\/www.teknocanta.com\/laptop-kongre-sirt-cantasi\/\" \/>\n<meta property=\"og:locale\" content=\"fr_FR\" \/>\n<meta property=\"og:type\" content=\"article\" \/>\n<meta property=\"og:title\" content=\"Laptop Kongre S\u0131rt \u00c7antas\u0131 - Tekno \u00c7anta - Promosyon Toptan \u00c7anta \u0130malat\u0131\" \/>\n<meta property=\"og:description\" content=\"Fiyatland\u0131rma 500 adet i\u00e7in yap\u0131lm\u0131\u015ft\u0131r. Daha d\u00fc\u015f\u00fck adetlerde de sipari\u015f verebilirsiniz. Daha d\u00fc\u015f\u00fck veya daha y\u00fcksek adetlerde fiyatlar de\u011fi\u015fecektir. Farkl\u0131 adetlerdeki fiyat talepleriniz i\u00e7in ileti\u015fim k\u0131sm\u0131ndaki mail adresimize mail atarak fiyat isteyebilirsiniz. %8 KDV ve bask\u0131 \u00fccreti fiyata d\u00e2hil de\u011fildir. 250 adet ve \u00fczeri sipari\u015flerinizde kuma\u015f rengi, astar rengi veya fermuar rengi de\u011fi\u015ftirebilir. \u00c7antan\u0131n d\u0131\u015f&hellip;\" \/>\n<meta property=\"og:url\" content=\"https:\/\/www.teknocanta.com\/laptop-kongre-sirt-cantasi\/\" \/>\n<meta property=\"og:site_name\" content=\"Tekno \u00c7anta - Promosyon Toptan \u00c7anta \u0130malat\u0131\" \/>\n<meta property=\"article:modified_time\" content=\"2025-05-28T07:56:28+00:00\" \/>\n<meta property=\"og:image\" content=\"https:\/\/www.teknocanta.com\/wp-content\/uploads\/2021\/10\/laptopkongresirtcantasianapoz30.jpg\" \/>\n\t<meta property=\"og:image:width\" content=\"932\" \/>\n\t<meta property=\"og:image:height\" content=\"1079\" \/>\n\t<meta property=\"og:image:type\" content=\"image\/jpeg\" \/>\n<meta name=\"twitter:card\" content=\"summary_large_image\" \/>\n<meta name=\"twitter:label1\" content=\"Dur\u00e9e de lecture estim\u00e9e\" \/>\n\t<meta name=\"twitter:data1\" content=\"2 minutes\" \/>\n<script type=\"application\/ld+json\" class=\"yoast-schema-graph\">{\"@context\":\"https:\/\/schema.org\",\"@graph\":[{\"@type\":\"WebPage\",\"@id\":\"https:\/\/www.teknocanta.com\/laptop-kongre-sirt-cantasi\/\",\"url\":\"https:\/\/www.teknocanta.com\/laptop-kongre-sirt-cantasi\/\",\"name\":\"Laptop Kongre S\u0131rt \u00c7antas\u0131 - Tekno \u00c7anta - Promosyon Toptan \u00c7anta \u0130malat\u0131\",\"isPartOf\":{\"@id\":\"https:\/\/www.teknocanta.com\/#website\"},\"primaryImageOfPage\":{\"@id\":\"https:\/\/www.teknocanta.com\/laptop-kongre-sirt-cantasi\/#primaryimage\"},\"image\":{\"@id\":\"https:\/\/www.teknocanta.com\/laptop-kongre-sirt-cantasi\/#primaryimage\"},\"thumbnailUrl\":\"https:\/\/www.teknocanta.com\/wp-content\/uploads\/2021\/10\/laptopkongresirtcantasianapoz30.jpg\",\"datePublished\":\"2021-10-14T12:50:51+00:00\",\"dateModified\":\"2025-05-28T07:56:28+00:00\",\"breadcrumb\":{\"@id\":\"https:\/\/www.teknocanta.com\/laptop-kongre-sirt-cantasi\/#breadcrumb\"},\"inLanguage\":\"fr-FR\",\"potentialAction\":[{\"@type\":\"ReadAction\",\"target\":[\"https:\/\/www.teknocanta.com\/laptop-kongre-sirt-cantasi\/\"]}]},{\"@type\":\"ImageObject\",\"inLanguage\":\"fr-FR\",\"@id\":\"https:\/\/www.teknocanta.com\/laptop-kongre-sirt-cantasi\/#primaryimage\",\"url\":\"https:\/\/www.teknocanta.com\/wp-content\/uploads\/2021\/10\/laptopkongresirtcantasianapoz30.jpg\",\"contentUrl\":\"https:\/\/www.teknocanta.com\/wp-content\/uploads\/2021\/10\/laptopkongresirtcantasianapoz30.jpg\",\"width\":932,\"height\":1079},{\"@type\":\"BreadcrumbList\",\"@id\":\"https:\/\/www.teknocanta.com\/laptop-kongre-sirt-cantasi\/#breadcrumb\",\"itemListElement\":[{\"@type\":\"ListItem\",\"position\":1,\"name\":\"Ana sayfa\",\"item\":\"https:\/\/www.teknocanta.com\/fr\/\"},{\"@type\":\"ListItem\",\"position\":2,\"name\":\"\u00dcr\u00fcnler\",\"item\":\"https:\/\/www.teknocanta.com\/urunler\/\"},{\"@type\":\"ListItem\",\"position\":3,\"name\":\"Laptop Kongre S\u0131rt \u00c7antas\u0131\"}]},{\"@type\":\"WebSite\",\"@id\":\"https:\/\/www.teknocanta.com\/#website\",\"url\":\"https:\/\/www.teknocanta.com\/\",\"name\":\"Tekno \u00c7anta - Promosyon Toptan \u00c7anta \u0130malat\u0131\",\"description\":\"Toptan \u00e7anta imalat\u0131, ham bez \u00e7anta, s\u0131rt \u00e7antalar\u0131, laptop ve evrak \u00e7antalar\u0131, kongre \u00e7antalar\u0131, fuar \u00e7antas\u0131 ve ipli b\u00fczg\u00fcl\u00fc \u00e7anta imalat\u0131 yapmaktay\u0131z.\",\"potentialAction\":[{\"@type\":\"SearchAction\",\"target\":{\"@type\":\"EntryPoint\",\"urlTemplate\":\"https:\/\/www.teknocanta.com\/?s={search_term_string}\"},\"query-input\":{\"@type\":\"PropertyValueSpecification\",\"valueRequired\":true,\"valueName\":\"search_term_string\"}}],\"inLanguage\":\"fr-FR\"}]}<\/script>\n<!-- \/ Yoast SEO plugin. -->","yoast_head_json":{"title":"Laptop Kongre S\u0131rt \u00c7antas\u0131 - Tekno \u00c7anta - Promosyon Toptan \u00c7anta \u0130malat\u0131","robots":{"index":"index","follow":"follow","max-snippet":"max-snippet:-1","max-image-preview":"max-image-preview:large","max-video-preview":"max-video-preview:-1"},"canonical":"https:\/\/www.teknocanta.com\/laptop-kongre-sirt-cantasi\/","og_locale":"fr_FR","og_type":"article","og_title":"Laptop Kongre S\u0131rt \u00c7antas\u0131 - Tekno \u00c7anta - Promosyon Toptan \u00c7anta \u0130malat\u0131","og_description":"Fiyatland\u0131rma 500 adet i\u00e7in yap\u0131lm\u0131\u015ft\u0131r. Daha d\u00fc\u015f\u00fck adetlerde de sipari\u015f verebilirsiniz. Daha d\u00fc\u015f\u00fck veya daha y\u00fcksek adetlerde fiyatlar de\u011fi\u015fecektir. Farkl\u0131 adetlerdeki fiyat talepleriniz i\u00e7in ileti\u015fim k\u0131sm\u0131ndaki mail adresimize mail atarak fiyat isteyebilirsiniz. %8 KDV ve bask\u0131 \u00fccreti fiyata d\u00e2hil de\u011fildir. 250 adet ve \u00fczeri sipari\u015flerinizde kuma\u015f rengi, astar rengi veya fermuar rengi de\u011fi\u015ftirebilir. \u00c7antan\u0131n d\u0131\u015f&hellip;","og_url":"https:\/\/www.teknocanta.com\/laptop-kongre-sirt-cantasi\/","og_site_name":"Tekno \u00c7anta - Promosyon Toptan \u00c7anta \u0130malat\u0131","article_modified_time":"2025-05-28T07:56:28+00:00","og_image":[{"width":932,"height":1079,"url":"https:\/\/www.teknocanta.com\/wp-content\/uploads\/2021\/10\/laptopkongresirtcantasianapoz30.jpg","type":"image\/jpeg"}],"twitter_card":"summary_large_image","twitter_misc":{"Dur\u00e9e de lecture estim\u00e9e":"2 minutes"},"schema":{"@context":"https:\/\/schema.org","@graph":[{"@type":"WebPage","@id":"https:\/\/www.teknocanta.com\/laptop-kongre-sirt-cantasi\/","url":"https:\/\/www.teknocanta.com\/laptop-kongre-sirt-cantasi\/","name":"Laptop Kongre S\u0131rt \u00c7antas\u0131 - Tekno \u00c7anta - Promosyon Toptan \u00c7anta \u0130malat\u0131","isPartOf":{"@id":"https:\/\/www.teknocanta.com\/#website"},"primaryImageOfPage":{"@id":"https:\/\/www.teknocanta.com\/laptop-kongre-sirt-cantasi\/#primaryimage"},"image":{"@id":"https:\/\/www.teknocanta.com\/laptop-kongre-sirt-cantasi\/#primaryimage"},"thumbnailUrl":"https:\/\/www.teknocanta.com\/wp-content\/uploads\/2021\/10\/laptopkongresirtcantasianapoz30.jpg","datePublished":"2021-10-14T12:50:51+00:00","dateModified":"2025-05-28T07:56:28+00:00","breadcrumb":{"@id":"https:\/\/www.teknocanta.com\/laptop-kongre-sirt-cantasi\/#breadcrumb"},"inLanguage":"fr-FR","potentialAction":[{"@type":"ReadAction","target":["https:\/\/www.teknocanta.com\/laptop-kongre-sirt-cantasi\/"]}]},{"@type":"ImageObject","inLanguage":"fr-FR","@id":"https:\/\/www.teknocanta.com\/laptop-kongre-sirt-cantasi\/#primaryimage","url":"https:\/\/www.teknocanta.com\/wp-content\/uploads\/2021\/10\/laptopkongresirtcantasianapoz30.jpg","contentUrl":"https:\/\/www.teknocanta.com\/wp-content\/uploads\/2021\/10\/laptopkongresirtcantasianapoz30.jpg","width":932,"height":1079},{"@type":"BreadcrumbList","@id":"https:\/\/www.teknocanta.com\/laptop-kongre-sirt-cantasi\/#breadcrumb","itemListElement":[{"@type":"ListItem","position":1,"name":"Ana sayfa","item":"https:\/\/www.teknocanta.com\/fr\/"},{"@type":"ListItem","position":2,"name":"\u00dcr\u00fcnler","item":"https:\/\/www.teknocanta.com\/urunler\/"},{"@type":"ListItem","position":3,"name":"Laptop Kongre S\u0131rt \u00c7antas\u0131"}]},{"@type":"WebSite","@id":"https:\/\/www.teknocanta.com\/#website","url":"https:\/\/www.teknocanta.com\/","name":"Tekno \u00c7anta - Promosyon Toptan \u00c7anta \u0130malat\u0131","description":"Toptan \u00e7anta imalat\u0131, ham bez \u00e7anta, s\u0131rt \u00e7antalar\u0131, laptop ve evrak \u00e7antalar\u0131, kongre \u00e7antalar\u0131, fuar \u00e7antas\u0131 ve ipli b\u00fczg\u00fcl\u00fc \u00e7anta imalat\u0131 yapmaktay\u0131z.","potentialAction":[{"@type":"SearchAction","target":{"@type":"EntryPoint","urlTemplate":"https:\/\/www.teknocanta.com\/?s={search_term_string}"},"query-input":{"@type":"PropertyValueSpecification","valueRequired":true,"valueName":"search_term_string"}}],"inLanguage":"fr-FR"}]}},"_links":{"self":[{"href":"https:\/\/www.teknocanta.com\/fr\/wp-json\/wp\/v2\/product\/37253","targetHints":{"allow":["GET"]}}],"collection":[{"href":"https:\/\/www.teknocanta.com\/fr\/wp-json\/wp\/v2\/product"}],"about":[{"href":"https:\/\/www.teknocanta.com\/fr\/wp-json\/wp\/v2\/types\/product"}],"replies":[{"embeddable":true,"href":"https:\/\/www.teknocanta.com\/fr\/wp-json\/wp\/v2\/comments?post=37253"}],"wp:featuredmedia":[{"embeddable":true,"href":"https:\/\/www.teknocanta.com\/fr\/wp-json\/wp\/v2\/media\/37359"}],"wp:attachment":[{"href":"https:\/\/www.teknocanta.com\/fr\/wp-json\/wp\/v2\/media?parent=37253"}],"wp:term":[{"taxonomy":"product_brand","embeddable":true,"href":"https:\/\/www.teknocanta.com\/fr\/wp-json\/wp\/v2\/product_brand?post=37253"},{"taxonomy":"product_cat","embeddable":true,"href":"https:\/\/www.teknocanta.com\/fr\/wp-json\/wp\/v2\/product_cat?post=37253"},{"taxonomy":"product_tag","embeddable":true,"href":"https:\/\/www.teknocanta.com\/fr\/wp-json\/wp\/v2\/product_tag?post=37253"}],"curies":[{"name":"wp","href":"https:\/\/api.w.org\/{rel}","templated":true}]}}