{"id":37211,"date":"2021-10-14T15:50:30","date_gmt":"2021-10-14T12:50:30","guid":{"rendered":"https:\/\/www.teknocanta.com\/?post_type=product&#038;p=37211"},"modified":"2026-02-28T01:54:54","modified_gmt":"2026-02-27T22:54:54","slug":"laptop-kongre-cantasi","status":"publish","type":"product","link":"https:\/\/www.teknocanta.com\/fr\/urun\/laptop-kongre-cantasi\/","title":{"rendered":"Laptop Kongre \u00c7antas\u0131"},"content":{"rendered":"<div>200 adet ve \u00fczeri sipari\u015flerinizde kuma\u015f rengi, astar rengi veya fermuar rengi de\u011fi\u015ftirebilir. Stoklu bir \u00fcr\u00fcnd\u00fcr, Bask\u0131 \u00fccreti ve %8 KDV fiyatlara dahil de\u011fildir.<\/div>\n<div>\u00c7antan\u0131n d\u0131\u015f k\u0131s\u0131mlar\u0131 keten imperteks kuma\u015f, astarlar 270 denye kuma\u015ftan \u00fcretilmi\u015ftir. \u00c7anta ebad\u0131 30x40x8 cm b\u00fcy\u00fckl\u00fc\u011f\u00fcndedir.<\/div>\n<div>\u00c7anta fermuarl\u0131 2 \u00f6n b\u00f6lme ve 1 \u00fcst b\u00f6l\u00fcmden olu\u015fmaktad\u0131r, \u00c7antan\u0131n i\u00e7 k\u0131sm\u0131nda laptop b\u00f6lmesi vard\u0131r.<\/div>\n<div>\u00c7anta g\u00f6vdeleri 8 mm kal\u0131nl\u0131\u011f\u0131nda k\u00f6p\u00fck ile desteklenmi\u015ftir, Tip 8 kalitesinde fermuar kullan\u0131lm\u0131\u015ft\u0131r.&nbsp;<\/div>\n<div>&nbsp;<\/div>\n<div>Laptop kongre \u00e7antalar\u0131 imalat s\u00fcreleri bir haftad\u0131r, i\u015fin \u00f6nemine g\u00f6re daha erken de verilebilir. Logonuzdaki renk say\u0131s\u0131na g\u00f6re bir renk veya \u00e7ok renkli bask\u0131lar yap\u0131labilmektedir. Bas\u0131lacak g\u00f6rsele g\u00f6re farkl\u0131 bask\u0131 teknikleri kullan\u0131labilir.&nbsp;<\/div>\n<div>&nbsp;<\/div>\n<div>Laptop kongre \u00e7antalar\u0131 Promosyon ama\u00e7l\u0131 kongre ve Sempozyum gibi Her T\u00fcrl\u00fc etkinliklerinizde kullanabilece\u011finiz, m\u00fc\u015fterilerinize hediye edebilece\u011finiz, kullan\u0131\u015fl\u0131 bir Promosyon \u00fcr\u00fcn\u00fcd\u00fcr,&nbsp;<\/div>\n<div>&nbsp;<\/div>\n<div>\u015eirketinizin konumuna g\u00f6re \u00fcr\u00fcnleri teslim edebiliriz veya anla\u015fmal\u0131 oldu\u011fumuz kargo \u015firketi ile t\u00fcm T\u00fcrkiye&rsquo;ye ula\u015ft\u0131rmaktay\u0131z.<\/div>\n<div><\/div>\n<div>Promosyon Laptop ve Evrak \u00c7antalar\u0131n\u0131; m\u00fc\u015fterilerimizin istedikleri model renk ve boyutlarda \u00fcretebilmekteyiz. Web sitemizde olmayan, \u00d6rne\u011fi sizde olan modeller i\u00e7in de bizden fiyat teklifi isteyebilirsiniz.<\/div>\n<div><\/div>\n<div>Promosyon Laptop ve Evrak \u00c7antas\u0131 Nedir?<\/div>\n<div>Laptop ve evrak \u00e7antalar\u0131 diz\u00fcst\u00fc bilgisayar\u0131n\u0131z\u0131 veya \u00f6nemli evraklar\u0131n\u0131z\u0131 ta\u015f\u0131mak ve korumak i\u00e7indir, promosyon laptop veya promosyon evrak \u00e7antas\u0131 ebatlar\u0131 bilgisayar\u0131n\u0131z\u0131n b\u00fcy\u00fckl\u00fc\u011f\u00fcne g\u00f6re de\u011fi\u015fmektedir. Genelde Kongre ve Sempozyum gibi etkinliklerde tercih edilmesinin yan\u0131 s\u0131ra fiyat ve kalitesine g\u00f6re t\u00fcm firmalar\u0131n zaman zaman ihtiya\u00e7 duydu\u011fu bir promosyon \u00fcr\u00fcn\u00fcd\u00fcr.<\/div>\n<div><\/div>\n<div>Promosyon Laptop ve evrak \u00e7antalar\u0131 genelde su ge\u00e7irmez imperteks kuma\u015ftan \u00fcretilmektedir. Promosyon \u00c7antalarda Bask\u0131 t\u00fcr\u00fc olarak genelde serigrafi tercih edilse de nak\u0131\u015f bask\u0131 y\u00f6ntemini de tercih edenler olmaktad\u0131r.&nbsp; Standart modellerimiz d\u0131\u015f\u0131nda m\u00fc\u015fterilerimizin istedi\u011fi model ve kalitede promosyon \u00e7anta \u00fcretebilmekteyiz. Promosyon Kongre ve sempozyum \u00e7anta fiyatlar\u0131 genelde adet ve kalite bazl\u0131 olarak de\u011fi\u015fmekte olup ortalama 10 TL ile 50 TL aras\u0131nda de\u011fi\u015fmektedir.<\/div>\n","protected":false},"excerpt":{"rendered":"<p>200 adet ve \u00fczeri sipari\u015flerinizde kuma\u015f rengi, astar rengi veya fermuar rengi de\u011fi\u015ftirebilir. Stoklu bir \u00fcr\u00fcnd\u00fcr, Bask\u0131 \u00fccreti ve %8 KDV fiyatlara dahil de\u011fildir. \u00c7antan\u0131n d\u0131\u015f k\u0131s\u0131mlar\u0131 keten imperteks kuma\u015f, astarlar 270 denye kuma\u015ftan \u00fcretilmi\u015ftir. \u00c7anta ebad\u0131 30x40x8 cm b\u00fcy\u00fckl\u00fc\u011f\u00fcndedir. \u00c7anta fermuarl\u0131 2 \u00f6n b\u00f6lme ve 1 \u00fcst b\u00f6l\u00fcmden olu\u015fmaktad\u0131r, \u00c7antan\u0131n i\u00e7 k\u0131sm\u0131nda laptop b\u00f6lmesi&hellip;<\/p>\n","protected":false},"featured_media":37338,"comment_status":"open","ping_status":"closed","template":"","meta":[],"product_brand":[],"product_cat":[875,876,891],"product_tag":[158,159,160,161,162,163,164,177,165,166,167,168,169,170,171,172,173,174,175,176],"class_list":{"0":"post-37211","1":"product","2":"type-product","3":"status-publish","4":"has-post-thumbnail","6":"product_cat-kongre-ve-sempozyum-cantasi","7":"product_cat-laptop-evrak-cantasi","8":"product_cat-stoklu-cantalar","9":"product_tag-canta-imalatcilari-istanbul","10":"product_tag-canta-imalatcilari-zeytinburnu","11":"product_tag-canta-uretimi-yapan-firmalar","12":"product_tag-evrak-cantasi-imalati","13":"product_tag-kongre-cantasi","14":"product_tag-kongre-cantasi-fiyatlari","15":"product_tag-laptop-cantasi-promosyon","16":"product_tag-laptop-ve-evrak-cantasi","17":"product_tag-promosyon-canta","18":"product_tag-promosyon-canta-firmalari","19":"product_tag-promosyon-canta-imalati","20":"product_tag-promosyon-evrak-cantasi","21":"product_tag-promosyon-kongre-cantasi","22":"product_tag-promosyon-okul-cantasi","23":"product_tag-promosyon-postaci-cantasi","24":"product_tag-promosyon-sirt-cantasi","25":"product_tag-seminer-cantasi","26":"product_tag-toptan-evrak-cantasi","27":"product_tag-toptan-evrak-cantasi-fiyatlari","28":"product_tag-toptan-promosyon-canta","29":"description-off","31":"first","32":"instock","33":"shipping-taxable","34":"purchasable","35":"product-type-simple"},"yoast_head":"<!-- This site is optimized with the Yoast SEO plugin v26.6 - https:\/\/yoast.com\/wordpress\/plugins\/seo\/ -->\n<title>Laptop Kongre \u00c7antas\u0131 - Tekno \u00c7anta - Promosyon Toptan \u00c7anta \u0130malat\u0131<\/title>\n<meta name=\"robots\" content=\"index, follow, max-snippet:-1, max-image-preview:large, max-video-preview:-1\" \/>\n<link rel=\"canonical\" href=\"https:\/\/www.teknocanta.com\/laptop-kongre-cantasi\/\" \/>\n<meta property=\"og:locale\" content=\"fr_FR\" \/>\n<meta property=\"og:type\" content=\"article\" \/>\n<meta property=\"og:title\" content=\"Laptop Kongre \u00c7antas\u0131 - Tekno \u00c7anta - Promosyon Toptan \u00c7anta \u0130malat\u0131\" \/>\n<meta property=\"og:description\" content=\"200 adet ve \u00fczeri sipari\u015flerinizde kuma\u015f rengi, astar rengi veya fermuar rengi de\u011fi\u015ftirebilir. Stoklu bir \u00fcr\u00fcnd\u00fcr, Bask\u0131 \u00fccreti ve %8 KDV fiyatlara dahil de\u011fildir. \u00c7antan\u0131n d\u0131\u015f k\u0131s\u0131mlar\u0131 keten imperteks kuma\u015f, astarlar 270 denye kuma\u015ftan \u00fcretilmi\u015ftir. \u00c7anta ebad\u0131 30x40x8 cm b\u00fcy\u00fckl\u00fc\u011f\u00fcndedir. \u00c7anta fermuarl\u0131 2 \u00f6n b\u00f6lme ve 1 \u00fcst b\u00f6l\u00fcmden olu\u015fmaktad\u0131r, \u00c7antan\u0131n i\u00e7 k\u0131sm\u0131nda laptop b\u00f6lmesi&hellip;\" \/>\n<meta property=\"og:url\" content=\"https:\/\/www.teknocanta.com\/laptop-kongre-cantasi\/\" \/>\n<meta property=\"og:site_name\" content=\"Tekno \u00c7anta - Promosyon Toptan \u00c7anta \u0130malat\u0131\" \/>\n<meta property=\"article:modified_time\" content=\"2026-02-27T22:54:54+00:00\" \/>\n<meta property=\"og:image\" content=\"https:\/\/www.teknocanta.com\/wp-content\/uploads\/2021\/10\/laptopkongrecantasi33.jpg\" \/>\n\t<meta property=\"og:image:width\" content=\"969\" \/>\n\t<meta property=\"og:image:height\" content=\"1043\" \/>\n\t<meta property=\"og:image:type\" content=\"image\/jpeg\" \/>\n<meta name=\"twitter:card\" content=\"summary_large_image\" \/>\n<meta name=\"twitter:label1\" content=\"Dur\u00e9e de lecture estim\u00e9e\" \/>\n\t<meta name=\"twitter:data1\" content=\"2 minutes\" \/>\n<script type=\"application\/ld+json\" class=\"yoast-schema-graph\">{\"@context\":\"https:\/\/schema.org\",\"@graph\":[{\"@type\":\"WebPage\",\"@id\":\"https:\/\/www.teknocanta.com\/laptop-kongre-cantasi\/\",\"url\":\"https:\/\/www.teknocanta.com\/laptop-kongre-cantasi\/\",\"name\":\"Laptop Kongre \u00c7antas\u0131 - Tekno \u00c7anta - Promosyon Toptan \u00c7anta \u0130malat\u0131\",\"isPartOf\":{\"@id\":\"https:\/\/www.teknocanta.com\/#website\"},\"primaryImageOfPage\":{\"@id\":\"https:\/\/www.teknocanta.com\/laptop-kongre-cantasi\/#primaryimage\"},\"image\":{\"@id\":\"https:\/\/www.teknocanta.com\/laptop-kongre-cantasi\/#primaryimage\"},\"thumbnailUrl\":\"https:\/\/www.teknocanta.com\/wp-content\/uploads\/2021\/10\/laptopkongrecantasi33.jpg\",\"datePublished\":\"2021-10-14T12:50:30+00:00\",\"dateModified\":\"2026-02-27T22:54:54+00:00\",\"breadcrumb\":{\"@id\":\"https:\/\/www.teknocanta.com\/laptop-kongre-cantasi\/#breadcrumb\"},\"inLanguage\":\"fr-FR\",\"potentialAction\":[{\"@type\":\"ReadAction\",\"target\":[\"https:\/\/www.teknocanta.com\/laptop-kongre-cantasi\/\"]}]},{\"@type\":\"ImageObject\",\"inLanguage\":\"fr-FR\",\"@id\":\"https:\/\/www.teknocanta.com\/laptop-kongre-cantasi\/#primaryimage\",\"url\":\"https:\/\/www.teknocanta.com\/wp-content\/uploads\/2021\/10\/laptopkongrecantasi33.jpg\",\"contentUrl\":\"https:\/\/www.teknocanta.com\/wp-content\/uploads\/2021\/10\/laptopkongrecantasi33.jpg\",\"width\":969,\"height\":1043},{\"@type\":\"BreadcrumbList\",\"@id\":\"https:\/\/www.teknocanta.com\/laptop-kongre-cantasi\/#breadcrumb\",\"itemListElement\":[{\"@type\":\"ListItem\",\"position\":1,\"name\":\"Ana sayfa\",\"item\":\"https:\/\/www.teknocanta.com\/fr\/\"},{\"@type\":\"ListItem\",\"position\":2,\"name\":\"\u00dcr\u00fcnler\",\"item\":\"https:\/\/www.teknocanta.com\/urunler\/\"},{\"@type\":\"ListItem\",\"position\":3,\"name\":\"Laptop Kongre \u00c7antas\u0131\"}]},{\"@type\":\"WebSite\",\"@id\":\"https:\/\/www.teknocanta.com\/#website\",\"url\":\"https:\/\/www.teknocanta.com\/\",\"name\":\"Tekno \u00c7anta - Promosyon Toptan \u00c7anta \u0130malat\u0131\",\"description\":\"Toptan \u00e7anta imalat\u0131, ham bez \u00e7anta, s\u0131rt \u00e7antalar\u0131, laptop ve evrak \u00e7antalar\u0131, kongre \u00e7antalar\u0131, fuar \u00e7antas\u0131 ve ipli b\u00fczg\u00fcl\u00fc \u00e7anta imalat\u0131 yapmaktay\u0131z.\",\"potentialAction\":[{\"@type\":\"SearchAction\",\"target\":{\"@type\":\"EntryPoint\",\"urlTemplate\":\"https:\/\/www.teknocanta.com\/?s={search_term_string}\"},\"query-input\":{\"@type\":\"PropertyValueSpecification\",\"valueRequired\":true,\"valueName\":\"search_term_string\"}}],\"inLanguage\":\"fr-FR\"}]}<\/script>\n<!-- \/ Yoast SEO plugin. -->","yoast_head_json":{"title":"Laptop Kongre \u00c7antas\u0131 - Tekno \u00c7anta - Promosyon Toptan \u00c7anta \u0130malat\u0131","robots":{"index":"index","follow":"follow","max-snippet":"max-snippet:-1","max-image-preview":"max-image-preview:large","max-video-preview":"max-video-preview:-1"},"canonical":"https:\/\/www.teknocanta.com\/laptop-kongre-cantasi\/","og_locale":"fr_FR","og_type":"article","og_title":"Laptop Kongre \u00c7antas\u0131 - Tekno \u00c7anta - Promosyon Toptan \u00c7anta \u0130malat\u0131","og_description":"200 adet ve \u00fczeri sipari\u015flerinizde kuma\u015f rengi, astar rengi veya fermuar rengi de\u011fi\u015ftirebilir. Stoklu bir \u00fcr\u00fcnd\u00fcr, Bask\u0131 \u00fccreti ve %8 KDV fiyatlara dahil de\u011fildir. \u00c7antan\u0131n d\u0131\u015f k\u0131s\u0131mlar\u0131 keten imperteks kuma\u015f, astarlar 270 denye kuma\u015ftan \u00fcretilmi\u015ftir. \u00c7anta ebad\u0131 30x40x8 cm b\u00fcy\u00fckl\u00fc\u011f\u00fcndedir. \u00c7anta fermuarl\u0131 2 \u00f6n b\u00f6lme ve 1 \u00fcst b\u00f6l\u00fcmden olu\u015fmaktad\u0131r, \u00c7antan\u0131n i\u00e7 k\u0131sm\u0131nda laptop b\u00f6lmesi&hellip;","og_url":"https:\/\/www.teknocanta.com\/laptop-kongre-cantasi\/","og_site_name":"Tekno \u00c7anta - Promosyon Toptan \u00c7anta \u0130malat\u0131","article_modified_time":"2026-02-27T22:54:54+00:00","og_image":[{"width":969,"height":1043,"url":"https:\/\/www.teknocanta.com\/wp-content\/uploads\/2021\/10\/laptopkongrecantasi33.jpg","type":"image\/jpeg"}],"twitter_card":"summary_large_image","twitter_misc":{"Dur\u00e9e de lecture estim\u00e9e":"2 minutes"},"schema":{"@context":"https:\/\/schema.org","@graph":[{"@type":"WebPage","@id":"https:\/\/www.teknocanta.com\/laptop-kongre-cantasi\/","url":"https:\/\/www.teknocanta.com\/laptop-kongre-cantasi\/","name":"Laptop Kongre \u00c7antas\u0131 - Tekno \u00c7anta - Promosyon Toptan \u00c7anta \u0130malat\u0131","isPartOf":{"@id":"https:\/\/www.teknocanta.com\/#website"},"primaryImageOfPage":{"@id":"https:\/\/www.teknocanta.com\/laptop-kongre-cantasi\/#primaryimage"},"image":{"@id":"https:\/\/www.teknocanta.com\/laptop-kongre-cantasi\/#primaryimage"},"thumbnailUrl":"https:\/\/www.teknocanta.com\/wp-content\/uploads\/2021\/10\/laptopkongrecantasi33.jpg","datePublished":"2021-10-14T12:50:30+00:00","dateModified":"2026-02-27T22:54:54+00:00","breadcrumb":{"@id":"https:\/\/www.teknocanta.com\/laptop-kongre-cantasi\/#breadcrumb"},"inLanguage":"fr-FR","potentialAction":[{"@type":"ReadAction","target":["https:\/\/www.teknocanta.com\/laptop-kongre-cantasi\/"]}]},{"@type":"ImageObject","inLanguage":"fr-FR","@id":"https:\/\/www.teknocanta.com\/laptop-kongre-cantasi\/#primaryimage","url":"https:\/\/www.teknocanta.com\/wp-content\/uploads\/2021\/10\/laptopkongrecantasi33.jpg","contentUrl":"https:\/\/www.teknocanta.com\/wp-content\/uploads\/2021\/10\/laptopkongrecantasi33.jpg","width":969,"height":1043},{"@type":"BreadcrumbList","@id":"https:\/\/www.teknocanta.com\/laptop-kongre-cantasi\/#breadcrumb","itemListElement":[{"@type":"ListItem","position":1,"name":"Ana sayfa","item":"https:\/\/www.teknocanta.com\/fr\/"},{"@type":"ListItem","position":2,"name":"\u00dcr\u00fcnler","item":"https:\/\/www.teknocanta.com\/urunler\/"},{"@type":"ListItem","position":3,"name":"Laptop Kongre \u00c7antas\u0131"}]},{"@type":"WebSite","@id":"https:\/\/www.teknocanta.com\/#website","url":"https:\/\/www.teknocanta.com\/","name":"Tekno \u00c7anta - Promosyon Toptan \u00c7anta \u0130malat\u0131","description":"Toptan \u00e7anta imalat\u0131, ham bez \u00e7anta, s\u0131rt \u00e7antalar\u0131, laptop ve evrak \u00e7antalar\u0131, kongre \u00e7antalar\u0131, fuar \u00e7antas\u0131 ve ipli b\u00fczg\u00fcl\u00fc \u00e7anta imalat\u0131 yapmaktay\u0131z.","potentialAction":[{"@type":"SearchAction","target":{"@type":"EntryPoint","urlTemplate":"https:\/\/www.teknocanta.com\/?s={search_term_string}"},"query-input":{"@type":"PropertyValueSpecification","valueRequired":true,"valueName":"search_term_string"}}],"inLanguage":"fr-FR"}]}},"_links":{"self":[{"href":"https:\/\/www.teknocanta.com\/fr\/wp-json\/wp\/v2\/product\/37211","targetHints":{"allow":["GET"]}}],"collection":[{"href":"https:\/\/www.teknocanta.com\/fr\/wp-json\/wp\/v2\/product"}],"about":[{"href":"https:\/\/www.teknocanta.com\/fr\/wp-json\/wp\/v2\/types\/product"}],"replies":[{"embeddable":true,"href":"https:\/\/www.teknocanta.com\/fr\/wp-json\/wp\/v2\/comments?post=37211"}],"wp:featuredmedia":[{"embeddable":true,"href":"https:\/\/www.teknocanta.com\/fr\/wp-json\/wp\/v2\/media\/37338"}],"wp:attachment":[{"href":"https:\/\/www.teknocanta.com\/fr\/wp-json\/wp\/v2\/media?parent=37211"}],"wp:term":[{"taxonomy":"product_brand","embeddable":true,"href":"https:\/\/www.teknocanta.com\/fr\/wp-json\/wp\/v2\/product_brand?post=37211"},{"taxonomy":"product_cat","embeddable":true,"href":"https:\/\/www.teknocanta.com\/fr\/wp-json\/wp\/v2\/product_cat?post=37211"},{"taxonomy":"product_tag","embeddable":true,"href":"https:\/\/www.teknocanta.com\/fr\/wp-json\/wp\/v2\/product_tag?post=37211"}],"curies":[{"name":"wp","href":"https:\/\/api.w.org\/{rel}","templated":true}]}}