{"id":37209,"date":"2021-10-14T15:50:29","date_gmt":"2021-10-14T12:50:29","guid":{"rendered":"https:\/\/www.teknocanta.com\/?post_type=product&#038;p=37209"},"modified":"2021-10-14T15:51:43","modified_gmt":"2021-10-14T12:51:43","slug":"laptop-sirt-cantasi","status":"publish","type":"product","link":"https:\/\/www.teknocanta.com\/fr\/urun\/laptop-sirt-cantasi\/","title":{"rendered":"Laptop S\u0131rt \u00c7antas\u0131"},"content":{"rendered":"<div>Fiyatland\u0131rma 500 adet i\u00e7in yap\u0131lm\u0131\u015ft\u0131r. Daha d\u00fc\u015f\u00fck adetlerde al\u0131m yapabilirsiniz. Farkl\u0131 adetlerdeki fiyat talepleriniz i\u00e7in ileti\u015fim k\u0131sm\u0131ndaki mail adresimize mail atarak fiyat isteyebilirsiniz. %8 KDV ve bask\u0131 \u00fccreti fiyata dahil de\u011fildir.<\/div>\n<div><\/div>\n<div>Y\u00fcksek adetli \u00f6zel imalatlarda kuma\u015f rengi, astar rengi ve fermuar rengi de\u011fi\u015ftirebilir.<\/div>\n<div><\/div>\n<div>\u00c7anta ebad\u0131 40x30x12 cm b\u00fcy\u00fckl\u00fc\u011f\u00fcndedir. \u00c7anta fermuarl\u0131 2 ana b\u00f6lmeden olu\u015fmaktad\u0131r.<\/div>\n<div><\/div>\n<div>8 mm kal\u0131nl\u0131\u011f\u0131nda k\u00f6p\u00fck ve tip 8 kalitesinde fermuar kullan\u0131lm\u0131\u015ft\u0131r. \u00c7anta i\u00e7erisinde laptop b\u00f6lmesi mevcuttur. \u0130mperteks keten kuma\u015ftan \u00fcretilmi\u015ftir. \u0130\u00e7 astar i\u00e7in 270 denye imperteks kuma\u015f kullan\u0131lm\u0131\u015ft\u0131r.<\/div>\n<div><\/div>\n<div>\u00c7antan\u0131n i\u00e7ine veya d\u0131\u015f\u0131na tek renk veya \u00e7ok renkli Transfer veya Serigrafi bask\u0131 yap\u0131labilir. Kongre \u00e7antalar\u0131nda genelde kongre ismi tek renk olarak \u00e7antan\u0131n i\u00e7ine bas\u0131lmaktad\u0131r.<\/div>\n<div><\/div>\n<div>S\u0131rt \u00e7antalar\u0131nda \u0130malat s\u00fcreleri sipari\u015f adetine g\u00f6re de\u011fi\u015fmekte olup ortalama 15 g\u00fcnd\u00fcr, i\u015fin \u00f6nemine g\u00f6re daha erken de verilebilir. Stoktaki \u00fcr\u00fcnler bask\u0131s\u0131z olarak ayn\u0131 g\u00fcn teslim edilebilir. Stoktaki \u00fcr\u00fcnlere bask\u0131 yap\u0131l\u0131r ise duruma g\u00f6re bir ka\u00e7 g\u00fcn s\u00fcrebilir.<\/div>\n<div><\/div>\n<div>Promosyon laptop s\u0131rt \u00e7antalar\u0131 Promosyon ama\u00e7l\u0131 kongre, Sempozyum, konferans ve seminer gibi her t\u00fcrl\u00fc etkinliklerinizde kullanabilece\u011finiz, m\u00fc\u015fterilerinize hediye edebilece\u011finiz, kullan\u0131\u015fl\u0131 bir promosyon \u00fcr\u00fcn\u00fcd\u00fcr.<\/div>\n","protected":false},"excerpt":{"rendered":"<p>Fiyatland\u0131rma 500 adet i\u00e7in yap\u0131lm\u0131\u015ft\u0131r. Daha d\u00fc\u015f\u00fck adetlerde al\u0131m yapabilirsiniz. Farkl\u0131 adetlerdeki fiyat talepleriniz i\u00e7in ileti\u015fim k\u0131sm\u0131ndaki mail adresimize mail atarak fiyat isteyebilirsiniz. %8 KDV ve bask\u0131 \u00fccreti fiyata dahil de\u011fildir. Y\u00fcksek adetli \u00f6zel imalatlarda kuma\u015f rengi, astar rengi ve fermuar rengi de\u011fi\u015ftirebilir. \u00c7anta ebad\u0131 40x30x12 cm b\u00fcy\u00fckl\u00fc\u011f\u00fcndedir. \u00c7anta fermuarl\u0131 2 ana b\u00f6lmeden olu\u015fmaktad\u0131r. 8&hellip;<\/p>\n","protected":false},"featured_media":37323,"comment_status":"open","ping_status":"closed","template":"","meta":[],"product_brand":[],"product_cat":[875,894,891],"product_tag":[159,180,895,896,162,897,182,898,465,166,183,882,169,172,186,173,387,885,888,899],"class_list":{"0":"post-37209","1":"product","2":"type-product","3":"status-publish","4":"has-post-thumbnail","6":"product_cat-kongre-ve-sempozyum-cantasi","7":"product_cat-sirt-cantasi","8":"product_cat-stoklu-cantalar","9":"product_tag-canta-imalatcilari-zeytinburnu","10":"product_tag-canta-ureticileri","11":"product_tag-istoc-toptan-canta-fiyatlari","12":"product_tag-konferans-cantasi","13":"product_tag-kongre-cantasi","14":"product_tag-kongre-cantasi-istanbul","15":"product_tag-kongre-sirt-cantasi","16":"product_tag-laptop-bolmeli-sirt-cantasi-ucuz","17":"product_tag-laptop-sirt-cantasi","18":"product_tag-promosyon-canta-firmalari","19":"product_tag-promosyon-canta-fiyatlari","20":"product_tag-promosyon-canta-istanbul","21":"product_tag-promosyon-kongre-cantasi","22":"product_tag-promosyon-sirt-cantasi","23":"product_tag-promosyon-sirt-cantasi-fiyatlari","24":"product_tag-seminer-cantasi","25":"product_tag-sempozyum-cantasi","26":"product_tag-sirt-canta-baski","27":"product_tag-toptan-canta-istoc","28":"product_tag-toptan-ucuz-canta","29":"description-off","31":"first","32":"instock","33":"shipping-taxable","34":"purchasable","35":"product-type-simple"},"yoast_head":"<!-- This site is optimized with the Yoast SEO plugin v26.6 - https:\/\/yoast.com\/wordpress\/plugins\/seo\/ -->\n<title>Laptop S\u0131rt \u00c7antas\u0131 - Tekno \u00c7anta - Promosyon Toptan \u00c7anta \u0130malat\u0131<\/title>\n<meta name=\"robots\" content=\"index, follow, max-snippet:-1, max-image-preview:large, max-video-preview:-1\" \/>\n<link rel=\"canonical\" href=\"https:\/\/www.teknocanta.com\/laptop-sirt-cantasi\/\" \/>\n<meta property=\"og:locale\" content=\"fr_FR\" \/>\n<meta property=\"og:type\" content=\"article\" \/>\n<meta property=\"og:title\" content=\"Laptop S\u0131rt \u00c7antas\u0131 - Tekno \u00c7anta - Promosyon Toptan \u00c7anta \u0130malat\u0131\" \/>\n<meta property=\"og:description\" content=\"Fiyatland\u0131rma 500 adet i\u00e7in yap\u0131lm\u0131\u015ft\u0131r. Daha d\u00fc\u015f\u00fck adetlerde al\u0131m yapabilirsiniz. Farkl\u0131 adetlerdeki fiyat talepleriniz i\u00e7in ileti\u015fim k\u0131sm\u0131ndaki mail adresimize mail atarak fiyat isteyebilirsiniz. %8 KDV ve bask\u0131 \u00fccreti fiyata dahil de\u011fildir. Y\u00fcksek adetli \u00f6zel imalatlarda kuma\u015f rengi, astar rengi ve fermuar rengi de\u011fi\u015ftirebilir. \u00c7anta ebad\u0131 40x30x12 cm b\u00fcy\u00fckl\u00fc\u011f\u00fcndedir. \u00c7anta fermuarl\u0131 2 ana b\u00f6lmeden olu\u015fmaktad\u0131r. 8&hellip;\" \/>\n<meta property=\"og:url\" content=\"https:\/\/www.teknocanta.com\/laptop-sirt-cantasi\/\" \/>\n<meta property=\"og:site_name\" content=\"Tekno \u00c7anta - Promosyon Toptan \u00c7anta \u0130malat\u0131\" \/>\n<meta property=\"article:modified_time\" content=\"2021-10-14T12:51:43+00:00\" \/>\n<meta property=\"og:image\" content=\"https:\/\/www.teknocanta.com\/wp-content\/uploads\/2021\/10\/laptop_sirt_cantasi_ana_poz_1.jpg\" \/>\n\t<meta property=\"og:image:width\" content=\"1030\" \/>\n\t<meta property=\"og:image:height\" content=\"1416\" \/>\n\t<meta property=\"og:image:type\" content=\"image\/jpeg\" \/>\n<meta name=\"twitter:card\" content=\"summary_large_image\" \/>\n<meta name=\"twitter:label1\" content=\"Dur\u00e9e de lecture estim\u00e9e\" \/>\n\t<meta name=\"twitter:data1\" content=\"1 minute\" \/>\n<script type=\"application\/ld+json\" class=\"yoast-schema-graph\">{\"@context\":\"https:\/\/schema.org\",\"@graph\":[{\"@type\":\"WebPage\",\"@id\":\"https:\/\/www.teknocanta.com\/laptop-sirt-cantasi\/\",\"url\":\"https:\/\/www.teknocanta.com\/laptop-sirt-cantasi\/\",\"name\":\"Laptop S\u0131rt \u00c7antas\u0131 - Tekno \u00c7anta - Promosyon Toptan \u00c7anta \u0130malat\u0131\",\"isPartOf\":{\"@id\":\"https:\/\/www.teknocanta.com\/#website\"},\"primaryImageOfPage\":{\"@id\":\"https:\/\/www.teknocanta.com\/laptop-sirt-cantasi\/#primaryimage\"},\"image\":{\"@id\":\"https:\/\/www.teknocanta.com\/laptop-sirt-cantasi\/#primaryimage\"},\"thumbnailUrl\":\"https:\/\/www.teknocanta.com\/wp-content\/uploads\/2021\/10\/laptop_sirt_cantasi_ana_poz_1.jpg\",\"datePublished\":\"2021-10-14T12:50:29+00:00\",\"dateModified\":\"2021-10-14T12:51:43+00:00\",\"breadcrumb\":{\"@id\":\"https:\/\/www.teknocanta.com\/laptop-sirt-cantasi\/#breadcrumb\"},\"inLanguage\":\"fr-FR\",\"potentialAction\":[{\"@type\":\"ReadAction\",\"target\":[\"https:\/\/www.teknocanta.com\/laptop-sirt-cantasi\/\"]}]},{\"@type\":\"ImageObject\",\"inLanguage\":\"fr-FR\",\"@id\":\"https:\/\/www.teknocanta.com\/laptop-sirt-cantasi\/#primaryimage\",\"url\":\"https:\/\/www.teknocanta.com\/wp-content\/uploads\/2021\/10\/laptop_sirt_cantasi_ana_poz_1.jpg\",\"contentUrl\":\"https:\/\/www.teknocanta.com\/wp-content\/uploads\/2021\/10\/laptop_sirt_cantasi_ana_poz_1.jpg\",\"width\":1030,\"height\":1416},{\"@type\":\"BreadcrumbList\",\"@id\":\"https:\/\/www.teknocanta.com\/laptop-sirt-cantasi\/#breadcrumb\",\"itemListElement\":[{\"@type\":\"ListItem\",\"position\":1,\"name\":\"Ana sayfa\",\"item\":\"https:\/\/www.teknocanta.com\/fr\/\"},{\"@type\":\"ListItem\",\"position\":2,\"name\":\"\u00dcr\u00fcnler\",\"item\":\"https:\/\/www.teknocanta.com\/urunler\/\"},{\"@type\":\"ListItem\",\"position\":3,\"name\":\"Laptop S\u0131rt \u00c7antas\u0131\"}]},{\"@type\":\"WebSite\",\"@id\":\"https:\/\/www.teknocanta.com\/#website\",\"url\":\"https:\/\/www.teknocanta.com\/\",\"name\":\"Tekno \u00c7anta - Promosyon Toptan \u00c7anta \u0130malat\u0131\",\"description\":\"Toptan \u00e7anta imalat\u0131, ham bez \u00e7anta, s\u0131rt \u00e7antalar\u0131, laptop ve evrak \u00e7antalar\u0131, kongre \u00e7antalar\u0131, fuar \u00e7antas\u0131 ve ipli b\u00fczg\u00fcl\u00fc \u00e7anta imalat\u0131 yapmaktay\u0131z.\",\"potentialAction\":[{\"@type\":\"SearchAction\",\"target\":{\"@type\":\"EntryPoint\",\"urlTemplate\":\"https:\/\/www.teknocanta.com\/?s={search_term_string}\"},\"query-input\":{\"@type\":\"PropertyValueSpecification\",\"valueRequired\":true,\"valueName\":\"search_term_string\"}}],\"inLanguage\":\"fr-FR\"}]}<\/script>\n<!-- \/ Yoast SEO plugin. -->","yoast_head_json":{"title":"Laptop S\u0131rt \u00c7antas\u0131 - Tekno \u00c7anta - Promosyon Toptan \u00c7anta \u0130malat\u0131","robots":{"index":"index","follow":"follow","max-snippet":"max-snippet:-1","max-image-preview":"max-image-preview:large","max-video-preview":"max-video-preview:-1"},"canonical":"https:\/\/www.teknocanta.com\/laptop-sirt-cantasi\/","og_locale":"fr_FR","og_type":"article","og_title":"Laptop S\u0131rt \u00c7antas\u0131 - Tekno \u00c7anta - Promosyon Toptan \u00c7anta \u0130malat\u0131","og_description":"Fiyatland\u0131rma 500 adet i\u00e7in yap\u0131lm\u0131\u015ft\u0131r. Daha d\u00fc\u015f\u00fck adetlerde al\u0131m yapabilirsiniz. Farkl\u0131 adetlerdeki fiyat talepleriniz i\u00e7in ileti\u015fim k\u0131sm\u0131ndaki mail adresimize mail atarak fiyat isteyebilirsiniz. %8 KDV ve bask\u0131 \u00fccreti fiyata dahil de\u011fildir. Y\u00fcksek adetli \u00f6zel imalatlarda kuma\u015f rengi, astar rengi ve fermuar rengi de\u011fi\u015ftirebilir. \u00c7anta ebad\u0131 40x30x12 cm b\u00fcy\u00fckl\u00fc\u011f\u00fcndedir. \u00c7anta fermuarl\u0131 2 ana b\u00f6lmeden olu\u015fmaktad\u0131r. 8&hellip;","og_url":"https:\/\/www.teknocanta.com\/laptop-sirt-cantasi\/","og_site_name":"Tekno \u00c7anta - Promosyon Toptan \u00c7anta \u0130malat\u0131","article_modified_time":"2021-10-14T12:51:43+00:00","og_image":[{"width":1030,"height":1416,"url":"https:\/\/www.teknocanta.com\/wp-content\/uploads\/2021\/10\/laptop_sirt_cantasi_ana_poz_1.jpg","type":"image\/jpeg"}],"twitter_card":"summary_large_image","twitter_misc":{"Dur\u00e9e de lecture estim\u00e9e":"1 minute"},"schema":{"@context":"https:\/\/schema.org","@graph":[{"@type":"WebPage","@id":"https:\/\/www.teknocanta.com\/laptop-sirt-cantasi\/","url":"https:\/\/www.teknocanta.com\/laptop-sirt-cantasi\/","name":"Laptop S\u0131rt \u00c7antas\u0131 - Tekno \u00c7anta - Promosyon Toptan \u00c7anta \u0130malat\u0131","isPartOf":{"@id":"https:\/\/www.teknocanta.com\/#website"},"primaryImageOfPage":{"@id":"https:\/\/www.teknocanta.com\/laptop-sirt-cantasi\/#primaryimage"},"image":{"@id":"https:\/\/www.teknocanta.com\/laptop-sirt-cantasi\/#primaryimage"},"thumbnailUrl":"https:\/\/www.teknocanta.com\/wp-content\/uploads\/2021\/10\/laptop_sirt_cantasi_ana_poz_1.jpg","datePublished":"2021-10-14T12:50:29+00:00","dateModified":"2021-10-14T12:51:43+00:00","breadcrumb":{"@id":"https:\/\/www.teknocanta.com\/laptop-sirt-cantasi\/#breadcrumb"},"inLanguage":"fr-FR","potentialAction":[{"@type":"ReadAction","target":["https:\/\/www.teknocanta.com\/laptop-sirt-cantasi\/"]}]},{"@type":"ImageObject","inLanguage":"fr-FR","@id":"https:\/\/www.teknocanta.com\/laptop-sirt-cantasi\/#primaryimage","url":"https:\/\/www.teknocanta.com\/wp-content\/uploads\/2021\/10\/laptop_sirt_cantasi_ana_poz_1.jpg","contentUrl":"https:\/\/www.teknocanta.com\/wp-content\/uploads\/2021\/10\/laptop_sirt_cantasi_ana_poz_1.jpg","width":1030,"height":1416},{"@type":"BreadcrumbList","@id":"https:\/\/www.teknocanta.com\/laptop-sirt-cantasi\/#breadcrumb","itemListElement":[{"@type":"ListItem","position":1,"name":"Ana sayfa","item":"https:\/\/www.teknocanta.com\/fr\/"},{"@type":"ListItem","position":2,"name":"\u00dcr\u00fcnler","item":"https:\/\/www.teknocanta.com\/urunler\/"},{"@type":"ListItem","position":3,"name":"Laptop S\u0131rt \u00c7antas\u0131"}]},{"@type":"WebSite","@id":"https:\/\/www.teknocanta.com\/#website","url":"https:\/\/www.teknocanta.com\/","name":"Tekno \u00c7anta - Promosyon Toptan \u00c7anta \u0130malat\u0131","description":"Toptan \u00e7anta imalat\u0131, ham bez \u00e7anta, s\u0131rt \u00e7antalar\u0131, laptop ve evrak \u00e7antalar\u0131, kongre \u00e7antalar\u0131, fuar \u00e7antas\u0131 ve ipli b\u00fczg\u00fcl\u00fc \u00e7anta imalat\u0131 yapmaktay\u0131z.","potentialAction":[{"@type":"SearchAction","target":{"@type":"EntryPoint","urlTemplate":"https:\/\/www.teknocanta.com\/?s={search_term_string}"},"query-input":{"@type":"PropertyValueSpecification","valueRequired":true,"valueName":"search_term_string"}}],"inLanguage":"fr-FR"}]}},"_links":{"self":[{"href":"https:\/\/www.teknocanta.com\/fr\/wp-json\/wp\/v2\/product\/37209","targetHints":{"allow":["GET"]}}],"collection":[{"href":"https:\/\/www.teknocanta.com\/fr\/wp-json\/wp\/v2\/product"}],"about":[{"href":"https:\/\/www.teknocanta.com\/fr\/wp-json\/wp\/v2\/types\/product"}],"replies":[{"embeddable":true,"href":"https:\/\/www.teknocanta.com\/fr\/wp-json\/wp\/v2\/comments?post=37209"}],"wp:featuredmedia":[{"embeddable":true,"href":"https:\/\/www.teknocanta.com\/fr\/wp-json\/wp\/v2\/media\/37323"}],"wp:attachment":[{"href":"https:\/\/www.teknocanta.com\/fr\/wp-json\/wp\/v2\/media?parent=37209"}],"wp:term":[{"taxonomy":"product_brand","embeddable":true,"href":"https:\/\/www.teknocanta.com\/fr\/wp-json\/wp\/v2\/product_brand?post=37209"},{"taxonomy":"product_cat","embeddable":true,"href":"https:\/\/www.teknocanta.com\/fr\/wp-json\/wp\/v2\/product_cat?post=37209"},{"taxonomy":"product_tag","embeddable":true,"href":"https:\/\/www.teknocanta.com\/fr\/wp-json\/wp\/v2\/product_tag?post=37209"}],"curies":[{"name":"wp","href":"https:\/\/api.w.org\/{rel}","templated":true}]}}