{"id":37155,"date":"2021-10-14T15:50:04","date_gmt":"2021-10-14T12:50:04","guid":{"rendered":"https:\/\/www.teknocanta.com\/?post_type=product&#038;p=37155"},"modified":"2025-09-19T02:22:29","modified_gmt":"2025-09-18T23:22:29","slug":"ipli-sirt-cantasi","status":"publish","type":"product","link":"https:\/\/www.teknocanta.com\/fr\/urun\/ipli-sirt-cantasi\/","title":{"rendered":"\u0130pli S\u0131rt \u00c7antas\u0131"},"content":{"rendered":"<div><font face=\"Calibri, sans-serif\"><span style=\"font-size: 13.3333px;\">Promosyon Fermuarl\u0131 cepli ipli \u00e7anta<\/span><\/font><\/div>\n<div><font face=\"Calibri, sans-serif\"><span style=\"font-size: 13.3333px;\">32&#215;45 cm ebat<\/span><\/font><\/div>\n<div><font face=\"Calibri, sans-serif\"><span style=\"font-size: 13.3333px;\">270 D su ge\u00e7irmez imperteks kuma\u015f<\/span><\/font><\/div>\n<div><font face=\"Calibri, sans-serif\"><span style=\"font-size: 13.3333px;\">Ku\u015f G\u00f6z\u00fc, k\u00f6\u015fe deri par\u00e7al\u0131, fermuarl\u0131 i\u00e7 cepli<\/span><\/font><\/div>\n<div><font face=\"Calibri, sans-serif\"><span style=\"font-size: 13.3333px;\">Farkl\u0131 renk se\u00e7enekleri<\/span><\/font><\/div>\n<div><font face=\"Calibri, sans-serif\"><span style=\"font-size: 13.3333px;\">&nbsp;<\/span><\/font><\/div>\n<div><font face=\"Calibri, sans-serif\"><span style=\"font-size: 13.3333px;\">Farkl\u0131 adet ve ebatlardaki fiyat istekleriniz i\u00e7in ileti\u015fim k\u0131sm\u0131ndaki mail adresimize mail atarak fiyat isteyebilirsiniz.<\/span><\/font><\/div>\n<div><font face=\"Calibri, sans-serif\"><span style=\"font-size: 13.3333px;\">&nbsp;<\/span><\/font><\/div>\n<div><font face=\"Calibri, sans-serif\"><span style=\"font-size: 13.3333px;\">\u0130pli b\u00fczg\u00fcl\u00fc \u0130mperteks \u00e7anta sipari\u015f vermeyi d\u00fc\u015f\u00fcn\u00fcyorsan\u0131z veya fiyat bilgisi almak istiyorsan\u0131z, sipari\u015f adedinizi, \u00e7anta \u00fczerine bas\u0131lacak g\u00f6rseli ve ebat bilgisi ile birlikte ileti\u015fim k\u0131sm\u0131nda bulunan e-mail adresimize l\u00fctfen e-mail at\u0131n\u0131z. Bask\u0131daki renk say\u0131s\u0131, bas\u0131lacak g\u00f6rsele g\u00f6re bask\u0131 tekni\u011fi ve sipari\u015f adedi fiyat\u0131 etkileyen unsurlard\u0131r. M\u00fc\u015fteri temsilcimiz ayn\u0131 g\u00fcn i\u00e7erisinde en k\u0131sa zamanda taraf\u0131n\u0131za d\u00f6n\u00fc\u015f sa\u011flayacakt\u0131r.&nbsp;<\/span><\/font><\/div>\n<div><font face=\"Calibri, sans-serif\"><span style=\"font-size: 13.3333px;\">&nbsp;<\/span><\/font><\/div>\n<div><font face=\"Calibri, sans-serif\"><span style=\"font-size: 13.3333px;\">Promosyon ipli b\u00fczg\u00fcl\u00fc imperteks \u00e7antalarda kullan\u0131lan kuma\u015f kal\u0131nl\u0131klar\u0131 ortalama 270 denyedir. En \u00e7ok tercih edilen ebat 32&#215;45 cm b\u00fcy\u00fckl\u00fc\u011f\u00fcndedir. \u0130pli b\u00fczg\u00fcl\u00fc imperteks \u00e7antalar astar veya polyester \u00e7anta olarak ta bilinirler.<\/span><\/font><\/div>\n<div><font face=\"Calibri, sans-serif\"><span style=\"font-size: 13.3333px;\">&nbsp;<\/span><\/font><\/div>\n<div><font face=\"Calibri, sans-serif\"><span style=\"font-size: 13.3333px;\">\u0130pli b\u00fczg\u00fcl\u00fc imperteks \u00e7antalar\u0131n ortalama imalat s\u00fcreleri bir haftad\u0131r, i\u015fin \u00f6nemine g\u00f6re daha erken de verilebilir. Logonuzdaki renk say\u0131s\u0131na g\u00f6re bir renk veya \u00e7ok renkli bask\u0131lar yap\u0131labilmektedir. Bas\u0131lacak g\u00f6rsele g\u00f6re farkl\u0131 bask\u0131 teknikleri kullan\u0131labilir. Bask\u0131 \u00e7antan\u0131n bir y\u00fcz\u00fcne dilerseniz iki taraf\u0131na da yap\u0131labilir. \u00c7anta \u00fczerine bas\u0131lacak g\u00f6rsel \u00e7antan\u0131n bir k\u0131sm\u0131na veya tamam\u0131n\u0131 kaplayacak \u015fekilde bas\u0131labilmektedir. Ekonomik olmas\u0131 a\u00e7\u0131s\u0131ndan Genelde tek tarafa tek renk bask\u0131 tercih edilmektedir,&nbsp;<\/span><\/font><\/div>\n<div><font face=\"Calibri, sans-serif\"><span style=\"font-size: 13.3333px;\">&nbsp;<\/span><\/font><\/div>\n<div><font face=\"Calibri, sans-serif\"><span style=\"font-size: 13.3333px;\">\u0130pli b\u00fczg\u00fcl\u00fc imperteks \u00e7antalar\u0131 beyaz veya renkli olarak tercih edebilirsiniz. \u0130pli b\u00fczg\u00fcl\u00fc imperteks \u00e7antalar\u0131 elde veya \u00e7ama\u015f\u0131r makinesinde y\u0131kaman\u0131zda mahsur yoktur, \u00fcr\u00fcn\u00fcn y\u0131kanmas\u0131 \u00fczerindeki bask\u0131n\u0131n \u00e7\u0131kmas\u0131na sebep olmaz.<\/span><\/font><\/div>\n<div><font face=\"Calibri, sans-serif\"><span style=\"font-size: 13.3333px;\">&nbsp;<\/span><\/font><\/div>\n<div><font face=\"Calibri, sans-serif\"><span style=\"font-size: 13.3333px;\">\u0130pli b\u00fczg\u00fcl\u00fc imperteks \u00e7antalar Promosyon ama\u00e7l\u0131 Fuar ve Sempozyum gibi Her T\u00fcrl\u00fc etkinliklerinizde kullanabilece\u011finiz, m\u00fc\u015fterilerinize hediye edebilece\u011finiz, kullan\u0131\u015fl\u0131 bir Promosyon \u00fcr\u00fcn\u00fcd\u00fcr, Su ge\u00e7irmez \u00f6zelli\u011finden dolay\u0131 plaj \u00e7antas\u0131 olarak da tercih edilmektedir. Okul ve dershanelerde \u00f6\u011frencilerin en \u00e7ok tercih etti\u011fi \u00e7anta modellerindendir. Dayan\u0131kl\u0131 ve sa\u011flam bir \u00e7anta modeli olmas\u0131ndan dolay\u0131 Spor okullar\u0131, y\u00fczme kurslar\u0131 gibi kurumlar bu \u00e7anta modelini \u00e7ok\u00e7a tercih etmektedirler.<\/span><\/font><\/div>\n<div><font face=\"Calibri, sans-serif\"><span style=\"font-size: 13.3333px;\"><br \/><\/span><\/font><\/div>\n<div><font face=\"Calibri, sans-serif\"><span style=\"font-size: 13.3333px;\">\u015eirketinizin konumuna g\u00f6re \u00fcr\u00fcnleri teslim edebiliriz veya anla\u015fmal\u0131 oldu\u011fumuz kargo \u015firketi ile t\u00fcm T\u00fcrkiye&rsquo;ye ula\u015ft\u0131rmaktay\u0131z.<\/span><\/font><\/div>\n","protected":false},"excerpt":{"rendered":"<p>Promosyon Fermuarl\u0131 cepli ipli \u00e7anta 32&#215;45 cm ebat 270 D su ge\u00e7irmez imperteks kuma\u015f Ku\u015f G\u00f6z\u00fc, k\u00f6\u015fe deri par\u00e7al\u0131, fermuarl\u0131 i\u00e7 cepli Farkl\u0131 renk se\u00e7enekleri &nbsp; Farkl\u0131 adet ve ebatlardaki fiyat istekleriniz i\u00e7in ileti\u015fim k\u0131sm\u0131ndaki mail adresimize mail atarak fiyat isteyebilirsiniz. &nbsp; \u0130pli b\u00fczg\u00fcl\u00fc \u0130mperteks \u00e7anta sipari\u015f vermeyi d\u00fc\u015f\u00fcn\u00fcyorsan\u0131z veya fiyat bilgisi almak istiyorsan\u0131z, sipari\u015f&hellip;<\/p>\n","protected":false},"featured_media":37234,"comment_status":"open","ping_status":"closed","template":"","meta":[],"product_brand":[],"product_cat":[763],"product_tag":[750,801,803,806,214,810,813,836,837,838,839,840,841,847,815,816,817,819,820,715],"class_list":{"0":"post-37155","1":"product","2":"type-product","3":"status-publish","4":"has-post-thumbnail","6":"product_cat-ipli-buzgulu-canta-2","7":"product_tag-agzi-buzgulu-bez-torba","8":"product_tag-agzi-buzgulu-canta","9":"product_tag-agzi-buzgulu-sirt-cantasi","10":"product_tag-baskili-bez-canta","11":"product_tag-bez-canta-fiyatlari","12":"product_tag-bez-sirt-cantasi","13":"product_tag-buzgulu-bez-sirt-cantasi","14":"product_tag-buzgulu-canta-satin-al","15":"product_tag-buzgulu-cantalar","16":"product_tag-buzgulu-sirt-cantasi","17":"product_tag-buzgulu-spor-canta","18":"product_tag-buzgulu-torba","19":"product_tag-buzgulu-torba-canta","20":"product_tag-ipli-bez-sirt-cantasi","21":"product_tag-ipli-canta-erkek","22":"product_tag-ipli-canta-fiyatlari","23":"product_tag-ipli-canta-modelleri","24":"product_tag-ipli-okul-cantasi","25":"product_tag-ipli-poset-canta","26":"product_tag-promosyon","27":"description-off","29":"first","30":"instock","31":"shipping-taxable","32":"purchasable","33":"product-type-simple"},"yoast_head":"<!-- This site is optimized with the Yoast SEO plugin v26.6 - https:\/\/yoast.com\/wordpress\/plugins\/seo\/ -->\n<title>\u0130pli S\u0131rt \u00c7antas\u0131 - Tekno \u00c7anta - Promosyon Toptan \u00c7anta \u0130malat\u0131<\/title>\n<meta name=\"robots\" content=\"index, follow, max-snippet:-1, max-image-preview:large, max-video-preview:-1\" \/>\n<link rel=\"canonical\" href=\"https:\/\/www.teknocanta.com\/ipli-sirt-cantasi\/\" \/>\n<meta property=\"og:locale\" content=\"fr_FR\" \/>\n<meta property=\"og:type\" content=\"article\" \/>\n<meta property=\"og:title\" content=\"\u0130pli S\u0131rt \u00c7antas\u0131 - Tekno \u00c7anta - Promosyon Toptan \u00c7anta \u0130malat\u0131\" \/>\n<meta property=\"og:description\" content=\"Promosyon Fermuarl\u0131 cepli ipli \u00e7anta 32&#215;45 cm ebat 270 D su ge\u00e7irmez imperteks kuma\u015f Ku\u015f G\u00f6z\u00fc, k\u00f6\u015fe deri par\u00e7al\u0131, fermuarl\u0131 i\u00e7 cepli Farkl\u0131 renk se\u00e7enekleri &nbsp; Farkl\u0131 adet ve ebatlardaki fiyat istekleriniz i\u00e7in ileti\u015fim k\u0131sm\u0131ndaki mail adresimize mail atarak fiyat isteyebilirsiniz. &nbsp; \u0130pli b\u00fczg\u00fcl\u00fc \u0130mperteks \u00e7anta sipari\u015f vermeyi d\u00fc\u015f\u00fcn\u00fcyorsan\u0131z veya fiyat bilgisi almak istiyorsan\u0131z, sipari\u015f&hellip;\" \/>\n<meta property=\"og:url\" content=\"https:\/\/www.teknocanta.com\/ipli-sirt-cantasi\/\" \/>\n<meta property=\"og:site_name\" content=\"Tekno \u00c7anta - Promosyon Toptan \u00c7anta \u0130malat\u0131\" \/>\n<meta property=\"article:modified_time\" content=\"2025-09-18T23:22:29+00:00\" \/>\n<meta property=\"og:image\" content=\"https:\/\/www.teknocanta.com\/wp-content\/uploads\/2021\/10\/imperteks017_iplisugeirmezsrtantas.jpg\" \/>\n\t<meta property=\"og:image:width\" content=\"600\" \/>\n\t<meta property=\"og:image:height\" content=\"600\" \/>\n\t<meta property=\"og:image:type\" content=\"image\/jpeg\" \/>\n<meta name=\"twitter:card\" content=\"summary_large_image\" \/>\n<meta name=\"twitter:label1\" content=\"Dur\u00e9e de lecture estim\u00e9e\" \/>\n\t<meta name=\"twitter:data1\" content=\"2 minutes\" \/>\n<script type=\"application\/ld+json\" class=\"yoast-schema-graph\">{\"@context\":\"https:\/\/schema.org\",\"@graph\":[{\"@type\":\"WebPage\",\"@id\":\"https:\/\/www.teknocanta.com\/ipli-sirt-cantasi\/\",\"url\":\"https:\/\/www.teknocanta.com\/ipli-sirt-cantasi\/\",\"name\":\"\u0130pli S\u0131rt \u00c7antas\u0131 - Tekno \u00c7anta - Promosyon Toptan \u00c7anta \u0130malat\u0131\",\"isPartOf\":{\"@id\":\"https:\/\/www.teknocanta.com\/#website\"},\"primaryImageOfPage\":{\"@id\":\"https:\/\/www.teknocanta.com\/ipli-sirt-cantasi\/#primaryimage\"},\"image\":{\"@id\":\"https:\/\/www.teknocanta.com\/ipli-sirt-cantasi\/#primaryimage\"},\"thumbnailUrl\":\"https:\/\/www.teknocanta.com\/wp-content\/uploads\/2021\/10\/imperteks017_iplisugeirmezsrtantas.jpg\",\"datePublished\":\"2021-10-14T12:50:04+00:00\",\"dateModified\":\"2025-09-18T23:22:29+00:00\",\"breadcrumb\":{\"@id\":\"https:\/\/www.teknocanta.com\/ipli-sirt-cantasi\/#breadcrumb\"},\"inLanguage\":\"fr-FR\",\"potentialAction\":[{\"@type\":\"ReadAction\",\"target\":[\"https:\/\/www.teknocanta.com\/ipli-sirt-cantasi\/\"]}]},{\"@type\":\"ImageObject\",\"inLanguage\":\"fr-FR\",\"@id\":\"https:\/\/www.teknocanta.com\/ipli-sirt-cantasi\/#primaryimage\",\"url\":\"https:\/\/www.teknocanta.com\/wp-content\/uploads\/2021\/10\/imperteks017_iplisugeirmezsrtantas.jpg\",\"contentUrl\":\"https:\/\/www.teknocanta.com\/wp-content\/uploads\/2021\/10\/imperteks017_iplisugeirmezsrtantas.jpg\",\"width\":600,\"height\":600},{\"@type\":\"BreadcrumbList\",\"@id\":\"https:\/\/www.teknocanta.com\/ipli-sirt-cantasi\/#breadcrumb\",\"itemListElement\":[{\"@type\":\"ListItem\",\"position\":1,\"name\":\"Ana sayfa\",\"item\":\"https:\/\/www.teknocanta.com\/fr\/\"},{\"@type\":\"ListItem\",\"position\":2,\"name\":\"\u00dcr\u00fcnler\",\"item\":\"https:\/\/www.teknocanta.com\/urunler\/\"},{\"@type\":\"ListItem\",\"position\":3,\"name\":\"\u0130pli S\u0131rt \u00c7antas\u0131\"}]},{\"@type\":\"WebSite\",\"@id\":\"https:\/\/www.teknocanta.com\/#website\",\"url\":\"https:\/\/www.teknocanta.com\/\",\"name\":\"Tekno \u00c7anta - Promosyon Toptan \u00c7anta \u0130malat\u0131\",\"description\":\"Toptan \u00e7anta imalat\u0131, ham bez \u00e7anta, s\u0131rt \u00e7antalar\u0131, laptop ve evrak \u00e7antalar\u0131, kongre \u00e7antalar\u0131, fuar \u00e7antas\u0131 ve ipli b\u00fczg\u00fcl\u00fc \u00e7anta imalat\u0131 yapmaktay\u0131z.\",\"potentialAction\":[{\"@type\":\"SearchAction\",\"target\":{\"@type\":\"EntryPoint\",\"urlTemplate\":\"https:\/\/www.teknocanta.com\/?s={search_term_string}\"},\"query-input\":{\"@type\":\"PropertyValueSpecification\",\"valueRequired\":true,\"valueName\":\"search_term_string\"}}],\"inLanguage\":\"fr-FR\"}]}<\/script>\n<!-- \/ Yoast SEO plugin. -->","yoast_head_json":{"title":"\u0130pli S\u0131rt \u00c7antas\u0131 - Tekno \u00c7anta - Promosyon Toptan \u00c7anta \u0130malat\u0131","robots":{"index":"index","follow":"follow","max-snippet":"max-snippet:-1","max-image-preview":"max-image-preview:large","max-video-preview":"max-video-preview:-1"},"canonical":"https:\/\/www.teknocanta.com\/ipli-sirt-cantasi\/","og_locale":"fr_FR","og_type":"article","og_title":"\u0130pli S\u0131rt \u00c7antas\u0131 - Tekno \u00c7anta - Promosyon Toptan \u00c7anta \u0130malat\u0131","og_description":"Promosyon Fermuarl\u0131 cepli ipli \u00e7anta 32&#215;45 cm ebat 270 D su ge\u00e7irmez imperteks kuma\u015f Ku\u015f G\u00f6z\u00fc, k\u00f6\u015fe deri par\u00e7al\u0131, fermuarl\u0131 i\u00e7 cepli Farkl\u0131 renk se\u00e7enekleri &nbsp; Farkl\u0131 adet ve ebatlardaki fiyat istekleriniz i\u00e7in ileti\u015fim k\u0131sm\u0131ndaki mail adresimize mail atarak fiyat isteyebilirsiniz. &nbsp; \u0130pli b\u00fczg\u00fcl\u00fc \u0130mperteks \u00e7anta sipari\u015f vermeyi d\u00fc\u015f\u00fcn\u00fcyorsan\u0131z veya fiyat bilgisi almak istiyorsan\u0131z, sipari\u015f&hellip;","og_url":"https:\/\/www.teknocanta.com\/ipli-sirt-cantasi\/","og_site_name":"Tekno \u00c7anta - Promosyon Toptan \u00c7anta \u0130malat\u0131","article_modified_time":"2025-09-18T23:22:29+00:00","og_image":[{"width":600,"height":600,"url":"https:\/\/www.teknocanta.com\/wp-content\/uploads\/2021\/10\/imperteks017_iplisugeirmezsrtantas.jpg","type":"image\/jpeg"}],"twitter_card":"summary_large_image","twitter_misc":{"Dur\u00e9e de lecture estim\u00e9e":"2 minutes"},"schema":{"@context":"https:\/\/schema.org","@graph":[{"@type":"WebPage","@id":"https:\/\/www.teknocanta.com\/ipli-sirt-cantasi\/","url":"https:\/\/www.teknocanta.com\/ipli-sirt-cantasi\/","name":"\u0130pli S\u0131rt \u00c7antas\u0131 - Tekno \u00c7anta - Promosyon Toptan \u00c7anta \u0130malat\u0131","isPartOf":{"@id":"https:\/\/www.teknocanta.com\/#website"},"primaryImageOfPage":{"@id":"https:\/\/www.teknocanta.com\/ipli-sirt-cantasi\/#primaryimage"},"image":{"@id":"https:\/\/www.teknocanta.com\/ipli-sirt-cantasi\/#primaryimage"},"thumbnailUrl":"https:\/\/www.teknocanta.com\/wp-content\/uploads\/2021\/10\/imperteks017_iplisugeirmezsrtantas.jpg","datePublished":"2021-10-14T12:50:04+00:00","dateModified":"2025-09-18T23:22:29+00:00","breadcrumb":{"@id":"https:\/\/www.teknocanta.com\/ipli-sirt-cantasi\/#breadcrumb"},"inLanguage":"fr-FR","potentialAction":[{"@type":"ReadAction","target":["https:\/\/www.teknocanta.com\/ipli-sirt-cantasi\/"]}]},{"@type":"ImageObject","inLanguage":"fr-FR","@id":"https:\/\/www.teknocanta.com\/ipli-sirt-cantasi\/#primaryimage","url":"https:\/\/www.teknocanta.com\/wp-content\/uploads\/2021\/10\/imperteks017_iplisugeirmezsrtantas.jpg","contentUrl":"https:\/\/www.teknocanta.com\/wp-content\/uploads\/2021\/10\/imperteks017_iplisugeirmezsrtantas.jpg","width":600,"height":600},{"@type":"BreadcrumbList","@id":"https:\/\/www.teknocanta.com\/ipli-sirt-cantasi\/#breadcrumb","itemListElement":[{"@type":"ListItem","position":1,"name":"Ana sayfa","item":"https:\/\/www.teknocanta.com\/fr\/"},{"@type":"ListItem","position":2,"name":"\u00dcr\u00fcnler","item":"https:\/\/www.teknocanta.com\/urunler\/"},{"@type":"ListItem","position":3,"name":"\u0130pli S\u0131rt \u00c7antas\u0131"}]},{"@type":"WebSite","@id":"https:\/\/www.teknocanta.com\/#website","url":"https:\/\/www.teknocanta.com\/","name":"Tekno \u00c7anta - Promosyon Toptan \u00c7anta \u0130malat\u0131","description":"Toptan \u00e7anta imalat\u0131, ham bez \u00e7anta, s\u0131rt \u00e7antalar\u0131, laptop ve evrak \u00e7antalar\u0131, kongre \u00e7antalar\u0131, fuar \u00e7antas\u0131 ve ipli b\u00fczg\u00fcl\u00fc \u00e7anta imalat\u0131 yapmaktay\u0131z.","potentialAction":[{"@type":"SearchAction","target":{"@type":"EntryPoint","urlTemplate":"https:\/\/www.teknocanta.com\/?s={search_term_string}"},"query-input":{"@type":"PropertyValueSpecification","valueRequired":true,"valueName":"search_term_string"}}],"inLanguage":"fr-FR"}]}},"_links":{"self":[{"href":"https:\/\/www.teknocanta.com\/fr\/wp-json\/wp\/v2\/product\/37155","targetHints":{"allow":["GET"]}}],"collection":[{"href":"https:\/\/www.teknocanta.com\/fr\/wp-json\/wp\/v2\/product"}],"about":[{"href":"https:\/\/www.teknocanta.com\/fr\/wp-json\/wp\/v2\/types\/product"}],"replies":[{"embeddable":true,"href":"https:\/\/www.teknocanta.com\/fr\/wp-json\/wp\/v2\/comments?post=37155"}],"wp:featuredmedia":[{"embeddable":true,"href":"https:\/\/www.teknocanta.com\/fr\/wp-json\/wp\/v2\/media\/37234"}],"wp:attachment":[{"href":"https:\/\/www.teknocanta.com\/fr\/wp-json\/wp\/v2\/media?parent=37155"}],"wp:term":[{"taxonomy":"product_brand","embeddable":true,"href":"https:\/\/www.teknocanta.com\/fr\/wp-json\/wp\/v2\/product_brand?post=37155"},{"taxonomy":"product_cat","embeddable":true,"href":"https:\/\/www.teknocanta.com\/fr\/wp-json\/wp\/v2\/product_cat?post=37155"},{"taxonomy":"product_tag","embeddable":true,"href":"https:\/\/www.teknocanta.com\/fr\/wp-json\/wp\/v2\/product_tag?post=37155"}],"curies":[{"name":"wp","href":"https:\/\/api.w.org\/{rel}","templated":true}]}}