{"id":44128,"date":"2016-06-20T09:22:56","date_gmt":"2016-06-20T06:22:56","guid":{"rendered":"https:\/\/www.teknocanta.com\/produits\/"},"modified":"2023-05-27T23:59:25","modified_gmt":"2023-05-27T20:59:25","slug":"produits","status":"publish","type":"page","link":"https:\/\/www.teknocanta.com\/fr\/produits\/","title":{"rendered":"Produits"},"content":{"rendered":"","protected":false},"excerpt":{"rendered":"","protected":false},"author":1,"featured_media":0,"parent":0,"menu_order":0,"comment_status":"closed","ping_status":"closed","template":"","meta":{"footnotes":""},"class_list":["post-44128","page","type-page","status-publish","hentry","description-off"],"yoast_head":"<!-- This site is optimized with the Yoast SEO plugin v26.6 - https:\/\/yoast.com\/wordpress\/plugins\/seo\/ -->\n<title>Produits - Tekno \u00c7anta - Promosyon Toptan \u00c7anta \u0130malat\u0131<\/title>\n<meta name=\"description\" content=\"Tekno Bag est un fabricant de sacs promotionnels en gros. Nous fabriquons toutes sortes de sacs promotionnels, des sacs personnalis\u00e9s imprim\u00e9s avec un logo. Visitez notre site web\" \/>\n<meta name=\"robots\" content=\"index, follow, max-snippet:-1, max-image-preview:large, max-video-preview:-1\" \/>\n<link rel=\"canonical\" href=\"https:\/\/www.teknocanta.com\/fr\/produits\/\" \/>\n<meta property=\"og:locale\" content=\"fr_FR\" \/>\n<meta property=\"og:type\" content=\"article\" \/>\n<meta property=\"og:title\" content=\"Produits - Tekno \u00c7anta - Promosyon Toptan \u00c7anta \u0130malat\u0131\" \/>\n<meta property=\"og:description\" content=\"Tekno Bag est un fabricant de sacs promotionnels en gros. Nous fabriquons toutes sortes de sacs promotionnels, des sacs personnalis\u00e9s imprim\u00e9s avec un logo. Visitez notre site web\" \/>\n<meta property=\"og:url\" content=\"https:\/\/www.teknocanta.com\/fr\/produits\/\" \/>\n<meta property=\"og:site_name\" content=\"Tekno \u00c7anta - Promosyon Toptan \u00c7anta \u0130malat\u0131\" \/>\n<meta property=\"article:modified_time\" content=\"2023-05-27T20:59:25+00:00\" \/>\n<meta name=\"twitter:card\" content=\"summary_large_image\" \/>\n<script type=\"application\/ld+json\" class=\"yoast-schema-graph\">{\"@context\":\"https:\/\/schema.org\",\"@graph\":[{\"@type\":\"WebPage\",\"@id\":\"https:\/\/www.teknocanta.com\/fr\/produits\/\",\"url\":\"https:\/\/www.teknocanta.com\/fr\/produits\/\",\"name\":\"Produits - Tekno \u00c7anta - Promosyon Toptan \u00c7anta \u0130malat\u0131\",\"isPartOf\":{\"@id\":\"https:\/\/www.teknocanta.com\/#website\"},\"datePublished\":\"2016-06-20T06:22:56+00:00\",\"dateModified\":\"2023-05-27T20:59:25+00:00\",\"description\":\"Tekno Bag est un fabricant de sacs promotionnels en gros. Nous fabriquons toutes sortes de sacs promotionnels, des sacs personnalis\u00e9s imprim\u00e9s avec un logo. Visitez notre site web\",\"breadcrumb\":{\"@id\":\"https:\/\/www.teknocanta.com\/fr\/produits\/#breadcrumb\"},\"inLanguage\":\"fr-FR\",\"potentialAction\":[{\"@type\":\"ReadAction\",\"target\":[\"https:\/\/www.teknocanta.com\/fr\/produits\/\"]}]},{\"@type\":\"BreadcrumbList\",\"@id\":\"https:\/\/www.teknocanta.com\/fr\/produits\/#breadcrumb\",\"itemListElement\":[{\"@type\":\"ListItem\",\"position\":1,\"name\":\"Ana sayfa\",\"item\":\"https:\/\/www.teknocanta.com\/fr\/\"},{\"@type\":\"ListItem\",\"position\":2,\"name\":\"Produits\"}]},{\"@type\":\"WebSite\",\"@id\":\"https:\/\/www.teknocanta.com\/#website\",\"url\":\"https:\/\/www.teknocanta.com\/\",\"name\":\"Tekno \u00c7anta - Promosyon Toptan \u00c7anta \u0130malat\u0131\",\"description\":\"Toptan \u00e7anta imalat\u0131, ham bez \u00e7anta, s\u0131rt \u00e7antalar\u0131, laptop ve evrak \u00e7antalar\u0131, kongre \u00e7antalar\u0131, fuar \u00e7antas\u0131 ve ipli b\u00fczg\u00fcl\u00fc \u00e7anta imalat\u0131 yapmaktay\u0131z.\",\"potentialAction\":[{\"@type\":\"SearchAction\",\"target\":{\"@type\":\"EntryPoint\",\"urlTemplate\":\"https:\/\/www.teknocanta.com\/?s={search_term_string}\"},\"query-input\":{\"@type\":\"PropertyValueSpecification\",\"valueRequired\":true,\"valueName\":\"search_term_string\"}}],\"inLanguage\":\"fr-FR\"}]}<\/script>\n<!-- \/ Yoast SEO plugin. -->","yoast_head_json":{"title":"Produits - Tekno \u00c7anta - Promosyon Toptan \u00c7anta \u0130malat\u0131","description":"Tekno Bag est un fabricant de sacs promotionnels en gros. Nous fabriquons toutes sortes de sacs promotionnels, des sacs personnalis\u00e9s imprim\u00e9s avec un logo. Visitez notre site web","robots":{"index":"index","follow":"follow","max-snippet":"max-snippet:-1","max-image-preview":"max-image-preview:large","max-video-preview":"max-video-preview:-1"},"canonical":"https:\/\/www.teknocanta.com\/fr\/produits\/","og_locale":"fr_FR","og_type":"article","og_title":"Produits - Tekno \u00c7anta - Promosyon Toptan \u00c7anta \u0130malat\u0131","og_description":"Tekno Bag est un fabricant de sacs promotionnels en gros. Nous fabriquons toutes sortes de sacs promotionnels, des sacs personnalis\u00e9s imprim\u00e9s avec un logo. Visitez notre site web","og_url":"https:\/\/www.teknocanta.com\/fr\/produits\/","og_site_name":"Tekno \u00c7anta - Promosyon Toptan \u00c7anta \u0130malat\u0131","article_modified_time":"2023-05-27T20:59:25+00:00","twitter_card":"summary_large_image","schema":{"@context":"https:\/\/schema.org","@graph":[{"@type":"WebPage","@id":"https:\/\/www.teknocanta.com\/fr\/produits\/","url":"https:\/\/www.teknocanta.com\/fr\/produits\/","name":"Produits - Tekno \u00c7anta - Promosyon Toptan \u00c7anta \u0130malat\u0131","isPartOf":{"@id":"https:\/\/www.teknocanta.com\/#website"},"datePublished":"2016-06-20T06:22:56+00:00","dateModified":"2023-05-27T20:59:25+00:00","description":"Tekno Bag est un fabricant de sacs promotionnels en gros. Nous fabriquons toutes sortes de sacs promotionnels, des sacs personnalis\u00e9s imprim\u00e9s avec un logo. Visitez notre site web","breadcrumb":{"@id":"https:\/\/www.teknocanta.com\/fr\/produits\/#breadcrumb"},"inLanguage":"fr-FR","potentialAction":[{"@type":"ReadAction","target":["https:\/\/www.teknocanta.com\/fr\/produits\/"]}]},{"@type":"BreadcrumbList","@id":"https:\/\/www.teknocanta.com\/fr\/produits\/#breadcrumb","itemListElement":[{"@type":"ListItem","position":1,"name":"Ana sayfa","item":"https:\/\/www.teknocanta.com\/fr\/"},{"@type":"ListItem","position":2,"name":"Produits"}]},{"@type":"WebSite","@id":"https:\/\/www.teknocanta.com\/#website","url":"https:\/\/www.teknocanta.com\/","name":"Tekno \u00c7anta - Promosyon Toptan \u00c7anta \u0130malat\u0131","description":"Toptan \u00e7anta imalat\u0131, ham bez \u00e7anta, s\u0131rt \u00e7antalar\u0131, laptop ve evrak \u00e7antalar\u0131, kongre \u00e7antalar\u0131, fuar \u00e7antas\u0131 ve ipli b\u00fczg\u00fcl\u00fc \u00e7anta imalat\u0131 yapmaktay\u0131z.","potentialAction":[{"@type":"SearchAction","target":{"@type":"EntryPoint","urlTemplate":"https:\/\/www.teknocanta.com\/?s={search_term_string}"},"query-input":{"@type":"PropertyValueSpecification","valueRequired":true,"valueName":"search_term_string"}}],"inLanguage":"fr-FR"}]}},"_links":{"self":[{"href":"https:\/\/www.teknocanta.com\/fr\/wp-json\/wp\/v2\/pages\/44128","targetHints":{"allow":["GET"]}}],"collection":[{"href":"https:\/\/www.teknocanta.com\/fr\/wp-json\/wp\/v2\/pages"}],"about":[{"href":"https:\/\/www.teknocanta.com\/fr\/wp-json\/wp\/v2\/types\/page"}],"author":[{"embeddable":true,"href":"https:\/\/www.teknocanta.com\/fr\/wp-json\/wp\/v2\/users\/1"}],"replies":[{"embeddable":true,"href":"https:\/\/www.teknocanta.com\/fr\/wp-json\/wp\/v2\/comments?post=44128"}],"version-history":[{"count":1,"href":"https:\/\/www.teknocanta.com\/fr\/wp-json\/wp\/v2\/pages\/44128\/revisions"}],"predecessor-version":[{"id":44235,"href":"https:\/\/www.teknocanta.com\/fr\/wp-json\/wp\/v2\/pages\/44128\/revisions\/44235"}],"wp:attachment":[{"href":"https:\/\/www.teknocanta.com\/fr\/wp-json\/wp\/v2\/media?parent=44128"}],"curies":[{"name":"wp","href":"https:\/\/api.w.org\/{rel}","templated":true}]}}