{"id":44108,"date":"2016-06-13T15:48:45","date_gmt":"2016-06-13T12:48:45","guid":{"rendered":"https:\/\/www.teknocanta.com\/a-propos-de-nous\/"},"modified":"2023-05-27T23:57:25","modified_gmt":"2023-05-27T20:57:25","slug":"a-propos-de-nous","status":"publish","type":"page","link":"https:\/\/www.teknocanta.com\/fr\/a-propos-de-nous\/","title":{"rendered":"\u00c0 propos de nous"},"content":{"rendered":"<div class=\"wpb-content-wrapper\"><p>[vc_row wrap_container=\u00a0\u00bbyes\u00a0\u00bb css=\u00a0\u00bb.vc_custom_1519804692056{padding-top: 30px !important;padding-bottom: 30px !important;}\u00a0\u00bb][vc_column]<div id=\"ultimate-heading-839669e770124c9fd\" class=\"uvc-heading ult-adjust-bottom-margin ultimate-heading-839669e770124c9fd uvc-8014  uvc-heading-default-font-sizes\" data-hspacer=\"no_spacer\"  data-halign=\"center\" style=\"text-align:center\"><div class=\"uvc-heading-spacer no_spacer\" style=\"top\"><\/div><div class=\"uvc-main-heading ult-responsive\"  data-ultimate-target='.uvc-heading.ultimate-heading-839669e770124c9fd h2'  data-responsive-json-new='{\"font-size\":\"\",\"line-height\":\"\"}' ><h2 style=\"font-family:&#039;Roboto&#039;;--font-weight:theme;\">Tekno Bag - Fabrication de sacs promotionnels<\/h2><\/div><div class=\"uvc-sub-heading ult-responsive\"  data-ultimate-target='.uvc-heading.ultimate-heading-839669e770124c9fd .uvc-sub-heading '  data-responsive-json-new='{\"font-size\":\"\",\"line-height\":\"\"}'  style=\"font-family:&#039;Roboto&#039;;font-weight:normal;margin-bottom:20px;\"><\/p>\n<h3>Entreprise leader dans le secteur des sacs promotionnels<\/h3>\n<p><\/div><\/div>[vc_column_text]Forte de plus de 15 ans de connaissances et d&rsquo;exp\u00e9rience dans le secteur, elle fabrique, importe et exporte des produits promotionnels, des cadeaux publicitaires et des souvenirs avec une \u00e9quipe de vente et de marketing jeune et dynamique, dans le cadre d&rsquo;une approche de service totalement orient\u00e9e vers le client. Elle dessert les march\u00e9s nationaux et \u00e9trangers gr\u00e2ce \u00e0 un vaste r\u00e9seau de vente et de marketing dans le secteur de la promotion, des cadeaux et des souvenirs. Depuis le premier jour de sa cr\u00e9ation, elle a toujours accord\u00e9 la priorit\u00e9 \u00e0 la qualit\u00e9 du service et des produits et n&rsquo;a jamais compromis le principe d&rsquo;offrir le bon produit \u00e0 ses clients, en temps voulu et au prix le plus abordable. Notre entreprise, qui a adopt\u00e9 comme principe un service enti\u00e8rement orient\u00e9 vers le client, offre des services avec plus de 10 ans d&rsquo;exp\u00e9rience dans le secteur de la promotion sans compromettre ses principes dans ce sens. Tout en facilitant la s\u00e9lection des produits promotionnels gr\u00e2ce \u00e0 la richesse de la vari\u00e9t\u00e9 des produits, elle continuera \u00e0 s&rsquo;efforcer d&rsquo;apporter des produits diff\u00e9rents au secteur en r\u00e9examinant fr\u00e9quemment ces vari\u00e9t\u00e9s \u00e0 l&rsquo;avenir, comme auparavant. Aujourd&rsquo;hui, les principales entreprises du secteur, qui attachent de l&rsquo;importance au service et \u00e0 la qualit\u00e9, nous pr\u00e9f\u00e8rent et nous recommandent pour leurs besoins promotionnels.[\/vc_column_text][vc_single_image image=\u00a0\u00bb36885&Prime; img_size=\u00a0\u00bbfull\u00a0\u00bb alignment=\u00a0\u00bbcenter\u00a0\u00bb][vc_cta h2=\u00a0\u00bbSac promotionnel ? dont vous avez besoin ?\u00a0\u00bb txt_align=\u00a0\u00bbcenter\u00a0\u00bb add_button=\u00a0\u00bbright\u00a0\u00bb btn_title=\u00a0\u00bbAppelez-nous &#8211; 0212 505 13 88&Prime; btn_color=\u00a0\u00bbwarning\u00a0\u00bb btn_link=\u00a0\u00bburl:tel%3A02125051388|\u00a0\u00bb]Appelez-nous maintenant. Laissez-nous concevoir, produire et livrer votre sac promotionnel de qualit\u00e9 au prix le plus abordable.[\/vc_cta][\/vc_column][\/vc_row]<\/p>\n<\/div>","protected":false},"excerpt":{"rendered":"<p>[vc_row wrap_container=\u00a0\u00bbyes\u00a0\u00bb css=\u00a0\u00bb.vc_custom_1519804692056{padding-top: 30px !important;padding-bottom: 30px !important;}\u00a0\u00bb][vc_column][vc_column_text]Forte de plus de 15 ans de connaissances et d&rsquo;exp\u00e9rience dans le secteur, elle fabrique, importe et exporte des produits promotionnels, des cadeaux publicitaires et des souvenirs avec une \u00e9quipe de vente et de marketing jeune et dynamique, dans le cadre d&rsquo;une approche de service totalement orient\u00e9e vers le&hellip;<\/p>\n","protected":false},"author":1,"featured_media":0,"parent":0,"menu_order":0,"comment_status":"closed","ping_status":"closed","template":"","meta":{"footnotes":""},"class_list":["post-44108","page","type-page","status-publish","hentry","description-off"],"yoast_head":"<!-- This site is optimized with the Yoast SEO plugin v26.6 - https:\/\/yoast.com\/wordpress\/plugins\/seo\/ -->\n<title>\u00c0 propos de nous - Tekno \u00c7anta - Promosyon Toptan \u00c7anta \u0130malat\u0131<\/title>\n<meta name=\"robots\" content=\"index, follow, max-snippet:-1, max-image-preview:large, max-video-preview:-1\" \/>\n<link rel=\"canonical\" href=\"https:\/\/www.teknocanta.com\/fr\/a-propos-de-nous\/\" \/>\n<meta property=\"og:locale\" content=\"fr_FR\" \/>\n<meta property=\"og:type\" content=\"article\" \/>\n<meta property=\"og:title\" content=\"\u00c0 propos de nous - Tekno \u00c7anta - Promosyon Toptan \u00c7anta \u0130malat\u0131\" \/>\n<meta property=\"og:description\" content=\"[vc_row wrap_container=\u00a0\u00bbyes\u00a0\u00bb css=\u00a0\u00bb.vc_custom_1519804692056{padding-top: 30px !important;padding-bottom: 30px !important;}\u00a0\u00bb][vc_column][vc_column_text]Forte de plus de 15 ans de connaissances et d&rsquo;exp\u00e9rience dans le secteur, elle fabrique, importe et exporte des produits promotionnels, des cadeaux publicitaires et des souvenirs avec une \u00e9quipe de vente et de marketing jeune et dynamique, dans le cadre d&rsquo;une approche de service totalement orient\u00e9e vers le&hellip;\" \/>\n<meta property=\"og:url\" content=\"https:\/\/www.teknocanta.com\/fr\/a-propos-de-nous\/\" \/>\n<meta property=\"og:site_name\" content=\"Tekno \u00c7anta - Promosyon Toptan \u00c7anta \u0130malat\u0131\" \/>\n<meta property=\"article:modified_time\" content=\"2023-05-27T20:57:25+00:00\" \/>\n<meta name=\"twitter:card\" content=\"summary_large_image\" \/>\n<meta name=\"twitter:label1\" content=\"Dur\u00e9e de lecture estim\u00e9e\" \/>\n\t<meta name=\"twitter:data1\" content=\"2 minutes\" \/>\n<script type=\"application\/ld+json\" class=\"yoast-schema-graph\">{\"@context\":\"https:\/\/schema.org\",\"@graph\":[{\"@type\":\"WebPage\",\"@id\":\"https:\/\/www.teknocanta.com\/fr\/a-propos-de-nous\/\",\"url\":\"https:\/\/www.teknocanta.com\/fr\/a-propos-de-nous\/\",\"name\":\"\u00c0 propos de nous - Tekno \u00c7anta - Promosyon Toptan \u00c7anta \u0130malat\u0131\",\"isPartOf\":{\"@id\":\"https:\/\/www.teknocanta.com\/#website\"},\"datePublished\":\"2016-06-13T12:48:45+00:00\",\"dateModified\":\"2023-05-27T20:57:25+00:00\",\"breadcrumb\":{\"@id\":\"https:\/\/www.teknocanta.com\/fr\/a-propos-de-nous\/#breadcrumb\"},\"inLanguage\":\"fr-FR\",\"potentialAction\":[{\"@type\":\"ReadAction\",\"target\":[\"https:\/\/www.teknocanta.com\/fr\/a-propos-de-nous\/\"]}]},{\"@type\":\"BreadcrumbList\",\"@id\":\"https:\/\/www.teknocanta.com\/fr\/a-propos-de-nous\/#breadcrumb\",\"itemListElement\":[{\"@type\":\"ListItem\",\"position\":1,\"name\":\"Ana sayfa\",\"item\":\"https:\/\/www.teknocanta.com\/fr\/\"},{\"@type\":\"ListItem\",\"position\":2,\"name\":\"\u00c0 propos de nous\"}]},{\"@type\":\"WebSite\",\"@id\":\"https:\/\/www.teknocanta.com\/#website\",\"url\":\"https:\/\/www.teknocanta.com\/\",\"name\":\"Tekno \u00c7anta - Promosyon Toptan \u00c7anta \u0130malat\u0131\",\"description\":\"Toptan \u00e7anta imalat\u0131, ham bez \u00e7anta, s\u0131rt \u00e7antalar\u0131, laptop ve evrak \u00e7antalar\u0131, kongre \u00e7antalar\u0131, fuar \u00e7antas\u0131 ve ipli b\u00fczg\u00fcl\u00fc \u00e7anta imalat\u0131 yapmaktay\u0131z.\",\"potentialAction\":[{\"@type\":\"SearchAction\",\"target\":{\"@type\":\"EntryPoint\",\"urlTemplate\":\"https:\/\/www.teknocanta.com\/?s={search_term_string}\"},\"query-input\":{\"@type\":\"PropertyValueSpecification\",\"valueRequired\":true,\"valueName\":\"search_term_string\"}}],\"inLanguage\":\"fr-FR\"}]}<\/script>\n<!-- \/ Yoast SEO plugin. -->","yoast_head_json":{"title":"\u00c0 propos de nous - Tekno \u00c7anta - Promosyon Toptan \u00c7anta \u0130malat\u0131","robots":{"index":"index","follow":"follow","max-snippet":"max-snippet:-1","max-image-preview":"max-image-preview:large","max-video-preview":"max-video-preview:-1"},"canonical":"https:\/\/www.teknocanta.com\/fr\/a-propos-de-nous\/","og_locale":"fr_FR","og_type":"article","og_title":"\u00c0 propos de nous - Tekno \u00c7anta - Promosyon Toptan \u00c7anta \u0130malat\u0131","og_description":"[vc_row wrap_container=\u00a0\u00bbyes\u00a0\u00bb css=\u00a0\u00bb.vc_custom_1519804692056{padding-top: 30px !important;padding-bottom: 30px !important;}\u00a0\u00bb][vc_column][vc_column_text]Forte de plus de 15 ans de connaissances et d&rsquo;exp\u00e9rience dans le secteur, elle fabrique, importe et exporte des produits promotionnels, des cadeaux publicitaires et des souvenirs avec une \u00e9quipe de vente et de marketing jeune et dynamique, dans le cadre d&rsquo;une approche de service totalement orient\u00e9e vers le&hellip;","og_url":"https:\/\/www.teknocanta.com\/fr\/a-propos-de-nous\/","og_site_name":"Tekno \u00c7anta - Promosyon Toptan \u00c7anta \u0130malat\u0131","article_modified_time":"2023-05-27T20:57:25+00:00","twitter_card":"summary_large_image","twitter_misc":{"Dur\u00e9e de lecture estim\u00e9e":"2 minutes"},"schema":{"@context":"https:\/\/schema.org","@graph":[{"@type":"WebPage","@id":"https:\/\/www.teknocanta.com\/fr\/a-propos-de-nous\/","url":"https:\/\/www.teknocanta.com\/fr\/a-propos-de-nous\/","name":"\u00c0 propos de nous - Tekno \u00c7anta - Promosyon Toptan \u00c7anta \u0130malat\u0131","isPartOf":{"@id":"https:\/\/www.teknocanta.com\/#website"},"datePublished":"2016-06-13T12:48:45+00:00","dateModified":"2023-05-27T20:57:25+00:00","breadcrumb":{"@id":"https:\/\/www.teknocanta.com\/fr\/a-propos-de-nous\/#breadcrumb"},"inLanguage":"fr-FR","potentialAction":[{"@type":"ReadAction","target":["https:\/\/www.teknocanta.com\/fr\/a-propos-de-nous\/"]}]},{"@type":"BreadcrumbList","@id":"https:\/\/www.teknocanta.com\/fr\/a-propos-de-nous\/#breadcrumb","itemListElement":[{"@type":"ListItem","position":1,"name":"Ana sayfa","item":"https:\/\/www.teknocanta.com\/fr\/"},{"@type":"ListItem","position":2,"name":"\u00c0 propos de nous"}]},{"@type":"WebSite","@id":"https:\/\/www.teknocanta.com\/#website","url":"https:\/\/www.teknocanta.com\/","name":"Tekno \u00c7anta - Promosyon Toptan \u00c7anta \u0130malat\u0131","description":"Toptan \u00e7anta imalat\u0131, ham bez \u00e7anta, s\u0131rt \u00e7antalar\u0131, laptop ve evrak \u00e7antalar\u0131, kongre \u00e7antalar\u0131, fuar \u00e7antas\u0131 ve ipli b\u00fczg\u00fcl\u00fc \u00e7anta imalat\u0131 yapmaktay\u0131z.","potentialAction":[{"@type":"SearchAction","target":{"@type":"EntryPoint","urlTemplate":"https:\/\/www.teknocanta.com\/?s={search_term_string}"},"query-input":{"@type":"PropertyValueSpecification","valueRequired":true,"valueName":"search_term_string"}}],"inLanguage":"fr-FR"}]}},"_links":{"self":[{"href":"https:\/\/www.teknocanta.com\/fr\/wp-json\/wp\/v2\/pages\/44108","targetHints":{"allow":["GET"]}}],"collection":[{"href":"https:\/\/www.teknocanta.com\/fr\/wp-json\/wp\/v2\/pages"}],"about":[{"href":"https:\/\/www.teknocanta.com\/fr\/wp-json\/wp\/v2\/types\/page"}],"author":[{"embeddable":true,"href":"https:\/\/www.teknocanta.com\/fr\/wp-json\/wp\/v2\/users\/1"}],"replies":[{"embeddable":true,"href":"https:\/\/www.teknocanta.com\/fr\/wp-json\/wp\/v2\/comments?post=44108"}],"version-history":[{"count":2,"href":"https:\/\/www.teknocanta.com\/fr\/wp-json\/wp\/v2\/pages\/44108\/revisions"}],"predecessor-version":[{"id":44230,"href":"https:\/\/www.teknocanta.com\/fr\/wp-json\/wp\/v2\/pages\/44108\/revisions\/44230"}],"wp:attachment":[{"href":"https:\/\/www.teknocanta.com\/fr\/wp-json\/wp\/v2\/media?parent=44108"}],"curies":[{"name":"wp","href":"https:\/\/api.w.org\/{rel}","templated":true}]}}