{"id":44755,"date":"2021-10-14T15:52:54","date_gmt":"2021-10-14T12:52:54","guid":{"rendered":"https:\/\/www.teknocanta.com\/stocked-congress-backpack\/"},"modified":"2021-10-14T15:52:54","modified_gmt":"2021-10-14T12:52:54","slug":"stocked-congress-backpack","status":"publish","type":"product","link":"https:\/\/www.teknocanta.com\/en\/stocked-congress-backpack\/","title":{"rendered":"Stocked Congress Backpack"},"content":{"rendered":"<div><span style=\"font-size: 12px;\">Stocked Congress Backpack<\/span><\/div>\n<div><span style=\"font-size: 12px;\">Backpack prices written on our web page will be valid for orders of 500 pieces. The minimum order quantity for out-of-stock products is 200 pieces. VAT 8% and printing fee are not included in the price. Please ask for a price list for different quantities.<\/span><\/div>\n<div><\/div>\n<div><span style=\"font-size: 12px;\">The product is made of waterproof 1900 denier imported imperteks fabric. It is a type of fabric that does not contain phthalate, ie carcinogenic substances. The fabric surface is suitable for all kinds of printing. Transfer printing, screen printing, classic paint printing or embroidery printing can be done inside or outside of the bag. Ready stocked products cannot be technically embroidered and can only be dye-printed with one colour classical screen printing technique. It is possible to make all kinds of printing in your special manufacturing orders.&nbsp;<\/span><\/div>\n<div><span style=\"font-size: 12px;\"><br \/><\/span><\/div>\n<div><span style=\"font-size: 12px;\">For special production orders of 200 pieces and above, fabric colour, lining colour and zipper colour can be changed. Changes can be made to the model of the bag by paying a price difference.<\/span><\/div>\n<div><span style=\"font-size: 12px;\"><br \/><\/span><\/div>\n<div><span style=\"font-size: 12px;\">The bag size is 30x40x8 cm. The bag consists of a top and a front section. There is a hidden compartment with a zip fastening at the bottom back of the bag. 8 mm thick foam and type 8 quality zip is used. There is a laptop compartment in the bag. Inner lining fabrics are 270 denier phthalate-free luxury impertextile. The back of the bag is covered with soft airteks material important for human health.&nbsp;<\/span><\/div>\n<div><\/div>\n<div><span style=\"font-size: 12px;\">For custom made bag orders, the production time is at least one week depending on the quantity. Products in stock can be delivered the same day without printing. If the products in stock are printed, it may take a few days depending on the situation.&nbsp;<\/span><\/div>\n<div><span style=\"font-size: 12px;\"><br \/><\/span><\/div>\n<div><span style=\"font-size: 12px;\">Apart from congresses and symposiums, the backpack is very convenient for students. It is a product with sufficient capacity to meet daily needs. It is a light and functional backpack model.<\/span><\/div>\n<div><\/div>\n<div><span style=\"font-size: 12px;\">Promotional backpacks are a useful promotional product that you can use in all kinds of events such as congresses and symposiums and seminars for promotional purposes and that you can gift to your customers.<\/span><\/div>\n<div><span style=\"font-size: 12px;\"><br \/><\/span><\/div>\n<div><span style=\"font-size: 12px;\">The place of manufacture is Istanbul and it is a 100% domestic production product. Our workshop is located in K\u00fc\u00e7\u00fck\u00e7ekmece district, our sales office and showroom are in Ba\u011fc\u0131lar district, isto\u00e7 wholesalers site.<\/span><\/div>\n<div><span style=\"font-size: 12px;\"><br \/><\/span><\/div>\n<div><span style=\"font-size: 12px;\">Our products can be shipped from our isto\u00e7 address to all over Turkey at economical prices with our contracted cargo or warehouse companies.&nbsp;<\/span><\/div>\n","protected":false},"excerpt":{"rendered":"<p>Stocked Congress Backpack Backpack prices written on our web page will be valid for orders of 500 pieces. The minimum order quantity for out-of-stock products is 200 pieces. VAT 8% and printing fee are not included in the price. Please ask for a price list for different quantities. The product is made of waterproof 1900&hellip;<\/p>\n","protected":false},"featured_media":41446,"comment_status":"open","ping_status":"closed","template":"","meta":[],"product_brand":[],"product_cat":[1373,1350],"product_tag":[1526,2075,2040,1794,1798,2277,2276,2148,2142],"class_list":{"0":"post-44755","1":"product","2":"type-product","3":"status-publish","4":"has-post-thumbnail","6":"product_cat-backpack","7":"product_cat-congress-and-symposium-bag","8":"product_tag-backpack-with-stock","9":"product_tag-congress-backpack-with-stock","10":"product_tag-drawstring-promotional-bag","11":"product_tag-promotional-backpack","12":"product_tag-promotional-backpack-prices","13":"product_tag-promotional-bag-ankara","14":"product_tag-promotional-bags-izmir","15":"product_tag-promotional-briefcase","16":"product_tag-promotional-school-bag","17":"description-off","19":"first","20":"instock","21":"shipping-taxable","22":"purchasable","23":"product-type-simple"},"yoast_head":"<!-- This site is optimized with the Yoast SEO plugin v26.6 - https:\/\/yoast.com\/wordpress\/plugins\/seo\/ -->\n<title>Stocked Congress Backpack - Tekno \u00c7anta - Promosyon Toptan \u00c7anta \u0130malat\u0131<\/title>\n<meta name=\"robots\" content=\"index, follow, max-snippet:-1, max-image-preview:large, max-video-preview:-1\" \/>\n<link rel=\"canonical\" href=\"https:\/\/www.teknocanta.com\/stocked-congress-backpack\/\" \/>\n<meta property=\"og:locale\" content=\"en_US\" \/>\n<meta property=\"og:type\" content=\"article\" \/>\n<meta property=\"og:title\" content=\"Stocked Congress Backpack - Tekno \u00c7anta - Promosyon Toptan \u00c7anta \u0130malat\u0131\" \/>\n<meta property=\"og:description\" content=\"Stocked Congress Backpack Backpack prices written on our web page will be valid for orders of 500 pieces. The minimum order quantity for out-of-stock products is 200 pieces. VAT 8% and printing fee are not included in the price. Please ask for a price list for different quantities. The product is made of waterproof 1900&hellip;\" \/>\n<meta property=\"og:url\" content=\"https:\/\/www.teknocanta.com\/stocked-congress-backpack\/\" \/>\n<meta property=\"og:site_name\" content=\"Tekno \u00c7anta - Promosyon Toptan \u00c7anta \u0130malat\u0131\" \/>\n<meta name=\"twitter:card\" content=\"summary_large_image\" \/>\n<meta name=\"twitter:label1\" content=\"Est. reading time\" \/>\n\t<meta name=\"twitter:data1\" content=\"2 minutes\" \/>\n<script type=\"application\/ld+json\" class=\"yoast-schema-graph\">{\"@context\":\"https:\/\/schema.org\",\"@graph\":[{\"@type\":\"WebPage\",\"@id\":\"https:\/\/www.teknocanta.com\/stocked-congress-backpack\/\",\"url\":\"https:\/\/www.teknocanta.com\/stocked-congress-backpack\/\",\"name\":\"Stocked Congress Backpack - Tekno \u00c7anta - Promosyon Toptan \u00c7anta \u0130malat\u0131\",\"isPartOf\":{\"@id\":\"https:\/\/www.teknocanta.com\/#website\"},\"primaryImageOfPage\":{\"@id\":\"https:\/\/www.teknocanta.com\/stocked-congress-backpack\/#primaryimage\"},\"image\":{\"@id\":\"https:\/\/www.teknocanta.com\/stocked-congress-backpack\/#primaryimage\"},\"thumbnailUrl\":\"https:\/\/www.teknocanta.com\/wp-content\/uploads\/2021\/10\/stoklu_kongre_sirtcantasi_en_son_ana_1.jpg\",\"datePublished\":\"2021-10-14T12:52:54+00:00\",\"breadcrumb\":{\"@id\":\"https:\/\/www.teknocanta.com\/stocked-congress-backpack\/#breadcrumb\"},\"inLanguage\":\"en-US\",\"potentialAction\":[{\"@type\":\"ReadAction\",\"target\":[\"https:\/\/www.teknocanta.com\/stocked-congress-backpack\/\"]}]},{\"@type\":\"ImageObject\",\"inLanguage\":\"en-US\",\"@id\":\"https:\/\/www.teknocanta.com\/stocked-congress-backpack\/#primaryimage\",\"url\":\"https:\/\/www.teknocanta.com\/wp-content\/uploads\/2021\/10\/stoklu_kongre_sirtcantasi_en_son_ana_1.jpg\",\"contentUrl\":\"https:\/\/www.teknocanta.com\/wp-content\/uploads\/2021\/10\/stoklu_kongre_sirtcantasi_en_son_ana_1.jpg\",\"width\":1000,\"height\":1370},{\"@type\":\"BreadcrumbList\",\"@id\":\"https:\/\/www.teknocanta.com\/stocked-congress-backpack\/#breadcrumb\",\"itemListElement\":[{\"@type\":\"ListItem\",\"position\":1,\"name\":\"Ana sayfa\",\"item\":\"https:\/\/www.teknocanta.com\/en\/\"},{\"@type\":\"ListItem\",\"position\":2,\"name\":\"\u00dcr\u00fcnler\",\"item\":\"https:\/\/www.teknocanta.com\/urunler\/\"},{\"@type\":\"ListItem\",\"position\":3,\"name\":\"Stocked Congress Backpack\"}]},{\"@type\":\"WebSite\",\"@id\":\"https:\/\/www.teknocanta.com\/#website\",\"url\":\"https:\/\/www.teknocanta.com\/\",\"name\":\"Tekno \u00c7anta - Promosyon Toptan \u00c7anta \u0130malat\u0131\",\"description\":\"Toptan \u00e7anta imalat\u0131, ham bez \u00e7anta, s\u0131rt \u00e7antalar\u0131, laptop ve evrak \u00e7antalar\u0131, kongre \u00e7antalar\u0131, fuar \u00e7antas\u0131 ve ipli b\u00fczg\u00fcl\u00fc \u00e7anta imalat\u0131 yapmaktay\u0131z.\",\"potentialAction\":[{\"@type\":\"SearchAction\",\"target\":{\"@type\":\"EntryPoint\",\"urlTemplate\":\"https:\/\/www.teknocanta.com\/?s={search_term_string}\"},\"query-input\":{\"@type\":\"PropertyValueSpecification\",\"valueRequired\":true,\"valueName\":\"search_term_string\"}}],\"inLanguage\":\"en-US\"}]}<\/script>\n<!-- \/ Yoast SEO plugin. -->","yoast_head_json":{"title":"Stocked Congress Backpack - Tekno \u00c7anta - Promosyon Toptan \u00c7anta \u0130malat\u0131","robots":{"index":"index","follow":"follow","max-snippet":"max-snippet:-1","max-image-preview":"max-image-preview:large","max-video-preview":"max-video-preview:-1"},"canonical":"https:\/\/www.teknocanta.com\/stocked-congress-backpack\/","og_locale":"en_US","og_type":"article","og_title":"Stocked Congress Backpack - Tekno \u00c7anta - Promosyon Toptan \u00c7anta \u0130malat\u0131","og_description":"Stocked Congress Backpack Backpack prices written on our web page will be valid for orders of 500 pieces. The minimum order quantity for out-of-stock products is 200 pieces. VAT 8% and printing fee are not included in the price. Please ask for a price list for different quantities. The product is made of waterproof 1900&hellip;","og_url":"https:\/\/www.teknocanta.com\/stocked-congress-backpack\/","og_site_name":"Tekno \u00c7anta - Promosyon Toptan \u00c7anta \u0130malat\u0131","twitter_card":"summary_large_image","twitter_misc":{"Est. reading time":"2 minutes"},"schema":{"@context":"https:\/\/schema.org","@graph":[{"@type":"WebPage","@id":"https:\/\/www.teknocanta.com\/stocked-congress-backpack\/","url":"https:\/\/www.teknocanta.com\/stocked-congress-backpack\/","name":"Stocked Congress Backpack - Tekno \u00c7anta - Promosyon Toptan \u00c7anta \u0130malat\u0131","isPartOf":{"@id":"https:\/\/www.teknocanta.com\/#website"},"primaryImageOfPage":{"@id":"https:\/\/www.teknocanta.com\/stocked-congress-backpack\/#primaryimage"},"image":{"@id":"https:\/\/www.teknocanta.com\/stocked-congress-backpack\/#primaryimage"},"thumbnailUrl":"https:\/\/www.teknocanta.com\/wp-content\/uploads\/2021\/10\/stoklu_kongre_sirtcantasi_en_son_ana_1.jpg","datePublished":"2021-10-14T12:52:54+00:00","breadcrumb":{"@id":"https:\/\/www.teknocanta.com\/stocked-congress-backpack\/#breadcrumb"},"inLanguage":"en-US","potentialAction":[{"@type":"ReadAction","target":["https:\/\/www.teknocanta.com\/stocked-congress-backpack\/"]}]},{"@type":"ImageObject","inLanguage":"en-US","@id":"https:\/\/www.teknocanta.com\/stocked-congress-backpack\/#primaryimage","url":"https:\/\/www.teknocanta.com\/wp-content\/uploads\/2021\/10\/stoklu_kongre_sirtcantasi_en_son_ana_1.jpg","contentUrl":"https:\/\/www.teknocanta.com\/wp-content\/uploads\/2021\/10\/stoklu_kongre_sirtcantasi_en_son_ana_1.jpg","width":1000,"height":1370},{"@type":"BreadcrumbList","@id":"https:\/\/www.teknocanta.com\/stocked-congress-backpack\/#breadcrumb","itemListElement":[{"@type":"ListItem","position":1,"name":"Ana sayfa","item":"https:\/\/www.teknocanta.com\/en\/"},{"@type":"ListItem","position":2,"name":"\u00dcr\u00fcnler","item":"https:\/\/www.teknocanta.com\/urunler\/"},{"@type":"ListItem","position":3,"name":"Stocked Congress Backpack"}]},{"@type":"WebSite","@id":"https:\/\/www.teknocanta.com\/#website","url":"https:\/\/www.teknocanta.com\/","name":"Tekno \u00c7anta - Promosyon Toptan \u00c7anta \u0130malat\u0131","description":"Toptan \u00e7anta imalat\u0131, ham bez \u00e7anta, s\u0131rt \u00e7antalar\u0131, laptop ve evrak \u00e7antalar\u0131, kongre \u00e7antalar\u0131, fuar \u00e7antas\u0131 ve ipli b\u00fczg\u00fcl\u00fc \u00e7anta imalat\u0131 yapmaktay\u0131z.","potentialAction":[{"@type":"SearchAction","target":{"@type":"EntryPoint","urlTemplate":"https:\/\/www.teknocanta.com\/?s={search_term_string}"},"query-input":{"@type":"PropertyValueSpecification","valueRequired":true,"valueName":"search_term_string"}}],"inLanguage":"en-US"}]}},"_links":{"self":[{"href":"https:\/\/www.teknocanta.com\/en\/wp-json\/wp\/v2\/product\/44755","targetHints":{"allow":["GET"]}}],"collection":[{"href":"https:\/\/www.teknocanta.com\/en\/wp-json\/wp\/v2\/product"}],"about":[{"href":"https:\/\/www.teknocanta.com\/en\/wp-json\/wp\/v2\/types\/product"}],"replies":[{"embeddable":true,"href":"https:\/\/www.teknocanta.com\/en\/wp-json\/wp\/v2\/comments?post=44755"}],"wp:featuredmedia":[{"embeddable":true,"href":"https:\/\/www.teknocanta.com\/en\/wp-json\/wp\/v2\/media\/41446"}],"wp:attachment":[{"href":"https:\/\/www.teknocanta.com\/en\/wp-json\/wp\/v2\/media?parent=44755"}],"wp:term":[{"taxonomy":"product_brand","embeddable":true,"href":"https:\/\/www.teknocanta.com\/en\/wp-json\/wp\/v2\/product_brand?post=44755"},{"taxonomy":"product_cat","embeddable":true,"href":"https:\/\/www.teknocanta.com\/en\/wp-json\/wp\/v2\/product_cat?post=44755"},{"taxonomy":"product_tag","embeddable":true,"href":"https:\/\/www.teknocanta.com\/en\/wp-json\/wp\/v2\/product_tag?post=44755"}],"curies":[{"name":"wp","href":"https:\/\/api.w.org\/{rel}","templated":true}]}}