{"id":44749,"date":"2021-10-14T15:52:55","date_gmt":"2021-10-14T12:52:55","guid":{"rendered":"https:\/\/www.teknocanta.com\/backpack-with-laptop-compartment\/"},"modified":"2021-10-14T15:52:55","modified_gmt":"2021-10-14T12:52:55","slug":"laptop-bag-back-bag","status":"publish","type":"product","link":"https:\/\/www.teknocanta.com\/en\/laptop-bag-back-bag\/","title":{"rendered":"Backpack with Laptop Compartment"},"content":{"rendered":"<div>Pricing is valid for 500 pieces. You can also order smaller quantities. Prices will vary for lower or higher quantities. For your price requests in different quantities, you can request a price by sending an e-mail to our e-mail address in the contact section. 8% VAT and printing fee are not included in the price.<\/div>\n<div><\/div>\n<div>For orders of 250 pieces or more, fabric colour, lining colour or zipper colour can be changed. The bag is made of linen impertex, the inner linings are made of 270 denier impertex fabric.<\/div>\n<div><\/div>\n<div>The bag size is 40x30x15 cm. The bag consists of 3 sections with zip fastening. There is a laptop compartment inside the bag.<\/div>\n<div><\/div>\n<div>The bag bodies and the inner laptop compartment are supported by 8 mm thick foam.&nbsp; Type 8 quality zip is used.<\/div>\n<div><\/div>\n<div>It is possible to make colourful prints on the inside or outside of the bag. Optionally, embroidery printing can also be done. In congress bags, the congress name or logo is usually printed in a single colour inside the bag. Printing fees vary according to the number of colours in the image to be printed.<\/div>\n<div><\/div>\n<div>Manufacturing times for wholesale backpacks vary according to the number of orders and average 15 days, depending on the importance of the work can be given earlier. Products in stock can be delivered the same day without printing. If the products in stock are printed, it may take a few days depending on the situation. Please get current stock information.<\/div>\n<div><\/div>\n<div>Congress backpacks are a useful promotional product that you can use in all kinds of events such as congresses, symposiums, conferences and seminars for promotional purposes and that you can gift to your customers.<\/div>\n","protected":false},"excerpt":{"rendered":"<p>Pricing is valid for 500 pieces. You can also order smaller quantities. Prices will vary for lower or higher quantities. For your price requests in different quantities, you can request a price by sending an e-mail to our e-mail address in the contact section. 8% VAT and printing fee are not included in the price.&hellip;<\/p>\n","protected":false},"featured_media":41635,"comment_status":"open","ping_status":"closed","template":"","meta":[],"product_brand":[],"product_cat":[1373,1350],"product_tag":[1803,1807,1446,1868,2135,1805,1796,1797,1806,1808,1999,1802,1794,1798,1795,1793,1801,1694,1997],"class_list":{"0":"post-44749","1":"product","2":"type-product","3":"status-publish","4":"has-post-thumbnail","6":"product_cat-backpack","7":"product_cat-congress-and-symposium-bag","8":"product_tag-backpack-bag-printing","9":"product_tag-backpack-with-laptop-compartment-cheap","10":"product_tag-bag-manufacturers","11":"product_tag-bag-manufacturers-istanbul-en","12":"product_tag-bag-manufacturing-wholesale","13":"product_tag-conference-bag","14":"product_tag-congress-backpack","15":"product_tag-congress-bag","16":"product_tag-congress-bag-istanbul","17":"product_tag-istoc-backpack","18":"product_tag-istoc-wholesale-bag-prices","19":"product_tag-laptop-backpack-en","20":"product_tag-promotional-backpack","21":"product_tag-promotional-backpack-prices","22":"product_tag-promotional-congress-bag","23":"product_tag-seminar-bag","24":"product_tag-symposium-bag","25":"product_tag-wholesale-bag-istoc","26":"product_tag-wholesale-promotional-bags","27":"description-off","29":"first","30":"instock","31":"shipping-taxable","32":"purchasable","33":"product-type-simple"},"yoast_head":"<!-- This site is optimized with the Yoast SEO plugin v26.6 - https:\/\/yoast.com\/wordpress\/plugins\/seo\/ -->\n<title>Backpack with Laptop Compartment - Tekno \u00c7anta - Promosyon Toptan \u00c7anta \u0130malat\u0131<\/title>\n<meta name=\"robots\" content=\"index, follow, max-snippet:-1, max-image-preview:large, max-video-preview:-1\" \/>\n<link rel=\"canonical\" href=\"https:\/\/www.teknocanta.com\/backpack-with-laptop-compartment\/\" \/>\n<meta property=\"og:locale\" content=\"en_US\" \/>\n<meta property=\"og:type\" content=\"article\" \/>\n<meta property=\"og:title\" content=\"Backpack with Laptop Compartment - Tekno \u00c7anta - Promosyon Toptan \u00c7anta \u0130malat\u0131\" \/>\n<meta property=\"og:description\" content=\"Pricing is valid for 500 pieces. You can also order smaller quantities. Prices will vary for lower or higher quantities. For your price requests in different quantities, you can request a price by sending an e-mail to our e-mail address in the contact section. 8% VAT and printing fee are not included in the price.&hellip;\" \/>\n<meta property=\"og:url\" content=\"https:\/\/www.teknocanta.com\/backpack-with-laptop-compartment\/\" \/>\n<meta property=\"og:site_name\" content=\"Tekno \u00c7anta - Promosyon Toptan \u00c7anta \u0130malat\u0131\" \/>\n<meta name=\"twitter:card\" content=\"summary_large_image\" \/>\n<meta name=\"twitter:label1\" content=\"Est. reading time\" \/>\n\t<meta name=\"twitter:data1\" content=\"1 minute\" \/>\n<script type=\"application\/ld+json\" class=\"yoast-schema-graph\">{\"@context\":\"https:\/\/schema.org\",\"@graph\":[{\"@type\":\"WebPage\",\"@id\":\"https:\/\/www.teknocanta.com\/backpack-with-laptop-compartment\/\",\"url\":\"https:\/\/www.teknocanta.com\/backpack-with-laptop-compartment\/\",\"name\":\"Backpack with Laptop Compartment - Tekno \u00c7anta - Promosyon Toptan \u00c7anta \u0130malat\u0131\",\"isPartOf\":{\"@id\":\"https:\/\/www.teknocanta.com\/#website\"},\"primaryImageOfPage\":{\"@id\":\"https:\/\/www.teknocanta.com\/backpack-with-laptop-compartment\/#primaryimage\"},\"image\":{\"@id\":\"https:\/\/www.teknocanta.com\/backpack-with-laptop-compartment\/#primaryimage\"},\"thumbnailUrl\":\"https:\/\/www.teknocanta.com\/wp-content\/uploads\/2021\/10\/laptop_bolmeli_sirt_cantasi_yeni_ana_9.jpg\",\"datePublished\":\"2021-10-14T12:52:55+00:00\",\"breadcrumb\":{\"@id\":\"https:\/\/www.teknocanta.com\/backpack-with-laptop-compartment\/#breadcrumb\"},\"inLanguage\":\"en-US\",\"potentialAction\":[{\"@type\":\"ReadAction\",\"target\":[\"https:\/\/www.teknocanta.com\/backpack-with-laptop-compartment\/\"]}]},{\"@type\":\"ImageObject\",\"inLanguage\":\"en-US\",\"@id\":\"https:\/\/www.teknocanta.com\/backpack-with-laptop-compartment\/#primaryimage\",\"url\":\"https:\/\/www.teknocanta.com\/wp-content\/uploads\/2021\/10\/laptop_bolmeli_sirt_cantasi_yeni_ana_9.jpg\",\"contentUrl\":\"https:\/\/www.teknocanta.com\/wp-content\/uploads\/2021\/10\/laptop_bolmeli_sirt_cantasi_yeni_ana_9.jpg\",\"width\":966,\"height\":1176},{\"@type\":\"BreadcrumbList\",\"@id\":\"https:\/\/www.teknocanta.com\/backpack-with-laptop-compartment\/#breadcrumb\",\"itemListElement\":[{\"@type\":\"ListItem\",\"position\":1,\"name\":\"Ana sayfa\",\"item\":\"https:\/\/www.teknocanta.com\/en\/\"},{\"@type\":\"ListItem\",\"position\":2,\"name\":\"\u00dcr\u00fcnler\",\"item\":\"https:\/\/www.teknocanta.com\/urunler\/\"},{\"@type\":\"ListItem\",\"position\":3,\"name\":\"Backpack with Laptop Compartment\"}]},{\"@type\":\"WebSite\",\"@id\":\"https:\/\/www.teknocanta.com\/#website\",\"url\":\"https:\/\/www.teknocanta.com\/\",\"name\":\"Tekno \u00c7anta - Promosyon Toptan \u00c7anta \u0130malat\u0131\",\"description\":\"Toptan \u00e7anta imalat\u0131, ham bez \u00e7anta, s\u0131rt \u00e7antalar\u0131, laptop ve evrak \u00e7antalar\u0131, kongre \u00e7antalar\u0131, fuar \u00e7antas\u0131 ve ipli b\u00fczg\u00fcl\u00fc \u00e7anta imalat\u0131 yapmaktay\u0131z.\",\"potentialAction\":[{\"@type\":\"SearchAction\",\"target\":{\"@type\":\"EntryPoint\",\"urlTemplate\":\"https:\/\/www.teknocanta.com\/?s={search_term_string}\"},\"query-input\":{\"@type\":\"PropertyValueSpecification\",\"valueRequired\":true,\"valueName\":\"search_term_string\"}}],\"inLanguage\":\"en-US\"}]}<\/script>\n<!-- \/ Yoast SEO plugin. -->","yoast_head_json":{"title":"Backpack with Laptop Compartment - Tekno \u00c7anta - Promosyon Toptan \u00c7anta \u0130malat\u0131","robots":{"index":"index","follow":"follow","max-snippet":"max-snippet:-1","max-image-preview":"max-image-preview:large","max-video-preview":"max-video-preview:-1"},"canonical":"https:\/\/www.teknocanta.com\/backpack-with-laptop-compartment\/","og_locale":"en_US","og_type":"article","og_title":"Backpack with Laptop Compartment - Tekno \u00c7anta - Promosyon Toptan \u00c7anta \u0130malat\u0131","og_description":"Pricing is valid for 500 pieces. You can also order smaller quantities. Prices will vary for lower or higher quantities. For your price requests in different quantities, you can request a price by sending an e-mail to our e-mail address in the contact section. 8% VAT and printing fee are not included in the price.&hellip;","og_url":"https:\/\/www.teknocanta.com\/backpack-with-laptop-compartment\/","og_site_name":"Tekno \u00c7anta - Promosyon Toptan \u00c7anta \u0130malat\u0131","twitter_card":"summary_large_image","twitter_misc":{"Est. reading time":"1 minute"},"schema":{"@context":"https:\/\/schema.org","@graph":[{"@type":"WebPage","@id":"https:\/\/www.teknocanta.com\/backpack-with-laptop-compartment\/","url":"https:\/\/www.teknocanta.com\/backpack-with-laptop-compartment\/","name":"Backpack with Laptop Compartment - Tekno \u00c7anta - Promosyon Toptan \u00c7anta \u0130malat\u0131","isPartOf":{"@id":"https:\/\/www.teknocanta.com\/#website"},"primaryImageOfPage":{"@id":"https:\/\/www.teknocanta.com\/backpack-with-laptop-compartment\/#primaryimage"},"image":{"@id":"https:\/\/www.teknocanta.com\/backpack-with-laptop-compartment\/#primaryimage"},"thumbnailUrl":"https:\/\/www.teknocanta.com\/wp-content\/uploads\/2021\/10\/laptop_bolmeli_sirt_cantasi_yeni_ana_9.jpg","datePublished":"2021-10-14T12:52:55+00:00","breadcrumb":{"@id":"https:\/\/www.teknocanta.com\/backpack-with-laptop-compartment\/#breadcrumb"},"inLanguage":"en-US","potentialAction":[{"@type":"ReadAction","target":["https:\/\/www.teknocanta.com\/backpack-with-laptop-compartment\/"]}]},{"@type":"ImageObject","inLanguage":"en-US","@id":"https:\/\/www.teknocanta.com\/backpack-with-laptop-compartment\/#primaryimage","url":"https:\/\/www.teknocanta.com\/wp-content\/uploads\/2021\/10\/laptop_bolmeli_sirt_cantasi_yeni_ana_9.jpg","contentUrl":"https:\/\/www.teknocanta.com\/wp-content\/uploads\/2021\/10\/laptop_bolmeli_sirt_cantasi_yeni_ana_9.jpg","width":966,"height":1176},{"@type":"BreadcrumbList","@id":"https:\/\/www.teknocanta.com\/backpack-with-laptop-compartment\/#breadcrumb","itemListElement":[{"@type":"ListItem","position":1,"name":"Ana sayfa","item":"https:\/\/www.teknocanta.com\/en\/"},{"@type":"ListItem","position":2,"name":"\u00dcr\u00fcnler","item":"https:\/\/www.teknocanta.com\/urunler\/"},{"@type":"ListItem","position":3,"name":"Backpack with Laptop Compartment"}]},{"@type":"WebSite","@id":"https:\/\/www.teknocanta.com\/#website","url":"https:\/\/www.teknocanta.com\/","name":"Tekno \u00c7anta - Promosyon Toptan \u00c7anta \u0130malat\u0131","description":"Toptan \u00e7anta imalat\u0131, ham bez \u00e7anta, s\u0131rt \u00e7antalar\u0131, laptop ve evrak \u00e7antalar\u0131, kongre \u00e7antalar\u0131, fuar \u00e7antas\u0131 ve ipli b\u00fczg\u00fcl\u00fc \u00e7anta imalat\u0131 yapmaktay\u0131z.","potentialAction":[{"@type":"SearchAction","target":{"@type":"EntryPoint","urlTemplate":"https:\/\/www.teknocanta.com\/?s={search_term_string}"},"query-input":{"@type":"PropertyValueSpecification","valueRequired":true,"valueName":"search_term_string"}}],"inLanguage":"en-US"}]}},"_links":{"self":[{"href":"https:\/\/www.teknocanta.com\/en\/wp-json\/wp\/v2\/product\/44749","targetHints":{"allow":["GET"]}}],"collection":[{"href":"https:\/\/www.teknocanta.com\/en\/wp-json\/wp\/v2\/product"}],"about":[{"href":"https:\/\/www.teknocanta.com\/en\/wp-json\/wp\/v2\/types\/product"}],"replies":[{"embeddable":true,"href":"https:\/\/www.teknocanta.com\/en\/wp-json\/wp\/v2\/comments?post=44749"}],"wp:featuredmedia":[{"embeddable":true,"href":"https:\/\/www.teknocanta.com\/en\/wp-json\/wp\/v2\/media\/41635"}],"wp:attachment":[{"href":"https:\/\/www.teknocanta.com\/en\/wp-json\/wp\/v2\/media?parent=44749"}],"wp:term":[{"taxonomy":"product_brand","embeddable":true,"href":"https:\/\/www.teknocanta.com\/en\/wp-json\/wp\/v2\/product_brand?post=44749"},{"taxonomy":"product_cat","embeddable":true,"href":"https:\/\/www.teknocanta.com\/en\/wp-json\/wp\/v2\/product_cat?post=44749"},{"taxonomy":"product_tag","embeddable":true,"href":"https:\/\/www.teknocanta.com\/en\/wp-json\/wp\/v2\/product_tag?post=44749"}],"curies":[{"name":"wp","href":"https:\/\/api.w.org\/{rel}","templated":true}]}}