{"id":44737,"date":"2021-10-14T15:52:55","date_gmt":"2021-10-14T12:52:55","guid":{"rendered":"https:\/\/www.teknocanta.com\/laptop-briefcase-backpack\/"},"modified":"2021-10-14T15:52:55","modified_gmt":"2021-10-14T12:52:55","slug":"laptop-document-backpack","status":"publish","type":"product","link":"https:\/\/www.teknocanta.com\/en\/laptop-document-backpack\/","title":{"rendered":"Laptop Briefcase Backpack"},"content":{"rendered":"<div>It is a stocked product. The bag colour in stock is grey. VAT 8% and printing fee are not included in the price.&nbsp;<\/div>\n<div>Oxford waterproof impertex fabric with water repellent properties is used on the outside of the bag and 270 d luxury impertex fabric is used on the inner lining. The back surface of the bag is supported with Airteks and sponge. Shoulder straps are ergonomic and comfortable. T8 zip is used.&nbsp;<\/div>\n<div><\/div>\n<div>Bag dimensions 45 x 33 x 16 cm, weight 850 grams. The bag is large enough to fit 17 inch laptops. It consists of 2 front and 2 upper sections. The bag has a laptop compartment and small pockets for small daily items such as pens.&nbsp;<\/div>\n<div><\/div>\n<div>The bag is designed and manufactured to be overall Comfortable, elegant, ultra-light, durable. Ideal for all outdoor activities such as hiking, universities, work and shopping, travelling and camping, as a sports and cycling bag and for mountaineering. It is a backpack suitable for men, women or travel lovers.<\/div>\n<div><\/div>\n<div>The fabric surface is technically suitable for all kinds of printing. Transfer printing, screen printing or embroidery printing can be done on any area inside or outside of the bag. If you wish, your logo can be printed on the metal plate with laser printing technique and mounted on the bag.<\/div>\n<div><\/div>\n<div>For orders of 200 pieces or more, fabric colour, lining colour and zipper colour can be changed.&nbsp;<\/div>\n<div>Embroidery printing is possible for orders of 200 pieces and above, single colour screen printing or transfer printing is possible on ready stocked bags.<\/div>\n<div><\/div>\n<div>For special production orders, production times are at least one week depending on the quantity. Ready-made products in stock can be delivered on the same day without printing. The printing time for products in stock is a few days.<\/div>\n<div><\/div>\n<div>Avrupa Bag Manufacturing place is Istanbul and it is a 100% domestic manufacturing product. Our workshop is located in K\u00fc\u00e7\u00fck\u00e7ekmece district, our sales office and showroom are in Ba\u011fc\u0131lar district, isto\u00e7 wholesalers site.<\/div>\n<div><\/div>\n<div>Our products can be shipped from our isto\u00e7 address to all over Turkey at economical prices with our contracted cargo or warehouse companies.<\/div>\n","protected":false},"excerpt":{"rendered":"<p>It is a stocked product. The bag colour in stock is grey. VAT 8% and printing fee are not included in the price.&nbsp; Oxford waterproof impertex fabric with water repellent properties is used on the outside of the bag and 270 d luxury impertex fabric is used on the inner lining. The back surface of&hellip;<\/p>\n","protected":false},"featured_media":41542,"comment_status":"open","ping_status":"closed","template":"","meta":[],"product_brand":[],"product_cat":[1373,1350,1378],"product_tag":[1803,1807,1446,1868,2146,1805,1797,1806,1999,1802,1794,1798,1998,1936,1795,1793,1801,1694,1997],"class_list":{"0":"post-44737","1":"product","2":"type-product","3":"status-publish","4":"has-post-thumbnail","6":"product_cat-backpack","7":"product_cat-congress-and-symposium-bag","8":"product_cat-stocked-bags","9":"product_tag-backpack-bag-printing","10":"product_tag-backpack-with-laptop-compartment-cheap","11":"product_tag-bag-manufacturers","12":"product_tag-bag-manufacturers-istanbul-en","13":"product_tag-bag-manufacturers-zeytinburnu","14":"product_tag-conference-bag","15":"product_tag-congress-bag","16":"product_tag-congress-bag-istanbul","17":"product_tag-istoc-wholesale-bag-prices","18":"product_tag-laptop-backpack-en","19":"product_tag-promotional-backpack","20":"product_tag-promotional-backpack-prices","21":"product_tag-promotional-bag-prices","22":"product_tag-promotional-bags-istanbul","23":"product_tag-promotional-congress-bag","24":"product_tag-seminar-bag","25":"product_tag-symposium-bag","26":"product_tag-wholesale-bag-istoc","27":"product_tag-wholesale-promotional-bags","28":"description-off","30":"first","31":"instock","32":"shipping-taxable","33":"purchasable","34":"product-type-simple"},"yoast_head":"<!-- This site is optimized with the Yoast SEO plugin v26.6 - https:\/\/yoast.com\/wordpress\/plugins\/seo\/ -->\n<title>Laptop Briefcase Backpack - Tekno \u00c7anta - Promosyon Toptan \u00c7anta \u0130malat\u0131<\/title>\n<meta name=\"robots\" content=\"index, follow, max-snippet:-1, max-image-preview:large, max-video-preview:-1\" \/>\n<link rel=\"canonical\" href=\"https:\/\/www.teknocanta.com\/laptop-briefcase-backpack\/\" \/>\n<meta property=\"og:locale\" content=\"en_US\" \/>\n<meta property=\"og:type\" content=\"article\" \/>\n<meta property=\"og:title\" content=\"Laptop Briefcase Backpack - Tekno \u00c7anta - Promosyon Toptan \u00c7anta \u0130malat\u0131\" \/>\n<meta property=\"og:description\" content=\"It is a stocked product. The bag colour in stock is grey. VAT 8% and printing fee are not included in the price.&nbsp; Oxford waterproof impertex fabric with water repellent properties is used on the outside of the bag and 270 d luxury impertex fabric is used on the inner lining. The back surface of&hellip;\" \/>\n<meta property=\"og:url\" content=\"https:\/\/www.teknocanta.com\/laptop-briefcase-backpack\/\" \/>\n<meta property=\"og:site_name\" content=\"Tekno \u00c7anta - Promosyon Toptan \u00c7anta \u0130malat\u0131\" \/>\n<meta name=\"twitter:card\" content=\"summary_large_image\" \/>\n<meta name=\"twitter:label1\" content=\"Est. reading time\" \/>\n\t<meta name=\"twitter:data1\" content=\"2 minutes\" \/>\n<script type=\"application\/ld+json\" class=\"yoast-schema-graph\">{\"@context\":\"https:\/\/schema.org\",\"@graph\":[{\"@type\":\"WebPage\",\"@id\":\"https:\/\/www.teknocanta.com\/laptop-briefcase-backpack\/\",\"url\":\"https:\/\/www.teknocanta.com\/laptop-briefcase-backpack\/\",\"name\":\"Laptop Briefcase Backpack - Tekno \u00c7anta - Promosyon Toptan \u00c7anta \u0130malat\u0131\",\"isPartOf\":{\"@id\":\"https:\/\/www.teknocanta.com\/#website\"},\"primaryImageOfPage\":{\"@id\":\"https:\/\/www.teknocanta.com\/laptop-briefcase-backpack\/#primaryimage\"},\"image\":{\"@id\":\"https:\/\/www.teknocanta.com\/laptop-briefcase-backpack\/#primaryimage\"},\"thumbnailUrl\":\"https:\/\/www.teknocanta.com\/wp-content\/uploads\/2021\/10\/sirt_cantasi_toptan_siyah_ana_resim_1.jpg\",\"datePublished\":\"2021-10-14T12:52:55+00:00\",\"breadcrumb\":{\"@id\":\"https:\/\/www.teknocanta.com\/laptop-briefcase-backpack\/#breadcrumb\"},\"inLanguage\":\"en-US\",\"potentialAction\":[{\"@type\":\"ReadAction\",\"target\":[\"https:\/\/www.teknocanta.com\/laptop-briefcase-backpack\/\"]}]},{\"@type\":\"ImageObject\",\"inLanguage\":\"en-US\",\"@id\":\"https:\/\/www.teknocanta.com\/laptop-briefcase-backpack\/#primaryimage\",\"url\":\"https:\/\/www.teknocanta.com\/wp-content\/uploads\/2021\/10\/sirt_cantasi_toptan_siyah_ana_resim_1.jpg\",\"contentUrl\":\"https:\/\/www.teknocanta.com\/wp-content\/uploads\/2021\/10\/sirt_cantasi_toptan_siyah_ana_resim_1.jpg\",\"width\":943,\"height\":1034},{\"@type\":\"BreadcrumbList\",\"@id\":\"https:\/\/www.teknocanta.com\/laptop-briefcase-backpack\/#breadcrumb\",\"itemListElement\":[{\"@type\":\"ListItem\",\"position\":1,\"name\":\"Ana sayfa\",\"item\":\"https:\/\/www.teknocanta.com\/en\/\"},{\"@type\":\"ListItem\",\"position\":2,\"name\":\"\u00dcr\u00fcnler\",\"item\":\"https:\/\/www.teknocanta.com\/urunler\/\"},{\"@type\":\"ListItem\",\"position\":3,\"name\":\"Laptop Briefcase Backpack\"}]},{\"@type\":\"WebSite\",\"@id\":\"https:\/\/www.teknocanta.com\/#website\",\"url\":\"https:\/\/www.teknocanta.com\/\",\"name\":\"Tekno \u00c7anta - Promosyon Toptan \u00c7anta \u0130malat\u0131\",\"description\":\"Toptan \u00e7anta imalat\u0131, ham bez \u00e7anta, s\u0131rt \u00e7antalar\u0131, laptop ve evrak \u00e7antalar\u0131, kongre \u00e7antalar\u0131, fuar \u00e7antas\u0131 ve ipli b\u00fczg\u00fcl\u00fc \u00e7anta imalat\u0131 yapmaktay\u0131z.\",\"potentialAction\":[{\"@type\":\"SearchAction\",\"target\":{\"@type\":\"EntryPoint\",\"urlTemplate\":\"https:\/\/www.teknocanta.com\/?s={search_term_string}\"},\"query-input\":{\"@type\":\"PropertyValueSpecification\",\"valueRequired\":true,\"valueName\":\"search_term_string\"}}],\"inLanguage\":\"en-US\"}]}<\/script>\n<!-- \/ Yoast SEO plugin. -->","yoast_head_json":{"title":"Laptop Briefcase Backpack - Tekno \u00c7anta - Promosyon Toptan \u00c7anta \u0130malat\u0131","robots":{"index":"index","follow":"follow","max-snippet":"max-snippet:-1","max-image-preview":"max-image-preview:large","max-video-preview":"max-video-preview:-1"},"canonical":"https:\/\/www.teknocanta.com\/laptop-briefcase-backpack\/","og_locale":"en_US","og_type":"article","og_title":"Laptop Briefcase Backpack - Tekno \u00c7anta - Promosyon Toptan \u00c7anta \u0130malat\u0131","og_description":"It is a stocked product. The bag colour in stock is grey. VAT 8% and printing fee are not included in the price.&nbsp; Oxford waterproof impertex fabric with water repellent properties is used on the outside of the bag and 270 d luxury impertex fabric is used on the inner lining. The back surface of&hellip;","og_url":"https:\/\/www.teknocanta.com\/laptop-briefcase-backpack\/","og_site_name":"Tekno \u00c7anta - Promosyon Toptan \u00c7anta \u0130malat\u0131","twitter_card":"summary_large_image","twitter_misc":{"Est. reading time":"2 minutes"},"schema":{"@context":"https:\/\/schema.org","@graph":[{"@type":"WebPage","@id":"https:\/\/www.teknocanta.com\/laptop-briefcase-backpack\/","url":"https:\/\/www.teknocanta.com\/laptop-briefcase-backpack\/","name":"Laptop Briefcase Backpack - Tekno \u00c7anta - Promosyon Toptan \u00c7anta \u0130malat\u0131","isPartOf":{"@id":"https:\/\/www.teknocanta.com\/#website"},"primaryImageOfPage":{"@id":"https:\/\/www.teknocanta.com\/laptop-briefcase-backpack\/#primaryimage"},"image":{"@id":"https:\/\/www.teknocanta.com\/laptop-briefcase-backpack\/#primaryimage"},"thumbnailUrl":"https:\/\/www.teknocanta.com\/wp-content\/uploads\/2021\/10\/sirt_cantasi_toptan_siyah_ana_resim_1.jpg","datePublished":"2021-10-14T12:52:55+00:00","breadcrumb":{"@id":"https:\/\/www.teknocanta.com\/laptop-briefcase-backpack\/#breadcrumb"},"inLanguage":"en-US","potentialAction":[{"@type":"ReadAction","target":["https:\/\/www.teknocanta.com\/laptop-briefcase-backpack\/"]}]},{"@type":"ImageObject","inLanguage":"en-US","@id":"https:\/\/www.teknocanta.com\/laptop-briefcase-backpack\/#primaryimage","url":"https:\/\/www.teknocanta.com\/wp-content\/uploads\/2021\/10\/sirt_cantasi_toptan_siyah_ana_resim_1.jpg","contentUrl":"https:\/\/www.teknocanta.com\/wp-content\/uploads\/2021\/10\/sirt_cantasi_toptan_siyah_ana_resim_1.jpg","width":943,"height":1034},{"@type":"BreadcrumbList","@id":"https:\/\/www.teknocanta.com\/laptop-briefcase-backpack\/#breadcrumb","itemListElement":[{"@type":"ListItem","position":1,"name":"Ana sayfa","item":"https:\/\/www.teknocanta.com\/en\/"},{"@type":"ListItem","position":2,"name":"\u00dcr\u00fcnler","item":"https:\/\/www.teknocanta.com\/urunler\/"},{"@type":"ListItem","position":3,"name":"Laptop Briefcase Backpack"}]},{"@type":"WebSite","@id":"https:\/\/www.teknocanta.com\/#website","url":"https:\/\/www.teknocanta.com\/","name":"Tekno \u00c7anta - Promosyon Toptan \u00c7anta \u0130malat\u0131","description":"Toptan \u00e7anta imalat\u0131, ham bez \u00e7anta, s\u0131rt \u00e7antalar\u0131, laptop ve evrak \u00e7antalar\u0131, kongre \u00e7antalar\u0131, fuar \u00e7antas\u0131 ve ipli b\u00fczg\u00fcl\u00fc \u00e7anta imalat\u0131 yapmaktay\u0131z.","potentialAction":[{"@type":"SearchAction","target":{"@type":"EntryPoint","urlTemplate":"https:\/\/www.teknocanta.com\/?s={search_term_string}"},"query-input":{"@type":"PropertyValueSpecification","valueRequired":true,"valueName":"search_term_string"}}],"inLanguage":"en-US"}]}},"_links":{"self":[{"href":"https:\/\/www.teknocanta.com\/en\/wp-json\/wp\/v2\/product\/44737","targetHints":{"allow":["GET"]}}],"collection":[{"href":"https:\/\/www.teknocanta.com\/en\/wp-json\/wp\/v2\/product"}],"about":[{"href":"https:\/\/www.teknocanta.com\/en\/wp-json\/wp\/v2\/types\/product"}],"replies":[{"embeddable":true,"href":"https:\/\/www.teknocanta.com\/en\/wp-json\/wp\/v2\/comments?post=44737"}],"wp:featuredmedia":[{"embeddable":true,"href":"https:\/\/www.teknocanta.com\/en\/wp-json\/wp\/v2\/media\/41542"}],"wp:attachment":[{"href":"https:\/\/www.teknocanta.com\/en\/wp-json\/wp\/v2\/media?parent=44737"}],"wp:term":[{"taxonomy":"product_brand","embeddable":true,"href":"https:\/\/www.teknocanta.com\/en\/wp-json\/wp\/v2\/product_brand?post=44737"},{"taxonomy":"product_cat","embeddable":true,"href":"https:\/\/www.teknocanta.com\/en\/wp-json\/wp\/v2\/product_cat?post=44737"},{"taxonomy":"product_tag","embeddable":true,"href":"https:\/\/www.teknocanta.com\/en\/wp-json\/wp\/v2\/product_tag?post=44737"}],"curies":[{"name":"wp","href":"https:\/\/api.w.org\/{rel}","templated":true}]}}