{"id":44728,"date":"2021-10-14T15:53:17","date_gmt":"2021-10-14T12:53:17","guid":{"rendered":"https:\/\/www.teknocanta.com\/economic-congress-bag\/"},"modified":"2021-10-14T15:53:17","modified_gmt":"2021-10-14T12:53:17","slug":"economic-congress-bag","status":"publish","type":"product","link":"https:\/\/www.teknocanta.com\/en\/economic-congress-bag\/","title":{"rendered":"Economic Congress Bag"},"content":{"rendered":"<div>Pricing is made for 500 pieces. You can also order smaller quantities. Prices will vary for lower or higher quantities. For your price requests in different quantities, you can request a price by sending an e-mail to our e-mail address in the contact section. 8% VAT and printing fee are not included in the price.<\/div>\n<div><\/div>\n<div>For orders of 250 pieces or more, fabric colour, lining colour or zipper colour can be changed. The outer parts of the bag are made of 600 denier and the linings are made of 270 denier fabric.<\/div>\n<div><\/div>\n<div>The bag size is 30x40x8 cm. The bag consists of 1 front compartment with zip fastening, 1 back compartment and 1 top section. There is a laptop compartment inside the bag.<\/div>\n<div><\/div>\n<div>Bag bodies are supported with 8 mm thick foam. Type 8 quality zip is used.<\/div>\n<div><\/div>\n<div>It is possible to make colourful prints on the inside or outside of the bag. Optionally, embroidery printing can also be done. Printing fees vary according to the number of colours in the image to be printed.<\/div>\n<div><\/div>\n<div>Manufacturing times for economic congress bags vary according to the number of orders and the average manufacturing time is 15 days, it can be given earlier depending on the importance of the work. Bags in stock can be given the same day without printing. If the products in stock are preferred as printed, the printing time may take a few days depending on the intensity.<\/div>\n<div><\/div>\n<div>Please get current stock information.<\/div>\n<div><\/div>\n<div>Economic congress bags are generally a useful promotional product that you can use in all kinds of events such as congresses, symposiums, conferences and seminars and that you can gift to your customers.<\/div>\n","protected":false},"excerpt":{"rendered":"<p>Pricing is made for 500 pieces. You can also order smaller quantities. Prices will vary for lower or higher quantities. For your price requests in different quantities, you can request a price by sending an e-mail to our e-mail address in the contact section. 8% VAT and printing fee are not included in the price.&hellip;<\/p>\n","protected":false},"featured_media":41779,"comment_status":"open","ping_status":"closed","template":"","meta":[],"product_brand":[],"product_cat":[1350,1351],"product_tag":[1868,2146,2145,1767,1797,2006,2141,2147,1794,1799,1754,1800,2148,1795,2144,2142,1793,1766,2143,1997],"class_list":{"0":"post-44728","1":"product","2":"type-product","3":"status-publish","4":"has-post-thumbnail","6":"product_cat-congress-and-symposium-bag","7":"product_cat-laptop-briefcase","8":"product_tag-bag-manufacturers-istanbul-en","9":"product_tag-bag-manufacturers-zeytinburnu","10":"product_tag-bag-manufacturing-companies-en","11":"product_tag-briefcase-manufacturing","12":"product_tag-congress-bag","13":"product_tag-congress-bag-prices","14":"product_tag-laptop-and-briefcase","15":"product_tag-laptop-bag-promotion","16":"product_tag-promotional-backpack","17":"product_tag-promotional-bag-companies","18":"product_tag-promotional-bag-manufacturing","19":"product_tag-promotional-bags","20":"product_tag-promotional-briefcase","21":"product_tag-promotional-congress-bag","22":"product_tag-promotional-postman-bag","23":"product_tag-promotional-school-bag","24":"product_tag-seminar-bag","25":"product_tag-wholesale-briefcase","26":"product_tag-wholesale-briefcase-prices","27":"product_tag-wholesale-promotional-bags","28":"description-off","30":"first","31":"instock","32":"shipping-taxable","33":"purchasable","34":"product-type-simple"},"yoast_head":"<!-- This site is optimized with the Yoast SEO plugin v26.6 - https:\/\/yoast.com\/wordpress\/plugins\/seo\/ -->\n<title>Economic Congress Bag - Tekno \u00c7anta - Promosyon Toptan \u00c7anta \u0130malat\u0131<\/title>\n<meta name=\"robots\" content=\"index, follow, max-snippet:-1, max-image-preview:large, max-video-preview:-1\" \/>\n<link rel=\"canonical\" href=\"https:\/\/www.teknocanta.com\/economic-congress-bag\/\" \/>\n<meta property=\"og:locale\" content=\"en_US\" \/>\n<meta property=\"og:type\" content=\"article\" \/>\n<meta property=\"og:title\" content=\"Economic Congress Bag - Tekno \u00c7anta - Promosyon Toptan \u00c7anta \u0130malat\u0131\" \/>\n<meta property=\"og:description\" content=\"Pricing is made for 500 pieces. You can also order smaller quantities. Prices will vary for lower or higher quantities. For your price requests in different quantities, you can request a price by sending an e-mail to our e-mail address in the contact section. 8% VAT and printing fee are not included in the price.&hellip;\" \/>\n<meta property=\"og:url\" content=\"https:\/\/www.teknocanta.com\/economic-congress-bag\/\" \/>\n<meta property=\"og:site_name\" content=\"Tekno \u00c7anta - Promosyon Toptan \u00c7anta \u0130malat\u0131\" \/>\n<meta name=\"twitter:card\" content=\"summary_large_image\" \/>\n<meta name=\"twitter:label1\" content=\"Est. reading time\" \/>\n\t<meta name=\"twitter:data1\" content=\"1 minute\" \/>\n<script type=\"application\/ld+json\" class=\"yoast-schema-graph\">{\"@context\":\"https:\/\/schema.org\",\"@graph\":[{\"@type\":\"WebPage\",\"@id\":\"https:\/\/www.teknocanta.com\/economic-congress-bag\/\",\"url\":\"https:\/\/www.teknocanta.com\/economic-congress-bag\/\",\"name\":\"Economic Congress Bag - Tekno \u00c7anta - Promosyon Toptan \u00c7anta \u0130malat\u0131\",\"isPartOf\":{\"@id\":\"https:\/\/www.teknocanta.com\/#website\"},\"primaryImageOfPage\":{\"@id\":\"https:\/\/www.teknocanta.com\/economic-congress-bag\/#primaryimage\"},\"image\":{\"@id\":\"https:\/\/www.teknocanta.com\/economic-congress-bag\/#primaryimage\"},\"thumbnailUrl\":\"https:\/\/www.teknocanta.com\/wp-content\/uploads\/2021\/10\/AV6700.jpg\",\"datePublished\":\"2021-10-14T12:53:17+00:00\",\"breadcrumb\":{\"@id\":\"https:\/\/www.teknocanta.com\/economic-congress-bag\/#breadcrumb\"},\"inLanguage\":\"en-US\",\"potentialAction\":[{\"@type\":\"ReadAction\",\"target\":[\"https:\/\/www.teknocanta.com\/economic-congress-bag\/\"]}]},{\"@type\":\"ImageObject\",\"inLanguage\":\"en-US\",\"@id\":\"https:\/\/www.teknocanta.com\/economic-congress-bag\/#primaryimage\",\"url\":\"https:\/\/www.teknocanta.com\/wp-content\/uploads\/2021\/10\/AV6700.jpg\",\"contentUrl\":\"https:\/\/www.teknocanta.com\/wp-content\/uploads\/2021\/10\/AV6700.jpg\",\"width\":1000,\"height\":974},{\"@type\":\"BreadcrumbList\",\"@id\":\"https:\/\/www.teknocanta.com\/economic-congress-bag\/#breadcrumb\",\"itemListElement\":[{\"@type\":\"ListItem\",\"position\":1,\"name\":\"Ana sayfa\",\"item\":\"https:\/\/www.teknocanta.com\/en\/\"},{\"@type\":\"ListItem\",\"position\":2,\"name\":\"\u00dcr\u00fcnler\",\"item\":\"https:\/\/www.teknocanta.com\/urunler\/\"},{\"@type\":\"ListItem\",\"position\":3,\"name\":\"Economic Congress Bag\"}]},{\"@type\":\"WebSite\",\"@id\":\"https:\/\/www.teknocanta.com\/#website\",\"url\":\"https:\/\/www.teknocanta.com\/\",\"name\":\"Tekno \u00c7anta - Promosyon Toptan \u00c7anta \u0130malat\u0131\",\"description\":\"Toptan \u00e7anta imalat\u0131, ham bez \u00e7anta, s\u0131rt \u00e7antalar\u0131, laptop ve evrak \u00e7antalar\u0131, kongre \u00e7antalar\u0131, fuar \u00e7antas\u0131 ve ipli b\u00fczg\u00fcl\u00fc \u00e7anta imalat\u0131 yapmaktay\u0131z.\",\"potentialAction\":[{\"@type\":\"SearchAction\",\"target\":{\"@type\":\"EntryPoint\",\"urlTemplate\":\"https:\/\/www.teknocanta.com\/?s={search_term_string}\"},\"query-input\":{\"@type\":\"PropertyValueSpecification\",\"valueRequired\":true,\"valueName\":\"search_term_string\"}}],\"inLanguage\":\"en-US\"}]}<\/script>\n<!-- \/ Yoast SEO plugin. -->","yoast_head_json":{"title":"Economic Congress Bag - Tekno \u00c7anta - Promosyon Toptan \u00c7anta \u0130malat\u0131","robots":{"index":"index","follow":"follow","max-snippet":"max-snippet:-1","max-image-preview":"max-image-preview:large","max-video-preview":"max-video-preview:-1"},"canonical":"https:\/\/www.teknocanta.com\/economic-congress-bag\/","og_locale":"en_US","og_type":"article","og_title":"Economic Congress Bag - Tekno \u00c7anta - Promosyon Toptan \u00c7anta \u0130malat\u0131","og_description":"Pricing is made for 500 pieces. You can also order smaller quantities. Prices will vary for lower or higher quantities. For your price requests in different quantities, you can request a price by sending an e-mail to our e-mail address in the contact section. 8% VAT and printing fee are not included in the price.&hellip;","og_url":"https:\/\/www.teknocanta.com\/economic-congress-bag\/","og_site_name":"Tekno \u00c7anta - Promosyon Toptan \u00c7anta \u0130malat\u0131","twitter_card":"summary_large_image","twitter_misc":{"Est. reading time":"1 minute"},"schema":{"@context":"https:\/\/schema.org","@graph":[{"@type":"WebPage","@id":"https:\/\/www.teknocanta.com\/economic-congress-bag\/","url":"https:\/\/www.teknocanta.com\/economic-congress-bag\/","name":"Economic Congress Bag - Tekno \u00c7anta - Promosyon Toptan \u00c7anta \u0130malat\u0131","isPartOf":{"@id":"https:\/\/www.teknocanta.com\/#website"},"primaryImageOfPage":{"@id":"https:\/\/www.teknocanta.com\/economic-congress-bag\/#primaryimage"},"image":{"@id":"https:\/\/www.teknocanta.com\/economic-congress-bag\/#primaryimage"},"thumbnailUrl":"https:\/\/www.teknocanta.com\/wp-content\/uploads\/2021\/10\/AV6700.jpg","datePublished":"2021-10-14T12:53:17+00:00","breadcrumb":{"@id":"https:\/\/www.teknocanta.com\/economic-congress-bag\/#breadcrumb"},"inLanguage":"en-US","potentialAction":[{"@type":"ReadAction","target":["https:\/\/www.teknocanta.com\/economic-congress-bag\/"]}]},{"@type":"ImageObject","inLanguage":"en-US","@id":"https:\/\/www.teknocanta.com\/economic-congress-bag\/#primaryimage","url":"https:\/\/www.teknocanta.com\/wp-content\/uploads\/2021\/10\/AV6700.jpg","contentUrl":"https:\/\/www.teknocanta.com\/wp-content\/uploads\/2021\/10\/AV6700.jpg","width":1000,"height":974},{"@type":"BreadcrumbList","@id":"https:\/\/www.teknocanta.com\/economic-congress-bag\/#breadcrumb","itemListElement":[{"@type":"ListItem","position":1,"name":"Ana sayfa","item":"https:\/\/www.teknocanta.com\/en\/"},{"@type":"ListItem","position":2,"name":"\u00dcr\u00fcnler","item":"https:\/\/www.teknocanta.com\/urunler\/"},{"@type":"ListItem","position":3,"name":"Economic Congress Bag"}]},{"@type":"WebSite","@id":"https:\/\/www.teknocanta.com\/#website","url":"https:\/\/www.teknocanta.com\/","name":"Tekno \u00c7anta - Promosyon Toptan \u00c7anta \u0130malat\u0131","description":"Toptan \u00e7anta imalat\u0131, ham bez \u00e7anta, s\u0131rt \u00e7antalar\u0131, laptop ve evrak \u00e7antalar\u0131, kongre \u00e7antalar\u0131, fuar \u00e7antas\u0131 ve ipli b\u00fczg\u00fcl\u00fc \u00e7anta imalat\u0131 yapmaktay\u0131z.","potentialAction":[{"@type":"SearchAction","target":{"@type":"EntryPoint","urlTemplate":"https:\/\/www.teknocanta.com\/?s={search_term_string}"},"query-input":{"@type":"PropertyValueSpecification","valueRequired":true,"valueName":"search_term_string"}}],"inLanguage":"en-US"}]}},"_links":{"self":[{"href":"https:\/\/www.teknocanta.com\/en\/wp-json\/wp\/v2\/product\/44728","targetHints":{"allow":["GET"]}}],"collection":[{"href":"https:\/\/www.teknocanta.com\/en\/wp-json\/wp\/v2\/product"}],"about":[{"href":"https:\/\/www.teknocanta.com\/en\/wp-json\/wp\/v2\/types\/product"}],"replies":[{"embeddable":true,"href":"https:\/\/www.teknocanta.com\/en\/wp-json\/wp\/v2\/comments?post=44728"}],"wp:featuredmedia":[{"embeddable":true,"href":"https:\/\/www.teknocanta.com\/en\/wp-json\/wp\/v2\/media\/41779"}],"wp:attachment":[{"href":"https:\/\/www.teknocanta.com\/en\/wp-json\/wp\/v2\/media?parent=44728"}],"wp:term":[{"taxonomy":"product_brand","embeddable":true,"href":"https:\/\/www.teknocanta.com\/en\/wp-json\/wp\/v2\/product_brand?post=44728"},{"taxonomy":"product_cat","embeddable":true,"href":"https:\/\/www.teknocanta.com\/en\/wp-json\/wp\/v2\/product_cat?post=44728"},{"taxonomy":"product_tag","embeddable":true,"href":"https:\/\/www.teknocanta.com\/en\/wp-json\/wp\/v2\/product_tag?post=44728"}],"curies":[{"name":"wp","href":"https:\/\/api.w.org\/{rel}","templated":true}]}}