{"id":44716,"date":"2021-10-14T15:53:18","date_gmt":"2021-10-14T12:53:18","guid":{"rendered":"https:\/\/www.teknocanta.com\/congress-laptop-bag\/"},"modified":"2021-10-14T15:53:18","modified_gmt":"2021-10-14T12:53:18","slug":"congre-laptop-cantasi","status":"publish","type":"product","link":"https:\/\/www.teknocanta.com\/en\/congre-laptop-cantasi\/","title":{"rendered":"Congress Laptop Bag"},"content":{"rendered":"<div><font color=\"#222222\">For your price requests in different quantities, you can request a price by sending an e-mail to our e-mail address in the contact section. 8% VAT and printing fee are not included in the price.<\/font><\/div>\n<div><font color=\"#222222\"><br \/><\/font><\/div>\n<div><font color=\"#222222\">The red combination is applied by using red sewing threads together with the lining and zip of the bag. In this way, for orders of 200 pieces or more, the desired colours can be combined by changing the fabric colour, lining colour or zipper colour. The outer parts of the bag are made of linen imperteks waterproof fabric and the linings are made of 270 denier imperteks fabric.<\/font><\/div>\n<div><font color=\"#222222\"><br \/><\/font><\/div>\n<div><font color=\"#222222\">The bag size is 30x40x8 cm. The bag consists of 2 front and 1 top section. There is a laptop compartment inside the bag.<\/font><\/div>\n<div><font color=\"#222222\"><br \/><\/font><\/div>\n<div><font color=\"#222222\">Bag bodies are supported with 8 mm thick foam. Type 8 quality zip is used.<\/font><\/div>\n<div><font color=\"#222222\"><br \/><\/font><\/div>\n<div><font color=\"#222222\">It is possible to make colourful prints on the inside or outside of the bag. Optionally, embroidery printing can also be done. Printing fees vary according to the number of colours in the image to be printed.<\/font><\/div>\n<div><font color=\"#222222\"><br \/><\/font><\/div>\n<div><font color=\"#222222\">The manufacturing times of Promotional Congress Laptop Bags vary according to the number of orders and the average manufacturing time is 15 days, it can be given earlier depending on the importance of the work. Bags in stock can be given the same day without printing. If the products in stock are preferred as printed, the printing time may take a few days depending on the intensity.<\/font><\/div>\n<div><font color=\"#222222\"><br \/><\/font><\/div>\n<div><font color=\"#222222\">Please get current stock information.<\/font><\/div>\n<div><font color=\"#222222\"><br \/><\/font><\/div>\n<div><font color=\"#222222\">Promotional Congress Laptop Bags are generally a useful promotional product that you can use in all kinds of events such as congresses, symposiums, conferences and seminars and that you can gift to your customers.<\/font><\/div>\n","protected":false},"excerpt":{"rendered":"<p>For your price requests in different quantities, you can request a price by sending an e-mail to our e-mail address in the contact section. 8% VAT and printing fee are not included in the price. The red combination is applied by using red sewing threads together with the lining and zip of the bag. In&hellip;<\/p>\n","protected":false},"featured_media":41863,"comment_status":"open","ping_status":"closed","template":"","meta":[],"product_brand":[],"product_cat":[1350,1351,1378],"product_tag":[1935,1803,2016,2086,2085,2087,2084,2090,1936,1795,2089,2088,1793,1527,1801,1694,2091,1804],"class_list":{"0":"post-44716","1":"product","2":"type-product","3":"status-publish","4":"has-post-thumbnail","6":"product_cat-congress-and-symposium-bag","7":"product_cat-laptop-briefcase","8":"product_cat-stocked-bags","9":"product_tag-ankara-bag","10":"product_tag-backpack-bag-printing","11":"product_tag-congress-laptop-bag","12":"product_tag-congress-laptop-bag-istanbul","13":"product_tag-congress-laptop-bag-manufacturing","14":"product_tag-congress-laptop-bag-models","15":"product_tag-congress-laptop-bag-prices","16":"product_tag-congress-laptop-bag-with-stock","17":"product_tag-promotional-bags-istanbul","18":"product_tag-promotional-congress-bag","19":"product_tag-promotional-congress-laptop-backpack","20":"product_tag-promotional-congress-laptop-bag","21":"product_tag-seminar-bag","22":"product_tag-stocked-bag","23":"product_tag-symposium-bag","24":"product_tag-wholesale-bag-istoc","25":"product_tag-wholesale-congress-laptop-bag","26":"product_tag-wholesale-quality-bags","27":"description-off","29":"first","30":"instock","31":"shipping-taxable","32":"purchasable","33":"product-type-simple"},"yoast_head":"<!-- This site is optimized with the Yoast SEO plugin v26.6 - https:\/\/yoast.com\/wordpress\/plugins\/seo\/ -->\n<title>Congress Laptop Bag - Tekno \u00c7anta - Promosyon Toptan \u00c7anta \u0130malat\u0131<\/title>\n<meta name=\"robots\" content=\"index, follow, max-snippet:-1, max-image-preview:large, max-video-preview:-1\" \/>\n<link rel=\"canonical\" href=\"https:\/\/www.teknocanta.com\/congress-laptop-bag\/\" \/>\n<meta property=\"og:locale\" content=\"en_US\" \/>\n<meta property=\"og:type\" content=\"article\" \/>\n<meta property=\"og:title\" content=\"Congress Laptop Bag - Tekno \u00c7anta - Promosyon Toptan \u00c7anta \u0130malat\u0131\" \/>\n<meta property=\"og:description\" content=\"For your price requests in different quantities, you can request a price by sending an e-mail to our e-mail address in the contact section. 8% VAT and printing fee are not included in the price. The red combination is applied by using red sewing threads together with the lining and zip of the bag. In&hellip;\" \/>\n<meta property=\"og:url\" content=\"https:\/\/www.teknocanta.com\/congress-laptop-bag\/\" \/>\n<meta property=\"og:site_name\" content=\"Tekno \u00c7anta - Promosyon Toptan \u00c7anta \u0130malat\u0131\" \/>\n<meta name=\"twitter:card\" content=\"summary_large_image\" \/>\n<meta name=\"twitter:label1\" content=\"Est. reading time\" \/>\n\t<meta name=\"twitter:data1\" content=\"1 minute\" \/>\n<script type=\"application\/ld+json\" class=\"yoast-schema-graph\">{\"@context\":\"https:\/\/schema.org\",\"@graph\":[{\"@type\":\"WebPage\",\"@id\":\"https:\/\/www.teknocanta.com\/congress-laptop-bag\/\",\"url\":\"https:\/\/www.teknocanta.com\/congress-laptop-bag\/\",\"name\":\"Congress Laptop Bag - Tekno \u00c7anta - Promosyon Toptan \u00c7anta \u0130malat\u0131\",\"isPartOf\":{\"@id\":\"https:\/\/www.teknocanta.com\/#website\"},\"primaryImageOfPage\":{\"@id\":\"https:\/\/www.teknocanta.com\/congress-laptop-bag\/#primaryimage\"},\"image\":{\"@id\":\"https:\/\/www.teknocanta.com\/congress-laptop-bag\/#primaryimage\"},\"thumbnailUrl\":\"https:\/\/www.teknocanta.com\/wp-content\/uploads\/2021\/10\/kongre_laptop_cantasi_son_ana.jpg\",\"datePublished\":\"2021-10-14T12:53:18+00:00\",\"breadcrumb\":{\"@id\":\"https:\/\/www.teknocanta.com\/congress-laptop-bag\/#breadcrumb\"},\"inLanguage\":\"en-US\",\"potentialAction\":[{\"@type\":\"ReadAction\",\"target\":[\"https:\/\/www.teknocanta.com\/congress-laptop-bag\/\"]}]},{\"@type\":\"ImageObject\",\"inLanguage\":\"en-US\",\"@id\":\"https:\/\/www.teknocanta.com\/congress-laptop-bag\/#primaryimage\",\"url\":\"https:\/\/www.teknocanta.com\/wp-content\/uploads\/2021\/10\/kongre_laptop_cantasi_son_ana.jpg\",\"contentUrl\":\"https:\/\/www.teknocanta.com\/wp-content\/uploads\/2021\/10\/kongre_laptop_cantasi_son_ana.jpg\",\"width\":1000,\"height\":899},{\"@type\":\"BreadcrumbList\",\"@id\":\"https:\/\/www.teknocanta.com\/congress-laptop-bag\/#breadcrumb\",\"itemListElement\":[{\"@type\":\"ListItem\",\"position\":1,\"name\":\"Ana sayfa\",\"item\":\"https:\/\/www.teknocanta.com\/en\/\"},{\"@type\":\"ListItem\",\"position\":2,\"name\":\"\u00dcr\u00fcnler\",\"item\":\"https:\/\/www.teknocanta.com\/urunler\/\"},{\"@type\":\"ListItem\",\"position\":3,\"name\":\"Congress Laptop Bag\"}]},{\"@type\":\"WebSite\",\"@id\":\"https:\/\/www.teknocanta.com\/#website\",\"url\":\"https:\/\/www.teknocanta.com\/\",\"name\":\"Tekno \u00c7anta - Promosyon Toptan \u00c7anta \u0130malat\u0131\",\"description\":\"Toptan \u00e7anta imalat\u0131, ham bez \u00e7anta, s\u0131rt \u00e7antalar\u0131, laptop ve evrak \u00e7antalar\u0131, kongre \u00e7antalar\u0131, fuar \u00e7antas\u0131 ve ipli b\u00fczg\u00fcl\u00fc \u00e7anta imalat\u0131 yapmaktay\u0131z.\",\"potentialAction\":[{\"@type\":\"SearchAction\",\"target\":{\"@type\":\"EntryPoint\",\"urlTemplate\":\"https:\/\/www.teknocanta.com\/?s={search_term_string}\"},\"query-input\":{\"@type\":\"PropertyValueSpecification\",\"valueRequired\":true,\"valueName\":\"search_term_string\"}}],\"inLanguage\":\"en-US\"}]}<\/script>\n<!-- \/ Yoast SEO plugin. -->","yoast_head_json":{"title":"Congress Laptop Bag - Tekno \u00c7anta - Promosyon Toptan \u00c7anta \u0130malat\u0131","robots":{"index":"index","follow":"follow","max-snippet":"max-snippet:-1","max-image-preview":"max-image-preview:large","max-video-preview":"max-video-preview:-1"},"canonical":"https:\/\/www.teknocanta.com\/congress-laptop-bag\/","og_locale":"en_US","og_type":"article","og_title":"Congress Laptop Bag - Tekno \u00c7anta - Promosyon Toptan \u00c7anta \u0130malat\u0131","og_description":"For your price requests in different quantities, you can request a price by sending an e-mail to our e-mail address in the contact section. 8% VAT and printing fee are not included in the price. The red combination is applied by using red sewing threads together with the lining and zip of the bag. In&hellip;","og_url":"https:\/\/www.teknocanta.com\/congress-laptop-bag\/","og_site_name":"Tekno \u00c7anta - Promosyon Toptan \u00c7anta \u0130malat\u0131","twitter_card":"summary_large_image","twitter_misc":{"Est. reading time":"1 minute"},"schema":{"@context":"https:\/\/schema.org","@graph":[{"@type":"WebPage","@id":"https:\/\/www.teknocanta.com\/congress-laptop-bag\/","url":"https:\/\/www.teknocanta.com\/congress-laptop-bag\/","name":"Congress Laptop Bag - Tekno \u00c7anta - Promosyon Toptan \u00c7anta \u0130malat\u0131","isPartOf":{"@id":"https:\/\/www.teknocanta.com\/#website"},"primaryImageOfPage":{"@id":"https:\/\/www.teknocanta.com\/congress-laptop-bag\/#primaryimage"},"image":{"@id":"https:\/\/www.teknocanta.com\/congress-laptop-bag\/#primaryimage"},"thumbnailUrl":"https:\/\/www.teknocanta.com\/wp-content\/uploads\/2021\/10\/kongre_laptop_cantasi_son_ana.jpg","datePublished":"2021-10-14T12:53:18+00:00","breadcrumb":{"@id":"https:\/\/www.teknocanta.com\/congress-laptop-bag\/#breadcrumb"},"inLanguage":"en-US","potentialAction":[{"@type":"ReadAction","target":["https:\/\/www.teknocanta.com\/congress-laptop-bag\/"]}]},{"@type":"ImageObject","inLanguage":"en-US","@id":"https:\/\/www.teknocanta.com\/congress-laptop-bag\/#primaryimage","url":"https:\/\/www.teknocanta.com\/wp-content\/uploads\/2021\/10\/kongre_laptop_cantasi_son_ana.jpg","contentUrl":"https:\/\/www.teknocanta.com\/wp-content\/uploads\/2021\/10\/kongre_laptop_cantasi_son_ana.jpg","width":1000,"height":899},{"@type":"BreadcrumbList","@id":"https:\/\/www.teknocanta.com\/congress-laptop-bag\/#breadcrumb","itemListElement":[{"@type":"ListItem","position":1,"name":"Ana sayfa","item":"https:\/\/www.teknocanta.com\/en\/"},{"@type":"ListItem","position":2,"name":"\u00dcr\u00fcnler","item":"https:\/\/www.teknocanta.com\/urunler\/"},{"@type":"ListItem","position":3,"name":"Congress Laptop Bag"}]},{"@type":"WebSite","@id":"https:\/\/www.teknocanta.com\/#website","url":"https:\/\/www.teknocanta.com\/","name":"Tekno \u00c7anta - Promosyon Toptan \u00c7anta \u0130malat\u0131","description":"Toptan \u00e7anta imalat\u0131, ham bez \u00e7anta, s\u0131rt \u00e7antalar\u0131, laptop ve evrak \u00e7antalar\u0131, kongre \u00e7antalar\u0131, fuar \u00e7antas\u0131 ve ipli b\u00fczg\u00fcl\u00fc \u00e7anta imalat\u0131 yapmaktay\u0131z.","potentialAction":[{"@type":"SearchAction","target":{"@type":"EntryPoint","urlTemplate":"https:\/\/www.teknocanta.com\/?s={search_term_string}"},"query-input":{"@type":"PropertyValueSpecification","valueRequired":true,"valueName":"search_term_string"}}],"inLanguage":"en-US"}]}},"_links":{"self":[{"href":"https:\/\/www.teknocanta.com\/en\/wp-json\/wp\/v2\/product\/44716","targetHints":{"allow":["GET"]}}],"collection":[{"href":"https:\/\/www.teknocanta.com\/en\/wp-json\/wp\/v2\/product"}],"about":[{"href":"https:\/\/www.teknocanta.com\/en\/wp-json\/wp\/v2\/types\/product"}],"replies":[{"embeddable":true,"href":"https:\/\/www.teknocanta.com\/en\/wp-json\/wp\/v2\/comments?post=44716"}],"wp:featuredmedia":[{"embeddable":true,"href":"https:\/\/www.teknocanta.com\/en\/wp-json\/wp\/v2\/media\/41863"}],"wp:attachment":[{"href":"https:\/\/www.teknocanta.com\/en\/wp-json\/wp\/v2\/media?parent=44716"}],"wp:term":[{"taxonomy":"product_brand","embeddable":true,"href":"https:\/\/www.teknocanta.com\/en\/wp-json\/wp\/v2\/product_brand?post=44716"},{"taxonomy":"product_cat","embeddable":true,"href":"https:\/\/www.teknocanta.com\/en\/wp-json\/wp\/v2\/product_cat?post=44716"},{"taxonomy":"product_tag","embeddable":true,"href":"https:\/\/www.teknocanta.com\/en\/wp-json\/wp\/v2\/product_tag?post=44716"}],"curies":[{"name":"wp","href":"https:\/\/api.w.org\/{rel}","templated":true}]}}