{"id":44710,"date":"2021-10-14T15:54:07","date_gmt":"2021-10-14T12:54:07","guid":{"rendered":"https:\/\/www.teknocanta.com\/promotion-luxury-briefcase\/"},"modified":"2021-10-14T15:54:07","modified_gmt":"2021-10-14T12:54:07","slug":"promotional-luxury-document-bag","status":"publish","type":"product","link":"https:\/\/www.teknocanta.com\/en\/promotional-luxury-document-bag\/","title":{"rendered":"Promotion Luxury Briefcase"},"content":{"rendered":"<p>Promotion Luxury Briefcase<\/p>\n<p>Pricing for 500 pieces<br \/>\nmade for orders. Lower quantities can be purchased. More<br \/>\n for pricing information in lower or higher quantities please<br \/>\nAsk for the current price list.&nbsp;<\/p>\n<p>8% VAT and printing fee are not included in the price.&nbsp;<\/p>\n<p>For orders of 200 pieces or more, the fabric type, fabric colour, lining colour or zipper colour may change.<\/p>\n<p>Your bag<br \/>\n linen impertex and carcinogenic-free outer parts<br \/>\nfabric and inner linings are made of 270 denier imperteks fabric.<br \/>\nThe black parts used on the handle and outer parts of the bag are matt<br \/>\nquality artificial leather.<\/p>\n<p>The bag size is 30x40x5 cm.<br \/>\nThe bag consists of 1 top section with zip fastening. The inside of the bag also contains<br \/>\n There is no laptop compartment, there is a pocket for mouse and capblo.&nbsp;<\/p>\n<p>Bag bodies are supported with 8 mm thick foam. Type 8 quality zip is used.<\/p>\n<p>Your bag<br \/>\n embroidery or colourful paint prints can be made inside or outside. Printing<br \/>\nfees depending on the number of colours in the image to be printed and the printing to be done<br \/>\nvaries according to the technique. The most economical printing type is one colour<br \/>\nscreen printing. Embroidery printing and transfer printing technique, printing<br \/>\nvaries with the size and is partly more favourable than the other type of aspect.<br \/>\ncostly.<\/p>\n<p>Manufacturing times in Promotional Luxury briefcases<br \/>\nIt varies according to the number of orders and the average manufacturing time is 15 days,<br \/>\nIt can also be given earlier depending on the importance of the work. Bags in stock<br \/>\ncan be given the same day without printing. Products in stock as printed<br \/>\nIf preferred, the printing time may take a few days depending on the intensity.<\/p>\n<p>Please ask for current stock and price list.<\/p>\n<p>Promotion<br \/>\n Luxury briefcases are usually used for congresses, symposiums, conferences and seminars.<br \/>\n you can use in all kinds of events such as your customers<br \/>\nis a useful and permanent promotional product that you can gift.<\/p>\n","protected":false},"excerpt":{"rendered":"<p>Promotion Luxury Briefcase Pricing for 500 pieces made for orders. Lower quantities can be purchased. More for pricing information in lower or higher quantities please Ask for the current price list.&nbsp; 8% VAT and printing fee are not included in the price.&nbsp; For orders of 200 pieces or more, the fabric type, fabric colour, lining&hellip;<\/p>\n","protected":false},"featured_media":42028,"comment_status":"open","ping_status":"closed","template":"","meta":[],"product_brand":[],"product_cat":[1397],"product_tag":[1610,2069,1800],"class_list":{"0":"post-44710","1":"product","2":"type-product","3":"status-publish","4":"has-post-thumbnail","6":"product_cat-new-products","7":"product_tag-istoc-bag","8":"product_tag-istoc-promotional-bags","9":"product_tag-promotional-bags","10":"description-off","12":"first","13":"instock","14":"shipping-taxable","15":"purchasable","16":"product-type-simple"},"yoast_head":"<!-- This site is optimized with the Yoast SEO plugin v26.6 - https:\/\/yoast.com\/wordpress\/plugins\/seo\/ -->\n<title>Promotion Luxury Briefcase - Tekno \u00c7anta - Promosyon Toptan \u00c7anta \u0130malat\u0131<\/title>\n<meta name=\"robots\" content=\"index, follow, max-snippet:-1, max-image-preview:large, max-video-preview:-1\" \/>\n<link rel=\"canonical\" href=\"https:\/\/www.teknocanta.com\/promotion-luxury-briefcase\/\" \/>\n<meta property=\"og:locale\" content=\"en_US\" \/>\n<meta property=\"og:type\" content=\"article\" \/>\n<meta property=\"og:title\" content=\"Promotion Luxury Briefcase - Tekno \u00c7anta - Promosyon Toptan \u00c7anta \u0130malat\u0131\" \/>\n<meta property=\"og:description\" content=\"Promotion Luxury Briefcase Pricing for 500 pieces made for orders. Lower quantities can be purchased. More for pricing information in lower or higher quantities please Ask for the current price list.&nbsp; 8% VAT and printing fee are not included in the price.&nbsp; For orders of 200 pieces or more, the fabric type, fabric colour, lining&hellip;\" \/>\n<meta property=\"og:url\" content=\"https:\/\/www.teknocanta.com\/promotion-luxury-briefcase\/\" \/>\n<meta property=\"og:site_name\" content=\"Tekno \u00c7anta - Promosyon Toptan \u00c7anta \u0130malat\u0131\" \/>\n<meta name=\"twitter:card\" content=\"summary_large_image\" \/>\n<meta name=\"twitter:label1\" content=\"Est. reading time\" \/>\n\t<meta name=\"twitter:data1\" content=\"2 minutes\" \/>\n<script type=\"application\/ld+json\" class=\"yoast-schema-graph\">{\"@context\":\"https:\/\/schema.org\",\"@graph\":[{\"@type\":\"WebPage\",\"@id\":\"https:\/\/www.teknocanta.com\/promotion-luxury-briefcase\/\",\"url\":\"https:\/\/www.teknocanta.com\/promotion-luxury-briefcase\/\",\"name\":\"Promotion Luxury Briefcase - Tekno \u00c7anta - Promosyon Toptan \u00c7anta \u0130malat\u0131\",\"isPartOf\":{\"@id\":\"https:\/\/www.teknocanta.com\/#website\"},\"primaryImageOfPage\":{\"@id\":\"https:\/\/www.teknocanta.com\/promotion-luxury-briefcase\/#primaryimage\"},\"image\":{\"@id\":\"https:\/\/www.teknocanta.com\/promotion-luxury-briefcase\/#primaryimage\"},\"thumbnailUrl\":\"https:\/\/www.teknocanta.com\/wp-content\/uploads\/2021\/10\/AV6454_promosyon_luks_evrak_cantasi_1.jpeg\",\"datePublished\":\"2021-10-14T12:54:07+00:00\",\"breadcrumb\":{\"@id\":\"https:\/\/www.teknocanta.com\/promotion-luxury-briefcase\/#breadcrumb\"},\"inLanguage\":\"en-US\",\"potentialAction\":[{\"@type\":\"ReadAction\",\"target\":[\"https:\/\/www.teknocanta.com\/promotion-luxury-briefcase\/\"]}]},{\"@type\":\"ImageObject\",\"inLanguage\":\"en-US\",\"@id\":\"https:\/\/www.teknocanta.com\/promotion-luxury-briefcase\/#primaryimage\",\"url\":\"https:\/\/www.teknocanta.com\/wp-content\/uploads\/2021\/10\/AV6454_promosyon_luks_evrak_cantasi_1.jpeg\",\"contentUrl\":\"https:\/\/www.teknocanta.com\/wp-content\/uploads\/2021\/10\/AV6454_promosyon_luks_evrak_cantasi_1.jpeg\",\"width\":600,\"height\":600},{\"@type\":\"BreadcrumbList\",\"@id\":\"https:\/\/www.teknocanta.com\/promotion-luxury-briefcase\/#breadcrumb\",\"itemListElement\":[{\"@type\":\"ListItem\",\"position\":1,\"name\":\"Ana sayfa\",\"item\":\"https:\/\/www.teknocanta.com\/en\/\"},{\"@type\":\"ListItem\",\"position\":2,\"name\":\"\u00dcr\u00fcnler\",\"item\":\"https:\/\/www.teknocanta.com\/urunler\/\"},{\"@type\":\"ListItem\",\"position\":3,\"name\":\"Promotion Luxury Briefcase\"}]},{\"@type\":\"WebSite\",\"@id\":\"https:\/\/www.teknocanta.com\/#website\",\"url\":\"https:\/\/www.teknocanta.com\/\",\"name\":\"Tekno \u00c7anta - Promosyon Toptan \u00c7anta \u0130malat\u0131\",\"description\":\"Toptan \u00e7anta imalat\u0131, ham bez \u00e7anta, s\u0131rt \u00e7antalar\u0131, laptop ve evrak \u00e7antalar\u0131, kongre \u00e7antalar\u0131, fuar \u00e7antas\u0131 ve ipli b\u00fczg\u00fcl\u00fc \u00e7anta imalat\u0131 yapmaktay\u0131z.\",\"potentialAction\":[{\"@type\":\"SearchAction\",\"target\":{\"@type\":\"EntryPoint\",\"urlTemplate\":\"https:\/\/www.teknocanta.com\/?s={search_term_string}\"},\"query-input\":{\"@type\":\"PropertyValueSpecification\",\"valueRequired\":true,\"valueName\":\"search_term_string\"}}],\"inLanguage\":\"en-US\"}]}<\/script>\n<!-- \/ Yoast SEO plugin. -->","yoast_head_json":{"title":"Promotion Luxury Briefcase - Tekno \u00c7anta - Promosyon Toptan \u00c7anta \u0130malat\u0131","robots":{"index":"index","follow":"follow","max-snippet":"max-snippet:-1","max-image-preview":"max-image-preview:large","max-video-preview":"max-video-preview:-1"},"canonical":"https:\/\/www.teknocanta.com\/promotion-luxury-briefcase\/","og_locale":"en_US","og_type":"article","og_title":"Promotion Luxury Briefcase - Tekno \u00c7anta - Promosyon Toptan \u00c7anta \u0130malat\u0131","og_description":"Promotion Luxury Briefcase Pricing for 500 pieces made for orders. Lower quantities can be purchased. More for pricing information in lower or higher quantities please Ask for the current price list.&nbsp; 8% VAT and printing fee are not included in the price.&nbsp; For orders of 200 pieces or more, the fabric type, fabric colour, lining&hellip;","og_url":"https:\/\/www.teknocanta.com\/promotion-luxury-briefcase\/","og_site_name":"Tekno \u00c7anta - Promosyon Toptan \u00c7anta \u0130malat\u0131","twitter_card":"summary_large_image","twitter_misc":{"Est. reading time":"2 minutes"},"schema":{"@context":"https:\/\/schema.org","@graph":[{"@type":"WebPage","@id":"https:\/\/www.teknocanta.com\/promotion-luxury-briefcase\/","url":"https:\/\/www.teknocanta.com\/promotion-luxury-briefcase\/","name":"Promotion Luxury Briefcase - Tekno \u00c7anta - Promosyon Toptan \u00c7anta \u0130malat\u0131","isPartOf":{"@id":"https:\/\/www.teknocanta.com\/#website"},"primaryImageOfPage":{"@id":"https:\/\/www.teknocanta.com\/promotion-luxury-briefcase\/#primaryimage"},"image":{"@id":"https:\/\/www.teknocanta.com\/promotion-luxury-briefcase\/#primaryimage"},"thumbnailUrl":"https:\/\/www.teknocanta.com\/wp-content\/uploads\/2021\/10\/AV6454_promosyon_luks_evrak_cantasi_1.jpeg","datePublished":"2021-10-14T12:54:07+00:00","breadcrumb":{"@id":"https:\/\/www.teknocanta.com\/promotion-luxury-briefcase\/#breadcrumb"},"inLanguage":"en-US","potentialAction":[{"@type":"ReadAction","target":["https:\/\/www.teknocanta.com\/promotion-luxury-briefcase\/"]}]},{"@type":"ImageObject","inLanguage":"en-US","@id":"https:\/\/www.teknocanta.com\/promotion-luxury-briefcase\/#primaryimage","url":"https:\/\/www.teknocanta.com\/wp-content\/uploads\/2021\/10\/AV6454_promosyon_luks_evrak_cantasi_1.jpeg","contentUrl":"https:\/\/www.teknocanta.com\/wp-content\/uploads\/2021\/10\/AV6454_promosyon_luks_evrak_cantasi_1.jpeg","width":600,"height":600},{"@type":"BreadcrumbList","@id":"https:\/\/www.teknocanta.com\/promotion-luxury-briefcase\/#breadcrumb","itemListElement":[{"@type":"ListItem","position":1,"name":"Ana sayfa","item":"https:\/\/www.teknocanta.com\/en\/"},{"@type":"ListItem","position":2,"name":"\u00dcr\u00fcnler","item":"https:\/\/www.teknocanta.com\/urunler\/"},{"@type":"ListItem","position":3,"name":"Promotion Luxury Briefcase"}]},{"@type":"WebSite","@id":"https:\/\/www.teknocanta.com\/#website","url":"https:\/\/www.teknocanta.com\/","name":"Tekno \u00c7anta - Promosyon Toptan \u00c7anta \u0130malat\u0131","description":"Toptan \u00e7anta imalat\u0131, ham bez \u00e7anta, s\u0131rt \u00e7antalar\u0131, laptop ve evrak \u00e7antalar\u0131, kongre \u00e7antalar\u0131, fuar \u00e7antas\u0131 ve ipli b\u00fczg\u00fcl\u00fc \u00e7anta imalat\u0131 yapmaktay\u0131z.","potentialAction":[{"@type":"SearchAction","target":{"@type":"EntryPoint","urlTemplate":"https:\/\/www.teknocanta.com\/?s={search_term_string}"},"query-input":{"@type":"PropertyValueSpecification","valueRequired":true,"valueName":"search_term_string"}}],"inLanguage":"en-US"}]}},"_links":{"self":[{"href":"https:\/\/www.teknocanta.com\/en\/wp-json\/wp\/v2\/product\/44710","targetHints":{"allow":["GET"]}}],"collection":[{"href":"https:\/\/www.teknocanta.com\/en\/wp-json\/wp\/v2\/product"}],"about":[{"href":"https:\/\/www.teknocanta.com\/en\/wp-json\/wp\/v2\/types\/product"}],"replies":[{"embeddable":true,"href":"https:\/\/www.teknocanta.com\/en\/wp-json\/wp\/v2\/comments?post=44710"}],"wp:featuredmedia":[{"embeddable":true,"href":"https:\/\/www.teknocanta.com\/en\/wp-json\/wp\/v2\/media\/42028"}],"wp:attachment":[{"href":"https:\/\/www.teknocanta.com\/en\/wp-json\/wp\/v2\/media?parent=44710"}],"wp:term":[{"taxonomy":"product_brand","embeddable":true,"href":"https:\/\/www.teknocanta.com\/en\/wp-json\/wp\/v2\/product_brand?post=44710"},{"taxonomy":"product_cat","embeddable":true,"href":"https:\/\/www.teknocanta.com\/en\/wp-json\/wp\/v2\/product_cat?post=44710"},{"taxonomy":"product_tag","embeddable":true,"href":"https:\/\/www.teknocanta.com\/en\/wp-json\/wp\/v2\/product_tag?post=44710"}],"curies":[{"name":"wp","href":"https:\/\/api.w.org\/{rel}","templated":true}]}}