{"id":44695,"date":"2021-10-14T15:54:51","date_gmt":"2021-10-14T12:54:51","guid":{"rendered":"https:\/\/www.teknocanta.com\/symposium-backpack\/"},"modified":"2021-10-14T15:54:51","modified_gmt":"2021-10-14T12:54:51","slug":"symposium-backpack","status":"publish","type":"product","link":"https:\/\/www.teknocanta.com\/en\/symposium-backpack\/","title":{"rendered":"Symposium Backpack"},"content":{"rendered":"<div>Symposium Backpack<\/div>\n<div><\/div>\n<div>Pricing is made for 500 pieces. You can also order smaller quantities. Prices will vary for lower or higher quantities. For your price requests in different quantities, you can request a price by sending an e-mail to our e-mail address in the contact section. 8% VAT and printing fee are not included in the price.<\/div>\n<div><\/div>\n<div>For orders of 200 pieces or more, fabric colour, lining colour or zipper colour can be changed. The outer parts of the bag are made of linen imperteks waterproof fabric and the linings are made of 270 denier imperteks fabric.<\/div>\n<div><\/div>\n<div>The bag size is 30x40x12 cm. The bag consists of 2 front and 2 top sections with zip fastening. There is a mesh drinker on the sides of the bag. There is a laptop compartment inside the bag.<\/div>\n<div>Bag bodies are supported with 8 mm thick foam. Type 8 quality zip is used.<\/div>\n<div><\/div>\n<div>It is possible to make colourful prints on the inside or outside of the bag. Optionally, embroidery printing can also be done. Printing fees vary according to the number of colours in the image to be printed.<\/div>\n<div><\/div>\n<div>The manufacturing times of Promotional Symposium Backpacks vary according to the number of orders and the average manufacturing time is 15 days, it can be given earlier depending on the importance of the work. Bags in stock can be given the same day without printing. If the products in stock are preferred as printed, the printing time may take a few days depending on the intensity.<\/div>\n<div><\/div>\n<div>Please get current stock information.<\/div>\n<div><\/div>\n<div>Promotional Symposium Backpacks are generally a useful promotional product that you can use in all kinds of events such as congresses, symposiums, conferences and seminars and that you can gift to your customers.<\/div>\n<div><\/div>\n","protected":false},"excerpt":{"rendered":"<p>Symposium Backpack Pricing is made for 500 pieces. You can also order smaller quantities. Prices will vary for lower or higher quantities. For your price requests in different quantities, you can request a price by sending an e-mail to our e-mail address in the contact section. 8% VAT and printing fee are not included in&hellip;<\/p>\n","protected":false},"featured_media":42136,"comment_status":"open","ping_status":"closed","template":"","meta":[],"product_brand":[],"product_cat":[1397],"product_tag":[1803,2007,1796,2006,1794,1799,1800,1795,1793,2008],"class_list":{"0":"post-44695","1":"product","2":"type-product","3":"status-publish","4":"has-post-thumbnail","6":"product_cat-new-products","7":"product_tag-backpack-bag-printing","8":"product_tag-congress-and-symposium-bag","9":"product_tag-congress-backpack","10":"product_tag-congress-bag-prices","11":"product_tag-promotional-backpack","12":"product_tag-promotional-bag-companies","13":"product_tag-promotional-bags","14":"product_tag-promotional-congress-bag","15":"product_tag-seminar-bag","16":"product_tag-wholesale-laptop-backpack","17":"description-off","19":"first","20":"instock","21":"shipping-taxable","22":"purchasable","23":"product-type-simple"},"yoast_head":"<!-- This site is optimized with the Yoast SEO plugin v26.6 - https:\/\/yoast.com\/wordpress\/plugins\/seo\/ -->\n<title>Symposium Backpack - Tekno \u00c7anta - Promosyon Toptan \u00c7anta \u0130malat\u0131<\/title>\n<meta name=\"robots\" content=\"index, follow, max-snippet:-1, max-image-preview:large, max-video-preview:-1\" \/>\n<link rel=\"canonical\" href=\"https:\/\/www.teknocanta.com\/symposium-backpack\/\" \/>\n<meta property=\"og:locale\" content=\"en_US\" \/>\n<meta property=\"og:type\" content=\"article\" \/>\n<meta property=\"og:title\" content=\"Symposium Backpack - Tekno \u00c7anta - Promosyon Toptan \u00c7anta \u0130malat\u0131\" \/>\n<meta property=\"og:description\" content=\"Symposium Backpack Pricing is made for 500 pieces. You can also order smaller quantities. Prices will vary for lower or higher quantities. For your price requests in different quantities, you can request a price by sending an e-mail to our e-mail address in the contact section. 8% VAT and printing fee are not included in&hellip;\" \/>\n<meta property=\"og:url\" content=\"https:\/\/www.teknocanta.com\/symposium-backpack\/\" \/>\n<meta property=\"og:site_name\" content=\"Tekno \u00c7anta - Promosyon Toptan \u00c7anta \u0130malat\u0131\" \/>\n<meta name=\"twitter:card\" content=\"summary_large_image\" \/>\n<meta name=\"twitter:label1\" content=\"Est. reading time\" \/>\n\t<meta name=\"twitter:data1\" content=\"1 minute\" \/>\n<script type=\"application\/ld+json\" class=\"yoast-schema-graph\">{\"@context\":\"https:\/\/schema.org\",\"@graph\":[{\"@type\":\"WebPage\",\"@id\":\"https:\/\/www.teknocanta.com\/symposium-backpack\/\",\"url\":\"https:\/\/www.teknocanta.com\/symposium-backpack\/\",\"name\":\"Symposium Backpack - Tekno \u00c7anta - Promosyon Toptan \u00c7anta \u0130malat\u0131\",\"isPartOf\":{\"@id\":\"https:\/\/www.teknocanta.com\/#website\"},\"primaryImageOfPage\":{\"@id\":\"https:\/\/www.teknocanta.com\/symposium-backpack\/#primaryimage\"},\"image\":{\"@id\":\"https:\/\/www.teknocanta.com\/symposium-backpack\/#primaryimage\"},\"thumbnailUrl\":\"https:\/\/www.teknocanta.com\/wp-content\/uploads\/2021\/10\/AV2360_sempozyum_sirt_cantasi_1.jpeg\",\"datePublished\":\"2021-10-14T12:54:51+00:00\",\"breadcrumb\":{\"@id\":\"https:\/\/www.teknocanta.com\/symposium-backpack\/#breadcrumb\"},\"inLanguage\":\"en-US\",\"potentialAction\":[{\"@type\":\"ReadAction\",\"target\":[\"https:\/\/www.teknocanta.com\/symposium-backpack\/\"]}]},{\"@type\":\"ImageObject\",\"inLanguage\":\"en-US\",\"@id\":\"https:\/\/www.teknocanta.com\/symposium-backpack\/#primaryimage\",\"url\":\"https:\/\/www.teknocanta.com\/wp-content\/uploads\/2021\/10\/AV2360_sempozyum_sirt_cantasi_1.jpeg\",\"contentUrl\":\"https:\/\/www.teknocanta.com\/wp-content\/uploads\/2021\/10\/AV2360_sempozyum_sirt_cantasi_1.jpeg\",\"width\":600,\"height\":600},{\"@type\":\"BreadcrumbList\",\"@id\":\"https:\/\/www.teknocanta.com\/symposium-backpack\/#breadcrumb\",\"itemListElement\":[{\"@type\":\"ListItem\",\"position\":1,\"name\":\"Ana sayfa\",\"item\":\"https:\/\/www.teknocanta.com\/en\/\"},{\"@type\":\"ListItem\",\"position\":2,\"name\":\"\u00dcr\u00fcnler\",\"item\":\"https:\/\/www.teknocanta.com\/urunler\/\"},{\"@type\":\"ListItem\",\"position\":3,\"name\":\"Symposium Backpack\"}]},{\"@type\":\"WebSite\",\"@id\":\"https:\/\/www.teknocanta.com\/#website\",\"url\":\"https:\/\/www.teknocanta.com\/\",\"name\":\"Tekno \u00c7anta - Promosyon Toptan \u00c7anta \u0130malat\u0131\",\"description\":\"Toptan \u00e7anta imalat\u0131, ham bez \u00e7anta, s\u0131rt \u00e7antalar\u0131, laptop ve evrak \u00e7antalar\u0131, kongre \u00e7antalar\u0131, fuar \u00e7antas\u0131 ve ipli b\u00fczg\u00fcl\u00fc \u00e7anta imalat\u0131 yapmaktay\u0131z.\",\"potentialAction\":[{\"@type\":\"SearchAction\",\"target\":{\"@type\":\"EntryPoint\",\"urlTemplate\":\"https:\/\/www.teknocanta.com\/?s={search_term_string}\"},\"query-input\":{\"@type\":\"PropertyValueSpecification\",\"valueRequired\":true,\"valueName\":\"search_term_string\"}}],\"inLanguage\":\"en-US\"}]}<\/script>\n<!-- \/ Yoast SEO plugin. -->","yoast_head_json":{"title":"Symposium Backpack - Tekno \u00c7anta - Promosyon Toptan \u00c7anta \u0130malat\u0131","robots":{"index":"index","follow":"follow","max-snippet":"max-snippet:-1","max-image-preview":"max-image-preview:large","max-video-preview":"max-video-preview:-1"},"canonical":"https:\/\/www.teknocanta.com\/symposium-backpack\/","og_locale":"en_US","og_type":"article","og_title":"Symposium Backpack - Tekno \u00c7anta - Promosyon Toptan \u00c7anta \u0130malat\u0131","og_description":"Symposium Backpack Pricing is made for 500 pieces. You can also order smaller quantities. Prices will vary for lower or higher quantities. For your price requests in different quantities, you can request a price by sending an e-mail to our e-mail address in the contact section. 8% VAT and printing fee are not included in&hellip;","og_url":"https:\/\/www.teknocanta.com\/symposium-backpack\/","og_site_name":"Tekno \u00c7anta - Promosyon Toptan \u00c7anta \u0130malat\u0131","twitter_card":"summary_large_image","twitter_misc":{"Est. reading time":"1 minute"},"schema":{"@context":"https:\/\/schema.org","@graph":[{"@type":"WebPage","@id":"https:\/\/www.teknocanta.com\/symposium-backpack\/","url":"https:\/\/www.teknocanta.com\/symposium-backpack\/","name":"Symposium Backpack - Tekno \u00c7anta - Promosyon Toptan \u00c7anta \u0130malat\u0131","isPartOf":{"@id":"https:\/\/www.teknocanta.com\/#website"},"primaryImageOfPage":{"@id":"https:\/\/www.teknocanta.com\/symposium-backpack\/#primaryimage"},"image":{"@id":"https:\/\/www.teknocanta.com\/symposium-backpack\/#primaryimage"},"thumbnailUrl":"https:\/\/www.teknocanta.com\/wp-content\/uploads\/2021\/10\/AV2360_sempozyum_sirt_cantasi_1.jpeg","datePublished":"2021-10-14T12:54:51+00:00","breadcrumb":{"@id":"https:\/\/www.teknocanta.com\/symposium-backpack\/#breadcrumb"},"inLanguage":"en-US","potentialAction":[{"@type":"ReadAction","target":["https:\/\/www.teknocanta.com\/symposium-backpack\/"]}]},{"@type":"ImageObject","inLanguage":"en-US","@id":"https:\/\/www.teknocanta.com\/symposium-backpack\/#primaryimage","url":"https:\/\/www.teknocanta.com\/wp-content\/uploads\/2021\/10\/AV2360_sempozyum_sirt_cantasi_1.jpeg","contentUrl":"https:\/\/www.teknocanta.com\/wp-content\/uploads\/2021\/10\/AV2360_sempozyum_sirt_cantasi_1.jpeg","width":600,"height":600},{"@type":"BreadcrumbList","@id":"https:\/\/www.teknocanta.com\/symposium-backpack\/#breadcrumb","itemListElement":[{"@type":"ListItem","position":1,"name":"Ana sayfa","item":"https:\/\/www.teknocanta.com\/en\/"},{"@type":"ListItem","position":2,"name":"\u00dcr\u00fcnler","item":"https:\/\/www.teknocanta.com\/urunler\/"},{"@type":"ListItem","position":3,"name":"Symposium Backpack"}]},{"@type":"WebSite","@id":"https:\/\/www.teknocanta.com\/#website","url":"https:\/\/www.teknocanta.com\/","name":"Tekno \u00c7anta - Promosyon Toptan \u00c7anta \u0130malat\u0131","description":"Toptan \u00e7anta imalat\u0131, ham bez \u00e7anta, s\u0131rt \u00e7antalar\u0131, laptop ve evrak \u00e7antalar\u0131, kongre \u00e7antalar\u0131, fuar \u00e7antas\u0131 ve ipli b\u00fczg\u00fcl\u00fc \u00e7anta imalat\u0131 yapmaktay\u0131z.","potentialAction":[{"@type":"SearchAction","target":{"@type":"EntryPoint","urlTemplate":"https:\/\/www.teknocanta.com\/?s={search_term_string}"},"query-input":{"@type":"PropertyValueSpecification","valueRequired":true,"valueName":"search_term_string"}}],"inLanguage":"en-US"}]}},"_links":{"self":[{"href":"https:\/\/www.teknocanta.com\/en\/wp-json\/wp\/v2\/product\/44695","targetHints":{"allow":["GET"]}}],"collection":[{"href":"https:\/\/www.teknocanta.com\/en\/wp-json\/wp\/v2\/product"}],"about":[{"href":"https:\/\/www.teknocanta.com\/en\/wp-json\/wp\/v2\/types\/product"}],"replies":[{"embeddable":true,"href":"https:\/\/www.teknocanta.com\/en\/wp-json\/wp\/v2\/comments?post=44695"}],"wp:featuredmedia":[{"embeddable":true,"href":"https:\/\/www.teknocanta.com\/en\/wp-json\/wp\/v2\/media\/42136"}],"wp:attachment":[{"href":"https:\/\/www.teknocanta.com\/en\/wp-json\/wp\/v2\/media?parent=44695"}],"wp:term":[{"taxonomy":"product_brand","embeddable":true,"href":"https:\/\/www.teknocanta.com\/en\/wp-json\/wp\/v2\/product_brand?post=44695"},{"taxonomy":"product_cat","embeddable":true,"href":"https:\/\/www.teknocanta.com\/en\/wp-json\/wp\/v2\/product_cat?post=44695"},{"taxonomy":"product_tag","embeddable":true,"href":"https:\/\/www.teknocanta.com\/en\/wp-json\/wp\/v2\/product_tag?post=44695"}],"curies":[{"name":"wp","href":"https:\/\/api.w.org\/{rel}","templated":true}]}}