{"id":44686,"date":"2021-10-14T15:55:18","date_gmt":"2021-10-14T12:55:18","guid":{"rendered":"https:\/\/www.teknocanta.com\/promotional-symposium-bag\/"},"modified":"2021-10-14T15:55:18","modified_gmt":"2021-10-14T12:55:18","slug":"promotional-symposium-bag","status":"publish","type":"product","link":"https:\/\/www.teknocanta.com\/en\/promotional-symposium-bag\/","title":{"rendered":"Promotional Symposium Bag"},"content":{"rendered":"<div><font color=\"#222222\">Pricing is made for 500 pieces. You can also order smaller quantities. Prices will vary for lower or higher quantities. For your price requests in different quantities, you can request a price by sending an e-mail to our e-mail address in the contact section. 8% VAT and printing fee are not included in the price.<\/font><\/div>\n<div><font color=\"#222222\"><br \/><\/font><\/div>\n<div><font color=\"#222222\">For orders of 200 pieces or more, fabric colour, lining colour or zipper colour can be changed. The outer parts of the bag are made of 1900 denier imperteks waterproof fabric and the linings are made of 270 denier imperteks fabric.<\/font><\/div>\n<div><font color=\"#222222\"><br \/><\/font><\/div>\n<div><font color=\"#222222\">The bag size is 30x40x8 cm. The bag consists of 2 front, 1 back and 1 top section with zip fastening. There is a laptop compartment inside the bag.<\/font><\/div>\n<div><font color=\"#222222\"><br \/><\/font><\/div>\n<div><font color=\"#222222\">Bag bodies are supported with 8 mm thick foam. Type 8 quality zip is used.<\/font><\/div>\n<div><font color=\"#222222\"><br \/><\/font><\/div>\n<div><font color=\"#222222\">It is possible to make colourful prints on the inside or outside of the bag. Optionally, embroidery printing can also be done. Printing fees vary according to the number of colours in the image to be printed.<\/font><\/div>\n<div><font color=\"#222222\"><br \/><\/font><\/div>\n<div><font color=\"#222222\">Promotional Symposium Bag manufacturing times vary according to the number of orders and the average manufacturing time is 15 days, it can be given earlier depending on the importance of the work. Bags in stock can be given the same day without printing. If the products in stock are preferred as printed, the printing time may take a few days depending on the intensity.<\/font><\/div>\n<div><font color=\"#222222\"><br \/><\/font><\/div>\n<div><font color=\"#222222\">Please get current stock information.<\/font><\/div>\n<div><font color=\"#222222\"><br \/><\/font><\/div>\n<div><font color=\"#222222\">Promotional Symposium Bag is a useful promotional product that you can use in all kinds of events such as congresses, symposiums, conferences and seminars and gift it to your customers.<\/font><\/div>\n","protected":false},"excerpt":{"rendered":"<p>Pricing is made for 500 pieces. You can also order smaller quantities. Prices will vary for lower or higher quantities. For your price requests in different quantities, you can request a price by sending an e-mail to our e-mail address in the contact section. 8% VAT and printing fee are not included in the price.&hellip;<\/p>\n","protected":false},"featured_media":42184,"comment_status":"open","ping_status":"closed","template":"","meta":[],"product_brand":[],"product_cat":[1397],"product_tag":[1935,1943,1936,1795,1937,1934,1793,1527,1941,1801,1939,1944,1938,1946,1945,1940,1942],"class_list":{"0":"post-44686","1":"product","2":"type-product","3":"status-publish","4":"has-post-thumbnail","6":"product_cat-new-products","7":"product_tag-ankara-bag","8":"product_tag-emergency-symposium-bag","9":"product_tag-promotional-bags-istanbul","10":"product_tag-promotional-congress-bag","11":"product_tag-promotional-symposium-backpack","12":"product_tag-promotional-symposium-bag","13":"product_tag-seminar-bag","14":"product_tag-stocked-bag","15":"product_tag-stocked-symposium-bag","16":"product_tag-symposium-bag","17":"product_tag-symposium-bag-istanbul","18":"product_tag-symposium-bag-istoc","19":"product_tag-symposium-bag-manufacturing","20":"product_tag-symposium-bag-models","21":"product_tag-symposium-bag-prices","22":"product_tag-symposium-laptop-bag","23":"product_tag-wholesale-symposium-bag","24":"description-off","26":"first","27":"instock","28":"shipping-taxable","29":"purchasable","30":"product-type-simple"},"yoast_head":"<!-- This site is optimized with the Yoast SEO plugin v26.6 - https:\/\/yoast.com\/wordpress\/plugins\/seo\/ -->\n<title>Promotional Symposium Bag - Tekno \u00c7anta - Promosyon Toptan \u00c7anta \u0130malat\u0131<\/title>\n<meta name=\"robots\" content=\"index, follow, max-snippet:-1, max-image-preview:large, max-video-preview:-1\" \/>\n<link rel=\"canonical\" href=\"https:\/\/www.teknocanta.com\/promotional-symposium-bag\/\" \/>\n<meta property=\"og:locale\" content=\"en_US\" \/>\n<meta property=\"og:type\" content=\"article\" \/>\n<meta property=\"og:title\" content=\"Promotional Symposium Bag - Tekno \u00c7anta - Promosyon Toptan \u00c7anta \u0130malat\u0131\" \/>\n<meta property=\"og:description\" content=\"Pricing is made for 500 pieces. You can also order smaller quantities. Prices will vary for lower or higher quantities. For your price requests in different quantities, you can request a price by sending an e-mail to our e-mail address in the contact section. 8% VAT and printing fee are not included in the price.&hellip;\" \/>\n<meta property=\"og:url\" content=\"https:\/\/www.teknocanta.com\/promotional-symposium-bag\/\" \/>\n<meta property=\"og:site_name\" content=\"Tekno \u00c7anta - Promosyon Toptan \u00c7anta \u0130malat\u0131\" \/>\n<meta name=\"twitter:card\" content=\"summary_large_image\" \/>\n<meta name=\"twitter:label1\" content=\"Est. reading time\" \/>\n\t<meta name=\"twitter:data1\" content=\"1 minute\" \/>\n<script type=\"application\/ld+json\" class=\"yoast-schema-graph\">{\"@context\":\"https:\/\/schema.org\",\"@graph\":[{\"@type\":\"WebPage\",\"@id\":\"https:\/\/www.teknocanta.com\/promotional-symposium-bag\/\",\"url\":\"https:\/\/www.teknocanta.com\/promotional-symposium-bag\/\",\"name\":\"Promotional Symposium Bag - Tekno \u00c7anta - Promosyon Toptan \u00c7anta \u0130malat\u0131\",\"isPartOf\":{\"@id\":\"https:\/\/www.teknocanta.com\/#website\"},\"primaryImageOfPage\":{\"@id\":\"https:\/\/www.teknocanta.com\/promotional-symposium-bag\/#primaryimage\"},\"image\":{\"@id\":\"https:\/\/www.teknocanta.com\/promotional-symposium-bag\/#primaryimage\"},\"thumbnailUrl\":\"https:\/\/www.teknocanta.com\/wp-content\/uploads\/2021\/10\/av190_promosyon_sempozyum_cantasi.jpeg\",\"datePublished\":\"2021-10-14T12:55:18+00:00\",\"breadcrumb\":{\"@id\":\"https:\/\/www.teknocanta.com\/promotional-symposium-bag\/#breadcrumb\"},\"inLanguage\":\"en-US\",\"potentialAction\":[{\"@type\":\"ReadAction\",\"target\":[\"https:\/\/www.teknocanta.com\/promotional-symposium-bag\/\"]}]},{\"@type\":\"ImageObject\",\"inLanguage\":\"en-US\",\"@id\":\"https:\/\/www.teknocanta.com\/promotional-symposium-bag\/#primaryimage\",\"url\":\"https:\/\/www.teknocanta.com\/wp-content\/uploads\/2021\/10\/av190_promosyon_sempozyum_cantasi.jpeg\",\"contentUrl\":\"https:\/\/www.teknocanta.com\/wp-content\/uploads\/2021\/10\/av190_promosyon_sempozyum_cantasi.jpeg\",\"width\":600,\"height\":600},{\"@type\":\"BreadcrumbList\",\"@id\":\"https:\/\/www.teknocanta.com\/promotional-symposium-bag\/#breadcrumb\",\"itemListElement\":[{\"@type\":\"ListItem\",\"position\":1,\"name\":\"Ana sayfa\",\"item\":\"https:\/\/www.teknocanta.com\/en\/\"},{\"@type\":\"ListItem\",\"position\":2,\"name\":\"\u00dcr\u00fcnler\",\"item\":\"https:\/\/www.teknocanta.com\/urunler\/\"},{\"@type\":\"ListItem\",\"position\":3,\"name\":\"Promotional Symposium Bag\"}]},{\"@type\":\"WebSite\",\"@id\":\"https:\/\/www.teknocanta.com\/#website\",\"url\":\"https:\/\/www.teknocanta.com\/\",\"name\":\"Tekno \u00c7anta - Promosyon Toptan \u00c7anta \u0130malat\u0131\",\"description\":\"Toptan \u00e7anta imalat\u0131, ham bez \u00e7anta, s\u0131rt \u00e7antalar\u0131, laptop ve evrak \u00e7antalar\u0131, kongre \u00e7antalar\u0131, fuar \u00e7antas\u0131 ve ipli b\u00fczg\u00fcl\u00fc \u00e7anta imalat\u0131 yapmaktay\u0131z.\",\"potentialAction\":[{\"@type\":\"SearchAction\",\"target\":{\"@type\":\"EntryPoint\",\"urlTemplate\":\"https:\/\/www.teknocanta.com\/?s={search_term_string}\"},\"query-input\":{\"@type\":\"PropertyValueSpecification\",\"valueRequired\":true,\"valueName\":\"search_term_string\"}}],\"inLanguage\":\"en-US\"}]}<\/script>\n<!-- \/ Yoast SEO plugin. -->","yoast_head_json":{"title":"Promotional Symposium Bag - Tekno \u00c7anta - Promosyon Toptan \u00c7anta \u0130malat\u0131","robots":{"index":"index","follow":"follow","max-snippet":"max-snippet:-1","max-image-preview":"max-image-preview:large","max-video-preview":"max-video-preview:-1"},"canonical":"https:\/\/www.teknocanta.com\/promotional-symposium-bag\/","og_locale":"en_US","og_type":"article","og_title":"Promotional Symposium Bag - Tekno \u00c7anta - Promosyon Toptan \u00c7anta \u0130malat\u0131","og_description":"Pricing is made for 500 pieces. You can also order smaller quantities. Prices will vary for lower or higher quantities. For your price requests in different quantities, you can request a price by sending an e-mail to our e-mail address in the contact section. 8% VAT and printing fee are not included in the price.&hellip;","og_url":"https:\/\/www.teknocanta.com\/promotional-symposium-bag\/","og_site_name":"Tekno \u00c7anta - Promosyon Toptan \u00c7anta \u0130malat\u0131","twitter_card":"summary_large_image","twitter_misc":{"Est. reading time":"1 minute"},"schema":{"@context":"https:\/\/schema.org","@graph":[{"@type":"WebPage","@id":"https:\/\/www.teknocanta.com\/promotional-symposium-bag\/","url":"https:\/\/www.teknocanta.com\/promotional-symposium-bag\/","name":"Promotional Symposium Bag - Tekno \u00c7anta - Promosyon Toptan \u00c7anta \u0130malat\u0131","isPartOf":{"@id":"https:\/\/www.teknocanta.com\/#website"},"primaryImageOfPage":{"@id":"https:\/\/www.teknocanta.com\/promotional-symposium-bag\/#primaryimage"},"image":{"@id":"https:\/\/www.teknocanta.com\/promotional-symposium-bag\/#primaryimage"},"thumbnailUrl":"https:\/\/www.teknocanta.com\/wp-content\/uploads\/2021\/10\/av190_promosyon_sempozyum_cantasi.jpeg","datePublished":"2021-10-14T12:55:18+00:00","breadcrumb":{"@id":"https:\/\/www.teknocanta.com\/promotional-symposium-bag\/#breadcrumb"},"inLanguage":"en-US","potentialAction":[{"@type":"ReadAction","target":["https:\/\/www.teknocanta.com\/promotional-symposium-bag\/"]}]},{"@type":"ImageObject","inLanguage":"en-US","@id":"https:\/\/www.teknocanta.com\/promotional-symposium-bag\/#primaryimage","url":"https:\/\/www.teknocanta.com\/wp-content\/uploads\/2021\/10\/av190_promosyon_sempozyum_cantasi.jpeg","contentUrl":"https:\/\/www.teknocanta.com\/wp-content\/uploads\/2021\/10\/av190_promosyon_sempozyum_cantasi.jpeg","width":600,"height":600},{"@type":"BreadcrumbList","@id":"https:\/\/www.teknocanta.com\/promotional-symposium-bag\/#breadcrumb","itemListElement":[{"@type":"ListItem","position":1,"name":"Ana sayfa","item":"https:\/\/www.teknocanta.com\/en\/"},{"@type":"ListItem","position":2,"name":"\u00dcr\u00fcnler","item":"https:\/\/www.teknocanta.com\/urunler\/"},{"@type":"ListItem","position":3,"name":"Promotional Symposium Bag"}]},{"@type":"WebSite","@id":"https:\/\/www.teknocanta.com\/#website","url":"https:\/\/www.teknocanta.com\/","name":"Tekno \u00c7anta - Promosyon Toptan \u00c7anta \u0130malat\u0131","description":"Toptan \u00e7anta imalat\u0131, ham bez \u00e7anta, s\u0131rt \u00e7antalar\u0131, laptop ve evrak \u00e7antalar\u0131, kongre \u00e7antalar\u0131, fuar \u00e7antas\u0131 ve ipli b\u00fczg\u00fcl\u00fc \u00e7anta imalat\u0131 yapmaktay\u0131z.","potentialAction":[{"@type":"SearchAction","target":{"@type":"EntryPoint","urlTemplate":"https:\/\/www.teknocanta.com\/?s={search_term_string}"},"query-input":{"@type":"PropertyValueSpecification","valueRequired":true,"valueName":"search_term_string"}}],"inLanguage":"en-US"}]}},"_links":{"self":[{"href":"https:\/\/www.teknocanta.com\/en\/wp-json\/wp\/v2\/product\/44686","targetHints":{"allow":["GET"]}}],"collection":[{"href":"https:\/\/www.teknocanta.com\/en\/wp-json\/wp\/v2\/product"}],"about":[{"href":"https:\/\/www.teknocanta.com\/en\/wp-json\/wp\/v2\/types\/product"}],"replies":[{"embeddable":true,"href":"https:\/\/www.teknocanta.com\/en\/wp-json\/wp\/v2\/comments?post=44686"}],"wp:featuredmedia":[{"embeddable":true,"href":"https:\/\/www.teknocanta.com\/en\/wp-json\/wp\/v2\/media\/42184"}],"wp:attachment":[{"href":"https:\/\/www.teknocanta.com\/en\/wp-json\/wp\/v2\/media?parent=44686"}],"wp:term":[{"taxonomy":"product_brand","embeddable":true,"href":"https:\/\/www.teknocanta.com\/en\/wp-json\/wp\/v2\/product_brand?post=44686"},{"taxonomy":"product_cat","embeddable":true,"href":"https:\/\/www.teknocanta.com\/en\/wp-json\/wp\/v2\/product_cat?post=44686"},{"taxonomy":"product_tag","embeddable":true,"href":"https:\/\/www.teknocanta.com\/en\/wp-json\/wp\/v2\/product_tag?post=44686"}],"curies":[{"name":"wp","href":"https:\/\/api.w.org\/{rel}","templated":true}]}}