{"id":44680,"date":"2021-10-14T15:55:39","date_gmt":"2021-10-14T12:55:39","guid":{"rendered":"https:\/\/www.teknocanta.com\/postman-saddle-bag\/"},"modified":"2021-10-14T15:55:39","modified_gmt":"2021-10-14T12:55:39","slug":"postman-bag-type-bag","status":"publish","type":"product","link":"https:\/\/www.teknocanta.com\/en\/postman-bag-type-bag\/","title":{"rendered":"Postman Saddle Bag"},"content":{"rendered":"<p>Postman &#8211; Saddle Bag<\/p>\n<p>Made of 600 denier imperteks waterproof fabric. <\/p>\n<p>Can be produced in different colours. The same model can be produced from raw cloth or fibre fabric.\n<\/p>\n<p>Product size: 38 cm x 28 cm<\/p>\n<p>It can be produced in smaller or larger sizes according to the need. Any colour can be printed inside or outside the bag. <\/p>\n<p>The minimum production quantity is 500 units. Price is given for 500 pieces.<\/p>\n","protected":false},"excerpt":{"rendered":"<p>Postman &#8211; Saddle Bag Made of 600 denier imperteks waterproof fabric. Can be produced in different colours. The same model can be produced from raw cloth or fibre fabric. Product size: 38 cm x 28 cm It can be produced in smaller or larger sizes according to the need. Any colour can be printed inside&hellip;<\/p>\n","protected":false},"featured_media":42250,"comment_status":"open","ping_status":"closed","template":"","meta":[],"product_brand":[],"product_cat":[1397],"product_tag":[1874,1885,1887,1881,1888,1890,1877,1882,1891,1880,1878,1879,1892,1800,1889,1876,1883,1875,1715,1884,1886],"class_list":{"0":"post-44680","1":"product","2":"type-product","3":"status-publish","4":"has-post-thumbnail","6":"product_cat-new-products","7":"product_tag-cloth-backpack-models","8":"product_tag-cloth-bag-prices","9":"product_tag-cloth-cross-body-bag","10":"product_tag-cloth-messenger-bag","11":"product_tag-cross-body-bag-models","12":"product_tag-cross-body-bag-prices","13":"product_tag-fabric-bags","14":"product_tag-interlining-messenger-bag","15":"product_tag-postman-bag","16":"product_tag-postman-bag-promotion-en","17":"product_tag-postman-bag-promotion","18":"product_tag-postman-model-bag","19":"product_tag-postman-model-interlining-bag","20":"product_tag-promotional-bags","21":"product_tag-promotional-cross-body-bag","22":"product_tag-raw-cloth-bags-wholesale","23":"product_tag-raw-cloth-messenger-bag","24":"product_tag-raw-linen-bag","25":"product_tag-wholesale-bags-istanbul","26":"product_tag-wholesale-messenger-bag","27":"product_tag-wholesale-postman-model-bag","28":"description-off","30":"first","31":"instock","32":"shipping-taxable","33":"purchasable","34":"product-type-simple"},"yoast_head":"<!-- This site is optimized with the Yoast SEO plugin v26.6 - https:\/\/yoast.com\/wordpress\/plugins\/seo\/ -->\n<title>Postman Saddle Bag - Tekno \u00c7anta - Promosyon Toptan \u00c7anta \u0130malat\u0131<\/title>\n<meta name=\"robots\" content=\"index, follow, max-snippet:-1, max-image-preview:large, max-video-preview:-1\" \/>\n<link rel=\"canonical\" href=\"https:\/\/www.teknocanta.com\/postman-saddle-bag\/\" \/>\n<meta property=\"og:locale\" content=\"en_US\" \/>\n<meta property=\"og:type\" content=\"article\" \/>\n<meta property=\"og:title\" content=\"Postman Saddle Bag - Tekno \u00c7anta - Promosyon Toptan \u00c7anta \u0130malat\u0131\" \/>\n<meta property=\"og:description\" content=\"Postman &#8211; Saddle Bag Made of 600 denier imperteks waterproof fabric. Can be produced in different colours. The same model can be produced from raw cloth or fibre fabric. Product size: 38 cm x 28 cm It can be produced in smaller or larger sizes according to the need. Any colour can be printed inside&hellip;\" \/>\n<meta property=\"og:url\" content=\"https:\/\/www.teknocanta.com\/postman-saddle-bag\/\" \/>\n<meta property=\"og:site_name\" content=\"Tekno \u00c7anta - Promosyon Toptan \u00c7anta \u0130malat\u0131\" \/>\n<meta name=\"twitter:card\" content=\"summary_large_image\" \/>\n<script type=\"application\/ld+json\" class=\"yoast-schema-graph\">{\"@context\":\"https:\/\/schema.org\",\"@graph\":[{\"@type\":\"WebPage\",\"@id\":\"https:\/\/www.teknocanta.com\/postman-saddle-bag\/\",\"url\":\"https:\/\/www.teknocanta.com\/postman-saddle-bag\/\",\"name\":\"Postman Saddle Bag - Tekno \u00c7anta - Promosyon Toptan \u00c7anta \u0130malat\u0131\",\"isPartOf\":{\"@id\":\"https:\/\/www.teknocanta.com\/#website\"},\"primaryImageOfPage\":{\"@id\":\"https:\/\/www.teknocanta.com\/postman-saddle-bag\/#primaryimage\"},\"image\":{\"@id\":\"https:\/\/www.teknocanta.com\/postman-saddle-bag\/#primaryimage\"},\"thumbnailUrl\":\"https:\/\/www.teknocanta.com\/wp-content\/uploads\/2021\/10\/AV010_postacheybetipicanta.jpg\",\"datePublished\":\"2021-10-14T12:55:39+00:00\",\"breadcrumb\":{\"@id\":\"https:\/\/www.teknocanta.com\/postman-saddle-bag\/#breadcrumb\"},\"inLanguage\":\"en-US\",\"potentialAction\":[{\"@type\":\"ReadAction\",\"target\":[\"https:\/\/www.teknocanta.com\/postman-saddle-bag\/\"]}]},{\"@type\":\"ImageObject\",\"inLanguage\":\"en-US\",\"@id\":\"https:\/\/www.teknocanta.com\/postman-saddle-bag\/#primaryimage\",\"url\":\"https:\/\/www.teknocanta.com\/wp-content\/uploads\/2021\/10\/AV010_postacheybetipicanta.jpg\",\"contentUrl\":\"https:\/\/www.teknocanta.com\/wp-content\/uploads\/2021\/10\/AV010_postacheybetipicanta.jpg\",\"width\":600,\"height\":600},{\"@type\":\"BreadcrumbList\",\"@id\":\"https:\/\/www.teknocanta.com\/postman-saddle-bag\/#breadcrumb\",\"itemListElement\":[{\"@type\":\"ListItem\",\"position\":1,\"name\":\"Ana sayfa\",\"item\":\"https:\/\/www.teknocanta.com\/en\/\"},{\"@type\":\"ListItem\",\"position\":2,\"name\":\"\u00dcr\u00fcnler\",\"item\":\"https:\/\/www.teknocanta.com\/urunler\/\"},{\"@type\":\"ListItem\",\"position\":3,\"name\":\"Postman Saddle Bag\"}]},{\"@type\":\"WebSite\",\"@id\":\"https:\/\/www.teknocanta.com\/#website\",\"url\":\"https:\/\/www.teknocanta.com\/\",\"name\":\"Tekno \u00c7anta - Promosyon Toptan \u00c7anta \u0130malat\u0131\",\"description\":\"Toptan \u00e7anta imalat\u0131, ham bez \u00e7anta, s\u0131rt \u00e7antalar\u0131, laptop ve evrak \u00e7antalar\u0131, kongre \u00e7antalar\u0131, fuar \u00e7antas\u0131 ve ipli b\u00fczg\u00fcl\u00fc \u00e7anta imalat\u0131 yapmaktay\u0131z.\",\"potentialAction\":[{\"@type\":\"SearchAction\",\"target\":{\"@type\":\"EntryPoint\",\"urlTemplate\":\"https:\/\/www.teknocanta.com\/?s={search_term_string}\"},\"query-input\":{\"@type\":\"PropertyValueSpecification\",\"valueRequired\":true,\"valueName\":\"search_term_string\"}}],\"inLanguage\":\"en-US\"}]}<\/script>\n<!-- \/ Yoast SEO plugin. -->","yoast_head_json":{"title":"Postman Saddle Bag - Tekno \u00c7anta - Promosyon Toptan \u00c7anta \u0130malat\u0131","robots":{"index":"index","follow":"follow","max-snippet":"max-snippet:-1","max-image-preview":"max-image-preview:large","max-video-preview":"max-video-preview:-1"},"canonical":"https:\/\/www.teknocanta.com\/postman-saddle-bag\/","og_locale":"en_US","og_type":"article","og_title":"Postman Saddle Bag - Tekno \u00c7anta - Promosyon Toptan \u00c7anta \u0130malat\u0131","og_description":"Postman &#8211; Saddle Bag Made of 600 denier imperteks waterproof fabric. Can be produced in different colours. The same model can be produced from raw cloth or fibre fabric. Product size: 38 cm x 28 cm It can be produced in smaller or larger sizes according to the need. Any colour can be printed inside&hellip;","og_url":"https:\/\/www.teknocanta.com\/postman-saddle-bag\/","og_site_name":"Tekno \u00c7anta - Promosyon Toptan \u00c7anta \u0130malat\u0131","twitter_card":"summary_large_image","schema":{"@context":"https:\/\/schema.org","@graph":[{"@type":"WebPage","@id":"https:\/\/www.teknocanta.com\/postman-saddle-bag\/","url":"https:\/\/www.teknocanta.com\/postman-saddle-bag\/","name":"Postman Saddle Bag - Tekno \u00c7anta - Promosyon Toptan \u00c7anta \u0130malat\u0131","isPartOf":{"@id":"https:\/\/www.teknocanta.com\/#website"},"primaryImageOfPage":{"@id":"https:\/\/www.teknocanta.com\/postman-saddle-bag\/#primaryimage"},"image":{"@id":"https:\/\/www.teknocanta.com\/postman-saddle-bag\/#primaryimage"},"thumbnailUrl":"https:\/\/www.teknocanta.com\/wp-content\/uploads\/2021\/10\/AV010_postacheybetipicanta.jpg","datePublished":"2021-10-14T12:55:39+00:00","breadcrumb":{"@id":"https:\/\/www.teknocanta.com\/postman-saddle-bag\/#breadcrumb"},"inLanguage":"en-US","potentialAction":[{"@type":"ReadAction","target":["https:\/\/www.teknocanta.com\/postman-saddle-bag\/"]}]},{"@type":"ImageObject","inLanguage":"en-US","@id":"https:\/\/www.teknocanta.com\/postman-saddle-bag\/#primaryimage","url":"https:\/\/www.teknocanta.com\/wp-content\/uploads\/2021\/10\/AV010_postacheybetipicanta.jpg","contentUrl":"https:\/\/www.teknocanta.com\/wp-content\/uploads\/2021\/10\/AV010_postacheybetipicanta.jpg","width":600,"height":600},{"@type":"BreadcrumbList","@id":"https:\/\/www.teknocanta.com\/postman-saddle-bag\/#breadcrumb","itemListElement":[{"@type":"ListItem","position":1,"name":"Ana sayfa","item":"https:\/\/www.teknocanta.com\/en\/"},{"@type":"ListItem","position":2,"name":"\u00dcr\u00fcnler","item":"https:\/\/www.teknocanta.com\/urunler\/"},{"@type":"ListItem","position":3,"name":"Postman Saddle Bag"}]},{"@type":"WebSite","@id":"https:\/\/www.teknocanta.com\/#website","url":"https:\/\/www.teknocanta.com\/","name":"Tekno \u00c7anta - Promosyon Toptan \u00c7anta \u0130malat\u0131","description":"Toptan \u00e7anta imalat\u0131, ham bez \u00e7anta, s\u0131rt \u00e7antalar\u0131, laptop ve evrak \u00e7antalar\u0131, kongre \u00e7antalar\u0131, fuar \u00e7antas\u0131 ve ipli b\u00fczg\u00fcl\u00fc \u00e7anta imalat\u0131 yapmaktay\u0131z.","potentialAction":[{"@type":"SearchAction","target":{"@type":"EntryPoint","urlTemplate":"https:\/\/www.teknocanta.com\/?s={search_term_string}"},"query-input":{"@type":"PropertyValueSpecification","valueRequired":true,"valueName":"search_term_string"}}],"inLanguage":"en-US"}]}},"_links":{"self":[{"href":"https:\/\/www.teknocanta.com\/en\/wp-json\/wp\/v2\/product\/44680","targetHints":{"allow":["GET"]}}],"collection":[{"href":"https:\/\/www.teknocanta.com\/en\/wp-json\/wp\/v2\/product"}],"about":[{"href":"https:\/\/www.teknocanta.com\/en\/wp-json\/wp\/v2\/types\/product"}],"replies":[{"embeddable":true,"href":"https:\/\/www.teknocanta.com\/en\/wp-json\/wp\/v2\/comments?post=44680"}],"wp:featuredmedia":[{"embeddable":true,"href":"https:\/\/www.teknocanta.com\/en\/wp-json\/wp\/v2\/media\/42250"}],"wp:attachment":[{"href":"https:\/\/www.teknocanta.com\/en\/wp-json\/wp\/v2\/media?parent=44680"}],"wp:term":[{"taxonomy":"product_brand","embeddable":true,"href":"https:\/\/www.teknocanta.com\/en\/wp-json\/wp\/v2\/product_brand?post=44680"},{"taxonomy":"product_cat","embeddable":true,"href":"https:\/\/www.teknocanta.com\/en\/wp-json\/wp\/v2\/product_cat?post=44680"},{"taxonomy":"product_tag","embeddable":true,"href":"https:\/\/www.teknocanta.com\/en\/wp-json\/wp\/v2\/product_tag?post=44680"}],"curies":[{"name":"wp","href":"https:\/\/api.w.org\/{rel}","templated":true}]}}