{"id":44671,"date":"2021-10-14T15:56:01","date_gmt":"2021-10-14T12:56:01","guid":{"rendered":"https:\/\/www.teknocanta.com\/backpack-promotion\/"},"modified":"2021-10-14T15:56:01","modified_gmt":"2021-10-14T12:56:01","slug":"backpack-promotion","status":"publish","type":"product","link":"https:\/\/www.teknocanta.com\/en\/backpack-promotion\/","title":{"rendered":"Backpack Promotion"},"content":{"rendered":"<p class=\"MsoNormal\" style=\"line-height: normal; margin-bottom: 0pt;\"><font color=\"#6e6f70\" face=\"Verdana, serif, arial\"><span style=\"font-size: 12px;\">Backpack Promotion<\/span><\/font><\/p>\n<p class=\"MsoNormal\" style=\"line-height: normal; margin-bottom: 0pt;\"><span style=\"color: rgb(110, 111, 112); font-family: Verdana, serif, arial; font-size: 9pt;\"><br \/><\/span><\/p>\n<p class=\"MsoNormal\" style=\"line-height: normal; margin-bottom: 0pt;\"><span style=\"color: rgb(110, 111, 112); font-family: Verdana, serif, arial; font-size: 9pt;\">Price is given for 500 pieces. 8% VAT and printing fee are not included in the price. For your price requests in different quantities, you can request a price by sending an e-mail to our e-mail address in the contact section. 150 adet ve \u00fczerin \u00f6zel imalatlarda kuma\u015f rengi, astar rengi ve fermuar rengi de\u011fi\u015ftirebilir.<\/span><\/p>\n<p class=\"MsoNormal\" style=\"color: rgb(110, 111, 112); line-height: normal; font-family: Verdana, serif, arial; font-size: 14px; margin-bottom: 0pt;\"><span style=\"font-size: 9pt;\"><br \/><\/span><\/p>\n<p class=\"MsoNormal\" style=\"color: rgb(110, 111, 112); line-height: normal; font-family: Verdana, serif, arial; font-size: 14px; margin-bottom: 0pt;\"><span style=\"font-size: 9pt;\">it is a stocked product, you can order the quantity you want from stock, the bag has 3 different colours,&nbsp;<\/span><\/p>\n<p class=\"MsoNormal\" style=\"color: rgb(110, 111, 112); line-height: normal; font-family: Verdana, serif, arial; font-size: 14px; margin-bottom: 0pt;\"><span style=\"font-size: 9pt;\"><br \/><\/span><\/p>\n<p class=\"MsoNormal\" style=\"color: rgb(110, 111, 112); line-height: normal; font-family: Verdana, serif, arial; font-size: 14px; margin-bottom: 0pt;\"><span style=\"font-size: 9pt;\"><\/span><\/p>\n<p class=\"MsoNormal\" style=\"color: rgb(110, 111, 112); line-height: normal; font-family: Verdana, serif, arial; font-size: 14px; margin-bottom: 0pt;\"><span style=\"font-size: 9pt;\">Bag size&nbsp; 40x30x10 cm in size. The backpack consists of 3 main compartments. 8 mm thick foam and type 8 quality zip is used.&nbsp;<\/span><span style=\"font-size: 9pt;\">There is a laptop compartment in the bag. Made of linen imperteks waterproof fabric. 270 denier impertex fabric is used for the inner lining.<\/span><\/p>\n<p class=\"MsoNormal\" style=\"color: rgb(110, 111, 112); line-height: normal; font-family: Verdana, serif, arial; font-size: 14px; margin-bottom: 0pt;\"><span style=\"font-size: 9pt;\"><br \/>Transfer or Screen printing can be done inside or outside of the bag. The order quantity must be at least 150 pieces for embroidery printing.<o:p><\/o:p><\/span><\/p>\n<p class=\"MsoNormal\" style=\"color: rgb(110, 111, 112); line-height: normal; font-family: Verdana, serif, arial; font-size: 14px; margin-bottom: 0pt;\"><span style=\"font-size: 9pt;\">Promotional backpack Manufacturing times are 10 days on average, it can be given earlier depending on the importance of the work.&nbsp;<o:p><\/o:p><\/span><\/p>\n<p class=\"MsoNormal\" style=\"color: rgb(110, 111, 112); line-height: normal; font-family: Verdana, serif, arial; font-size: 14px; margin-bottom: 0pt;\"><span style=\"font-size: 9pt;\">Products in stock can be delivered the same day without printing. If the products in stock are printed, it may take a few days depending on the situation. Please get current stock information.<\/p>\n<p>Promotional backpacks are a useful promotional product that you can use in all kinds of events such as congresses and symposiums and seminars for promotional purposes and that you can gift to your customers.<\/span><\/p>\n","protected":false},"excerpt":{"rendered":"<p>Backpack Promotion Price is given for 500 pieces. 8% VAT and printing fee are not included in the price. For your price requests in different quantities, you can request a price by sending an e-mail to our e-mail address in the contact section. 150 adet ve \u00fczerin \u00f6zel imalatlarda kuma\u015f rengi, astar rengi ve fermuar&hellip;<\/p>\n","protected":false},"featured_media":42277,"comment_status":"open","ping_status":"closed","template":"","meta":[],"product_brand":[],"product_cat":[1373,1350,1378],"product_tag":[1803,1807,1446,1580,1805,1796,1797,1806,1808,1809,1802,1794,1798,1799,1800,1795,1793,1801,1804],"class_list":{"0":"post-44671","1":"product","2":"type-product","3":"status-publish","4":"has-post-thumbnail","6":"product_cat-backpack","7":"product_cat-congress-and-symposium-bag","8":"product_cat-stocked-bags","9":"product_tag-backpack-bag-printing","10":"product_tag-backpack-with-laptop-compartment-cheap","11":"product_tag-bag-manufacturers","12":"product_tag-bag-manufacturing-companies","13":"product_tag-conference-bag","14":"product_tag-congress-backpack","15":"product_tag-congress-bag","16":"product_tag-congress-bag-istanbul","17":"product_tag-istoc-backpack","18":"product_tag-istoc-bag-wholesalers","19":"product_tag-laptop-backpack-en","20":"product_tag-promotional-backpack","21":"product_tag-promotional-backpack-prices","22":"product_tag-promotional-bag-companies","23":"product_tag-promotional-bags","24":"product_tag-promotional-congress-bag","25":"product_tag-seminar-bag","26":"product_tag-symposium-bag","27":"product_tag-wholesale-quality-bags","28":"description-off","30":"first","31":"instock","32":"shipping-taxable","33":"purchasable","34":"product-type-simple"},"yoast_head":"<!-- This site is optimized with the Yoast SEO plugin v26.6 - https:\/\/yoast.com\/wordpress\/plugins\/seo\/ -->\n<title>Backpack Promotion - Tekno \u00c7anta - Promosyon Toptan \u00c7anta \u0130malat\u0131<\/title>\n<meta name=\"robots\" content=\"index, follow, max-snippet:-1, max-image-preview:large, max-video-preview:-1\" \/>\n<link rel=\"canonical\" href=\"https:\/\/www.teknocanta.com\/backpack-promotion\/\" \/>\n<meta property=\"og:locale\" content=\"en_US\" \/>\n<meta property=\"og:type\" content=\"article\" \/>\n<meta property=\"og:title\" content=\"Backpack Promotion - Tekno \u00c7anta - Promosyon Toptan \u00c7anta \u0130malat\u0131\" \/>\n<meta property=\"og:description\" content=\"Backpack Promotion Price is given for 500 pieces. 8% VAT and printing fee are not included in the price. For your price requests in different quantities, you can request a price by sending an e-mail to our e-mail address in the contact section. 150 adet ve \u00fczerin \u00f6zel imalatlarda kuma\u015f rengi, astar rengi ve fermuar&hellip;\" \/>\n<meta property=\"og:url\" content=\"https:\/\/www.teknocanta.com\/backpack-promotion\/\" \/>\n<meta property=\"og:site_name\" content=\"Tekno \u00c7anta - Promosyon Toptan \u00c7anta \u0130malat\u0131\" \/>\n<meta name=\"twitter:card\" content=\"summary_large_image\" \/>\n<meta name=\"twitter:label1\" content=\"Est. reading time\" \/>\n\t<meta name=\"twitter:data1\" content=\"1 minute\" \/>\n<script type=\"application\/ld+json\" class=\"yoast-schema-graph\">{\"@context\":\"https:\/\/schema.org\",\"@graph\":[{\"@type\":\"WebPage\",\"@id\":\"https:\/\/www.teknocanta.com\/backpack-promotion\/\",\"url\":\"https:\/\/www.teknocanta.com\/backpack-promotion\/\",\"name\":\"Backpack Promotion - Tekno \u00c7anta - Promosyon Toptan \u00c7anta \u0130malat\u0131\",\"isPartOf\":{\"@id\":\"https:\/\/www.teknocanta.com\/#website\"},\"primaryImageOfPage\":{\"@id\":\"https:\/\/www.teknocanta.com\/backpack-promotion\/#primaryimage\"},\"image\":{\"@id\":\"https:\/\/www.teknocanta.com\/backpack-promotion\/#primaryimage\"},\"thumbnailUrl\":\"https:\/\/www.teknocanta.com\/wp-content\/uploads\/2021\/10\/sirtcantasipromosyon5.jpeg\",\"datePublished\":\"2021-10-14T12:56:01+00:00\",\"breadcrumb\":{\"@id\":\"https:\/\/www.teknocanta.com\/backpack-promotion\/#breadcrumb\"},\"inLanguage\":\"en-US\",\"potentialAction\":[{\"@type\":\"ReadAction\",\"target\":[\"https:\/\/www.teknocanta.com\/backpack-promotion\/\"]}]},{\"@type\":\"ImageObject\",\"inLanguage\":\"en-US\",\"@id\":\"https:\/\/www.teknocanta.com\/backpack-promotion\/#primaryimage\",\"url\":\"https:\/\/www.teknocanta.com\/wp-content\/uploads\/2021\/10\/sirtcantasipromosyon5.jpeg\",\"contentUrl\":\"https:\/\/www.teknocanta.com\/wp-content\/uploads\/2021\/10\/sirtcantasipromosyon5.jpeg\",\"width\":841,\"height\":1012},{\"@type\":\"BreadcrumbList\",\"@id\":\"https:\/\/www.teknocanta.com\/backpack-promotion\/#breadcrumb\",\"itemListElement\":[{\"@type\":\"ListItem\",\"position\":1,\"name\":\"Ana sayfa\",\"item\":\"https:\/\/www.teknocanta.com\/en\/\"},{\"@type\":\"ListItem\",\"position\":2,\"name\":\"\u00dcr\u00fcnler\",\"item\":\"https:\/\/www.teknocanta.com\/urunler\/\"},{\"@type\":\"ListItem\",\"position\":3,\"name\":\"Backpack Promotion\"}]},{\"@type\":\"WebSite\",\"@id\":\"https:\/\/www.teknocanta.com\/#website\",\"url\":\"https:\/\/www.teknocanta.com\/\",\"name\":\"Tekno \u00c7anta - Promosyon Toptan \u00c7anta \u0130malat\u0131\",\"description\":\"Toptan \u00e7anta imalat\u0131, ham bez \u00e7anta, s\u0131rt \u00e7antalar\u0131, laptop ve evrak \u00e7antalar\u0131, kongre \u00e7antalar\u0131, fuar \u00e7antas\u0131 ve ipli b\u00fczg\u00fcl\u00fc \u00e7anta imalat\u0131 yapmaktay\u0131z.\",\"potentialAction\":[{\"@type\":\"SearchAction\",\"target\":{\"@type\":\"EntryPoint\",\"urlTemplate\":\"https:\/\/www.teknocanta.com\/?s={search_term_string}\"},\"query-input\":{\"@type\":\"PropertyValueSpecification\",\"valueRequired\":true,\"valueName\":\"search_term_string\"}}],\"inLanguage\":\"en-US\"}]}<\/script>\n<!-- \/ Yoast SEO plugin. -->","yoast_head_json":{"title":"Backpack Promotion - Tekno \u00c7anta - Promosyon Toptan \u00c7anta \u0130malat\u0131","robots":{"index":"index","follow":"follow","max-snippet":"max-snippet:-1","max-image-preview":"max-image-preview:large","max-video-preview":"max-video-preview:-1"},"canonical":"https:\/\/www.teknocanta.com\/backpack-promotion\/","og_locale":"en_US","og_type":"article","og_title":"Backpack Promotion - Tekno \u00c7anta - Promosyon Toptan \u00c7anta \u0130malat\u0131","og_description":"Backpack Promotion Price is given for 500 pieces. 8% VAT and printing fee are not included in the price. For your price requests in different quantities, you can request a price by sending an e-mail to our e-mail address in the contact section. 150 adet ve \u00fczerin \u00f6zel imalatlarda kuma\u015f rengi, astar rengi ve fermuar&hellip;","og_url":"https:\/\/www.teknocanta.com\/backpack-promotion\/","og_site_name":"Tekno \u00c7anta - Promosyon Toptan \u00c7anta \u0130malat\u0131","twitter_card":"summary_large_image","twitter_misc":{"Est. reading time":"1 minute"},"schema":{"@context":"https:\/\/schema.org","@graph":[{"@type":"WebPage","@id":"https:\/\/www.teknocanta.com\/backpack-promotion\/","url":"https:\/\/www.teknocanta.com\/backpack-promotion\/","name":"Backpack Promotion - Tekno \u00c7anta - Promosyon Toptan \u00c7anta \u0130malat\u0131","isPartOf":{"@id":"https:\/\/www.teknocanta.com\/#website"},"primaryImageOfPage":{"@id":"https:\/\/www.teknocanta.com\/backpack-promotion\/#primaryimage"},"image":{"@id":"https:\/\/www.teknocanta.com\/backpack-promotion\/#primaryimage"},"thumbnailUrl":"https:\/\/www.teknocanta.com\/wp-content\/uploads\/2021\/10\/sirtcantasipromosyon5.jpeg","datePublished":"2021-10-14T12:56:01+00:00","breadcrumb":{"@id":"https:\/\/www.teknocanta.com\/backpack-promotion\/#breadcrumb"},"inLanguage":"en-US","potentialAction":[{"@type":"ReadAction","target":["https:\/\/www.teknocanta.com\/backpack-promotion\/"]}]},{"@type":"ImageObject","inLanguage":"en-US","@id":"https:\/\/www.teknocanta.com\/backpack-promotion\/#primaryimage","url":"https:\/\/www.teknocanta.com\/wp-content\/uploads\/2021\/10\/sirtcantasipromosyon5.jpeg","contentUrl":"https:\/\/www.teknocanta.com\/wp-content\/uploads\/2021\/10\/sirtcantasipromosyon5.jpeg","width":841,"height":1012},{"@type":"BreadcrumbList","@id":"https:\/\/www.teknocanta.com\/backpack-promotion\/#breadcrumb","itemListElement":[{"@type":"ListItem","position":1,"name":"Ana sayfa","item":"https:\/\/www.teknocanta.com\/en\/"},{"@type":"ListItem","position":2,"name":"\u00dcr\u00fcnler","item":"https:\/\/www.teknocanta.com\/urunler\/"},{"@type":"ListItem","position":3,"name":"Backpack Promotion"}]},{"@type":"WebSite","@id":"https:\/\/www.teknocanta.com\/#website","url":"https:\/\/www.teknocanta.com\/","name":"Tekno \u00c7anta - Promosyon Toptan \u00c7anta \u0130malat\u0131","description":"Toptan \u00e7anta imalat\u0131, ham bez \u00e7anta, s\u0131rt \u00e7antalar\u0131, laptop ve evrak \u00e7antalar\u0131, kongre \u00e7antalar\u0131, fuar \u00e7antas\u0131 ve ipli b\u00fczg\u00fcl\u00fc \u00e7anta imalat\u0131 yapmaktay\u0131z.","potentialAction":[{"@type":"SearchAction","target":{"@type":"EntryPoint","urlTemplate":"https:\/\/www.teknocanta.com\/?s={search_term_string}"},"query-input":{"@type":"PropertyValueSpecification","valueRequired":true,"valueName":"search_term_string"}}],"inLanguage":"en-US"}]}},"_links":{"self":[{"href":"https:\/\/www.teknocanta.com\/en\/wp-json\/wp\/v2\/product\/44671","targetHints":{"allow":["GET"]}}],"collection":[{"href":"https:\/\/www.teknocanta.com\/en\/wp-json\/wp\/v2\/product"}],"about":[{"href":"https:\/\/www.teknocanta.com\/en\/wp-json\/wp\/v2\/types\/product"}],"replies":[{"embeddable":true,"href":"https:\/\/www.teknocanta.com\/en\/wp-json\/wp\/v2\/comments?post=44671"}],"wp:featuredmedia":[{"embeddable":true,"href":"https:\/\/www.teknocanta.com\/en\/wp-json\/wp\/v2\/media\/42277"}],"wp:attachment":[{"href":"https:\/\/www.teknocanta.com\/en\/wp-json\/wp\/v2\/media?parent=44671"}],"wp:term":[{"taxonomy":"product_brand","embeddable":true,"href":"https:\/\/www.teknocanta.com\/en\/wp-json\/wp\/v2\/product_brand?post=44671"},{"taxonomy":"product_cat","embeddable":true,"href":"https:\/\/www.teknocanta.com\/en\/wp-json\/wp\/v2\/product_cat?post=44671"},{"taxonomy":"product_tag","embeddable":true,"href":"https:\/\/www.teknocanta.com\/en\/wp-json\/wp\/v2\/product_tag?post=44671"}],"curies":[{"name":"wp","href":"https:\/\/api.w.org\/{rel}","templated":true}]}}