{"id":44665,"date":"2021-10-14T15:56:24","date_gmt":"2021-10-14T12:56:24","guid":{"rendered":"https:\/\/www.teknocanta.com\/congress-bag-anthracite\/"},"modified":"2021-10-14T15:56:24","modified_gmt":"2021-10-14T12:56:24","slug":"congre-cantasi-anthracite","status":"publish","type":"product","link":"https:\/\/www.teknocanta.com\/en\/congre-cantasi-anthracite\/","title":{"rendered":"Congress Bag &#8211; Anthracite"},"content":{"rendered":"<ul>\n<li>Pricing is made for 500 pieces. You can also order smaller quantities.&nbsp;<\/li>\n<li>Stocked product. Unprinted can be delivered on the same day.&nbsp;<\/li>\n<li>VAT (8%) and printing fee are not included in the price.&nbsp;<\/li>\n<li>For orders of 250 pieces or more, fabric colour, lining colour or zipper colour can be changed.&nbsp;<\/li>\n<li>The bag is made of linen impertex, the linings are made of 270 denier fabric.&nbsp;<\/li>\n<li>Phthalate-free fabrics that do not contain carcinogenic substances are used.<\/li>\n<li>Bag size 30x40x8 cm. It consists of 1 front compartment, 1 back and 1 top section.&nbsp;<\/li>\n<li>There is a laptop compartment inside the bag.&nbsp;<\/li>\n<li>Bag bodies made of 8 mm thick foam. Type 8 quality zip<\/li>\n<li>Any kind of printing is possible on the inside or outside of the bag.<\/li>\n<li>Manufacturing times of promotional congress bags average manufacturing time is 15 days<\/li>\n<li>Please get current stock information.<\/li>\n<li>Congress bags are generally a useful promotional product that you can use in all kinds of events such as congresses, symposiums, conferences and seminars and that you can gift to your customers.<\/li>\n<\/ul>\n","protected":false},"excerpt":{"rendered":"<p>Pricing is made for 500 pieces. You can also order smaller quantities.&nbsp; Stocked product. Unprinted can be delivered on the same day.&nbsp; VAT (8%) and printing fee are not included in the price.&nbsp; For orders of 250 pieces or more, fabric colour, lining colour or zipper colour can be changed.&nbsp; The bag is made of&hellip;<\/p>\n","protected":false},"featured_media":42379,"comment_status":"open","ping_status":"closed","template":"","meta":[],"product_brand":[],"product_cat":[1350,1351],"product_tag":[1767,1768,1766],"class_list":{"0":"post-44665","1":"product","2":"type-product","3":"status-publish","4":"has-post-thumbnail","6":"product_cat-congress-and-symposium-bag","7":"product_cat-laptop-briefcase","8":"product_tag-briefcase-manufacturing","9":"product_tag-briefcase-with-stock","10":"product_tag-wholesale-briefcase","11":"description-off","13":"first","14":"instock","15":"shipping-taxable","16":"purchasable","17":"product-type-simple"},"yoast_head":"<!-- This site is optimized with the Yoast SEO plugin v26.6 - https:\/\/yoast.com\/wordpress\/plugins\/seo\/ -->\n<title>Congress Bag - Anthracite - Tekno \u00c7anta - Promosyon Toptan \u00c7anta \u0130malat\u0131<\/title>\n<meta name=\"robots\" content=\"index, follow, max-snippet:-1, max-image-preview:large, max-video-preview:-1\" \/>\n<link rel=\"canonical\" href=\"https:\/\/www.teknocanta.com\/congress-bag-anthracite\/\" \/>\n<meta property=\"og:locale\" content=\"en_US\" \/>\n<meta property=\"og:type\" content=\"article\" \/>\n<meta property=\"og:title\" content=\"Congress Bag - Anthracite - Tekno \u00c7anta - Promosyon Toptan \u00c7anta \u0130malat\u0131\" \/>\n<meta property=\"og:description\" content=\"Pricing is made for 500 pieces. You can also order smaller quantities.&nbsp; Stocked product. Unprinted can be delivered on the same day.&nbsp; VAT (8%) and printing fee are not included in the price.&nbsp; For orders of 250 pieces or more, fabric colour, lining colour or zipper colour can be changed.&nbsp; The bag is made of&hellip;\" \/>\n<meta property=\"og:url\" content=\"https:\/\/www.teknocanta.com\/congress-bag-anthracite\/\" \/>\n<meta property=\"og:site_name\" content=\"Tekno \u00c7anta - Promosyon Toptan \u00c7anta \u0130malat\u0131\" \/>\n<meta name=\"twitter:card\" content=\"summary_large_image\" \/>\n<meta name=\"twitter:label1\" content=\"Est. reading time\" \/>\n\t<meta name=\"twitter:data1\" content=\"1 minute\" \/>\n<script type=\"application\/ld+json\" class=\"yoast-schema-graph\">{\"@context\":\"https:\/\/schema.org\",\"@graph\":[{\"@type\":\"WebPage\",\"@id\":\"https:\/\/www.teknocanta.com\/congress-bag-anthracite\/\",\"url\":\"https:\/\/www.teknocanta.com\/congress-bag-anthracite\/\",\"name\":\"Congress Bag - Anthracite - Tekno \u00c7anta - Promosyon Toptan \u00c7anta \u0130malat\u0131\",\"isPartOf\":{\"@id\":\"https:\/\/www.teknocanta.com\/#website\"},\"primaryImageOfPage\":{\"@id\":\"https:\/\/www.teknocanta.com\/congress-bag-anthracite\/#primaryimage\"},\"image\":{\"@id\":\"https:\/\/www.teknocanta.com\/congress-bag-anthracite\/#primaryimage\"},\"thumbnailUrl\":\"https:\/\/www.teknocanta.com\/wp-content\/uploads\/2021\/10\/kongre_cantasi_antrasit_son_ana_resim_3.jpg\",\"datePublished\":\"2021-10-14T12:56:24+00:00\",\"breadcrumb\":{\"@id\":\"https:\/\/www.teknocanta.com\/congress-bag-anthracite\/#breadcrumb\"},\"inLanguage\":\"en-US\",\"potentialAction\":[{\"@type\":\"ReadAction\",\"target\":[\"https:\/\/www.teknocanta.com\/congress-bag-anthracite\/\"]}]},{\"@type\":\"ImageObject\",\"inLanguage\":\"en-US\",\"@id\":\"https:\/\/www.teknocanta.com\/congress-bag-anthracite\/#primaryimage\",\"url\":\"https:\/\/www.teknocanta.com\/wp-content\/uploads\/2021\/10\/kongre_cantasi_antrasit_son_ana_resim_3.jpg\",\"contentUrl\":\"https:\/\/www.teknocanta.com\/wp-content\/uploads\/2021\/10\/kongre_cantasi_antrasit_son_ana_resim_3.jpg\",\"width\":905,\"height\":804},{\"@type\":\"BreadcrumbList\",\"@id\":\"https:\/\/www.teknocanta.com\/congress-bag-anthracite\/#breadcrumb\",\"itemListElement\":[{\"@type\":\"ListItem\",\"position\":1,\"name\":\"Ana sayfa\",\"item\":\"https:\/\/www.teknocanta.com\/en\/\"},{\"@type\":\"ListItem\",\"position\":2,\"name\":\"\u00dcr\u00fcnler\",\"item\":\"https:\/\/www.teknocanta.com\/urunler\/\"},{\"@type\":\"ListItem\",\"position\":3,\"name\":\"Congress Bag &#8211; Anthracite\"}]},{\"@type\":\"WebSite\",\"@id\":\"https:\/\/www.teknocanta.com\/#website\",\"url\":\"https:\/\/www.teknocanta.com\/\",\"name\":\"Tekno \u00c7anta - Promosyon Toptan \u00c7anta \u0130malat\u0131\",\"description\":\"Toptan \u00e7anta imalat\u0131, ham bez \u00e7anta, s\u0131rt \u00e7antalar\u0131, laptop ve evrak \u00e7antalar\u0131, kongre \u00e7antalar\u0131, fuar \u00e7antas\u0131 ve ipli b\u00fczg\u00fcl\u00fc \u00e7anta imalat\u0131 yapmaktay\u0131z.\",\"potentialAction\":[{\"@type\":\"SearchAction\",\"target\":{\"@type\":\"EntryPoint\",\"urlTemplate\":\"https:\/\/www.teknocanta.com\/?s={search_term_string}\"},\"query-input\":{\"@type\":\"PropertyValueSpecification\",\"valueRequired\":true,\"valueName\":\"search_term_string\"}}],\"inLanguage\":\"en-US\"}]}<\/script>\n<!-- \/ Yoast SEO plugin. -->","yoast_head_json":{"title":"Congress Bag - Anthracite - Tekno \u00c7anta - Promosyon Toptan \u00c7anta \u0130malat\u0131","robots":{"index":"index","follow":"follow","max-snippet":"max-snippet:-1","max-image-preview":"max-image-preview:large","max-video-preview":"max-video-preview:-1"},"canonical":"https:\/\/www.teknocanta.com\/congress-bag-anthracite\/","og_locale":"en_US","og_type":"article","og_title":"Congress Bag - Anthracite - Tekno \u00c7anta - Promosyon Toptan \u00c7anta \u0130malat\u0131","og_description":"Pricing is made for 500 pieces. You can also order smaller quantities.&nbsp; Stocked product. Unprinted can be delivered on the same day.&nbsp; VAT (8%) and printing fee are not included in the price.&nbsp; For orders of 250 pieces or more, fabric colour, lining colour or zipper colour can be changed.&nbsp; The bag is made of&hellip;","og_url":"https:\/\/www.teknocanta.com\/congress-bag-anthracite\/","og_site_name":"Tekno \u00c7anta - Promosyon Toptan \u00c7anta \u0130malat\u0131","twitter_card":"summary_large_image","twitter_misc":{"Est. reading time":"1 minute"},"schema":{"@context":"https:\/\/schema.org","@graph":[{"@type":"WebPage","@id":"https:\/\/www.teknocanta.com\/congress-bag-anthracite\/","url":"https:\/\/www.teknocanta.com\/congress-bag-anthracite\/","name":"Congress Bag - Anthracite - Tekno \u00c7anta - Promosyon Toptan \u00c7anta \u0130malat\u0131","isPartOf":{"@id":"https:\/\/www.teknocanta.com\/#website"},"primaryImageOfPage":{"@id":"https:\/\/www.teknocanta.com\/congress-bag-anthracite\/#primaryimage"},"image":{"@id":"https:\/\/www.teknocanta.com\/congress-bag-anthracite\/#primaryimage"},"thumbnailUrl":"https:\/\/www.teknocanta.com\/wp-content\/uploads\/2021\/10\/kongre_cantasi_antrasit_son_ana_resim_3.jpg","datePublished":"2021-10-14T12:56:24+00:00","breadcrumb":{"@id":"https:\/\/www.teknocanta.com\/congress-bag-anthracite\/#breadcrumb"},"inLanguage":"en-US","potentialAction":[{"@type":"ReadAction","target":["https:\/\/www.teknocanta.com\/congress-bag-anthracite\/"]}]},{"@type":"ImageObject","inLanguage":"en-US","@id":"https:\/\/www.teknocanta.com\/congress-bag-anthracite\/#primaryimage","url":"https:\/\/www.teknocanta.com\/wp-content\/uploads\/2021\/10\/kongre_cantasi_antrasit_son_ana_resim_3.jpg","contentUrl":"https:\/\/www.teknocanta.com\/wp-content\/uploads\/2021\/10\/kongre_cantasi_antrasit_son_ana_resim_3.jpg","width":905,"height":804},{"@type":"BreadcrumbList","@id":"https:\/\/www.teknocanta.com\/congress-bag-anthracite\/#breadcrumb","itemListElement":[{"@type":"ListItem","position":1,"name":"Ana sayfa","item":"https:\/\/www.teknocanta.com\/en\/"},{"@type":"ListItem","position":2,"name":"\u00dcr\u00fcnler","item":"https:\/\/www.teknocanta.com\/urunler\/"},{"@type":"ListItem","position":3,"name":"Congress Bag &#8211; Anthracite"}]},{"@type":"WebSite","@id":"https:\/\/www.teknocanta.com\/#website","url":"https:\/\/www.teknocanta.com\/","name":"Tekno \u00c7anta - Promosyon Toptan \u00c7anta \u0130malat\u0131","description":"Toptan \u00e7anta imalat\u0131, ham bez \u00e7anta, s\u0131rt \u00e7antalar\u0131, laptop ve evrak \u00e7antalar\u0131, kongre \u00e7antalar\u0131, fuar \u00e7antas\u0131 ve ipli b\u00fczg\u00fcl\u00fc \u00e7anta imalat\u0131 yapmaktay\u0131z.","potentialAction":[{"@type":"SearchAction","target":{"@type":"EntryPoint","urlTemplate":"https:\/\/www.teknocanta.com\/?s={search_term_string}"},"query-input":{"@type":"PropertyValueSpecification","valueRequired":true,"valueName":"search_term_string"}}],"inLanguage":"en-US"}]}},"_links":{"self":[{"href":"https:\/\/www.teknocanta.com\/en\/wp-json\/wp\/v2\/product\/44665","targetHints":{"allow":["GET"]}}],"collection":[{"href":"https:\/\/www.teknocanta.com\/en\/wp-json\/wp\/v2\/product"}],"about":[{"href":"https:\/\/www.teknocanta.com\/en\/wp-json\/wp\/v2\/types\/product"}],"replies":[{"embeddable":true,"href":"https:\/\/www.teknocanta.com\/en\/wp-json\/wp\/v2\/comments?post=44665"}],"wp:featuredmedia":[{"embeddable":true,"href":"https:\/\/www.teknocanta.com\/en\/wp-json\/wp\/v2\/media\/42379"}],"wp:attachment":[{"href":"https:\/\/www.teknocanta.com\/en\/wp-json\/wp\/v2\/media?parent=44665"}],"wp:term":[{"taxonomy":"product_brand","embeddable":true,"href":"https:\/\/www.teknocanta.com\/en\/wp-json\/wp\/v2\/product_brand?post=44665"},{"taxonomy":"product_cat","embeddable":true,"href":"https:\/\/www.teknocanta.com\/en\/wp-json\/wp\/v2\/product_cat?post=44665"},{"taxonomy":"product_tag","embeddable":true,"href":"https:\/\/www.teknocanta.com\/en\/wp-json\/wp\/v2\/product_tag?post=44665"}],"curies":[{"name":"wp","href":"https:\/\/api.w.org\/{rel}","templated":true}]}}