{"id":44659,"date":"2021-10-14T15:56:24","date_gmt":"2021-10-14T12:56:24","guid":{"rendered":"https:\/\/www.teknocanta.com\/gabardine-beach-bag\/"},"modified":"2021-10-14T15:56:24","modified_gmt":"2021-10-14T12:56:24","slug":"gabardine-beach-bag-2","status":"publish","type":"product","link":"https:\/\/www.teknocanta.com\/en\/gabardine-beach-bag-2\/","title":{"rendered":"Gabardine Beach Bag"},"content":{"rendered":"<div>Width 35 cm<\/div>\n<div>Height 40 cm<\/div>\n<div>Bottom Bellows 8 cm&nbsp;<\/div>\n<div>280 gabardine fabric<\/div>\n<div>long handle<\/div>\n<div>Manufacturing time 7 days<\/div>\n<div><\/div>\n<div>If you are thinking of ordering a Gabardine Fabric beach bag or if you want to get price information, please send an e-mail to our e-mail address in the contact section with your order quantity, the image to be printed on the bag and the size information, do not forget to specify whether it will be short handle or long handle. The number of colours in the print, printing technique according to the image to be printed and the number of orders are the factors affecting the price. Our customer representative will return to you as soon as possible on the same day.&nbsp;<\/div>\n<div>&nbsp;<\/div>\n<div>The fabric thicknesses used in Promotional Gabardine Fabric cloth beach bags weigh an average of 170 gr \/ m2. You can choose the handle lengths of raw tote bags as long handles with shoulder straps or short handles with handles. The most preferred size is 35&#215;40 cm. It is possible to produce horizontally and vertically in different sizes.&nbsp;<\/div>\n<div>&nbsp;<\/div>\n<div>The average manufacturing time of Gabardine Fabric bags is one week, it can be given earlier depending on the importance of the work. One colour or multi-colour prints can be made according to the number of colours in your logo. Different printing techniques can be used according to the image to be printed. Printing can be done on one side of the bag or on both sides. The image to be printed on the bag can be printed on part or all of the bag. In terms of economy, single colour single side printing is generally preferred,&nbsp;<\/div>\n<div>&nbsp;<\/div>\n<div>Gabardine bags are made of 100% cotton, it is one of the most preferred bag types because it is a recyclable and environmentally friendly product. The raw tote bags are in their natural raw colours. According to customer preference, fabrics in raw colours can be dyed to the desired colour. This is not a very preferred situation because it increases the price too much. It is OK to wash the raw cloth bags by hand or in the washing machine, washing the product will not cause the print to come off.<\/div>\n<div>&nbsp;<\/div>\n<div>Gabardine bags are a useful promotional product that you can use in all kinds of events such as fairs and symposiums for promotional purposes and that you can gift to your customers,&nbsp;<\/div>\n<div>&nbsp;<\/div>\n<div>We can deliver the products according to the location of your company or we deliver them to all over Turkey with our contracted cargo company.<\/div>\n","protected":false},"excerpt":{"rendered":"<p>Width 35 cm Height 40 cm Bottom Bellows 8 cm&nbsp; 280 gabardine fabric long handle Manufacturing time 7 days If you are thinking of ordering a Gabardine Fabric beach bag or if you want to get price information, please send an e-mail to our e-mail address in the contact section with your order quantity, the&hellip;<\/p>\n","protected":false},"featured_media":42352,"comment_status":"open","ping_status":"closed","template":"","meta":[],"product_brand":[],"product_cat":[1391],"product_tag":[1739,1742,1741,1743,1740],"class_list":{"0":"post-44659","1":"product","2":"type-product","3":"status-publish","4":"has-post-thumbnail","6":"product_cat-raw-cloth-bag","7":"product_tag-cloth-bag-production","8":"product_tag-gabardin-canta-imalati-en","9":"product_tag-gabardine-beach-bag","10":"product_tag-gabardine-fabric-cloth-bag-manufacturing","11":"product_tag-thick-cloth-bag","12":"description-off","14":"first","15":"instock","16":"shipping-taxable","17":"purchasable","18":"product-type-simple"},"yoast_head":"<!-- This site is optimized with the Yoast SEO plugin v26.6 - https:\/\/yoast.com\/wordpress\/plugins\/seo\/ -->\n<title>Gabardine Beach Bag - Tekno \u00c7anta - Promosyon Toptan \u00c7anta \u0130malat\u0131<\/title>\n<meta name=\"robots\" content=\"index, follow, max-snippet:-1, max-image-preview:large, max-video-preview:-1\" \/>\n<link rel=\"canonical\" href=\"https:\/\/www.teknocanta.com\/gabardine-beach-bag\/\" \/>\n<meta property=\"og:locale\" content=\"en_US\" \/>\n<meta property=\"og:type\" content=\"article\" \/>\n<meta property=\"og:title\" content=\"Gabardine Beach Bag - Tekno \u00c7anta - Promosyon Toptan \u00c7anta \u0130malat\u0131\" \/>\n<meta property=\"og:description\" content=\"Width 35 cm Height 40 cm Bottom Bellows 8 cm&nbsp; 280 gabardine fabric long handle Manufacturing time 7 days If you are thinking of ordering a Gabardine Fabric beach bag or if you want to get price information, please send an e-mail to our e-mail address in the contact section with your order quantity, the&hellip;\" \/>\n<meta property=\"og:url\" content=\"https:\/\/www.teknocanta.com\/gabardine-beach-bag\/\" \/>\n<meta property=\"og:site_name\" content=\"Tekno \u00c7anta - Promosyon Toptan \u00c7anta \u0130malat\u0131\" \/>\n<meta name=\"twitter:card\" content=\"summary_large_image\" \/>\n<meta name=\"twitter:label1\" content=\"Est. reading time\" \/>\n\t<meta name=\"twitter:data1\" content=\"2 minutes\" \/>\n<script type=\"application\/ld+json\" class=\"yoast-schema-graph\">{\"@context\":\"https:\/\/schema.org\",\"@graph\":[{\"@type\":\"WebPage\",\"@id\":\"https:\/\/www.teknocanta.com\/gabardine-beach-bag\/\",\"url\":\"https:\/\/www.teknocanta.com\/gabardine-beach-bag\/\",\"name\":\"Gabardine Beach Bag - Tekno \u00c7anta - Promosyon Toptan \u00c7anta \u0130malat\u0131\",\"isPartOf\":{\"@id\":\"https:\/\/www.teknocanta.com\/#website\"},\"primaryImageOfPage\":{\"@id\":\"https:\/\/www.teknocanta.com\/gabardine-beach-bag\/#primaryimage\"},\"image\":{\"@id\":\"https:\/\/www.teknocanta.com\/gabardine-beach-bag\/#primaryimage\"},\"thumbnailUrl\":\"https:\/\/www.teknocanta.com\/wp-content\/uploads\/2021\/10\/gabardin_plaj_cantasi_3.jpg\",\"datePublished\":\"2021-10-14T12:56:24+00:00\",\"breadcrumb\":{\"@id\":\"https:\/\/www.teknocanta.com\/gabardine-beach-bag\/#breadcrumb\"},\"inLanguage\":\"en-US\",\"potentialAction\":[{\"@type\":\"ReadAction\",\"target\":[\"https:\/\/www.teknocanta.com\/gabardine-beach-bag\/\"]}]},{\"@type\":\"ImageObject\",\"inLanguage\":\"en-US\",\"@id\":\"https:\/\/www.teknocanta.com\/gabardine-beach-bag\/#primaryimage\",\"url\":\"https:\/\/www.teknocanta.com\/wp-content\/uploads\/2021\/10\/gabardin_plaj_cantasi_3.jpg\",\"contentUrl\":\"https:\/\/www.teknocanta.com\/wp-content\/uploads\/2021\/10\/gabardin_plaj_cantasi_3.jpg\",\"width\":780,\"height\":794},{\"@type\":\"BreadcrumbList\",\"@id\":\"https:\/\/www.teknocanta.com\/gabardine-beach-bag\/#breadcrumb\",\"itemListElement\":[{\"@type\":\"ListItem\",\"position\":1,\"name\":\"Ana sayfa\",\"item\":\"https:\/\/www.teknocanta.com\/en\/\"},{\"@type\":\"ListItem\",\"position\":2,\"name\":\"\u00dcr\u00fcnler\",\"item\":\"https:\/\/www.teknocanta.com\/urunler\/\"},{\"@type\":\"ListItem\",\"position\":3,\"name\":\"Gabardine Beach Bag\"}]},{\"@type\":\"WebSite\",\"@id\":\"https:\/\/www.teknocanta.com\/#website\",\"url\":\"https:\/\/www.teknocanta.com\/\",\"name\":\"Tekno \u00c7anta - Promosyon Toptan \u00c7anta \u0130malat\u0131\",\"description\":\"Toptan \u00e7anta imalat\u0131, ham bez \u00e7anta, s\u0131rt \u00e7antalar\u0131, laptop ve evrak \u00e7antalar\u0131, kongre \u00e7antalar\u0131, fuar \u00e7antas\u0131 ve ipli b\u00fczg\u00fcl\u00fc \u00e7anta imalat\u0131 yapmaktay\u0131z.\",\"potentialAction\":[{\"@type\":\"SearchAction\",\"target\":{\"@type\":\"EntryPoint\",\"urlTemplate\":\"https:\/\/www.teknocanta.com\/?s={search_term_string}\"},\"query-input\":{\"@type\":\"PropertyValueSpecification\",\"valueRequired\":true,\"valueName\":\"search_term_string\"}}],\"inLanguage\":\"en-US\"}]}<\/script>\n<!-- \/ Yoast SEO plugin. -->","yoast_head_json":{"title":"Gabardine Beach Bag - Tekno \u00c7anta - Promosyon Toptan \u00c7anta \u0130malat\u0131","robots":{"index":"index","follow":"follow","max-snippet":"max-snippet:-1","max-image-preview":"max-image-preview:large","max-video-preview":"max-video-preview:-1"},"canonical":"https:\/\/www.teknocanta.com\/gabardine-beach-bag\/","og_locale":"en_US","og_type":"article","og_title":"Gabardine Beach Bag - Tekno \u00c7anta - Promosyon Toptan \u00c7anta \u0130malat\u0131","og_description":"Width 35 cm Height 40 cm Bottom Bellows 8 cm&nbsp; 280 gabardine fabric long handle Manufacturing time 7 days If you are thinking of ordering a Gabardine Fabric beach bag or if you want to get price information, please send an e-mail to our e-mail address in the contact section with your order quantity, the&hellip;","og_url":"https:\/\/www.teknocanta.com\/gabardine-beach-bag\/","og_site_name":"Tekno \u00c7anta - Promosyon Toptan \u00c7anta \u0130malat\u0131","twitter_card":"summary_large_image","twitter_misc":{"Est. reading time":"2 minutes"},"schema":{"@context":"https:\/\/schema.org","@graph":[{"@type":"WebPage","@id":"https:\/\/www.teknocanta.com\/gabardine-beach-bag\/","url":"https:\/\/www.teknocanta.com\/gabardine-beach-bag\/","name":"Gabardine Beach Bag - Tekno \u00c7anta - Promosyon Toptan \u00c7anta \u0130malat\u0131","isPartOf":{"@id":"https:\/\/www.teknocanta.com\/#website"},"primaryImageOfPage":{"@id":"https:\/\/www.teknocanta.com\/gabardine-beach-bag\/#primaryimage"},"image":{"@id":"https:\/\/www.teknocanta.com\/gabardine-beach-bag\/#primaryimage"},"thumbnailUrl":"https:\/\/www.teknocanta.com\/wp-content\/uploads\/2021\/10\/gabardin_plaj_cantasi_3.jpg","datePublished":"2021-10-14T12:56:24+00:00","breadcrumb":{"@id":"https:\/\/www.teknocanta.com\/gabardine-beach-bag\/#breadcrumb"},"inLanguage":"en-US","potentialAction":[{"@type":"ReadAction","target":["https:\/\/www.teknocanta.com\/gabardine-beach-bag\/"]}]},{"@type":"ImageObject","inLanguage":"en-US","@id":"https:\/\/www.teknocanta.com\/gabardine-beach-bag\/#primaryimage","url":"https:\/\/www.teknocanta.com\/wp-content\/uploads\/2021\/10\/gabardin_plaj_cantasi_3.jpg","contentUrl":"https:\/\/www.teknocanta.com\/wp-content\/uploads\/2021\/10\/gabardin_plaj_cantasi_3.jpg","width":780,"height":794},{"@type":"BreadcrumbList","@id":"https:\/\/www.teknocanta.com\/gabardine-beach-bag\/#breadcrumb","itemListElement":[{"@type":"ListItem","position":1,"name":"Ana sayfa","item":"https:\/\/www.teknocanta.com\/en\/"},{"@type":"ListItem","position":2,"name":"\u00dcr\u00fcnler","item":"https:\/\/www.teknocanta.com\/urunler\/"},{"@type":"ListItem","position":3,"name":"Gabardine Beach Bag"}]},{"@type":"WebSite","@id":"https:\/\/www.teknocanta.com\/#website","url":"https:\/\/www.teknocanta.com\/","name":"Tekno \u00c7anta - Promosyon Toptan \u00c7anta \u0130malat\u0131","description":"Toptan \u00e7anta imalat\u0131, ham bez \u00e7anta, s\u0131rt \u00e7antalar\u0131, laptop ve evrak \u00e7antalar\u0131, kongre \u00e7antalar\u0131, fuar \u00e7antas\u0131 ve ipli b\u00fczg\u00fcl\u00fc \u00e7anta imalat\u0131 yapmaktay\u0131z.","potentialAction":[{"@type":"SearchAction","target":{"@type":"EntryPoint","urlTemplate":"https:\/\/www.teknocanta.com\/?s={search_term_string}"},"query-input":{"@type":"PropertyValueSpecification","valueRequired":true,"valueName":"search_term_string"}}],"inLanguage":"en-US"}]}},"_links":{"self":[{"href":"https:\/\/www.teknocanta.com\/en\/wp-json\/wp\/v2\/product\/44659","targetHints":{"allow":["GET"]}}],"collection":[{"href":"https:\/\/www.teknocanta.com\/en\/wp-json\/wp\/v2\/product"}],"about":[{"href":"https:\/\/www.teknocanta.com\/en\/wp-json\/wp\/v2\/types\/product"}],"replies":[{"embeddable":true,"href":"https:\/\/www.teknocanta.com\/en\/wp-json\/wp\/v2\/comments?post=44659"}],"wp:featuredmedia":[{"embeddable":true,"href":"https:\/\/www.teknocanta.com\/en\/wp-json\/wp\/v2\/media\/42352"}],"wp:attachment":[{"href":"https:\/\/www.teknocanta.com\/en\/wp-json\/wp\/v2\/media?parent=44659"}],"wp:term":[{"taxonomy":"product_brand","embeddable":true,"href":"https:\/\/www.teknocanta.com\/en\/wp-json\/wp\/v2\/product_brand?post=44659"},{"taxonomy":"product_cat","embeddable":true,"href":"https:\/\/www.teknocanta.com\/en\/wp-json\/wp\/v2\/product_cat?post=44659"},{"taxonomy":"product_tag","embeddable":true,"href":"https:\/\/www.teknocanta.com\/en\/wp-json\/wp\/v2\/product_tag?post=44659"}],"curies":[{"name":"wp","href":"https:\/\/api.w.org\/{rel}","templated":true}]}}