{"id":44636,"date":"2021-10-14T15:57:34","date_gmt":"2021-10-14T12:57:34","guid":{"rendered":"https:\/\/www.teknocanta.com\/congress-bag-black\/"},"modified":"2021-10-14T15:57:34","modified_gmt":"2021-10-14T12:57:34","slug":"congress-bag-black","status":"publish","type":"product","link":"https:\/\/www.teknocanta.com\/en\/congress-bag-black\/","title":{"rendered":"Congress Bag &#8211; Black"},"content":{"rendered":"<div>Stocked product. 8% VAT and printing fee are not included in the price.&nbsp;<\/div>\n<div><\/div>\n<div>For orders of 200 pieces or more, fabric colour, lining colour or zipper colour can be changed. The outer parts of the bag are made of linen imperteks, 630 denier or 610 denier fabric, the linings are made of 270 denier fabric.<\/div>\n<div><\/div>\n<div>The bag size is 30x40x8 cm. The bag consists of 1 front compartment with zip fastening and 1 top compartment. There is a laptop compartment inside the bag.&nbsp;<\/div>\n<div>Bag bodies are supported with 8 mm thick foam. Type 8 quality zip is used.&nbsp;<\/div>\n<div><\/div>\n<div>It is possible to make colourful prints on the inside or outside of the bag. Optionally, embroidery printing can also be done. Printing fees will vary according to the number of colours in the image to be printed and the printing technique.<\/div>\n<div><\/div>\n<div>Manufacturing times for congress bags vary according to the number of orders and the average manufacturing time is 15 days, it can be given earlier depending on the importance of the work. Bags in stock can be given the same day without printing. If the products in stock are preferred as printed, the printing time may take a few days depending on the intensity.&nbsp;<\/div>\n<div><\/div>\n<div>Please get current stock information.<\/div>\n<div><\/div>\n<div>Economic congress bags are generally a useful promotional product that you can use in all kinds of events such as congresses, symposiums, conferences and seminars and that you can gift to your customers.<\/div>\n","protected":false},"excerpt":{"rendered":"<p>Stocked product. 8% VAT and printing fee are not included in the price.&nbsp; For orders of 200 pieces or more, fabric colour, lining colour or zipper colour can be changed. The outer parts of the bag are made of linen imperteks, 630 denier or 610 denier fabric, the linings are made of 270 denier fabric.&hellip;<\/p>\n","protected":false},"featured_media":42625,"comment_status":"open","ping_status":"closed","template":"","meta":[],"product_brand":[],"product_cat":[1350,1351],"product_tag":[1610,1715],"class_list":{"0":"post-44636","1":"product","2":"type-product","3":"status-publish","4":"has-post-thumbnail","6":"product_cat-congress-and-symposium-bag","7":"product_cat-laptop-briefcase","8":"product_tag-istoc-bag","9":"product_tag-wholesale-bags-istanbul","10":"description-off","12":"first","13":"instock","14":"shipping-taxable","15":"purchasable","16":"product-type-simple"},"yoast_head":"<!-- This site is optimized with the Yoast SEO plugin v26.6 - https:\/\/yoast.com\/wordpress\/plugins\/seo\/ -->\n<title>Congress Bag - Black - Tekno \u00c7anta - Promosyon Toptan \u00c7anta \u0130malat\u0131<\/title>\n<meta name=\"robots\" content=\"index, follow, max-snippet:-1, max-image-preview:large, max-video-preview:-1\" \/>\n<link rel=\"canonical\" href=\"https:\/\/www.teknocanta.com\/congress-bag-black\/\" \/>\n<meta property=\"og:locale\" content=\"en_US\" \/>\n<meta property=\"og:type\" content=\"article\" \/>\n<meta property=\"og:title\" content=\"Congress Bag - Black - Tekno \u00c7anta - Promosyon Toptan \u00c7anta \u0130malat\u0131\" \/>\n<meta property=\"og:description\" content=\"Stocked product. 8% VAT and printing fee are not included in the price.&nbsp; For orders of 200 pieces or more, fabric colour, lining colour or zipper colour can be changed. The outer parts of the bag are made of linen imperteks, 630 denier or 610 denier fabric, the linings are made of 270 denier fabric.&hellip;\" \/>\n<meta property=\"og:url\" content=\"https:\/\/www.teknocanta.com\/congress-bag-black\/\" \/>\n<meta property=\"og:site_name\" content=\"Tekno \u00c7anta - Promosyon Toptan \u00c7anta \u0130malat\u0131\" \/>\n<meta name=\"twitter:card\" content=\"summary_large_image\" \/>\n<meta name=\"twitter:label1\" content=\"Est. reading time\" \/>\n\t<meta name=\"twitter:data1\" content=\"1 minute\" \/>\n<script type=\"application\/ld+json\" class=\"yoast-schema-graph\">{\"@context\":\"https:\/\/schema.org\",\"@graph\":[{\"@type\":\"WebPage\",\"@id\":\"https:\/\/www.teknocanta.com\/congress-bag-black\/\",\"url\":\"https:\/\/www.teknocanta.com\/congress-bag-black\/\",\"name\":\"Congress Bag - Black - Tekno \u00c7anta - Promosyon Toptan \u00c7anta \u0130malat\u0131\",\"isPartOf\":{\"@id\":\"https:\/\/www.teknocanta.com\/#website\"},\"primaryImageOfPage\":{\"@id\":\"https:\/\/www.teknocanta.com\/congress-bag-black\/#primaryimage\"},\"image\":{\"@id\":\"https:\/\/www.teknocanta.com\/congress-bag-black\/#primaryimage\"},\"thumbnailUrl\":\"https:\/\/www.teknocanta.com\/wp-content\/uploads\/2021\/10\/kongre_cantasi_siyah_yeni_ana_1.jpg\",\"datePublished\":\"2021-10-14T12:57:34+00:00\",\"breadcrumb\":{\"@id\":\"https:\/\/www.teknocanta.com\/congress-bag-black\/#breadcrumb\"},\"inLanguage\":\"en-US\",\"potentialAction\":[{\"@type\":\"ReadAction\",\"target\":[\"https:\/\/www.teknocanta.com\/congress-bag-black\/\"]}]},{\"@type\":\"ImageObject\",\"inLanguage\":\"en-US\",\"@id\":\"https:\/\/www.teknocanta.com\/congress-bag-black\/#primaryimage\",\"url\":\"https:\/\/www.teknocanta.com\/wp-content\/uploads\/2021\/10\/kongre_cantasi_siyah_yeni_ana_1.jpg\",\"contentUrl\":\"https:\/\/www.teknocanta.com\/wp-content\/uploads\/2021\/10\/kongre_cantasi_siyah_yeni_ana_1.jpg\",\"width\":843,\"height\":705},{\"@type\":\"BreadcrumbList\",\"@id\":\"https:\/\/www.teknocanta.com\/congress-bag-black\/#breadcrumb\",\"itemListElement\":[{\"@type\":\"ListItem\",\"position\":1,\"name\":\"Ana sayfa\",\"item\":\"https:\/\/www.teknocanta.com\/en\/\"},{\"@type\":\"ListItem\",\"position\":2,\"name\":\"\u00dcr\u00fcnler\",\"item\":\"https:\/\/www.teknocanta.com\/urunler\/\"},{\"@type\":\"ListItem\",\"position\":3,\"name\":\"Congress Bag &#8211; Black\"}]},{\"@type\":\"WebSite\",\"@id\":\"https:\/\/www.teknocanta.com\/#website\",\"url\":\"https:\/\/www.teknocanta.com\/\",\"name\":\"Tekno \u00c7anta - Promosyon Toptan \u00c7anta \u0130malat\u0131\",\"description\":\"Toptan \u00e7anta imalat\u0131, ham bez \u00e7anta, s\u0131rt \u00e7antalar\u0131, laptop ve evrak \u00e7antalar\u0131, kongre \u00e7antalar\u0131, fuar \u00e7antas\u0131 ve ipli b\u00fczg\u00fcl\u00fc \u00e7anta imalat\u0131 yapmaktay\u0131z.\",\"potentialAction\":[{\"@type\":\"SearchAction\",\"target\":{\"@type\":\"EntryPoint\",\"urlTemplate\":\"https:\/\/www.teknocanta.com\/?s={search_term_string}\"},\"query-input\":{\"@type\":\"PropertyValueSpecification\",\"valueRequired\":true,\"valueName\":\"search_term_string\"}}],\"inLanguage\":\"en-US\"}]}<\/script>\n<!-- \/ Yoast SEO plugin. -->","yoast_head_json":{"title":"Congress Bag - Black - Tekno \u00c7anta - Promosyon Toptan \u00c7anta \u0130malat\u0131","robots":{"index":"index","follow":"follow","max-snippet":"max-snippet:-1","max-image-preview":"max-image-preview:large","max-video-preview":"max-video-preview:-1"},"canonical":"https:\/\/www.teknocanta.com\/congress-bag-black\/","og_locale":"en_US","og_type":"article","og_title":"Congress Bag - Black - Tekno \u00c7anta - Promosyon Toptan \u00c7anta \u0130malat\u0131","og_description":"Stocked product. 8% VAT and printing fee are not included in the price.&nbsp; For orders of 200 pieces or more, fabric colour, lining colour or zipper colour can be changed. The outer parts of the bag are made of linen imperteks, 630 denier or 610 denier fabric, the linings are made of 270 denier fabric.&hellip;","og_url":"https:\/\/www.teknocanta.com\/congress-bag-black\/","og_site_name":"Tekno \u00c7anta - Promosyon Toptan \u00c7anta \u0130malat\u0131","twitter_card":"summary_large_image","twitter_misc":{"Est. reading time":"1 minute"},"schema":{"@context":"https:\/\/schema.org","@graph":[{"@type":"WebPage","@id":"https:\/\/www.teknocanta.com\/congress-bag-black\/","url":"https:\/\/www.teknocanta.com\/congress-bag-black\/","name":"Congress Bag - Black - Tekno \u00c7anta - Promosyon Toptan \u00c7anta \u0130malat\u0131","isPartOf":{"@id":"https:\/\/www.teknocanta.com\/#website"},"primaryImageOfPage":{"@id":"https:\/\/www.teknocanta.com\/congress-bag-black\/#primaryimage"},"image":{"@id":"https:\/\/www.teknocanta.com\/congress-bag-black\/#primaryimage"},"thumbnailUrl":"https:\/\/www.teknocanta.com\/wp-content\/uploads\/2021\/10\/kongre_cantasi_siyah_yeni_ana_1.jpg","datePublished":"2021-10-14T12:57:34+00:00","breadcrumb":{"@id":"https:\/\/www.teknocanta.com\/congress-bag-black\/#breadcrumb"},"inLanguage":"en-US","potentialAction":[{"@type":"ReadAction","target":["https:\/\/www.teknocanta.com\/congress-bag-black\/"]}]},{"@type":"ImageObject","inLanguage":"en-US","@id":"https:\/\/www.teknocanta.com\/congress-bag-black\/#primaryimage","url":"https:\/\/www.teknocanta.com\/wp-content\/uploads\/2021\/10\/kongre_cantasi_siyah_yeni_ana_1.jpg","contentUrl":"https:\/\/www.teknocanta.com\/wp-content\/uploads\/2021\/10\/kongre_cantasi_siyah_yeni_ana_1.jpg","width":843,"height":705},{"@type":"BreadcrumbList","@id":"https:\/\/www.teknocanta.com\/congress-bag-black\/#breadcrumb","itemListElement":[{"@type":"ListItem","position":1,"name":"Ana sayfa","item":"https:\/\/www.teknocanta.com\/en\/"},{"@type":"ListItem","position":2,"name":"\u00dcr\u00fcnler","item":"https:\/\/www.teknocanta.com\/urunler\/"},{"@type":"ListItem","position":3,"name":"Congress Bag &#8211; Black"}]},{"@type":"WebSite","@id":"https:\/\/www.teknocanta.com\/#website","url":"https:\/\/www.teknocanta.com\/","name":"Tekno \u00c7anta - Promosyon Toptan \u00c7anta \u0130malat\u0131","description":"Toptan \u00e7anta imalat\u0131, ham bez \u00e7anta, s\u0131rt \u00e7antalar\u0131, laptop ve evrak \u00e7antalar\u0131, kongre \u00e7antalar\u0131, fuar \u00e7antas\u0131 ve ipli b\u00fczg\u00fcl\u00fc \u00e7anta imalat\u0131 yapmaktay\u0131z.","potentialAction":[{"@type":"SearchAction","target":{"@type":"EntryPoint","urlTemplate":"https:\/\/www.teknocanta.com\/?s={search_term_string}"},"query-input":{"@type":"PropertyValueSpecification","valueRequired":true,"valueName":"search_term_string"}}],"inLanguage":"en-US"}]}},"_links":{"self":[{"href":"https:\/\/www.teknocanta.com\/en\/wp-json\/wp\/v2\/product\/44636","targetHints":{"allow":["GET"]}}],"collection":[{"href":"https:\/\/www.teknocanta.com\/en\/wp-json\/wp\/v2\/product"}],"about":[{"href":"https:\/\/www.teknocanta.com\/en\/wp-json\/wp\/v2\/types\/product"}],"replies":[{"embeddable":true,"href":"https:\/\/www.teknocanta.com\/en\/wp-json\/wp\/v2\/comments?post=44636"}],"wp:featuredmedia":[{"embeddable":true,"href":"https:\/\/www.teknocanta.com\/en\/wp-json\/wp\/v2\/media\/42625"}],"wp:attachment":[{"href":"https:\/\/www.teknocanta.com\/en\/wp-json\/wp\/v2\/media?parent=44636"}],"wp:term":[{"taxonomy":"product_brand","embeddable":true,"href":"https:\/\/www.teknocanta.com\/en\/wp-json\/wp\/v2\/product_brand?post=44636"},{"taxonomy":"product_cat","embeddable":true,"href":"https:\/\/www.teknocanta.com\/en\/wp-json\/wp\/v2\/product_cat?post=44636"},{"taxonomy":"product_tag","embeddable":true,"href":"https:\/\/www.teknocanta.com\/en\/wp-json\/wp\/v2\/product_tag?post=44636"}],"curies":[{"name":"wp","href":"https:\/\/api.w.org\/{rel}","templated":true}]}}