{"id":44624,"date":"2021-10-14T15:57:35","date_gmt":"2021-10-14T12:57:35","guid":{"rendered":"https:\/\/www.teknocanta.com\/promotional-backpack-smoked\/"},"modified":"2021-10-14T15:57:35","modified_gmt":"2021-10-14T12:57:35","slug":"promotional-back-purse-fume","status":"publish","type":"product","link":"https:\/\/www.teknocanta.com\/en\/promotional-back-purse-fume\/","title":{"rendered":"Promotional Backpack &#8211; Smoked"},"content":{"rendered":"<p>Please ask for a price list for different quantities.<\/p>\n<p>The bag size is 44x30x14 cm. The bag consists of 2 top and 2 front sections. The bag is made of 8 mm thick foam and type 8 quality zip. There is a laptop compartment in the bag.&nbsp;<\/p>\n<p>The promotional backpack is made of waterproof and carcinogenic-free luxury imperteks linen fabric. The fabric surface is suitable for all kinds of printing.&nbsp;<\/p>\n<p>For orders of 200 pieces or more, fabric colour, lining colour and zipper colour can be changed. Changes can be made to the model of the bag by paying a price difference.<\/p>\n<p>Transfer printing, screen printing, classic paint printing or embroidery printing can be done inside or outside of the bag.&nbsp;<\/p>\n<p>Promotional stocked backpacks cannot be technically embroidered and can only be printed with one colour classic screen printing technique. It is possible to make all kinds of printing in your special manufacturing orders. The minimum order quantity for special manufacturing products is 200 pieces.<\/p>\n<p>Manufacturing times for your wholesale backpack orders are at least one week depending on the quantity. Products in stock can be delivered the same day without printing. The printing time for products in stock is a few days.<\/p>\n<p>Stocked backpacks will come to your rescue in your emergency backpack needs. Stocked promotional bags will meet your needs quickly with or without printing without the need to wait for manufacturing time. Since bag production will take at least a week on average, organisations that do not have time and need a bag earlier will be a good solution.&nbsp;<\/p>\n<p>Wholesale promotional backpacks are very suitable for corporate companies as well as congresses and symposiums. It is a product with sufficient capacity to meet daily needs. It is a light and functional briefcase model.<\/p>\n<p>Promotional backpacks are a useful promotional product that you can use in all kinds of events such as congresses and symposiums and seminars and that you can gift to your customers.<\/p>\n<p>Avrupa Bag Manufacturing place is Istanbul and it is a 100% domestic manufacturing product. Our workshop is located in K\u00fc\u00e7\u00fck\u00e7ekmece district, our sales office and showroom are in Ba\u011fc\u0131lar district, isto\u00e7 wholesalers site.<\/p>\n<p>Our products can be shipped from our isto\u00e7 address to all over Turkey at economical prices with our contracted cargo or warehouse companies.<\/p>\n","protected":false},"excerpt":{"rendered":"<p>Please ask for a price list for different quantities. The bag size is 44x30x14 cm. The bag consists of 2 top and 2 front sections. The bag is made of 8 mm thick foam and type 8 quality zip. There is a laptop compartment in the bag.&nbsp; The promotional backpack is made of waterproof and&hellip;<\/p>\n","protected":false},"featured_media":42646,"comment_status":"open","ping_status":"closed","template":"","meta":[],"product_brand":[],"product_cat":[1373,1350,1378],"product_tag":[1686,1687,1590,1685],"class_list":{"0":"post-44624","1":"product","2":"type-product","3":"status-publish","4":"has-post-thumbnail","6":"product_cat-backpack","7":"product_cat-congress-and-symposium-bag","8":"product_cat-stocked-bags","9":"product_tag-bag-companies","10":"product_tag-bag-wholesaler","11":"product_tag-istanbul-bag-makers","12":"product_tag-wholesale-bag-manufacturers","13":"description-off","15":"first","16":"instock","17":"shipping-taxable","18":"purchasable","19":"product-type-simple"},"yoast_head":"<!-- This site is optimized with the Yoast SEO plugin v26.6 - https:\/\/yoast.com\/wordpress\/plugins\/seo\/ -->\n<title>Promotional Backpack - Smoked - Tekno \u00c7anta - Promosyon Toptan \u00c7anta \u0130malat\u0131<\/title>\n<meta name=\"robots\" content=\"index, follow, max-snippet:-1, max-image-preview:large, max-video-preview:-1\" \/>\n<link rel=\"canonical\" href=\"https:\/\/www.teknocanta.com\/promotional-backpack-smoked\/\" \/>\n<meta property=\"og:locale\" content=\"en_US\" \/>\n<meta property=\"og:type\" content=\"article\" \/>\n<meta property=\"og:title\" content=\"Promotional Backpack - Smoked - Tekno \u00c7anta - Promosyon Toptan \u00c7anta \u0130malat\u0131\" \/>\n<meta property=\"og:description\" content=\"Please ask for a price list for different quantities. The bag size is 44x30x14 cm. The bag consists of 2 top and 2 front sections. The bag is made of 8 mm thick foam and type 8 quality zip. There is a laptop compartment in the bag.&nbsp; The promotional backpack is made of waterproof and&hellip;\" \/>\n<meta property=\"og:url\" content=\"https:\/\/www.teknocanta.com\/promotional-backpack-smoked\/\" \/>\n<meta property=\"og:site_name\" content=\"Tekno \u00c7anta - Promosyon Toptan \u00c7anta \u0130malat\u0131\" \/>\n<meta name=\"twitter:card\" content=\"summary_large_image\" \/>\n<meta name=\"twitter:label1\" content=\"Est. reading time\" \/>\n\t<meta name=\"twitter:data1\" content=\"2 minutes\" \/>\n<script type=\"application\/ld+json\" class=\"yoast-schema-graph\">{\"@context\":\"https:\/\/schema.org\",\"@graph\":[{\"@type\":\"WebPage\",\"@id\":\"https:\/\/www.teknocanta.com\/promotional-backpack-smoked\/\",\"url\":\"https:\/\/www.teknocanta.com\/promotional-backpack-smoked\/\",\"name\":\"Promotional Backpack - Smoked - Tekno \u00c7anta - Promosyon Toptan \u00c7anta \u0130malat\u0131\",\"isPartOf\":{\"@id\":\"https:\/\/www.teknocanta.com\/#website\"},\"primaryImageOfPage\":{\"@id\":\"https:\/\/www.teknocanta.com\/promotional-backpack-smoked\/#primaryimage\"},\"image\":{\"@id\":\"https:\/\/www.teknocanta.com\/promotional-backpack-smoked\/#primaryimage\"},\"thumbnailUrl\":\"https:\/\/www.teknocanta.com\/wp-content\/uploads\/2021\/10\/promosyon_sirt_cantasi_fume_ana_3.jpg\",\"datePublished\":\"2021-10-14T12:57:35+00:00\",\"breadcrumb\":{\"@id\":\"https:\/\/www.teknocanta.com\/promotional-backpack-smoked\/#breadcrumb\"},\"inLanguage\":\"en-US\",\"potentialAction\":[{\"@type\":\"ReadAction\",\"target\":[\"https:\/\/www.teknocanta.com\/promotional-backpack-smoked\/\"]}]},{\"@type\":\"ImageObject\",\"inLanguage\":\"en-US\",\"@id\":\"https:\/\/www.teknocanta.com\/promotional-backpack-smoked\/#primaryimage\",\"url\":\"https:\/\/www.teknocanta.com\/wp-content\/uploads\/2021\/10\/promosyon_sirt_cantasi_fume_ana_3.jpg\",\"contentUrl\":\"https:\/\/www.teknocanta.com\/wp-content\/uploads\/2021\/10\/promosyon_sirt_cantasi_fume_ana_3.jpg\",\"width\":1000,\"height\":1352},{\"@type\":\"BreadcrumbList\",\"@id\":\"https:\/\/www.teknocanta.com\/promotional-backpack-smoked\/#breadcrumb\",\"itemListElement\":[{\"@type\":\"ListItem\",\"position\":1,\"name\":\"Ana sayfa\",\"item\":\"https:\/\/www.teknocanta.com\/en\/\"},{\"@type\":\"ListItem\",\"position\":2,\"name\":\"\u00dcr\u00fcnler\",\"item\":\"https:\/\/www.teknocanta.com\/urunler\/\"},{\"@type\":\"ListItem\",\"position\":3,\"name\":\"Promotional Backpack &#8211; Smoked\"}]},{\"@type\":\"WebSite\",\"@id\":\"https:\/\/www.teknocanta.com\/#website\",\"url\":\"https:\/\/www.teknocanta.com\/\",\"name\":\"Tekno \u00c7anta - Promosyon Toptan \u00c7anta \u0130malat\u0131\",\"description\":\"Toptan \u00e7anta imalat\u0131, ham bez \u00e7anta, s\u0131rt \u00e7antalar\u0131, laptop ve evrak \u00e7antalar\u0131, kongre \u00e7antalar\u0131, fuar \u00e7antas\u0131 ve ipli b\u00fczg\u00fcl\u00fc \u00e7anta imalat\u0131 yapmaktay\u0131z.\",\"potentialAction\":[{\"@type\":\"SearchAction\",\"target\":{\"@type\":\"EntryPoint\",\"urlTemplate\":\"https:\/\/www.teknocanta.com\/?s={search_term_string}\"},\"query-input\":{\"@type\":\"PropertyValueSpecification\",\"valueRequired\":true,\"valueName\":\"search_term_string\"}}],\"inLanguage\":\"en-US\"}]}<\/script>\n<!-- \/ Yoast SEO plugin. -->","yoast_head_json":{"title":"Promotional Backpack - Smoked - Tekno \u00c7anta - Promosyon Toptan \u00c7anta \u0130malat\u0131","robots":{"index":"index","follow":"follow","max-snippet":"max-snippet:-1","max-image-preview":"max-image-preview:large","max-video-preview":"max-video-preview:-1"},"canonical":"https:\/\/www.teknocanta.com\/promotional-backpack-smoked\/","og_locale":"en_US","og_type":"article","og_title":"Promotional Backpack - Smoked - Tekno \u00c7anta - Promosyon Toptan \u00c7anta \u0130malat\u0131","og_description":"Please ask for a price list for different quantities. The bag size is 44x30x14 cm. The bag consists of 2 top and 2 front sections. The bag is made of 8 mm thick foam and type 8 quality zip. There is a laptop compartment in the bag.&nbsp; The promotional backpack is made of waterproof and&hellip;","og_url":"https:\/\/www.teknocanta.com\/promotional-backpack-smoked\/","og_site_name":"Tekno \u00c7anta - Promosyon Toptan \u00c7anta \u0130malat\u0131","twitter_card":"summary_large_image","twitter_misc":{"Est. reading time":"2 minutes"},"schema":{"@context":"https:\/\/schema.org","@graph":[{"@type":"WebPage","@id":"https:\/\/www.teknocanta.com\/promotional-backpack-smoked\/","url":"https:\/\/www.teknocanta.com\/promotional-backpack-smoked\/","name":"Promotional Backpack - Smoked - Tekno \u00c7anta - Promosyon Toptan \u00c7anta \u0130malat\u0131","isPartOf":{"@id":"https:\/\/www.teknocanta.com\/#website"},"primaryImageOfPage":{"@id":"https:\/\/www.teknocanta.com\/promotional-backpack-smoked\/#primaryimage"},"image":{"@id":"https:\/\/www.teknocanta.com\/promotional-backpack-smoked\/#primaryimage"},"thumbnailUrl":"https:\/\/www.teknocanta.com\/wp-content\/uploads\/2021\/10\/promosyon_sirt_cantasi_fume_ana_3.jpg","datePublished":"2021-10-14T12:57:35+00:00","breadcrumb":{"@id":"https:\/\/www.teknocanta.com\/promotional-backpack-smoked\/#breadcrumb"},"inLanguage":"en-US","potentialAction":[{"@type":"ReadAction","target":["https:\/\/www.teknocanta.com\/promotional-backpack-smoked\/"]}]},{"@type":"ImageObject","inLanguage":"en-US","@id":"https:\/\/www.teknocanta.com\/promotional-backpack-smoked\/#primaryimage","url":"https:\/\/www.teknocanta.com\/wp-content\/uploads\/2021\/10\/promosyon_sirt_cantasi_fume_ana_3.jpg","contentUrl":"https:\/\/www.teknocanta.com\/wp-content\/uploads\/2021\/10\/promosyon_sirt_cantasi_fume_ana_3.jpg","width":1000,"height":1352},{"@type":"BreadcrumbList","@id":"https:\/\/www.teknocanta.com\/promotional-backpack-smoked\/#breadcrumb","itemListElement":[{"@type":"ListItem","position":1,"name":"Ana sayfa","item":"https:\/\/www.teknocanta.com\/en\/"},{"@type":"ListItem","position":2,"name":"\u00dcr\u00fcnler","item":"https:\/\/www.teknocanta.com\/urunler\/"},{"@type":"ListItem","position":3,"name":"Promotional Backpack &#8211; Smoked"}]},{"@type":"WebSite","@id":"https:\/\/www.teknocanta.com\/#website","url":"https:\/\/www.teknocanta.com\/","name":"Tekno \u00c7anta - Promosyon Toptan \u00c7anta \u0130malat\u0131","description":"Toptan \u00e7anta imalat\u0131, ham bez \u00e7anta, s\u0131rt \u00e7antalar\u0131, laptop ve evrak \u00e7antalar\u0131, kongre \u00e7antalar\u0131, fuar \u00e7antas\u0131 ve ipli b\u00fczg\u00fcl\u00fc \u00e7anta imalat\u0131 yapmaktay\u0131z.","potentialAction":[{"@type":"SearchAction","target":{"@type":"EntryPoint","urlTemplate":"https:\/\/www.teknocanta.com\/?s={search_term_string}"},"query-input":{"@type":"PropertyValueSpecification","valueRequired":true,"valueName":"search_term_string"}}],"inLanguage":"en-US"}]}},"_links":{"self":[{"href":"https:\/\/www.teknocanta.com\/en\/wp-json\/wp\/v2\/product\/44624","targetHints":{"allow":["GET"]}}],"collection":[{"href":"https:\/\/www.teknocanta.com\/en\/wp-json\/wp\/v2\/product"}],"about":[{"href":"https:\/\/www.teknocanta.com\/en\/wp-json\/wp\/v2\/types\/product"}],"replies":[{"embeddable":true,"href":"https:\/\/www.teknocanta.com\/en\/wp-json\/wp\/v2\/comments?post=44624"}],"wp:featuredmedia":[{"embeddable":true,"href":"https:\/\/www.teknocanta.com\/en\/wp-json\/wp\/v2\/media\/42646"}],"wp:attachment":[{"href":"https:\/\/www.teknocanta.com\/en\/wp-json\/wp\/v2\/media?parent=44624"}],"wp:term":[{"taxonomy":"product_brand","embeddable":true,"href":"https:\/\/www.teknocanta.com\/en\/wp-json\/wp\/v2\/product_brand?post=44624"},{"taxonomy":"product_cat","embeddable":true,"href":"https:\/\/www.teknocanta.com\/en\/wp-json\/wp\/v2\/product_cat?post=44624"},{"taxonomy":"product_tag","embeddable":true,"href":"https:\/\/www.teknocanta.com\/en\/wp-json\/wp\/v2\/product_tag?post=44624"}],"curies":[{"name":"wp","href":"https:\/\/api.w.org\/{rel}","templated":true}]}}