{"id":44621,"date":"2021-10-14T15:57:35","date_gmt":"2021-10-14T12:57:35","guid":{"rendered":"https:\/\/www.teknocanta.com\/promotion-fair-bag\/"},"modified":"2021-10-14T15:57:35","modified_gmt":"2021-10-14T12:57:35","slug":"promotional-fair-bag","status":"publish","type":"product","link":"https:\/\/www.teknocanta.com\/en\/promotional-fair-bag\/","title":{"rendered":"Promotion Fair Bag"},"content":{"rendered":"<div>Promotion Fair Bag<\/div>\n<div>The exhibition bag price written on our web page will be valid for orders of 500 pieces. There will be a price increase for lower purchases. It is a stocked product. Available in stock in grey. You can order different colour bags for your special manufacturing orders. VAT 8% and printing fee are not included in the price. Please ask for a price list for different quantities.<\/div>\n<div><\/div>\n<div>The size of the fair bag is 43x32x13 cm. The bag consists of 1 top and 2 front and sections. The bag is made of 8 mm thick foam and type 8 quality zip. There is a laptop compartment in the bag.&nbsp;<\/div>\n<div><\/div>\n<div>Promotional Fair Backpack is made of waterproof and carcinogen-free luxury imperteks linen fabric.<\/div>\n<div><\/div>\n<div>In the production of 200 pieces and more special exhibition bags, fabric colour, lining colour and zipper colour can be changed. Changes can be made to the model of the bag by paying a price difference.<\/div>\n<div><\/div>\n<div>The fabric surface is suitable for all kinds of printing. Transfer printing, screen printing, classic paint printing or embroidery printing can be done inside or outside of the bag.&nbsp;<\/div>\n<div><\/div>\n<div>Promotional stock fair bags cannot be technically printed with embroidery and can only be printed with one colour classic screen printing technique. It is possible to make all kinds of printing in your special manufacturing orders. The minimum order quantity for special manufacturing products is 200 pieces.<\/div>\n<div><\/div>\n<div>Manufacturing times for your wholesale exhibition bag orders are at least one week depending on the quantity. Products in stock can be delivered the same day without printing. The printing time for products in stock is a few days.<\/div>\n<div><\/div>\n<div>Stocked backpacks will come to your rescue in your urgent exhibition bag needs. Stocked promotional bags will meet your needs quickly with or without printing without the need to wait for manufacturing time. Since bag production will take at least a week on average, organisations that do not have time and need a bag earlier will be a good solution.&nbsp;<\/div>\n<div><\/div>\n<div>Wholesale promotional exhibition bags are very suitable for corporate companies as well as congresses and symposiums. It is a product with sufficient capacity to meet daily needs. It is a light and functional briefcase model.<\/div>\n<div><\/div>\n<div>Promotional fair bags are a useful promotional product that you can use in all kinds of events such as congresses and symposiums and seminars and that you can gift to your customers.<\/div>\n<div><\/div>\n<div>Avrupa Bag Manufacturing place is Istanbul and it is a 100% domestic manufacturing product. Our workshop is located in K\u00fc\u00e7\u00fck\u00e7ekmece district, our sales office and showroom are in Ba\u011fc\u0131lar district, isto\u00e7 wholesalers site.<\/div>\n<div><\/div>\n<div>Our products can be shipped from our isto\u00e7 address to all over Turkey at economical prices with our contracted cargo or warehouse companies.<\/div>\n","protected":false},"excerpt":{"rendered":"<p>Promotion Fair Bag The exhibition bag price written on our web page will be valid for orders of 500 pieces. There will be a price increase for lower purchases. It is a stocked product. Available in stock in grey. You can order different colour bags for your special manufacturing orders. VAT 8% and printing fee&hellip;<\/p>\n","protected":false},"featured_media":42634,"comment_status":"open","ping_status":"closed","template":"","meta":[],"product_brand":[],"product_cat":[1373,1350],"product_tag":[1682],"class_list":{"0":"post-44621","1":"product","2":"type-product","3":"status-publish","4":"has-post-thumbnail","6":"product_cat-backpack","7":"product_cat-congress-and-symposium-bag","8":"product_tag-exhibition-bag","9":"description-off","11":"first","12":"instock","13":"shipping-taxable","14":"purchasable","15":"product-type-simple"},"yoast_head":"<!-- This site is optimized with the Yoast SEO plugin v26.6 - https:\/\/yoast.com\/wordpress\/plugins\/seo\/ -->\n<title>Promotion Fair Bag - Tekno \u00c7anta - Promosyon Toptan \u00c7anta \u0130malat\u0131<\/title>\n<meta name=\"robots\" content=\"index, follow, max-snippet:-1, max-image-preview:large, max-video-preview:-1\" \/>\n<link rel=\"canonical\" href=\"https:\/\/www.teknocanta.com\/promotion-fair-bag\/\" \/>\n<meta property=\"og:locale\" content=\"en_US\" \/>\n<meta property=\"og:type\" content=\"article\" \/>\n<meta property=\"og:title\" content=\"Promotion Fair Bag - Tekno \u00c7anta - Promosyon Toptan \u00c7anta \u0130malat\u0131\" \/>\n<meta property=\"og:description\" content=\"Promotion Fair Bag The exhibition bag price written on our web page will be valid for orders of 500 pieces. There will be a price increase for lower purchases. It is a stocked product. Available in stock in grey. You can order different colour bags for your special manufacturing orders. VAT 8% and printing fee&hellip;\" \/>\n<meta property=\"og:url\" content=\"https:\/\/www.teknocanta.com\/promotion-fair-bag\/\" \/>\n<meta property=\"og:site_name\" content=\"Tekno \u00c7anta - Promosyon Toptan \u00c7anta \u0130malat\u0131\" \/>\n<meta name=\"twitter:card\" content=\"summary_large_image\" \/>\n<meta name=\"twitter:label1\" content=\"Est. reading time\" \/>\n\t<meta name=\"twitter:data1\" content=\"2 minutes\" \/>\n<script type=\"application\/ld+json\" class=\"yoast-schema-graph\">{\"@context\":\"https:\/\/schema.org\",\"@graph\":[{\"@type\":\"WebPage\",\"@id\":\"https:\/\/www.teknocanta.com\/promotion-fair-bag\/\",\"url\":\"https:\/\/www.teknocanta.com\/promotion-fair-bag\/\",\"name\":\"Promotion Fair Bag - Tekno \u00c7anta - Promosyon Toptan \u00c7anta \u0130malat\u0131\",\"isPartOf\":{\"@id\":\"https:\/\/www.teknocanta.com\/#website\"},\"primaryImageOfPage\":{\"@id\":\"https:\/\/www.teknocanta.com\/promotion-fair-bag\/#primaryimage\"},\"image\":{\"@id\":\"https:\/\/www.teknocanta.com\/promotion-fair-bag\/#primaryimage\"},\"thumbnailUrl\":\"https:\/\/www.teknocanta.com\/wp-content\/uploads\/2021\/10\/promosyon_fuar_cantasi_ana_poz_9.jpg\",\"datePublished\":\"2021-10-14T12:57:35+00:00\",\"breadcrumb\":{\"@id\":\"https:\/\/www.teknocanta.com\/promotion-fair-bag\/#breadcrumb\"},\"inLanguage\":\"en-US\",\"potentialAction\":[{\"@type\":\"ReadAction\",\"target\":[\"https:\/\/www.teknocanta.com\/promotion-fair-bag\/\"]}]},{\"@type\":\"ImageObject\",\"inLanguage\":\"en-US\",\"@id\":\"https:\/\/www.teknocanta.com\/promotion-fair-bag\/#primaryimage\",\"url\":\"https:\/\/www.teknocanta.com\/wp-content\/uploads\/2021\/10\/promosyon_fuar_cantasi_ana_poz_9.jpg\",\"contentUrl\":\"https:\/\/www.teknocanta.com\/wp-content\/uploads\/2021\/10\/promosyon_fuar_cantasi_ana_poz_9.jpg\",\"width\":735,\"height\":888},{\"@type\":\"BreadcrumbList\",\"@id\":\"https:\/\/www.teknocanta.com\/promotion-fair-bag\/#breadcrumb\",\"itemListElement\":[{\"@type\":\"ListItem\",\"position\":1,\"name\":\"Ana sayfa\",\"item\":\"https:\/\/www.teknocanta.com\/en\/\"},{\"@type\":\"ListItem\",\"position\":2,\"name\":\"\u00dcr\u00fcnler\",\"item\":\"https:\/\/www.teknocanta.com\/urunler\/\"},{\"@type\":\"ListItem\",\"position\":3,\"name\":\"Promotion Fair Bag\"}]},{\"@type\":\"WebSite\",\"@id\":\"https:\/\/www.teknocanta.com\/#website\",\"url\":\"https:\/\/www.teknocanta.com\/\",\"name\":\"Tekno \u00c7anta - Promosyon Toptan \u00c7anta \u0130malat\u0131\",\"description\":\"Toptan \u00e7anta imalat\u0131, ham bez \u00e7anta, s\u0131rt \u00e7antalar\u0131, laptop ve evrak \u00e7antalar\u0131, kongre \u00e7antalar\u0131, fuar \u00e7antas\u0131 ve ipli b\u00fczg\u00fcl\u00fc \u00e7anta imalat\u0131 yapmaktay\u0131z.\",\"potentialAction\":[{\"@type\":\"SearchAction\",\"target\":{\"@type\":\"EntryPoint\",\"urlTemplate\":\"https:\/\/www.teknocanta.com\/?s={search_term_string}\"},\"query-input\":{\"@type\":\"PropertyValueSpecification\",\"valueRequired\":true,\"valueName\":\"search_term_string\"}}],\"inLanguage\":\"en-US\"}]}<\/script>\n<!-- \/ Yoast SEO plugin. -->","yoast_head_json":{"title":"Promotion Fair Bag - Tekno \u00c7anta - Promosyon Toptan \u00c7anta \u0130malat\u0131","robots":{"index":"index","follow":"follow","max-snippet":"max-snippet:-1","max-image-preview":"max-image-preview:large","max-video-preview":"max-video-preview:-1"},"canonical":"https:\/\/www.teknocanta.com\/promotion-fair-bag\/","og_locale":"en_US","og_type":"article","og_title":"Promotion Fair Bag - Tekno \u00c7anta - Promosyon Toptan \u00c7anta \u0130malat\u0131","og_description":"Promotion Fair Bag The exhibition bag price written on our web page will be valid for orders of 500 pieces. There will be a price increase for lower purchases. It is a stocked product. Available in stock in grey. You can order different colour bags for your special manufacturing orders. VAT 8% and printing fee&hellip;","og_url":"https:\/\/www.teknocanta.com\/promotion-fair-bag\/","og_site_name":"Tekno \u00c7anta - Promosyon Toptan \u00c7anta \u0130malat\u0131","twitter_card":"summary_large_image","twitter_misc":{"Est. reading time":"2 minutes"},"schema":{"@context":"https:\/\/schema.org","@graph":[{"@type":"WebPage","@id":"https:\/\/www.teknocanta.com\/promotion-fair-bag\/","url":"https:\/\/www.teknocanta.com\/promotion-fair-bag\/","name":"Promotion Fair Bag - Tekno \u00c7anta - Promosyon Toptan \u00c7anta \u0130malat\u0131","isPartOf":{"@id":"https:\/\/www.teknocanta.com\/#website"},"primaryImageOfPage":{"@id":"https:\/\/www.teknocanta.com\/promotion-fair-bag\/#primaryimage"},"image":{"@id":"https:\/\/www.teknocanta.com\/promotion-fair-bag\/#primaryimage"},"thumbnailUrl":"https:\/\/www.teknocanta.com\/wp-content\/uploads\/2021\/10\/promosyon_fuar_cantasi_ana_poz_9.jpg","datePublished":"2021-10-14T12:57:35+00:00","breadcrumb":{"@id":"https:\/\/www.teknocanta.com\/promotion-fair-bag\/#breadcrumb"},"inLanguage":"en-US","potentialAction":[{"@type":"ReadAction","target":["https:\/\/www.teknocanta.com\/promotion-fair-bag\/"]}]},{"@type":"ImageObject","inLanguage":"en-US","@id":"https:\/\/www.teknocanta.com\/promotion-fair-bag\/#primaryimage","url":"https:\/\/www.teknocanta.com\/wp-content\/uploads\/2021\/10\/promosyon_fuar_cantasi_ana_poz_9.jpg","contentUrl":"https:\/\/www.teknocanta.com\/wp-content\/uploads\/2021\/10\/promosyon_fuar_cantasi_ana_poz_9.jpg","width":735,"height":888},{"@type":"BreadcrumbList","@id":"https:\/\/www.teknocanta.com\/promotion-fair-bag\/#breadcrumb","itemListElement":[{"@type":"ListItem","position":1,"name":"Ana sayfa","item":"https:\/\/www.teknocanta.com\/en\/"},{"@type":"ListItem","position":2,"name":"\u00dcr\u00fcnler","item":"https:\/\/www.teknocanta.com\/urunler\/"},{"@type":"ListItem","position":3,"name":"Promotion Fair Bag"}]},{"@type":"WebSite","@id":"https:\/\/www.teknocanta.com\/#website","url":"https:\/\/www.teknocanta.com\/","name":"Tekno \u00c7anta - Promosyon Toptan \u00c7anta \u0130malat\u0131","description":"Toptan \u00e7anta imalat\u0131, ham bez \u00e7anta, s\u0131rt \u00e7antalar\u0131, laptop ve evrak \u00e7antalar\u0131, kongre \u00e7antalar\u0131, fuar \u00e7antas\u0131 ve ipli b\u00fczg\u00fcl\u00fc \u00e7anta imalat\u0131 yapmaktay\u0131z.","potentialAction":[{"@type":"SearchAction","target":{"@type":"EntryPoint","urlTemplate":"https:\/\/www.teknocanta.com\/?s={search_term_string}"},"query-input":{"@type":"PropertyValueSpecification","valueRequired":true,"valueName":"search_term_string"}}],"inLanguage":"en-US"}]}},"_links":{"self":[{"href":"https:\/\/www.teknocanta.com\/en\/wp-json\/wp\/v2\/product\/44621","targetHints":{"allow":["GET"]}}],"collection":[{"href":"https:\/\/www.teknocanta.com\/en\/wp-json\/wp\/v2\/product"}],"about":[{"href":"https:\/\/www.teknocanta.com\/en\/wp-json\/wp\/v2\/types\/product"}],"replies":[{"embeddable":true,"href":"https:\/\/www.teknocanta.com\/en\/wp-json\/wp\/v2\/comments?post=44621"}],"wp:featuredmedia":[{"embeddable":true,"href":"https:\/\/www.teknocanta.com\/en\/wp-json\/wp\/v2\/media\/42634"}],"wp:attachment":[{"href":"https:\/\/www.teknocanta.com\/en\/wp-json\/wp\/v2\/media?parent=44621"}],"wp:term":[{"taxonomy":"product_brand","embeddable":true,"href":"https:\/\/www.teknocanta.com\/en\/wp-json\/wp\/v2\/product_brand?post=44621"},{"taxonomy":"product_cat","embeddable":true,"href":"https:\/\/www.teknocanta.com\/en\/wp-json\/wp\/v2\/product_cat?post=44621"},{"taxonomy":"product_tag","embeddable":true,"href":"https:\/\/www.teknocanta.com\/en\/wp-json\/wp\/v2\/product_tag?post=44621"}],"curies":[{"name":"wp","href":"https:\/\/api.w.org\/{rel}","templated":true}]}}