{"id":44609,"date":"2021-10-14T15:57:57","date_gmt":"2021-10-14T12:57:57","guid":{"rendered":"https:\/\/www.teknocanta.com\/promotional-artificial-leather-backpack\/"},"modified":"2021-10-14T15:57:57","modified_gmt":"2021-10-14T12:57:57","slug":"promotional-suni-leather-back-bag","status":"publish","type":"product","link":"https:\/\/www.teknocanta.com\/en\/promotional-suni-leather-back-bag\/","title":{"rendered":"Promotional Artificial Leather Backpack"},"content":{"rendered":"<div>Promotional Artificial Leather Backpack<\/div>\n<div>The faux leather backpack price written on our web page will be valid for orders of 500 pieces. There will be a price increase for lower purchases. It is a stocked product. The colour of the bag in stock is the one shown in the grey picture. VAT 8% and printing fee are not included in the price. Please ask for a price list for different quantities.<\/div>\n<div><\/div>\n<div>The front part of the backpack is made of quality artificial leather. Other outer parts are made of linen impertex fabric and inner linings are made of 270 denier lining fabric. No materials containing carcinogenic substances were used in the manufacture of the bag. The bag size is 44x30x16 cm. The bag consists of 2 top sections. The small pocket at the top of the bag is for a mobile phone pocket. The bag is made of 8 mm thick foam and type 8 quality zip. There is a laptop compartment and additional mesh pockets inside the bag.&nbsp;<\/div>\n<div><\/div>\n<div>For orders of 200 pieces or more, fabric colour, lining colour and zipper colour can be changed. Changes can be made to the model of the bag by paying a price difference.<\/div>\n<div><\/div>\n<div>The leather outer parts of the bag and the inner lining fabric are suitable for all kinds of printing techniques. Transfer printing, screen printing, classic paint printing or embroidery printing can be done inside or outside of the bag.&nbsp;<\/div>\n<div><\/div>\n<div>Embroidery printing is not technically possible on stock ready-made bags and only one-colour classic screen printing or transfer printing can be done when necessary. It is possible to make all kinds of printing including embroidery printing for your special manufacturing orders. The minimum order quantity for special manufacturing products is 200 pieces.<\/div>\n<div>Manufacturing times for your Wholesale Leather Backpack orders are at least one week depending on the quantity. Stokta haz\u0131r bulunan \u00fcr\u00fcnler bask\u0131s\u0131z olarak ayn\u0131 g\u00fcn teslim edilebilir. The printing time for products in stock is a few days.<\/div>\n<div><\/div>\n<div>Stocked backpacks will come to your rescue in your emergency bag needs. Stocked promotional bags will meet your needs quickly with or without printing without the need to wait for manufacturing time. Since bag production will take at least a week on average, organisations that do not have time and need a bag earlier will be a good solution.&nbsp;<\/div>\n<div><\/div>\n<div>Wholesale promotional artificial leather backpacks are very suitable for corporate companies as well as congresses and symposiums. It is a product with sufficient capacity to meet daily needs. It is a light and functional briefcase model.<\/div>\n<div><\/div>\n<div>Promotional backpacks are a useful promotional product that you can use in all kinds of events such as congresses and symposiums and seminars and that you can gift to your customers.<\/div>\n<div><\/div>\n<div>Avrupa Bag Manufacturing place is Istanbul and it is a 100% domestic manufacturing product. Our workshop is located in K\u00fc\u00e7\u00fck\u00e7ekmece district, our sales office and showroom are in Ba\u011fc\u0131lar district, isto\u00e7 wholesalers site.<\/div>\n<div><\/div>\n<div>Our products can be shipped from our isto\u00e7 address to all over Turkey at economical prices with our contracted cargo or warehouse companies.<\/div>\n","protected":false},"excerpt":{"rendered":"<p>Promotional Artificial Leather Backpack The faux leather backpack price written on our web page will be valid for orders of 500 pieces. There will be a price increase for lower purchases. It is a stocked product. The colour of the bag in stock is the one shown in the grey picture. VAT 8% and printing&hellip;<\/p>\n","protected":false},"featured_media":42718,"comment_status":"open","ping_status":"closed","template":"","meta":[],"product_brand":[],"product_cat":[1373,1350,1378],"product_tag":[1667,1669,1668],"class_list":{"0":"post-44609","1":"product","2":"type-product","3":"status-publish","4":"has-post-thumbnail","6":"product_cat-backpack","7":"product_cat-congress-and-symposium-bag","8":"product_cat-stocked-bags","9":"product_tag-istoc-wholesale-leather-bags","10":"product_tag-leather-backpack","11":"product_tag-wholesale-leather-bags","12":"description-off","14":"first","15":"instock","16":"shipping-taxable","17":"purchasable","18":"product-type-simple"},"yoast_head":"<!-- This site is optimized with the Yoast SEO plugin v26.6 - https:\/\/yoast.com\/wordpress\/plugins\/seo\/ -->\n<title>Promotional Artificial Leather Backpack - Tekno \u00c7anta - Promosyon Toptan \u00c7anta \u0130malat\u0131<\/title>\n<meta name=\"robots\" content=\"index, follow, max-snippet:-1, max-image-preview:large, max-video-preview:-1\" \/>\n<link rel=\"canonical\" href=\"https:\/\/www.teknocanta.com\/promotional-artificial-leather-backpack\/\" \/>\n<meta property=\"og:locale\" content=\"en_US\" \/>\n<meta property=\"og:type\" content=\"article\" \/>\n<meta property=\"og:title\" content=\"Promotional Artificial Leather Backpack - Tekno \u00c7anta - Promosyon Toptan \u00c7anta \u0130malat\u0131\" \/>\n<meta property=\"og:description\" content=\"Promotional Artificial Leather Backpack The faux leather backpack price written on our web page will be valid for orders of 500 pieces. There will be a price increase for lower purchases. It is a stocked product. The colour of the bag in stock is the one shown in the grey picture. VAT 8% and printing&hellip;\" \/>\n<meta property=\"og:url\" content=\"https:\/\/www.teknocanta.com\/promotional-artificial-leather-backpack\/\" \/>\n<meta property=\"og:site_name\" content=\"Tekno \u00c7anta - Promosyon Toptan \u00c7anta \u0130malat\u0131\" \/>\n<meta name=\"twitter:card\" content=\"summary_large_image\" \/>\n<meta name=\"twitter:label1\" content=\"Est. reading time\" \/>\n\t<meta name=\"twitter:data1\" content=\"3 minutes\" \/>\n<script type=\"application\/ld+json\" class=\"yoast-schema-graph\">{\"@context\":\"https:\/\/schema.org\",\"@graph\":[{\"@type\":\"WebPage\",\"@id\":\"https:\/\/www.teknocanta.com\/promotional-artificial-leather-backpack\/\",\"url\":\"https:\/\/www.teknocanta.com\/promotional-artificial-leather-backpack\/\",\"name\":\"Promotional Artificial Leather Backpack - Tekno \u00c7anta - Promosyon Toptan \u00c7anta \u0130malat\u0131\",\"isPartOf\":{\"@id\":\"https:\/\/www.teknocanta.com\/#website\"},\"primaryImageOfPage\":{\"@id\":\"https:\/\/www.teknocanta.com\/promotional-artificial-leather-backpack\/#primaryimage\"},\"image\":{\"@id\":\"https:\/\/www.teknocanta.com\/promotional-artificial-leather-backpack\/#primaryimage\"},\"thumbnailUrl\":\"https:\/\/www.teknocanta.com\/wp-content\/uploads\/2021\/10\/promosyon_suni_deri_sirt_cantasi_11.jpg\",\"datePublished\":\"2021-10-14T12:57:57+00:00\",\"breadcrumb\":{\"@id\":\"https:\/\/www.teknocanta.com\/promotional-artificial-leather-backpack\/#breadcrumb\"},\"inLanguage\":\"en-US\",\"potentialAction\":[{\"@type\":\"ReadAction\",\"target\":[\"https:\/\/www.teknocanta.com\/promotional-artificial-leather-backpack\/\"]}]},{\"@type\":\"ImageObject\",\"inLanguage\":\"en-US\",\"@id\":\"https:\/\/www.teknocanta.com\/promotional-artificial-leather-backpack\/#primaryimage\",\"url\":\"https:\/\/www.teknocanta.com\/wp-content\/uploads\/2021\/10\/promosyon_suni_deri_sirt_cantasi_11.jpg\",\"contentUrl\":\"https:\/\/www.teknocanta.com\/wp-content\/uploads\/2021\/10\/promosyon_suni_deri_sirt_cantasi_11.jpg\",\"width\":648,\"height\":807},{\"@type\":\"BreadcrumbList\",\"@id\":\"https:\/\/www.teknocanta.com\/promotional-artificial-leather-backpack\/#breadcrumb\",\"itemListElement\":[{\"@type\":\"ListItem\",\"position\":1,\"name\":\"Ana sayfa\",\"item\":\"https:\/\/www.teknocanta.com\/en\/\"},{\"@type\":\"ListItem\",\"position\":2,\"name\":\"\u00dcr\u00fcnler\",\"item\":\"https:\/\/www.teknocanta.com\/urunler\/\"},{\"@type\":\"ListItem\",\"position\":3,\"name\":\"Promotional Artificial Leather Backpack\"}]},{\"@type\":\"WebSite\",\"@id\":\"https:\/\/www.teknocanta.com\/#website\",\"url\":\"https:\/\/www.teknocanta.com\/\",\"name\":\"Tekno \u00c7anta - Promosyon Toptan \u00c7anta \u0130malat\u0131\",\"description\":\"Toptan \u00e7anta imalat\u0131, ham bez \u00e7anta, s\u0131rt \u00e7antalar\u0131, laptop ve evrak \u00e7antalar\u0131, kongre \u00e7antalar\u0131, fuar \u00e7antas\u0131 ve ipli b\u00fczg\u00fcl\u00fc \u00e7anta imalat\u0131 yapmaktay\u0131z.\",\"potentialAction\":[{\"@type\":\"SearchAction\",\"target\":{\"@type\":\"EntryPoint\",\"urlTemplate\":\"https:\/\/www.teknocanta.com\/?s={search_term_string}\"},\"query-input\":{\"@type\":\"PropertyValueSpecification\",\"valueRequired\":true,\"valueName\":\"search_term_string\"}}],\"inLanguage\":\"en-US\"}]}<\/script>\n<!-- \/ Yoast SEO plugin. -->","yoast_head_json":{"title":"Promotional Artificial Leather Backpack - Tekno \u00c7anta - Promosyon Toptan \u00c7anta \u0130malat\u0131","robots":{"index":"index","follow":"follow","max-snippet":"max-snippet:-1","max-image-preview":"max-image-preview:large","max-video-preview":"max-video-preview:-1"},"canonical":"https:\/\/www.teknocanta.com\/promotional-artificial-leather-backpack\/","og_locale":"en_US","og_type":"article","og_title":"Promotional Artificial Leather Backpack - Tekno \u00c7anta - Promosyon Toptan \u00c7anta \u0130malat\u0131","og_description":"Promotional Artificial Leather Backpack The faux leather backpack price written on our web page will be valid for orders of 500 pieces. There will be a price increase for lower purchases. It is a stocked product. The colour of the bag in stock is the one shown in the grey picture. VAT 8% and printing&hellip;","og_url":"https:\/\/www.teknocanta.com\/promotional-artificial-leather-backpack\/","og_site_name":"Tekno \u00c7anta - Promosyon Toptan \u00c7anta \u0130malat\u0131","twitter_card":"summary_large_image","twitter_misc":{"Est. reading time":"3 minutes"},"schema":{"@context":"https:\/\/schema.org","@graph":[{"@type":"WebPage","@id":"https:\/\/www.teknocanta.com\/promotional-artificial-leather-backpack\/","url":"https:\/\/www.teknocanta.com\/promotional-artificial-leather-backpack\/","name":"Promotional Artificial Leather Backpack - Tekno \u00c7anta - Promosyon Toptan \u00c7anta \u0130malat\u0131","isPartOf":{"@id":"https:\/\/www.teknocanta.com\/#website"},"primaryImageOfPage":{"@id":"https:\/\/www.teknocanta.com\/promotional-artificial-leather-backpack\/#primaryimage"},"image":{"@id":"https:\/\/www.teknocanta.com\/promotional-artificial-leather-backpack\/#primaryimage"},"thumbnailUrl":"https:\/\/www.teknocanta.com\/wp-content\/uploads\/2021\/10\/promosyon_suni_deri_sirt_cantasi_11.jpg","datePublished":"2021-10-14T12:57:57+00:00","breadcrumb":{"@id":"https:\/\/www.teknocanta.com\/promotional-artificial-leather-backpack\/#breadcrumb"},"inLanguage":"en-US","potentialAction":[{"@type":"ReadAction","target":["https:\/\/www.teknocanta.com\/promotional-artificial-leather-backpack\/"]}]},{"@type":"ImageObject","inLanguage":"en-US","@id":"https:\/\/www.teknocanta.com\/promotional-artificial-leather-backpack\/#primaryimage","url":"https:\/\/www.teknocanta.com\/wp-content\/uploads\/2021\/10\/promosyon_suni_deri_sirt_cantasi_11.jpg","contentUrl":"https:\/\/www.teknocanta.com\/wp-content\/uploads\/2021\/10\/promosyon_suni_deri_sirt_cantasi_11.jpg","width":648,"height":807},{"@type":"BreadcrumbList","@id":"https:\/\/www.teknocanta.com\/promotional-artificial-leather-backpack\/#breadcrumb","itemListElement":[{"@type":"ListItem","position":1,"name":"Ana sayfa","item":"https:\/\/www.teknocanta.com\/en\/"},{"@type":"ListItem","position":2,"name":"\u00dcr\u00fcnler","item":"https:\/\/www.teknocanta.com\/urunler\/"},{"@type":"ListItem","position":3,"name":"Promotional Artificial Leather Backpack"}]},{"@type":"WebSite","@id":"https:\/\/www.teknocanta.com\/#website","url":"https:\/\/www.teknocanta.com\/","name":"Tekno \u00c7anta - Promosyon Toptan \u00c7anta \u0130malat\u0131","description":"Toptan \u00e7anta imalat\u0131, ham bez \u00e7anta, s\u0131rt \u00e7antalar\u0131, laptop ve evrak \u00e7antalar\u0131, kongre \u00e7antalar\u0131, fuar \u00e7antas\u0131 ve ipli b\u00fczg\u00fcl\u00fc \u00e7anta imalat\u0131 yapmaktay\u0131z.","potentialAction":[{"@type":"SearchAction","target":{"@type":"EntryPoint","urlTemplate":"https:\/\/www.teknocanta.com\/?s={search_term_string}"},"query-input":{"@type":"PropertyValueSpecification","valueRequired":true,"valueName":"search_term_string"}}],"inLanguage":"en-US"}]}},"_links":{"self":[{"href":"https:\/\/www.teknocanta.com\/en\/wp-json\/wp\/v2\/product\/44609","targetHints":{"allow":["GET"]}}],"collection":[{"href":"https:\/\/www.teknocanta.com\/en\/wp-json\/wp\/v2\/product"}],"about":[{"href":"https:\/\/www.teknocanta.com\/en\/wp-json\/wp\/v2\/types\/product"}],"replies":[{"embeddable":true,"href":"https:\/\/www.teknocanta.com\/en\/wp-json\/wp\/v2\/comments?post=44609"}],"wp:featuredmedia":[{"embeddable":true,"href":"https:\/\/www.teknocanta.com\/en\/wp-json\/wp\/v2\/media\/42718"}],"wp:attachment":[{"href":"https:\/\/www.teknocanta.com\/en\/wp-json\/wp\/v2\/media?parent=44609"}],"wp:term":[{"taxonomy":"product_brand","embeddable":true,"href":"https:\/\/www.teknocanta.com\/en\/wp-json\/wp\/v2\/product_brand?post=44609"},{"taxonomy":"product_cat","embeddable":true,"href":"https:\/\/www.teknocanta.com\/en\/wp-json\/wp\/v2\/product_cat?post=44609"},{"taxonomy":"product_tag","embeddable":true,"href":"https:\/\/www.teknocanta.com\/en\/wp-json\/wp\/v2\/product_tag?post=44609"}],"curies":[{"name":"wp","href":"https:\/\/api.w.org\/{rel}","templated":true}]}}