{"id":44591,"date":"2021-10-14T15:58:20","date_gmt":"2021-10-14T12:58:20","guid":{"rendered":"https:\/\/www.teknocanta.com\/promotional-congress-backpack\/"},"modified":"2021-10-14T15:58:20","modified_gmt":"2021-10-14T12:58:20","slug":"promotional-congress-backpack","status":"publish","type":"product","link":"https:\/\/www.teknocanta.com\/en\/promotional-congress-backpack\/","title":{"rendered":"Promotional Congress Backpack"},"content":{"rendered":"<p class=\"MsoNormal\">Promotional Congress Backpack<\/p>\n<p class=\"MsoNormal\">Promotional congress backpack price written on our web page<br \/>\nIt will be valid for orders of 500 pieces. Price list for different quantities<br \/>\nask for it.<o:p><\/o:p><\/p>\n<p class=\"MsoNormal\">It is a stocked product. The bag colour in stock is grey. <o:p><\/o:p><\/p>\n<p class=\"MsoNormal\">VAT 8% and printing fee are not included in the price.<\/p>\n<p class=\"MsoNormal\">The bag size is 45x30x14 cm. Bag 2 top and 2 front<br \/>\nand consists of sections. 8 mm thick foam in the bag and type 8 quality<br \/>\nzip fastening is used. The bag contains a laptop compartment and small everyday items such as pens and pencils.<br \/>\nThere are small pockets for items to be placed.<\/p>\n<p class=\"MsoNormal\">Promosyon Kongre S\u0131rt \u00e7antas\u0131 su ge\u00e7irmez ve kanserojen madde<br \/>\nmade of luxury impertex linen fabric. Fabric surface technical<br \/>\nSuitable for all types of printing from any angle. No damage to the inside or outside of the bag<br \/>\nTransfer printing, screen printing or embroidery printing can be done on the area. If you wish<br \/>\nyour logo is printed on the metal plate with laser printing technique and mounted on the bag<br \/>\nIt can be done.<\/p>\n<p class=\"MsoNormal\">200 pieces and more fabric for your special manufacturing bag orders<br \/>\ncolour, lining colour and zipper colour can be produced in any colour you want. Fabric colour<br \/>\nyou can choose a fabric colour from the swatch card. Bag length longer or shorter<br \/>\nyou may prefer.<\/p>\n<p class=\"MsoNormal\">Technical embroidery on promotional stock congress bags<br \/>\npressure is impossible. Nak\u0131\u015f bask\u0131 imalat esnas\u0131nda ilgili kuma\u015fa ayr\u0131ca<br \/>\nare being made. Screen printing of one-colour logos on ready-made bags, two or<br \/>\ntransfer printing technique is possible for logos with more colours.<\/p>\n<p class=\"MsoNormal\">Manufacturing times for your wholesale congress bag orders<br \/>\nat least a week, depending on the time. Products in stock without printing on the same day<br \/>\ncan be delivered. The printing time for products in stock is a few days.<\/p>\n<p class=\"MsoNormal\">Stocked congress bags for your urgent congress bag needs<br \/>\nwill come to your rescue. Stocked promotional bags manufacturing time on hold<br \/>\nwithout the need to quickly print or unprinted as you need<br \/>\nwill fix it. Since the manufacture of the bag will take at least a week on average<br \/>\na good solution for organisations that do not have and need a bag at an earlier time<br \/>\nwill be.<\/p>\n<p class=\"MsoNormal\">Wholesale promotional backpacks for congresses and symposiums<br \/>\nIt is also very suitable for corporate companies. Daily needs<br \/>\nIt is a product with sufficient capacity to meet. Lightweight and functional<br \/>\nbriefcase model.<\/p>\n<p class=\"MsoNormal\">Promotional backpacks, congresses and symposiums and seminars such as<br \/>\nyou can use in all kinds of events, gifts for your customers<br \/>\nis a useful promotional product that you can use.<\/p>\n<p class=\"MsoNormal\">Avrupa Bag Manufacturing place is Istanbul and 100% domestic production<br \/>\nis a product. Our workshop is in K\u00fc\u00e7\u00fck\u00e7ekmece district, our sales office and showroom<br \/>\nis in Ba\u011fc\u0131lar district isto\u00e7 wholesalers site.<\/p>\n<p class=\"MsoNormal\">Our products are our contracted cargo from our isto\u00e7 address<br \/>\nor warehousing companies with economic prices all over Turkey<br \/>\ncan be provided. .<o:p><\/o:p><\/p>\n","protected":false},"excerpt":{"rendered":"<p>Promotional Congress Backpack Promotional congress backpack price written on our web page It will be valid for orders of 500 pieces. Price list for different quantities ask for it. It is a stocked product. The bag colour in stock is grey. VAT 8% and printing fee are not included in the price. The bag size&hellip;<\/p>\n","protected":false},"featured_media":42796,"comment_status":"open","ping_status":"closed","template":"","meta":[],"product_brand":[],"product_cat":[1373,1350,1378],"product_tag":[1559,1655],"class_list":{"0":"post-44591","1":"product","2":"type-product","3":"status-publish","4":"has-post-thumbnail","6":"product_cat-backpack","7":"product_cat-congress-and-symposium-bag","8":"product_cat-stocked-bags","9":"product_tag-bag-manufacturer-en","10":"product_tag-bag-manufacturers-in-istoc","11":"description-off","13":"first","14":"instock","15":"shipping-taxable","16":"purchasable","17":"product-type-simple"},"yoast_head":"<!-- This site is optimized with the Yoast SEO plugin v26.6 - https:\/\/yoast.com\/wordpress\/plugins\/seo\/ -->\n<title>Promotional Congress Backpack - Tekno \u00c7anta - Promosyon Toptan \u00c7anta \u0130malat\u0131<\/title>\n<meta name=\"robots\" content=\"index, follow, max-snippet:-1, max-image-preview:large, max-video-preview:-1\" \/>\n<link rel=\"canonical\" href=\"https:\/\/www.teknocanta.com\/promotional-congress-backpack\/\" \/>\n<meta property=\"og:locale\" content=\"en_US\" \/>\n<meta property=\"og:type\" content=\"article\" \/>\n<meta property=\"og:title\" content=\"Promotional Congress Backpack - Tekno \u00c7anta - Promosyon Toptan \u00c7anta \u0130malat\u0131\" \/>\n<meta property=\"og:description\" content=\"Promotional Congress Backpack Promotional congress backpack price written on our web page It will be valid for orders of 500 pieces. Price list for different quantities ask for it. It is a stocked product. The bag colour in stock is grey. VAT 8% and printing fee are not included in the price. The bag size&hellip;\" \/>\n<meta property=\"og:url\" content=\"https:\/\/www.teknocanta.com\/promotional-congress-backpack\/\" \/>\n<meta property=\"og:site_name\" content=\"Tekno \u00c7anta - Promosyon Toptan \u00c7anta \u0130malat\u0131\" \/>\n<meta name=\"twitter:card\" content=\"summary_large_image\" \/>\n<meta name=\"twitter:label1\" content=\"Est. reading time\" \/>\n\t<meta name=\"twitter:data1\" content=\"2 minutes\" \/>\n<script type=\"application\/ld+json\" class=\"yoast-schema-graph\">{\"@context\":\"https:\/\/schema.org\",\"@graph\":[{\"@type\":\"WebPage\",\"@id\":\"https:\/\/www.teknocanta.com\/promotional-congress-backpack\/\",\"url\":\"https:\/\/www.teknocanta.com\/promotional-congress-backpack\/\",\"name\":\"Promotional Congress Backpack - Tekno \u00c7anta - Promosyon Toptan \u00c7anta \u0130malat\u0131\",\"isPartOf\":{\"@id\":\"https:\/\/www.teknocanta.com\/#website\"},\"primaryImageOfPage\":{\"@id\":\"https:\/\/www.teknocanta.com\/promotional-congress-backpack\/#primaryimage\"},\"image\":{\"@id\":\"https:\/\/www.teknocanta.com\/promotional-congress-backpack\/#primaryimage\"},\"thumbnailUrl\":\"https:\/\/www.teknocanta.com\/wp-content\/uploads\/2021\/10\/promosyonkongresirtcantasianaresim98.jpg\",\"datePublished\":\"2021-10-14T12:58:20+00:00\",\"breadcrumb\":{\"@id\":\"https:\/\/www.teknocanta.com\/promotional-congress-backpack\/#breadcrumb\"},\"inLanguage\":\"en-US\",\"potentialAction\":[{\"@type\":\"ReadAction\",\"target\":[\"https:\/\/www.teknocanta.com\/promotional-congress-backpack\/\"]}]},{\"@type\":\"ImageObject\",\"inLanguage\":\"en-US\",\"@id\":\"https:\/\/www.teknocanta.com\/promotional-congress-backpack\/#primaryimage\",\"url\":\"https:\/\/www.teknocanta.com\/wp-content\/uploads\/2021\/10\/promosyonkongresirtcantasianaresim98.jpg\",\"contentUrl\":\"https:\/\/www.teknocanta.com\/wp-content\/uploads\/2021\/10\/promosyonkongresirtcantasianaresim98.jpg\",\"width\":580,\"height\":681},{\"@type\":\"BreadcrumbList\",\"@id\":\"https:\/\/www.teknocanta.com\/promotional-congress-backpack\/#breadcrumb\",\"itemListElement\":[{\"@type\":\"ListItem\",\"position\":1,\"name\":\"Ana sayfa\",\"item\":\"https:\/\/www.teknocanta.com\/en\/\"},{\"@type\":\"ListItem\",\"position\":2,\"name\":\"\u00dcr\u00fcnler\",\"item\":\"https:\/\/www.teknocanta.com\/urunler\/\"},{\"@type\":\"ListItem\",\"position\":3,\"name\":\"Promotional Congress Backpack\"}]},{\"@type\":\"WebSite\",\"@id\":\"https:\/\/www.teknocanta.com\/#website\",\"url\":\"https:\/\/www.teknocanta.com\/\",\"name\":\"Tekno \u00c7anta - Promosyon Toptan \u00c7anta \u0130malat\u0131\",\"description\":\"Toptan \u00e7anta imalat\u0131, ham bez \u00e7anta, s\u0131rt \u00e7antalar\u0131, laptop ve evrak \u00e7antalar\u0131, kongre \u00e7antalar\u0131, fuar \u00e7antas\u0131 ve ipli b\u00fczg\u00fcl\u00fc \u00e7anta imalat\u0131 yapmaktay\u0131z.\",\"potentialAction\":[{\"@type\":\"SearchAction\",\"target\":{\"@type\":\"EntryPoint\",\"urlTemplate\":\"https:\/\/www.teknocanta.com\/?s={search_term_string}\"},\"query-input\":{\"@type\":\"PropertyValueSpecification\",\"valueRequired\":true,\"valueName\":\"search_term_string\"}}],\"inLanguage\":\"en-US\"}]}<\/script>\n<!-- \/ Yoast SEO plugin. -->","yoast_head_json":{"title":"Promotional Congress Backpack - Tekno \u00c7anta - Promosyon Toptan \u00c7anta \u0130malat\u0131","robots":{"index":"index","follow":"follow","max-snippet":"max-snippet:-1","max-image-preview":"max-image-preview:large","max-video-preview":"max-video-preview:-1"},"canonical":"https:\/\/www.teknocanta.com\/promotional-congress-backpack\/","og_locale":"en_US","og_type":"article","og_title":"Promotional Congress Backpack - Tekno \u00c7anta - Promosyon Toptan \u00c7anta \u0130malat\u0131","og_description":"Promotional Congress Backpack Promotional congress backpack price written on our web page It will be valid for orders of 500 pieces. Price list for different quantities ask for it. It is a stocked product. The bag colour in stock is grey. VAT 8% and printing fee are not included in the price. The bag size&hellip;","og_url":"https:\/\/www.teknocanta.com\/promotional-congress-backpack\/","og_site_name":"Tekno \u00c7anta - Promosyon Toptan \u00c7anta \u0130malat\u0131","twitter_card":"summary_large_image","twitter_misc":{"Est. reading time":"2 minutes"},"schema":{"@context":"https:\/\/schema.org","@graph":[{"@type":"WebPage","@id":"https:\/\/www.teknocanta.com\/promotional-congress-backpack\/","url":"https:\/\/www.teknocanta.com\/promotional-congress-backpack\/","name":"Promotional Congress Backpack - Tekno \u00c7anta - Promosyon Toptan \u00c7anta \u0130malat\u0131","isPartOf":{"@id":"https:\/\/www.teknocanta.com\/#website"},"primaryImageOfPage":{"@id":"https:\/\/www.teknocanta.com\/promotional-congress-backpack\/#primaryimage"},"image":{"@id":"https:\/\/www.teknocanta.com\/promotional-congress-backpack\/#primaryimage"},"thumbnailUrl":"https:\/\/www.teknocanta.com\/wp-content\/uploads\/2021\/10\/promosyonkongresirtcantasianaresim98.jpg","datePublished":"2021-10-14T12:58:20+00:00","breadcrumb":{"@id":"https:\/\/www.teknocanta.com\/promotional-congress-backpack\/#breadcrumb"},"inLanguage":"en-US","potentialAction":[{"@type":"ReadAction","target":["https:\/\/www.teknocanta.com\/promotional-congress-backpack\/"]}]},{"@type":"ImageObject","inLanguage":"en-US","@id":"https:\/\/www.teknocanta.com\/promotional-congress-backpack\/#primaryimage","url":"https:\/\/www.teknocanta.com\/wp-content\/uploads\/2021\/10\/promosyonkongresirtcantasianaresim98.jpg","contentUrl":"https:\/\/www.teknocanta.com\/wp-content\/uploads\/2021\/10\/promosyonkongresirtcantasianaresim98.jpg","width":580,"height":681},{"@type":"BreadcrumbList","@id":"https:\/\/www.teknocanta.com\/promotional-congress-backpack\/#breadcrumb","itemListElement":[{"@type":"ListItem","position":1,"name":"Ana sayfa","item":"https:\/\/www.teknocanta.com\/en\/"},{"@type":"ListItem","position":2,"name":"\u00dcr\u00fcnler","item":"https:\/\/www.teknocanta.com\/urunler\/"},{"@type":"ListItem","position":3,"name":"Promotional Congress Backpack"}]},{"@type":"WebSite","@id":"https:\/\/www.teknocanta.com\/#website","url":"https:\/\/www.teknocanta.com\/","name":"Tekno \u00c7anta - Promosyon Toptan \u00c7anta \u0130malat\u0131","description":"Toptan \u00e7anta imalat\u0131, ham bez \u00e7anta, s\u0131rt \u00e7antalar\u0131, laptop ve evrak \u00e7antalar\u0131, kongre \u00e7antalar\u0131, fuar \u00e7antas\u0131 ve ipli b\u00fczg\u00fcl\u00fc \u00e7anta imalat\u0131 yapmaktay\u0131z.","potentialAction":[{"@type":"SearchAction","target":{"@type":"EntryPoint","urlTemplate":"https:\/\/www.teknocanta.com\/?s={search_term_string}"},"query-input":{"@type":"PropertyValueSpecification","valueRequired":true,"valueName":"search_term_string"}}],"inLanguage":"en-US"}]}},"_links":{"self":[{"href":"https:\/\/www.teknocanta.com\/en\/wp-json\/wp\/v2\/product\/44591","targetHints":{"allow":["GET"]}}],"collection":[{"href":"https:\/\/www.teknocanta.com\/en\/wp-json\/wp\/v2\/product"}],"about":[{"href":"https:\/\/www.teknocanta.com\/en\/wp-json\/wp\/v2\/types\/product"}],"replies":[{"embeddable":true,"href":"https:\/\/www.teknocanta.com\/en\/wp-json\/wp\/v2\/comments?post=44591"}],"wp:featuredmedia":[{"embeddable":true,"href":"https:\/\/www.teknocanta.com\/en\/wp-json\/wp\/v2\/media\/42796"}],"wp:attachment":[{"href":"https:\/\/www.teknocanta.com\/en\/wp-json\/wp\/v2\/media?parent=44591"}],"wp:term":[{"taxonomy":"product_brand","embeddable":true,"href":"https:\/\/www.teknocanta.com\/en\/wp-json\/wp\/v2\/product_brand?post=44591"},{"taxonomy":"product_cat","embeddable":true,"href":"https:\/\/www.teknocanta.com\/en\/wp-json\/wp\/v2\/product_cat?post=44591"},{"taxonomy":"product_tag","embeddable":true,"href":"https:\/\/www.teknocanta.com\/en\/wp-json\/wp\/v2\/product_tag?post=44591"}],"curies":[{"name":"wp","href":"https:\/\/api.w.org\/{rel}","templated":true}]}}