{"id":44588,"date":"2021-10-14T15:58:43","date_gmt":"2021-10-14T12:58:43","guid":{"rendered":"https:\/\/www.teknocanta.com\/promotional-metal-handle-bag\/"},"modified":"2021-10-14T15:58:43","modified_gmt":"2021-10-14T12:58:43","slug":"promotional-metal-handle-bag","status":"publish","type":"product","link":"https:\/\/www.teknocanta.com\/en\/promotional-metal-handle-bag\/","title":{"rendered":"Promotional Metal Handle Bag"},"content":{"rendered":"<div>Bag prices vary according to the order quantity, please consider the prices written above. VAT 8% and printing fee are not included in the price.<\/div>\n<div>It is a stocked product ready in the warehouse. The bag colour in stock is grey.<\/div>\n<div><\/div>\n<div>Bag size is 44x30x14 cm. The bag handle is made of aluminium material. There are 2 main compartments with zip fastening on the top and 2 separate small pockets with concealed zip fastening on the front. In the manufacture of the bag, 8 mm thick sponge and type 8 quality zip metal handles are used. There is a laptop compartment in the bag.<\/div>\n<div><\/div>\n<div>Laptop Backpack with Metal Handle; It is made of imported luxury linen fabric that does not pass water and does not contain carcinogenic substances (phthalate-free). Transfer printing, screen printing or embroidery printing can be done on any area inside or outside of the bag. If you wish, your logo can be printed on the metal plate with laser printing technique and mounted on the bag. You can get information about the most accurate printing technique and cost by sharing your logo you want to print with our customer representative. Printing technique is often related to the number of colours in the logo.<\/div>\n<div><\/div>\n<div>For orders of 150 pieces or more, fabric colour, lining colour and zipper colour can be produced in the colour you want. You can choose fabric and zip colour from the fabric colour chart.<\/div>\n<div><\/div>\n<div>Embroidery printing is not technically possible on ready-made bags in stock. Embroidery Logos are applied to the relevant cut part of the bag during manufacturing and then sewn to the bag. Single-colour logo prints on ready-stocked backpacks are screen-printed, while transfer printing technique is applied for logos with two or more colours.<\/div>\n<div><\/div>\n<div>Manufacturing times for your wholesale metal handle laptop backpack orders are at least one week depending on the quantity. Products in stock can be delivered the same day without printing. The printing time for products in stock is a few days.<\/div>\n<div><\/div>\n<div>Stocked backpacks will come to your rescue in your urgent promotional bag needs. Stocked wholesale bags will meet your needs quickly with or without printing without the need to wait for manufacturing time. Since bag production will take at least a week on average, organisations that do not have time and need a bag earlier will be a good solution.<\/div>\n<div><\/div>\n<div>Wholesale backpacks are very suitable for corporate companies as well as congresses and symposiums. It is a product with sufficient capacity to meet daily needs. It is a light and functional briefcase model.<\/div>\n<div><\/div>\n<div>Promotional backpacks are a useful promotional product that you can use in all kinds of events such as congresses and symposiums and seminars and that you can gift to your customers.<\/div>\n<div><\/div>\n<div>Avrupa Bag Manufacturing place is Istanbul and it is a 100% domestic manufacturing product. Our workshop is located in K\u00fc\u00e7\u00fck\u00e7ekmece district, and our sales office and showroom are in Ba\u011fc\u0131lar district \u0130sto\u00e7 wholesalers site.<\/div>\n<div><\/div>\n<div>Our products can be shipped to all over Turkey at economical prices with our contracted cargo or warehouse companies from our Isto\u00e7 address.<\/div>\n<div><\/div>\n","protected":false},"excerpt":{"rendered":"<p>Bag prices vary according to the order quantity, please consider the prices written above. VAT 8% and printing fee are not included in the price. It is a stocked product ready in the warehouse. The bag colour in stock is grey. Bag size is 44x30x14 cm. The bag handle is made of aluminium material. There&hellip;<\/p>\n","protected":false},"featured_media":44091,"comment_status":"open","ping_status":"closed","template":"","meta":[],"product_brand":[],"product_cat":[1373,1350,1378],"product_tag":[1580,1652],"class_list":{"0":"post-44588","1":"product","2":"type-product","3":"status-publish","4":"has-post-thumbnail","6":"product_cat-backpack","7":"product_cat-congress-and-symposium-bag","8":"product_cat-stocked-bags","9":"product_tag-bag-manufacturing-companies","10":"product_tag-bag-wholesalers-istanbul","11":"description-off","13":"first","14":"instock","15":"shipping-taxable","16":"purchasable","17":"product-type-simple"},"yoast_head":"<!-- This site is optimized with the Yoast SEO plugin v26.6 - https:\/\/yoast.com\/wordpress\/plugins\/seo\/ -->\n<title>Promotional Metal Handle Bag - Tekno \u00c7anta - Promosyon Toptan \u00c7anta \u0130malat\u0131<\/title>\n<meta name=\"robots\" content=\"index, follow, max-snippet:-1, max-image-preview:large, max-video-preview:-1\" \/>\n<link rel=\"canonical\" href=\"https:\/\/www.teknocanta.com\/promotional-metal-handle-bag\/\" \/>\n<meta property=\"og:locale\" content=\"en_US\" \/>\n<meta property=\"og:type\" content=\"article\" \/>\n<meta property=\"og:title\" content=\"Promotional Metal Handle Bag - Tekno \u00c7anta - Promosyon Toptan \u00c7anta \u0130malat\u0131\" \/>\n<meta property=\"og:description\" content=\"Bag prices vary according to the order quantity, please consider the prices written above. VAT 8% and printing fee are not included in the price. It is a stocked product ready in the warehouse. The bag colour in stock is grey. Bag size is 44x30x14 cm. The bag handle is made of aluminium material. There&hellip;\" \/>\n<meta property=\"og:url\" content=\"https:\/\/www.teknocanta.com\/promotional-metal-handle-bag\/\" \/>\n<meta property=\"og:site_name\" content=\"Tekno \u00c7anta - Promosyon Toptan \u00c7anta \u0130malat\u0131\" \/>\n<meta name=\"twitter:card\" content=\"summary_large_image\" \/>\n<meta name=\"twitter:label1\" content=\"Est. reading time\" \/>\n\t<meta name=\"twitter:data1\" content=\"3 minutes\" \/>\n<script type=\"application\/ld+json\" class=\"yoast-schema-graph\">{\"@context\":\"https:\/\/schema.org\",\"@graph\":[{\"@type\":\"WebPage\",\"@id\":\"https:\/\/www.teknocanta.com\/promotional-metal-handle-bag\/\",\"url\":\"https:\/\/www.teknocanta.com\/promotional-metal-handle-bag\/\",\"name\":\"Promotional Metal Handle Bag - Tekno \u00c7anta - Promosyon Toptan \u00c7anta \u0130malat\u0131\",\"isPartOf\":{\"@id\":\"https:\/\/www.teknocanta.com\/#website\"},\"primaryImageOfPage\":{\"@id\":\"https:\/\/www.teknocanta.com\/promotional-metal-handle-bag\/#primaryimage\"},\"image\":{\"@id\":\"https:\/\/www.teknocanta.com\/promotional-metal-handle-bag\/#primaryimage\"},\"thumbnailUrl\":\"https:\/\/www.teknocanta.com\/wp-content\/uploads\/2021\/10\/AV024pg-2.jpg\",\"datePublished\":\"2021-10-14T12:58:43+00:00\",\"breadcrumb\":{\"@id\":\"https:\/\/www.teknocanta.com\/promotional-metal-handle-bag\/#breadcrumb\"},\"inLanguage\":\"en-US\",\"potentialAction\":[{\"@type\":\"ReadAction\",\"target\":[\"https:\/\/www.teknocanta.com\/promotional-metal-handle-bag\/\"]}]},{\"@type\":\"ImageObject\",\"inLanguage\":\"en-US\",\"@id\":\"https:\/\/www.teknocanta.com\/promotional-metal-handle-bag\/#primaryimage\",\"url\":\"https:\/\/www.teknocanta.com\/wp-content\/uploads\/2021\/10\/AV024pg-2.jpg\",\"contentUrl\":\"https:\/\/www.teknocanta.com\/wp-content\/uploads\/2021\/10\/AV024pg-2.jpg\",\"width\":1000,\"height\":1000},{\"@type\":\"BreadcrumbList\",\"@id\":\"https:\/\/www.teknocanta.com\/promotional-metal-handle-bag\/#breadcrumb\",\"itemListElement\":[{\"@type\":\"ListItem\",\"position\":1,\"name\":\"Ana sayfa\",\"item\":\"https:\/\/www.teknocanta.com\/en\/\"},{\"@type\":\"ListItem\",\"position\":2,\"name\":\"\u00dcr\u00fcnler\",\"item\":\"https:\/\/www.teknocanta.com\/urunler\/\"},{\"@type\":\"ListItem\",\"position\":3,\"name\":\"Promotional Metal Handle Bag\"}]},{\"@type\":\"WebSite\",\"@id\":\"https:\/\/www.teknocanta.com\/#website\",\"url\":\"https:\/\/www.teknocanta.com\/\",\"name\":\"Tekno \u00c7anta - Promosyon Toptan \u00c7anta \u0130malat\u0131\",\"description\":\"Toptan \u00e7anta imalat\u0131, ham bez \u00e7anta, s\u0131rt \u00e7antalar\u0131, laptop ve evrak \u00e7antalar\u0131, kongre \u00e7antalar\u0131, fuar \u00e7antas\u0131 ve ipli b\u00fczg\u00fcl\u00fc \u00e7anta imalat\u0131 yapmaktay\u0131z.\",\"potentialAction\":[{\"@type\":\"SearchAction\",\"target\":{\"@type\":\"EntryPoint\",\"urlTemplate\":\"https:\/\/www.teknocanta.com\/?s={search_term_string}\"},\"query-input\":{\"@type\":\"PropertyValueSpecification\",\"valueRequired\":true,\"valueName\":\"search_term_string\"}}],\"inLanguage\":\"en-US\"}]}<\/script>\n<!-- \/ Yoast SEO plugin. -->","yoast_head_json":{"title":"Promotional Metal Handle Bag - Tekno \u00c7anta - Promosyon Toptan \u00c7anta \u0130malat\u0131","robots":{"index":"index","follow":"follow","max-snippet":"max-snippet:-1","max-image-preview":"max-image-preview:large","max-video-preview":"max-video-preview:-1"},"canonical":"https:\/\/www.teknocanta.com\/promotional-metal-handle-bag\/","og_locale":"en_US","og_type":"article","og_title":"Promotional Metal Handle Bag - Tekno \u00c7anta - Promosyon Toptan \u00c7anta \u0130malat\u0131","og_description":"Bag prices vary according to the order quantity, please consider the prices written above. VAT 8% and printing fee are not included in the price. It is a stocked product ready in the warehouse. The bag colour in stock is grey. Bag size is 44x30x14 cm. The bag handle is made of aluminium material. There&hellip;","og_url":"https:\/\/www.teknocanta.com\/promotional-metal-handle-bag\/","og_site_name":"Tekno \u00c7anta - Promosyon Toptan \u00c7anta \u0130malat\u0131","twitter_card":"summary_large_image","twitter_misc":{"Est. reading time":"3 minutes"},"schema":{"@context":"https:\/\/schema.org","@graph":[{"@type":"WebPage","@id":"https:\/\/www.teknocanta.com\/promotional-metal-handle-bag\/","url":"https:\/\/www.teknocanta.com\/promotional-metal-handle-bag\/","name":"Promotional Metal Handle Bag - Tekno \u00c7anta - Promosyon Toptan \u00c7anta \u0130malat\u0131","isPartOf":{"@id":"https:\/\/www.teknocanta.com\/#website"},"primaryImageOfPage":{"@id":"https:\/\/www.teknocanta.com\/promotional-metal-handle-bag\/#primaryimage"},"image":{"@id":"https:\/\/www.teknocanta.com\/promotional-metal-handle-bag\/#primaryimage"},"thumbnailUrl":"https:\/\/www.teknocanta.com\/wp-content\/uploads\/2021\/10\/AV024pg-2.jpg","datePublished":"2021-10-14T12:58:43+00:00","breadcrumb":{"@id":"https:\/\/www.teknocanta.com\/promotional-metal-handle-bag\/#breadcrumb"},"inLanguage":"en-US","potentialAction":[{"@type":"ReadAction","target":["https:\/\/www.teknocanta.com\/promotional-metal-handle-bag\/"]}]},{"@type":"ImageObject","inLanguage":"en-US","@id":"https:\/\/www.teknocanta.com\/promotional-metal-handle-bag\/#primaryimage","url":"https:\/\/www.teknocanta.com\/wp-content\/uploads\/2021\/10\/AV024pg-2.jpg","contentUrl":"https:\/\/www.teknocanta.com\/wp-content\/uploads\/2021\/10\/AV024pg-2.jpg","width":1000,"height":1000},{"@type":"BreadcrumbList","@id":"https:\/\/www.teknocanta.com\/promotional-metal-handle-bag\/#breadcrumb","itemListElement":[{"@type":"ListItem","position":1,"name":"Ana sayfa","item":"https:\/\/www.teknocanta.com\/en\/"},{"@type":"ListItem","position":2,"name":"\u00dcr\u00fcnler","item":"https:\/\/www.teknocanta.com\/urunler\/"},{"@type":"ListItem","position":3,"name":"Promotional Metal Handle Bag"}]},{"@type":"WebSite","@id":"https:\/\/www.teknocanta.com\/#website","url":"https:\/\/www.teknocanta.com\/","name":"Tekno \u00c7anta - Promosyon Toptan \u00c7anta \u0130malat\u0131","description":"Toptan \u00e7anta imalat\u0131, ham bez \u00e7anta, s\u0131rt \u00e7antalar\u0131, laptop ve evrak \u00e7antalar\u0131, kongre \u00e7antalar\u0131, fuar \u00e7antas\u0131 ve ipli b\u00fczg\u00fcl\u00fc \u00e7anta imalat\u0131 yapmaktay\u0131z.","potentialAction":[{"@type":"SearchAction","target":{"@type":"EntryPoint","urlTemplate":"https:\/\/www.teknocanta.com\/?s={search_term_string}"},"query-input":{"@type":"PropertyValueSpecification","valueRequired":true,"valueName":"search_term_string"}}],"inLanguage":"en-US"}]}},"_links":{"self":[{"href":"https:\/\/www.teknocanta.com\/en\/wp-json\/wp\/v2\/product\/44588","targetHints":{"allow":["GET"]}}],"collection":[{"href":"https:\/\/www.teknocanta.com\/en\/wp-json\/wp\/v2\/product"}],"about":[{"href":"https:\/\/www.teknocanta.com\/en\/wp-json\/wp\/v2\/types\/product"}],"replies":[{"embeddable":true,"href":"https:\/\/www.teknocanta.com\/en\/wp-json\/wp\/v2\/comments?post=44588"}],"wp:featuredmedia":[{"embeddable":true,"href":"https:\/\/www.teknocanta.com\/en\/wp-json\/wp\/v2\/media\/44091"}],"wp:attachment":[{"href":"https:\/\/www.teknocanta.com\/en\/wp-json\/wp\/v2\/media?parent=44588"}],"wp:term":[{"taxonomy":"product_brand","embeddable":true,"href":"https:\/\/www.teknocanta.com\/en\/wp-json\/wp\/v2\/product_brand?post=44588"},{"taxonomy":"product_cat","embeddable":true,"href":"https:\/\/www.teknocanta.com\/en\/wp-json\/wp\/v2\/product_cat?post=44588"},{"taxonomy":"product_tag","embeddable":true,"href":"https:\/\/www.teknocanta.com\/en\/wp-json\/wp\/v2\/product_tag?post=44588"}],"curies":[{"name":"wp","href":"https:\/\/api.w.org\/{rel}","templated":true}]}}