{"id":44525,"date":"2021-10-14T16:00:55","date_gmt":"2021-10-14T13:00:55","guid":{"rendered":"https:\/\/www.teknocanta.com\/black-backpack-with-metal-handle\/"},"modified":"2021-10-14T16:00:55","modified_gmt":"2021-10-14T13:00:55","slug":"metal-handled-black-backpack","status":"publish","type":"product","link":"https:\/\/www.teknocanta.com\/en\/metal-handled-black-backpack\/","title":{"rendered":"Black Backpack with Metal Handle"},"content":{"rendered":"<p>Black Backpack with Metal Handle<\/p>\n","protected":false},"excerpt":{"rendered":"<p>Black Backpack with Metal Handle<\/p>\n","protected":false},"featured_media":43381,"comment_status":"open","ping_status":"closed","template":"","meta":[],"product_brand":[],"product_cat":[1373,1350,1378],"product_tag":[1514,1523,1506,1406],"class_list":{"0":"post-44525","1":"product","2":"type-product","3":"status-publish","4":"has-post-thumbnail","6":"product_cat-backpack","7":"product_cat-congress-and-symposium-bag","8":"product_cat-stocked-bags","9":"product_tag-contract-bag-manufacturers","10":"product_tag-digital-printing-bag","11":"product_tag-giveaway-bag","12":"product_tag-istanbul-backpack","13":"description-off","15":"first","16":"instock","17":"shipping-taxable","18":"purchasable","19":"product-type-simple"},"yoast_head":"<!-- This site is optimized with the Yoast SEO plugin v26.6 - https:\/\/yoast.com\/wordpress\/plugins\/seo\/ -->\n<title>Black Backpack with Metal Handle - Tekno \u00c7anta - Promosyon Toptan \u00c7anta \u0130malat\u0131<\/title>\n<meta name=\"robots\" content=\"index, follow, max-snippet:-1, max-image-preview:large, max-video-preview:-1\" \/>\n<link rel=\"canonical\" href=\"https:\/\/www.teknocanta.com\/black-backpack-with-metal-handle\/\" \/>\n<meta property=\"og:locale\" content=\"en_US\" \/>\n<meta property=\"og:type\" content=\"article\" \/>\n<meta property=\"og:title\" content=\"Black Backpack with Metal Handle - Tekno \u00c7anta - Promosyon Toptan \u00c7anta \u0130malat\u0131\" \/>\n<meta property=\"og:description\" content=\"Black Backpack with Metal Handle\" \/>\n<meta property=\"og:url\" content=\"https:\/\/www.teknocanta.com\/black-backpack-with-metal-handle\/\" \/>\n<meta property=\"og:site_name\" content=\"Tekno \u00c7anta - Promosyon Toptan \u00c7anta \u0130malat\u0131\" \/>\n<meta name=\"twitter:card\" content=\"summary_large_image\" \/>\n<script type=\"application\/ld+json\" class=\"yoast-schema-graph\">{\"@context\":\"https:\/\/schema.org\",\"@graph\":[{\"@type\":\"WebPage\",\"@id\":\"https:\/\/www.teknocanta.com\/black-backpack-with-metal-handle\/\",\"url\":\"https:\/\/www.teknocanta.com\/black-backpack-with-metal-handle\/\",\"name\":\"Black Backpack with Metal Handle - Tekno \u00c7anta - Promosyon Toptan \u00c7anta \u0130malat\u0131\",\"isPartOf\":{\"@id\":\"https:\/\/www.teknocanta.com\/#website\"},\"primaryImageOfPage\":{\"@id\":\"https:\/\/www.teknocanta.com\/black-backpack-with-metal-handle\/#primaryimage\"},\"image\":{\"@id\":\"https:\/\/www.teknocanta.com\/black-backpack-with-metal-handle\/#primaryimage\"},\"thumbnailUrl\":\"https:\/\/www.teknocanta.com\/wp-content\/uploads\/2021\/10\/metal_sapli_siyah_sirt_cantasi_.jpg\",\"datePublished\":\"2021-10-14T13:00:55+00:00\",\"breadcrumb\":{\"@id\":\"https:\/\/www.teknocanta.com\/black-backpack-with-metal-handle\/#breadcrumb\"},\"inLanguage\":\"en-US\",\"potentialAction\":[{\"@type\":\"ReadAction\",\"target\":[\"https:\/\/www.teknocanta.com\/black-backpack-with-metal-handle\/\"]}]},{\"@type\":\"ImageObject\",\"inLanguage\":\"en-US\",\"@id\":\"https:\/\/www.teknocanta.com\/black-backpack-with-metal-handle\/#primaryimage\",\"url\":\"https:\/\/www.teknocanta.com\/wp-content\/uploads\/2021\/10\/metal_sapli_siyah_sirt_cantasi_.jpg\",\"contentUrl\":\"https:\/\/www.teknocanta.com\/wp-content\/uploads\/2021\/10\/metal_sapli_siyah_sirt_cantasi_.jpg\",\"width\":794,\"height\":964},{\"@type\":\"BreadcrumbList\",\"@id\":\"https:\/\/www.teknocanta.com\/black-backpack-with-metal-handle\/#breadcrumb\",\"itemListElement\":[{\"@type\":\"ListItem\",\"position\":1,\"name\":\"Ana sayfa\",\"item\":\"https:\/\/www.teknocanta.com\/en\/\"},{\"@type\":\"ListItem\",\"position\":2,\"name\":\"\u00dcr\u00fcnler\",\"item\":\"https:\/\/www.teknocanta.com\/urunler\/\"},{\"@type\":\"ListItem\",\"position\":3,\"name\":\"Black Backpack with Metal Handle\"}]},{\"@type\":\"WebSite\",\"@id\":\"https:\/\/www.teknocanta.com\/#website\",\"url\":\"https:\/\/www.teknocanta.com\/\",\"name\":\"Tekno \u00c7anta - Promosyon Toptan \u00c7anta \u0130malat\u0131\",\"description\":\"Toptan \u00e7anta imalat\u0131, ham bez \u00e7anta, s\u0131rt \u00e7antalar\u0131, laptop ve evrak \u00e7antalar\u0131, kongre \u00e7antalar\u0131, fuar \u00e7antas\u0131 ve ipli b\u00fczg\u00fcl\u00fc \u00e7anta imalat\u0131 yapmaktay\u0131z.\",\"potentialAction\":[{\"@type\":\"SearchAction\",\"target\":{\"@type\":\"EntryPoint\",\"urlTemplate\":\"https:\/\/www.teknocanta.com\/?s={search_term_string}\"},\"query-input\":{\"@type\":\"PropertyValueSpecification\",\"valueRequired\":true,\"valueName\":\"search_term_string\"}}],\"inLanguage\":\"en-US\"}]}<\/script>\n<!-- \/ Yoast SEO plugin. -->","yoast_head_json":{"title":"Black Backpack with Metal Handle - Tekno \u00c7anta - Promosyon Toptan \u00c7anta \u0130malat\u0131","robots":{"index":"index","follow":"follow","max-snippet":"max-snippet:-1","max-image-preview":"max-image-preview:large","max-video-preview":"max-video-preview:-1"},"canonical":"https:\/\/www.teknocanta.com\/black-backpack-with-metal-handle\/","og_locale":"en_US","og_type":"article","og_title":"Black Backpack with Metal Handle - Tekno \u00c7anta - Promosyon Toptan \u00c7anta \u0130malat\u0131","og_description":"Black Backpack with Metal Handle","og_url":"https:\/\/www.teknocanta.com\/black-backpack-with-metal-handle\/","og_site_name":"Tekno \u00c7anta - Promosyon Toptan \u00c7anta \u0130malat\u0131","twitter_card":"summary_large_image","schema":{"@context":"https:\/\/schema.org","@graph":[{"@type":"WebPage","@id":"https:\/\/www.teknocanta.com\/black-backpack-with-metal-handle\/","url":"https:\/\/www.teknocanta.com\/black-backpack-with-metal-handle\/","name":"Black Backpack with Metal Handle - Tekno \u00c7anta - Promosyon Toptan \u00c7anta \u0130malat\u0131","isPartOf":{"@id":"https:\/\/www.teknocanta.com\/#website"},"primaryImageOfPage":{"@id":"https:\/\/www.teknocanta.com\/black-backpack-with-metal-handle\/#primaryimage"},"image":{"@id":"https:\/\/www.teknocanta.com\/black-backpack-with-metal-handle\/#primaryimage"},"thumbnailUrl":"https:\/\/www.teknocanta.com\/wp-content\/uploads\/2021\/10\/metal_sapli_siyah_sirt_cantasi_.jpg","datePublished":"2021-10-14T13:00:55+00:00","breadcrumb":{"@id":"https:\/\/www.teknocanta.com\/black-backpack-with-metal-handle\/#breadcrumb"},"inLanguage":"en-US","potentialAction":[{"@type":"ReadAction","target":["https:\/\/www.teknocanta.com\/black-backpack-with-metal-handle\/"]}]},{"@type":"ImageObject","inLanguage":"en-US","@id":"https:\/\/www.teknocanta.com\/black-backpack-with-metal-handle\/#primaryimage","url":"https:\/\/www.teknocanta.com\/wp-content\/uploads\/2021\/10\/metal_sapli_siyah_sirt_cantasi_.jpg","contentUrl":"https:\/\/www.teknocanta.com\/wp-content\/uploads\/2021\/10\/metal_sapli_siyah_sirt_cantasi_.jpg","width":794,"height":964},{"@type":"BreadcrumbList","@id":"https:\/\/www.teknocanta.com\/black-backpack-with-metal-handle\/#breadcrumb","itemListElement":[{"@type":"ListItem","position":1,"name":"Ana sayfa","item":"https:\/\/www.teknocanta.com\/en\/"},{"@type":"ListItem","position":2,"name":"\u00dcr\u00fcnler","item":"https:\/\/www.teknocanta.com\/urunler\/"},{"@type":"ListItem","position":3,"name":"Black Backpack with Metal Handle"}]},{"@type":"WebSite","@id":"https:\/\/www.teknocanta.com\/#website","url":"https:\/\/www.teknocanta.com\/","name":"Tekno \u00c7anta - Promosyon Toptan \u00c7anta \u0130malat\u0131","description":"Toptan \u00e7anta imalat\u0131, ham bez \u00e7anta, s\u0131rt \u00e7antalar\u0131, laptop ve evrak \u00e7antalar\u0131, kongre \u00e7antalar\u0131, fuar \u00e7antas\u0131 ve ipli b\u00fczg\u00fcl\u00fc \u00e7anta imalat\u0131 yapmaktay\u0131z.","potentialAction":[{"@type":"SearchAction","target":{"@type":"EntryPoint","urlTemplate":"https:\/\/www.teknocanta.com\/?s={search_term_string}"},"query-input":{"@type":"PropertyValueSpecification","valueRequired":true,"valueName":"search_term_string"}}],"inLanguage":"en-US"}]}},"_links":{"self":[{"href":"https:\/\/www.teknocanta.com\/en\/wp-json\/wp\/v2\/product\/44525","targetHints":{"allow":["GET"]}}],"collection":[{"href":"https:\/\/www.teknocanta.com\/en\/wp-json\/wp\/v2\/product"}],"about":[{"href":"https:\/\/www.teknocanta.com\/en\/wp-json\/wp\/v2\/types\/product"}],"replies":[{"embeddable":true,"href":"https:\/\/www.teknocanta.com\/en\/wp-json\/wp\/v2\/comments?post=44525"}],"wp:featuredmedia":[{"embeddable":true,"href":"https:\/\/www.teknocanta.com\/en\/wp-json\/wp\/v2\/media\/43381"}],"wp:attachment":[{"href":"https:\/\/www.teknocanta.com\/en\/wp-json\/wp\/v2\/media?parent=44525"}],"wp:term":[{"taxonomy":"product_brand","embeddable":true,"href":"https:\/\/www.teknocanta.com\/en\/wp-json\/wp\/v2\/product_brand?post=44525"},{"taxonomy":"product_cat","embeddable":true,"href":"https:\/\/www.teknocanta.com\/en\/wp-json\/wp\/v2\/product_cat?post=44525"},{"taxonomy":"product_tag","embeddable":true,"href":"https:\/\/www.teknocanta.com\/en\/wp-json\/wp\/v2\/product_tag?post=44525"}],"curies":[{"name":"wp","href":"https:\/\/api.w.org\/{rel}","templated":true}]}}