{"id":37420,"date":"2021-10-14T15:52:53","date_gmt":"2021-10-14T12:52:53","guid":{"rendered":"https:\/\/www.teknocanta.com\/?post_type=product&#038;p=37420"},"modified":"2021-10-14T15:53:22","modified_gmt":"2021-10-14T12:53:22","slug":"promosyon-sirt-canta","status":"publish","type":"product","link":"https:\/\/www.teknocanta.com\/en\/urun\/promosyon-sirt-canta\/","title":{"rendered":"Promosyon S\u0131rt \u00c7anta"},"content":{"rendered":"<div><span style=\"font-size: 13.3333px;\">Web sayfam\u0131zda yazan s\u0131rt \u00e7antas\u0131 fiyatlar\u0131 500 adet sipari\u015flerde ge\u00e7erli olacakt\u0131r. Stokta kalmayan \u00fcr\u00fcnler i\u00e7in en az sipari\u015f adeti 200 adettir. KDV %8 ve bask\u0131 \u00fccreti fiyata dahil de\u011fildir. Farkl\u0131 adetler i\u00e7in fiyat listesi isteyiniz.<\/span><\/div>\n<div><\/div>\n<div><span style=\"font-size: 13.3333px;\">\u00dcr\u00fcn su ge\u00e7irmez keten imperteks ithal kuma\u015ftan \u00fcretilmi\u015ftir. Fitalats\u0131z yani kanserojen madde i\u00e7ermeyen kuma\u015f t\u00fcr\u00fcd\u00fcr. Kuma\u015f y\u00fczeyi her t\u00fcrl\u00fc bask\u0131 yapmaya elveri\u015flidir. \u00c7antan\u0131n i\u00e7ine veya d\u0131\u015f\u0131na Transfer bask\u0131, Serigrafi klasik boya bask\u0131 veya nak\u0131\u015f bask\u0131 yap\u0131labilir. Haz\u0131r stoklu \u00fcr\u00fcnlere teknik a\u00e7\u0131dan nak\u0131\u015f yap\u0131lamamakta ve sadece tek renk klasik serigrafi tekni\u011fi ile boya bask\u0131 yap\u0131labilmektedir. \u00d6zel imalat sipari\u015flerinizde her t\u00fcrl\u00fc bask\u0131 yapmak m\u00fcmk\u00fcnd\u00fcr.&nbsp;<\/span><\/div>\n<div><span style=\"font-size: 13.3333px;\"><br \/><\/span><\/div>\n<div><span style=\"font-size: 13.3333px;\">200 adet ve \u00fczeri \u00f6zel imalat sipari\u015flerde kuma\u015f rengi, astar rengi ve fermuar rengi de\u011fi\u015ftirebilir. \u00c7antan\u0131n modelinde fiyat fark\u0131 \u00f6deyerek de\u011fi\u015fiklikler yap\u0131labilir.<\/span><\/div>\n<div><span style=\"font-size: 13.3333px;\"><br \/><\/span><\/div>\n<div><span style=\"font-size: 13.3333px;\">\u00c7anta ebad\u0131 30x42x15 cm b\u00fcy\u00fckl\u00fc\u011f\u00fcndedir. \u00c7anta bir \u00fcst ve bir \u00f6n b\u00f6l\u00fcmden olu\u015fmaktad\u0131r. \u00c7antada 8 mm kal\u0131nl\u0131\u011f\u0131nda k\u00f6p\u00fck ve tip 8 kalitesinde fermuar kullan\u0131lm\u0131\u015ft\u0131r. \u00c7anta i\u00e7erisinde laptop b\u00f6lmesi mevcuttur. \u0130\u00e7 astar kuma\u015flar\u0131 270 denye fitalats\u0131z l\u00fcks impertekstir. \u00c7antan\u0131n arka k\u0131sm\u0131 insan sa\u011fl\u0131\u011f\u0131 i\u00e7in \u00f6nemli yumu\u015fak airteks malzeme ile kapl\u0131d\u0131r.&nbsp;<\/span><\/div>\n<div><\/div>\n<div><span style=\"font-size: 13.3333px;\">\u00d6zel \u0130malat \u00e7anta sipari\u015flerinde imalat s\u00fcreleri adete ba\u011fl\u0131 olarak en az bir haftad\u0131r. Stoktaki \u00fcr\u00fcnler bask\u0131s\u0131z olarak ayn\u0131 g\u00fcn teslim edilebilir. Stoktaki \u00fcr\u00fcnlere bask\u0131 yap\u0131l\u0131r ise duruma g\u00f6re bir ka\u00e7 g\u00fcn s\u00fcrebilir.&nbsp;<\/span><\/div>\n<div><\/div>\n<div><span style=\"font-size: 13.3333px;\">S\u0131rt \u00e7antas\u0131 kongre ve sempozyumlar\u0131n d\u0131\u015f\u0131nda \u00f6\u011frenciler i\u00e7inde gayet elveri\u015flidir. G\u00fcnl\u00fck ihtiya\u00e7lar\u0131 kar\u015f\u0131layacak \u015fekilde yeterli kapasitede bir \u00fcr\u00fcnd\u00fcr. Hafif ve fonksiyonel bir s\u0131rt \u00e7antas\u0131 modelidir.<\/span><\/div>\n<div><span style=\"font-size: 13.3333px;\"><br \/><\/span><\/div>\n<div><span style=\"font-size: 13.3333px;\">Promosyon s\u0131rt \u00e7antalar\u0131 Promosyon ama\u00e7l\u0131 kongre ve Sempozyum ve seminer gibi her t\u00fcrl\u00fc etkinliklerinizde kullanabilece\u011finiz, m\u00fc\u015fterilerinize hediye edebilece\u011finiz, kullan\u0131\u015fl\u0131 bir promosyon \u00fcr\u00fcn\u00fcd\u00fcr.<\/span><\/div>\n<div><span style=\"font-size: 13.3333px;\"><br \/><\/span><\/div>\n<div><span style=\"font-size: 13.3333px;\">\u0130malat yeri \u0130stanbuldur ve %100 yerli imalat bir \u00fcr\u00fcnd\u00fcr. \u0130malathanemiz K\u00fc\u00e7\u00fck\u00e7ekmece il\u00e7esinde, sat\u0131\u015f ofisimiz ve showroomumuz ise Ba\u011fc\u0131lar il\u00e7esi isto\u00e7 toptanc\u0131lar sitesindedir.<\/span><\/div>\n<div><\/div>\n<div><span style=\"font-size: 13.3333px;\">\u00dcr\u00fcnlerimiz isto\u00e7 adresimizden anla\u015fmal\u0131 oldu\u011fumuz kargo veya ambar \u015firketleri ile ekonomik fiyatlara T\u00fcm T\u00fcrkiyeye sevk edilebilmektedir.&nbsp;<\/span><\/div>\n","protected":false},"excerpt":{"rendered":"<p>Web sayfam\u0131zda yazan s\u0131rt \u00e7antas\u0131 fiyatlar\u0131 500 adet sipari\u015flerde ge\u00e7erli olacakt\u0131r. Stokta kalmayan \u00fcr\u00fcnler i\u00e7in en az sipari\u015f adeti 200 adettir. KDV %8 ve bask\u0131 \u00fccreti fiyata dahil de\u011fildir. Farkl\u0131 adetler i\u00e7in fiyat listesi isteyiniz. \u00dcr\u00fcn su ge\u00e7irmez keten imperteks ithal kuma\u015ftan \u00fcretilmi\u015ftir. Fitalats\u0131z yani kanserojen madde i\u00e7ermeyen kuma\u015f t\u00fcr\u00fcd\u00fcr. Kuma\u015f y\u00fczeyi her t\u00fcrl\u00fc bask\u0131&hellip;<\/p>\n","protected":false},"featured_media":37481,"comment_status":"open","ping_status":"closed","template":"","meta":[],"product_brand":[],"product_cat":[875,894],"product_tag":[1014,1015,882,1016,170,186,176],"class_list":{"0":"post-37420","1":"product","2":"type-product","3":"status-publish","4":"has-post-thumbnail","6":"product_cat-kongre-ve-sempozyum-cantasi","7":"product_cat-sirt-cantasi","8":"product_tag-istanbul-canta-toptancilari","9":"product_tag-promosyon-canta-dikimi","10":"product_tag-promosyon-canta-istanbul","11":"product_tag-promosyon-canta-izmir","12":"product_tag-promosyon-okul-cantasi","13":"product_tag-promosyon-sirt-cantasi-fiyatlari","14":"product_tag-toptan-promosyon-canta","15":"description-off","17":"first","18":"instock","19":"shipping-taxable","20":"purchasable","21":"product-type-simple"},"yoast_head":"<!-- This site is optimized with the Yoast SEO plugin v26.6 - https:\/\/yoast.com\/wordpress\/plugins\/seo\/ -->\n<title>Promosyon S\u0131rt \u00c7anta - Tekno \u00c7anta - Promosyon Toptan \u00c7anta \u0130malat\u0131<\/title>\n<meta name=\"robots\" content=\"index, follow, max-snippet:-1, max-image-preview:large, max-video-preview:-1\" \/>\n<link rel=\"canonical\" href=\"https:\/\/www.teknocanta.com\/promosyon-sirt-canta\/\" \/>\n<meta property=\"og:locale\" content=\"en_US\" \/>\n<meta property=\"og:type\" content=\"article\" \/>\n<meta property=\"og:title\" content=\"Promosyon S\u0131rt \u00c7anta - Tekno \u00c7anta - Promosyon Toptan \u00c7anta \u0130malat\u0131\" \/>\n<meta property=\"og:description\" content=\"Web sayfam\u0131zda yazan s\u0131rt \u00e7antas\u0131 fiyatlar\u0131 500 adet sipari\u015flerde ge\u00e7erli olacakt\u0131r. Stokta kalmayan \u00fcr\u00fcnler i\u00e7in en az sipari\u015f adeti 200 adettir. KDV %8 ve bask\u0131 \u00fccreti fiyata dahil de\u011fildir. Farkl\u0131 adetler i\u00e7in fiyat listesi isteyiniz. \u00dcr\u00fcn su ge\u00e7irmez keten imperteks ithal kuma\u015ftan \u00fcretilmi\u015ftir. Fitalats\u0131z yani kanserojen madde i\u00e7ermeyen kuma\u015f t\u00fcr\u00fcd\u00fcr. Kuma\u015f y\u00fczeyi her t\u00fcrl\u00fc bask\u0131&hellip;\" \/>\n<meta property=\"og:url\" content=\"https:\/\/www.teknocanta.com\/promosyon-sirt-canta\/\" \/>\n<meta property=\"og:site_name\" content=\"Tekno \u00c7anta - Promosyon Toptan \u00c7anta \u0130malat\u0131\" \/>\n<meta property=\"article:modified_time\" content=\"2021-10-14T12:53:22+00:00\" \/>\n<meta property=\"og:image\" content=\"https:\/\/www.teknocanta.com\/wp-content\/uploads\/2021\/10\/promosyonsirtcantaanaresim3.jpg\" \/>\n\t<meta property=\"og:image:width\" content=\"616\" \/>\n\t<meta property=\"og:image:height\" content=\"775\" \/>\n\t<meta property=\"og:image:type\" content=\"image\/jpeg\" \/>\n<meta name=\"twitter:card\" content=\"summary_large_image\" \/>\n<meta name=\"twitter:label1\" content=\"Est. reading time\" \/>\n\t<meta name=\"twitter:data1\" content=\"2 minutes\" \/>\n<script type=\"application\/ld+json\" class=\"yoast-schema-graph\">{\"@context\":\"https:\/\/schema.org\",\"@graph\":[{\"@type\":\"WebPage\",\"@id\":\"https:\/\/www.teknocanta.com\/promosyon-sirt-canta\/\",\"url\":\"https:\/\/www.teknocanta.com\/promosyon-sirt-canta\/\",\"name\":\"Promosyon S\u0131rt \u00c7anta - Tekno \u00c7anta - Promosyon Toptan \u00c7anta \u0130malat\u0131\",\"isPartOf\":{\"@id\":\"https:\/\/www.teknocanta.com\/#website\"},\"primaryImageOfPage\":{\"@id\":\"https:\/\/www.teknocanta.com\/promosyon-sirt-canta\/#primaryimage\"},\"image\":{\"@id\":\"https:\/\/www.teknocanta.com\/promosyon-sirt-canta\/#primaryimage\"},\"thumbnailUrl\":\"https:\/\/www.teknocanta.com\/wp-content\/uploads\/2021\/10\/promosyonsirtcantaanaresim3.jpg\",\"datePublished\":\"2021-10-14T12:52:53+00:00\",\"dateModified\":\"2021-10-14T12:53:22+00:00\",\"breadcrumb\":{\"@id\":\"https:\/\/www.teknocanta.com\/promosyon-sirt-canta\/#breadcrumb\"},\"inLanguage\":\"en-US\",\"potentialAction\":[{\"@type\":\"ReadAction\",\"target\":[\"https:\/\/www.teknocanta.com\/promosyon-sirt-canta\/\"]}]},{\"@type\":\"ImageObject\",\"inLanguage\":\"en-US\",\"@id\":\"https:\/\/www.teknocanta.com\/promosyon-sirt-canta\/#primaryimage\",\"url\":\"https:\/\/www.teknocanta.com\/wp-content\/uploads\/2021\/10\/promosyonsirtcantaanaresim3.jpg\",\"contentUrl\":\"https:\/\/www.teknocanta.com\/wp-content\/uploads\/2021\/10\/promosyonsirtcantaanaresim3.jpg\",\"width\":616,\"height\":775},{\"@type\":\"BreadcrumbList\",\"@id\":\"https:\/\/www.teknocanta.com\/promosyon-sirt-canta\/#breadcrumb\",\"itemListElement\":[{\"@type\":\"ListItem\",\"position\":1,\"name\":\"Ana sayfa\",\"item\":\"https:\/\/www.teknocanta.com\/en\/\"},{\"@type\":\"ListItem\",\"position\":2,\"name\":\"\u00dcr\u00fcnler\",\"item\":\"https:\/\/www.teknocanta.com\/urunler\/\"},{\"@type\":\"ListItem\",\"position\":3,\"name\":\"Promosyon S\u0131rt \u00c7anta\"}]},{\"@type\":\"WebSite\",\"@id\":\"https:\/\/www.teknocanta.com\/#website\",\"url\":\"https:\/\/www.teknocanta.com\/\",\"name\":\"Tekno \u00c7anta - Promosyon Toptan \u00c7anta \u0130malat\u0131\",\"description\":\"Toptan \u00e7anta imalat\u0131, ham bez \u00e7anta, s\u0131rt \u00e7antalar\u0131, laptop ve evrak \u00e7antalar\u0131, kongre \u00e7antalar\u0131, fuar \u00e7antas\u0131 ve ipli b\u00fczg\u00fcl\u00fc \u00e7anta imalat\u0131 yapmaktay\u0131z.\",\"potentialAction\":[{\"@type\":\"SearchAction\",\"target\":{\"@type\":\"EntryPoint\",\"urlTemplate\":\"https:\/\/www.teknocanta.com\/?s={search_term_string}\"},\"query-input\":{\"@type\":\"PropertyValueSpecification\",\"valueRequired\":true,\"valueName\":\"search_term_string\"}}],\"inLanguage\":\"en-US\"}]}<\/script>\n<!-- \/ Yoast SEO plugin. -->","yoast_head_json":{"title":"Promosyon S\u0131rt \u00c7anta - Tekno \u00c7anta - Promosyon Toptan \u00c7anta \u0130malat\u0131","robots":{"index":"index","follow":"follow","max-snippet":"max-snippet:-1","max-image-preview":"max-image-preview:large","max-video-preview":"max-video-preview:-1"},"canonical":"https:\/\/www.teknocanta.com\/promosyon-sirt-canta\/","og_locale":"en_US","og_type":"article","og_title":"Promosyon S\u0131rt \u00c7anta - Tekno \u00c7anta - Promosyon Toptan \u00c7anta \u0130malat\u0131","og_description":"Web sayfam\u0131zda yazan s\u0131rt \u00e7antas\u0131 fiyatlar\u0131 500 adet sipari\u015flerde ge\u00e7erli olacakt\u0131r. Stokta kalmayan \u00fcr\u00fcnler i\u00e7in en az sipari\u015f adeti 200 adettir. KDV %8 ve bask\u0131 \u00fccreti fiyata dahil de\u011fildir. Farkl\u0131 adetler i\u00e7in fiyat listesi isteyiniz. \u00dcr\u00fcn su ge\u00e7irmez keten imperteks ithal kuma\u015ftan \u00fcretilmi\u015ftir. Fitalats\u0131z yani kanserojen madde i\u00e7ermeyen kuma\u015f t\u00fcr\u00fcd\u00fcr. Kuma\u015f y\u00fczeyi her t\u00fcrl\u00fc bask\u0131&hellip;","og_url":"https:\/\/www.teknocanta.com\/promosyon-sirt-canta\/","og_site_name":"Tekno \u00c7anta - Promosyon Toptan \u00c7anta \u0130malat\u0131","article_modified_time":"2021-10-14T12:53:22+00:00","og_image":[{"width":616,"height":775,"url":"https:\/\/www.teknocanta.com\/wp-content\/uploads\/2021\/10\/promosyonsirtcantaanaresim3.jpg","type":"image\/jpeg"}],"twitter_card":"summary_large_image","twitter_misc":{"Est. reading time":"2 minutes"},"schema":{"@context":"https:\/\/schema.org","@graph":[{"@type":"WebPage","@id":"https:\/\/www.teknocanta.com\/promosyon-sirt-canta\/","url":"https:\/\/www.teknocanta.com\/promosyon-sirt-canta\/","name":"Promosyon S\u0131rt \u00c7anta - Tekno \u00c7anta - Promosyon Toptan \u00c7anta \u0130malat\u0131","isPartOf":{"@id":"https:\/\/www.teknocanta.com\/#website"},"primaryImageOfPage":{"@id":"https:\/\/www.teknocanta.com\/promosyon-sirt-canta\/#primaryimage"},"image":{"@id":"https:\/\/www.teknocanta.com\/promosyon-sirt-canta\/#primaryimage"},"thumbnailUrl":"https:\/\/www.teknocanta.com\/wp-content\/uploads\/2021\/10\/promosyonsirtcantaanaresim3.jpg","datePublished":"2021-10-14T12:52:53+00:00","dateModified":"2021-10-14T12:53:22+00:00","breadcrumb":{"@id":"https:\/\/www.teknocanta.com\/promosyon-sirt-canta\/#breadcrumb"},"inLanguage":"en-US","potentialAction":[{"@type":"ReadAction","target":["https:\/\/www.teknocanta.com\/promosyon-sirt-canta\/"]}]},{"@type":"ImageObject","inLanguage":"en-US","@id":"https:\/\/www.teknocanta.com\/promosyon-sirt-canta\/#primaryimage","url":"https:\/\/www.teknocanta.com\/wp-content\/uploads\/2021\/10\/promosyonsirtcantaanaresim3.jpg","contentUrl":"https:\/\/www.teknocanta.com\/wp-content\/uploads\/2021\/10\/promosyonsirtcantaanaresim3.jpg","width":616,"height":775},{"@type":"BreadcrumbList","@id":"https:\/\/www.teknocanta.com\/promosyon-sirt-canta\/#breadcrumb","itemListElement":[{"@type":"ListItem","position":1,"name":"Ana sayfa","item":"https:\/\/www.teknocanta.com\/en\/"},{"@type":"ListItem","position":2,"name":"\u00dcr\u00fcnler","item":"https:\/\/www.teknocanta.com\/urunler\/"},{"@type":"ListItem","position":3,"name":"Promosyon S\u0131rt \u00c7anta"}]},{"@type":"WebSite","@id":"https:\/\/www.teknocanta.com\/#website","url":"https:\/\/www.teknocanta.com\/","name":"Tekno \u00c7anta - Promosyon Toptan \u00c7anta \u0130malat\u0131","description":"Toptan \u00e7anta imalat\u0131, ham bez \u00e7anta, s\u0131rt \u00e7antalar\u0131, laptop ve evrak \u00e7antalar\u0131, kongre \u00e7antalar\u0131, fuar \u00e7antas\u0131 ve ipli b\u00fczg\u00fcl\u00fc \u00e7anta imalat\u0131 yapmaktay\u0131z.","potentialAction":[{"@type":"SearchAction","target":{"@type":"EntryPoint","urlTemplate":"https:\/\/www.teknocanta.com\/?s={search_term_string}"},"query-input":{"@type":"PropertyValueSpecification","valueRequired":true,"valueName":"search_term_string"}}],"inLanguage":"en-US"}]}},"_links":{"self":[{"href":"https:\/\/www.teknocanta.com\/en\/wp-json\/wp\/v2\/product\/37420","targetHints":{"allow":["GET"]}}],"collection":[{"href":"https:\/\/www.teknocanta.com\/en\/wp-json\/wp\/v2\/product"}],"about":[{"href":"https:\/\/www.teknocanta.com\/en\/wp-json\/wp\/v2\/types\/product"}],"replies":[{"embeddable":true,"href":"https:\/\/www.teknocanta.com\/en\/wp-json\/wp\/v2\/comments?post=37420"}],"wp:featuredmedia":[{"embeddable":true,"href":"https:\/\/www.teknocanta.com\/en\/wp-json\/wp\/v2\/media\/37481"}],"wp:attachment":[{"href":"https:\/\/www.teknocanta.com\/en\/wp-json\/wp\/v2\/media?parent=37420"}],"wp:term":[{"taxonomy":"product_brand","embeddable":true,"href":"https:\/\/www.teknocanta.com\/en\/wp-json\/wp\/v2\/product_brand?post=37420"},{"taxonomy":"product_cat","embeddable":true,"href":"https:\/\/www.teknocanta.com\/en\/wp-json\/wp\/v2\/product_cat?post=37420"},{"taxonomy":"product_tag","embeddable":true,"href":"https:\/\/www.teknocanta.com\/en\/wp-json\/wp\/v2\/product_tag?post=37420"}],"curies":[{"name":"wp","href":"https:\/\/api.w.org\/{rel}","templated":true}]}}