{"id":37205,"date":"2021-10-14T15:50:29","date_gmt":"2021-10-14T12:50:29","guid":{"rendered":"https:\/\/www.teknocanta.com\/?post_type=product&#038;p=37205"},"modified":"2026-04-09T09:27:13","modified_gmt":"2026-04-09T06:27:13","slug":"postaci-model-omuz-cantasi","status":"publish","type":"product","link":"https:\/\/www.teknocanta.com\/en\/urun\/postaci-model-omuz-cantasi\/","title":{"rendered":"Postac\u0131 Model Omuz \u00c7antas\u0131"},"content":{"rendered":"<p class=\"MsoNormal\" style=\"margin: 6pt 0cm; color: rgb(110, 111, 112); line-height: normal; font-family: Verdana, serif, arial; font-size: 14px;\"><span style=\"color: rgb(34, 34, 34);\">Fiyatland\u0131rma 500 adet i\u00e7in yap\u0131lm\u0131\u015ft\u0131r. Daha d\u00fc\u015f\u00fck adetlerde de sipari\u015f verebilirsiniz. Daha d\u00fc\u015f\u00fck veya daha y\u00fcksek adetlerde fiyatlar de\u011fi\u015fecektir. Farkl\u0131 adetlerdeki fiyat talepleriniz i\u00e7in ileti\u015fim k\u0131sm\u0131ndaki mail adresimize mail atarak fiyat isteyebilirsiniz. %8 KDV ve bask\u0131 \u00fccreti fiyata d\u00e2hil de\u011fildir.<o:p><\/o:p><\/span><\/p>\n<p class=\"MsoNormal\" style=\"margin: 6pt 0cm; color: rgb(110, 111, 112); line-height: normal; font-family: Verdana, serif, arial; font-size: 14px;\"><span style=\"color: rgb(34, 34, 34);\">250 adet ve \u00fczeri sipari\u015flerinizde kuma\u015f rengi, astar rengi veya fermuar rengi de\u011fi\u015ftirebilir. \u00c7antan\u0131n d\u0131\u015f k\u0131s\u0131mlar\u0131 \u00f6zel kaliteli keten kuma\u015ftan, astarlar 270 denye imperteks kuma\u015ftan \u00fcretilmi\u015ftir.<o:p><\/o:p><\/span><\/p>\n<p class=\"MsoNormal\" style=\"margin: 6pt 0cm; color: rgb(110, 111, 112); line-height: normal; font-family: Verdana, serif, arial; font-size: 14px;\"><span style=\"color: rgb(34, 34, 34);\">\u00c7anta ebad\u0131&nbsp;<\/span><span style=\"color: rgb(68, 68, 68);\">25x30x4&nbsp;<\/span><span style=\"color: rgb(34, 34, 34);\">cm b\u00fcy\u00fckl\u00fc\u011f\u00fcndedir. \u00c7anta fermuarl\u0131 1 \u00fcst b\u00f6l\u00fcm ve bir \u00f6n b\u00f6l\u00fcmden olu\u015fmaktad\u0131r.<o:p><\/o:p><\/span><\/p>\n<p class=\"MsoNormal\" style=\"margin: 6pt 0cm; color: rgb(110, 111, 112); line-height: normal; font-family: Verdana, serif, arial; font-size: 14px;\"><span style=\"color: rgb(34, 34, 34);\">\u00c7anta g\u00f6vdeleri 8 mm kal\u0131nl\u0131\u011f\u0131nda k\u00f6p\u00fck ile desteklenmi\u015ftir. Tip 8 kalitesinde fermuar kullan\u0131lm\u0131\u015ft\u0131r.<o:p><\/o:p><\/span><\/p>\n<p class=\"MsoNormal\" style=\"margin: 6pt 0cm; color: rgb(110, 111, 112); line-height: normal; font-family: Verdana, serif, arial; font-size: 14px;\"><span style=\"color: rgb(34, 34, 34);\">\u00c7antan\u0131n i\u00e7ine veya d\u0131\u015f\u0131na renkli bask\u0131lar yapmak m\u00fcmk\u00fcnd\u00fcr. \u0130ste\u011fe ba\u011fl\u0131 olarak nak\u0131\u015f bask\u0131 da yap\u0131labilir. Bask\u0131 \u00fccretleri bas\u0131lacak g\u00f6rseldeki renk say\u0131s\u0131na g\u00f6re de\u011fi\u015fmektedir.<o:p><\/o:p><\/span><\/p>\n<p class=\"MsoNormal\" style=\"margin: 6pt 0cm; color: rgb(110, 111, 112); line-height: normal; font-family: Verdana, serif, arial; font-size: 14px;\"><span style=\"color: rgb(34, 34, 34);\">Postac\u0131 Model \u00c7antalarda imalat s\u00fcreleri sipari\u015f adedine g\u00f6re de\u011fi\u015fmekte ve ortalama imalat s\u00fcresi 15 g\u00fcnd\u00fcr, i\u015fin \u00f6nemine g\u00f6re daha erken de verilebilmektedir. Stoktaki \u00e7antalar bask\u0131s\u0131z olarak ayn\u0131 g\u00fcn verilebilir. Stoktaki \u00fcr\u00fcnler bask\u0131l\u0131 olarak tercih edilir ise bask\u0131 s\u00fcresi yo\u011funlu\u011fa g\u00f6re bir ka\u00e7 g\u00fcn s\u00fcrebilir.<o:p><\/o:p><\/span><\/p>\n<p class=\"MsoNormal\" style=\"margin: 6pt 0cm; color: rgb(110, 111, 112); line-height: normal; font-family: Verdana, serif, arial; font-size: 14px;\"><span style=\"color: rgb(34, 34, 34);\">L\u00fctfen g\u00fcncel stok bilgisi al\u0131n\u0131z.<o:p><\/o:p><\/span><\/p>\n<p class=\"MsoNormal\" style=\"margin: 6pt 0cm; color: rgb(110, 111, 112); line-height: normal; font-family: Verdana, serif, arial; font-size: 14px;\"><span style=\"color: rgb(34, 34, 34);\">Postac\u0131 Model \u00c7antalar genellikle&nbsp;kongre, sempozyum, konferans ve seminer gibi her t\u00fcrl\u00fc etkinliklerinizde kullanabilece\u011finiz, m\u00fc\u015fterilerinize hediye edebilece\u011finiz, kullan\u0131\u015fl\u0131 bir promosyon \u00fcr\u00fcn\u00fcd\u00fcr.<\/span><\/p>\n","protected":false},"excerpt":{"rendered":"<p>Fiyatland\u0131rma 500 adet i\u00e7in yap\u0131lm\u0131\u015ft\u0131r. Daha d\u00fc\u015f\u00fck adetlerde de sipari\u015f verebilirsiniz. Daha d\u00fc\u015f\u00fck veya daha y\u00fcksek adetlerde fiyatlar de\u011fi\u015fecektir. Farkl\u0131 adetlerdeki fiyat talepleriniz i\u00e7in ileti\u015fim k\u0131sm\u0131ndaki mail adresimize mail atarak fiyat isteyebilirsiniz. %8 KDV ve bask\u0131 \u00fccreti fiyata d\u00e2hil de\u011fildir. 250 adet ve \u00fczeri sipari\u015flerinizde kuma\u015f rengi, astar rengi veya fermuar rengi de\u011fi\u015ftirebilir. \u00c7antan\u0131n d\u0131\u015f&hellip;<\/p>\n","protected":false},"featured_media":37285,"comment_status":"open","ping_status":"closed","template":"","meta":[],"product_brand":[],"product_cat":[789],"product_tag":[214,211,209,200,208,207,202,212,201,203,206,204,205,199,165,217,210,215,213,216],"class_list":{"0":"post-37205","1":"product","2":"type-product","3":"status-publish","4":"has-post-thumbnail","6":"product_cat-postaci-omuz-cantasi","7":"product_tag-bez-canta-fiyatlari","8":"product_tag-bez-capraz-canta","9":"product_tag-bez-postaci-canta","10":"product_tag-bez-sirt-canta-modelleri","11":"product_tag-capraz-canta-fiyatlari","12":"product_tag-capraz-canta-modelleri","13":"product_tag-ham-bez-canta-toptan","14":"product_tag-ham-bez-postaci-canta","15":"product_tag-ham-keten-canta","16":"product_tag-kumas-cantalar","17":"product_tag-postaci-canta-promosyon","18":"product_tag-postaci-cantasi","19":"product_tag-postaci-model-canta","20":"product_tag-postaci-model-tela-canta","21":"product_tag-promosyon-canta","22":"product_tag-promosyon-capraz-canta","23":"product_tag-tela-postaci-canta","24":"product_tag-toptan-canta-istanbul","25":"product_tag-toptan-postaci-canta","26":"product_tag-toptan-postaci-model-canta","27":"description-off","29":"first","30":"instock","31":"shipping-taxable","32":"purchasable","33":"product-type-simple"},"yoast_head":"<!-- This site is optimized with the Yoast SEO plugin v26.6 - https:\/\/yoast.com\/wordpress\/plugins\/seo\/ -->\n<title>Postac\u0131 Model Omuz \u00c7antas\u0131 - Tekno \u00c7anta - Promosyon Toptan \u00c7anta \u0130malat\u0131<\/title>\n<meta name=\"robots\" content=\"index, follow, max-snippet:-1, max-image-preview:large, max-video-preview:-1\" \/>\n<link rel=\"canonical\" href=\"https:\/\/www.teknocanta.com\/postaci-model-omuz-cantasi\/\" \/>\n<meta property=\"og:locale\" content=\"en_US\" \/>\n<meta property=\"og:type\" content=\"article\" \/>\n<meta property=\"og:title\" content=\"Postac\u0131 Model Omuz \u00c7antas\u0131 - Tekno \u00c7anta - Promosyon Toptan \u00c7anta \u0130malat\u0131\" \/>\n<meta property=\"og:description\" content=\"Fiyatland\u0131rma 500 adet i\u00e7in yap\u0131lm\u0131\u015ft\u0131r. Daha d\u00fc\u015f\u00fck adetlerde de sipari\u015f verebilirsiniz. Daha d\u00fc\u015f\u00fck veya daha y\u00fcksek adetlerde fiyatlar de\u011fi\u015fecektir. Farkl\u0131 adetlerdeki fiyat talepleriniz i\u00e7in ileti\u015fim k\u0131sm\u0131ndaki mail adresimize mail atarak fiyat isteyebilirsiniz. %8 KDV ve bask\u0131 \u00fccreti fiyata d\u00e2hil de\u011fildir. 250 adet ve \u00fczeri sipari\u015flerinizde kuma\u015f rengi, astar rengi veya fermuar rengi de\u011fi\u015ftirebilir. \u00c7antan\u0131n d\u0131\u015f&hellip;\" \/>\n<meta property=\"og:url\" content=\"https:\/\/www.teknocanta.com\/postaci-model-omuz-cantasi\/\" \/>\n<meta property=\"og:site_name\" content=\"Tekno \u00c7anta - Promosyon Toptan \u00c7anta \u0130malat\u0131\" \/>\n<meta property=\"article:modified_time\" content=\"2026-04-09T06:27:13+00:00\" \/>\n<meta property=\"og:image\" content=\"https:\/\/www.teknocanta.com\/wp-content\/uploads\/2021\/10\/AV007_evrakvebilgisayarcantasi.jpg\" \/>\n\t<meta property=\"og:image:width\" content=\"600\" \/>\n\t<meta property=\"og:image:height\" content=\"600\" \/>\n\t<meta property=\"og:image:type\" content=\"image\/jpeg\" \/>\n<meta name=\"twitter:card\" content=\"summary_large_image\" \/>\n<meta name=\"twitter:label1\" content=\"Est. reading time\" \/>\n\t<meta name=\"twitter:data1\" content=\"1 minute\" \/>\n<script type=\"application\/ld+json\" class=\"yoast-schema-graph\">{\"@context\":\"https:\/\/schema.org\",\"@graph\":[{\"@type\":\"WebPage\",\"@id\":\"https:\/\/www.teknocanta.com\/postaci-model-omuz-cantasi\/\",\"url\":\"https:\/\/www.teknocanta.com\/postaci-model-omuz-cantasi\/\",\"name\":\"Postac\u0131 Model Omuz \u00c7antas\u0131 - Tekno \u00c7anta - Promosyon Toptan \u00c7anta \u0130malat\u0131\",\"isPartOf\":{\"@id\":\"https:\/\/www.teknocanta.com\/#website\"},\"primaryImageOfPage\":{\"@id\":\"https:\/\/www.teknocanta.com\/postaci-model-omuz-cantasi\/#primaryimage\"},\"image\":{\"@id\":\"https:\/\/www.teknocanta.com\/postaci-model-omuz-cantasi\/#primaryimage\"},\"thumbnailUrl\":\"https:\/\/www.teknocanta.com\/wp-content\/uploads\/2021\/10\/AV007_evrakvebilgisayarcantasi.jpg\",\"datePublished\":\"2021-10-14T12:50:29+00:00\",\"dateModified\":\"2026-04-09T06:27:13+00:00\",\"breadcrumb\":{\"@id\":\"https:\/\/www.teknocanta.com\/postaci-model-omuz-cantasi\/#breadcrumb\"},\"inLanguage\":\"en-US\",\"potentialAction\":[{\"@type\":\"ReadAction\",\"target\":[\"https:\/\/www.teknocanta.com\/postaci-model-omuz-cantasi\/\"]}]},{\"@type\":\"ImageObject\",\"inLanguage\":\"en-US\",\"@id\":\"https:\/\/www.teknocanta.com\/postaci-model-omuz-cantasi\/#primaryimage\",\"url\":\"https:\/\/www.teknocanta.com\/wp-content\/uploads\/2021\/10\/AV007_evrakvebilgisayarcantasi.jpg\",\"contentUrl\":\"https:\/\/www.teknocanta.com\/wp-content\/uploads\/2021\/10\/AV007_evrakvebilgisayarcantasi.jpg\",\"width\":600,\"height\":600},{\"@type\":\"BreadcrumbList\",\"@id\":\"https:\/\/www.teknocanta.com\/postaci-model-omuz-cantasi\/#breadcrumb\",\"itemListElement\":[{\"@type\":\"ListItem\",\"position\":1,\"name\":\"Ana sayfa\",\"item\":\"https:\/\/www.teknocanta.com\/en\/\"},{\"@type\":\"ListItem\",\"position\":2,\"name\":\"\u00dcr\u00fcnler\",\"item\":\"https:\/\/www.teknocanta.com\/urunler\/\"},{\"@type\":\"ListItem\",\"position\":3,\"name\":\"Postac\u0131 Model Omuz \u00c7antas\u0131\"}]},{\"@type\":\"WebSite\",\"@id\":\"https:\/\/www.teknocanta.com\/#website\",\"url\":\"https:\/\/www.teknocanta.com\/\",\"name\":\"Tekno \u00c7anta - Promosyon Toptan \u00c7anta \u0130malat\u0131\",\"description\":\"Toptan \u00e7anta imalat\u0131, ham bez \u00e7anta, s\u0131rt \u00e7antalar\u0131, laptop ve evrak \u00e7antalar\u0131, kongre \u00e7antalar\u0131, fuar \u00e7antas\u0131 ve ipli b\u00fczg\u00fcl\u00fc \u00e7anta imalat\u0131 yapmaktay\u0131z.\",\"potentialAction\":[{\"@type\":\"SearchAction\",\"target\":{\"@type\":\"EntryPoint\",\"urlTemplate\":\"https:\/\/www.teknocanta.com\/?s={search_term_string}\"},\"query-input\":{\"@type\":\"PropertyValueSpecification\",\"valueRequired\":true,\"valueName\":\"search_term_string\"}}],\"inLanguage\":\"en-US\"}]}<\/script>\n<!-- \/ Yoast SEO plugin. -->","yoast_head_json":{"title":"Postac\u0131 Model Omuz \u00c7antas\u0131 - Tekno \u00c7anta - Promosyon Toptan \u00c7anta \u0130malat\u0131","robots":{"index":"index","follow":"follow","max-snippet":"max-snippet:-1","max-image-preview":"max-image-preview:large","max-video-preview":"max-video-preview:-1"},"canonical":"https:\/\/www.teknocanta.com\/postaci-model-omuz-cantasi\/","og_locale":"en_US","og_type":"article","og_title":"Postac\u0131 Model Omuz \u00c7antas\u0131 - Tekno \u00c7anta - Promosyon Toptan \u00c7anta \u0130malat\u0131","og_description":"Fiyatland\u0131rma 500 adet i\u00e7in yap\u0131lm\u0131\u015ft\u0131r. Daha d\u00fc\u015f\u00fck adetlerde de sipari\u015f verebilirsiniz. Daha d\u00fc\u015f\u00fck veya daha y\u00fcksek adetlerde fiyatlar de\u011fi\u015fecektir. Farkl\u0131 adetlerdeki fiyat talepleriniz i\u00e7in ileti\u015fim k\u0131sm\u0131ndaki mail adresimize mail atarak fiyat isteyebilirsiniz. %8 KDV ve bask\u0131 \u00fccreti fiyata d\u00e2hil de\u011fildir. 250 adet ve \u00fczeri sipari\u015flerinizde kuma\u015f rengi, astar rengi veya fermuar rengi de\u011fi\u015ftirebilir. \u00c7antan\u0131n d\u0131\u015f&hellip;","og_url":"https:\/\/www.teknocanta.com\/postaci-model-omuz-cantasi\/","og_site_name":"Tekno \u00c7anta - Promosyon Toptan \u00c7anta \u0130malat\u0131","article_modified_time":"2026-04-09T06:27:13+00:00","og_image":[{"width":600,"height":600,"url":"https:\/\/www.teknocanta.com\/wp-content\/uploads\/2021\/10\/AV007_evrakvebilgisayarcantasi.jpg","type":"image\/jpeg"}],"twitter_card":"summary_large_image","twitter_misc":{"Est. reading time":"1 minute"},"schema":{"@context":"https:\/\/schema.org","@graph":[{"@type":"WebPage","@id":"https:\/\/www.teknocanta.com\/postaci-model-omuz-cantasi\/","url":"https:\/\/www.teknocanta.com\/postaci-model-omuz-cantasi\/","name":"Postac\u0131 Model Omuz \u00c7antas\u0131 - Tekno \u00c7anta - Promosyon Toptan \u00c7anta \u0130malat\u0131","isPartOf":{"@id":"https:\/\/www.teknocanta.com\/#website"},"primaryImageOfPage":{"@id":"https:\/\/www.teknocanta.com\/postaci-model-omuz-cantasi\/#primaryimage"},"image":{"@id":"https:\/\/www.teknocanta.com\/postaci-model-omuz-cantasi\/#primaryimage"},"thumbnailUrl":"https:\/\/www.teknocanta.com\/wp-content\/uploads\/2021\/10\/AV007_evrakvebilgisayarcantasi.jpg","datePublished":"2021-10-14T12:50:29+00:00","dateModified":"2026-04-09T06:27:13+00:00","breadcrumb":{"@id":"https:\/\/www.teknocanta.com\/postaci-model-omuz-cantasi\/#breadcrumb"},"inLanguage":"en-US","potentialAction":[{"@type":"ReadAction","target":["https:\/\/www.teknocanta.com\/postaci-model-omuz-cantasi\/"]}]},{"@type":"ImageObject","inLanguage":"en-US","@id":"https:\/\/www.teknocanta.com\/postaci-model-omuz-cantasi\/#primaryimage","url":"https:\/\/www.teknocanta.com\/wp-content\/uploads\/2021\/10\/AV007_evrakvebilgisayarcantasi.jpg","contentUrl":"https:\/\/www.teknocanta.com\/wp-content\/uploads\/2021\/10\/AV007_evrakvebilgisayarcantasi.jpg","width":600,"height":600},{"@type":"BreadcrumbList","@id":"https:\/\/www.teknocanta.com\/postaci-model-omuz-cantasi\/#breadcrumb","itemListElement":[{"@type":"ListItem","position":1,"name":"Ana sayfa","item":"https:\/\/www.teknocanta.com\/en\/"},{"@type":"ListItem","position":2,"name":"\u00dcr\u00fcnler","item":"https:\/\/www.teknocanta.com\/urunler\/"},{"@type":"ListItem","position":3,"name":"Postac\u0131 Model Omuz \u00c7antas\u0131"}]},{"@type":"WebSite","@id":"https:\/\/www.teknocanta.com\/#website","url":"https:\/\/www.teknocanta.com\/","name":"Tekno \u00c7anta - Promosyon Toptan \u00c7anta \u0130malat\u0131","description":"Toptan \u00e7anta imalat\u0131, ham bez \u00e7anta, s\u0131rt \u00e7antalar\u0131, laptop ve evrak \u00e7antalar\u0131, kongre \u00e7antalar\u0131, fuar \u00e7antas\u0131 ve ipli b\u00fczg\u00fcl\u00fc \u00e7anta imalat\u0131 yapmaktay\u0131z.","potentialAction":[{"@type":"SearchAction","target":{"@type":"EntryPoint","urlTemplate":"https:\/\/www.teknocanta.com\/?s={search_term_string}"},"query-input":{"@type":"PropertyValueSpecification","valueRequired":true,"valueName":"search_term_string"}}],"inLanguage":"en-US"}]}},"_links":{"self":[{"href":"https:\/\/www.teknocanta.com\/en\/wp-json\/wp\/v2\/product\/37205","targetHints":{"allow":["GET"]}}],"collection":[{"href":"https:\/\/www.teknocanta.com\/en\/wp-json\/wp\/v2\/product"}],"about":[{"href":"https:\/\/www.teknocanta.com\/en\/wp-json\/wp\/v2\/types\/product"}],"replies":[{"embeddable":true,"href":"https:\/\/www.teknocanta.com\/en\/wp-json\/wp\/v2\/comments?post=37205"}],"wp:featuredmedia":[{"embeddable":true,"href":"https:\/\/www.teknocanta.com\/en\/wp-json\/wp\/v2\/media\/37285"}],"wp:attachment":[{"href":"https:\/\/www.teknocanta.com\/en\/wp-json\/wp\/v2\/media?parent=37205"}],"wp:term":[{"taxonomy":"product_brand","embeddable":true,"href":"https:\/\/www.teknocanta.com\/en\/wp-json\/wp\/v2\/product_brand?post=37205"},{"taxonomy":"product_cat","embeddable":true,"href":"https:\/\/www.teknocanta.com\/en\/wp-json\/wp\/v2\/product_cat?post=37205"},{"taxonomy":"product_tag","embeddable":true,"href":"https:\/\/www.teknocanta.com\/en\/wp-json\/wp\/v2\/product_tag?post=37205"}],"curies":[{"name":"wp","href":"https:\/\/api.w.org\/{rel}","templated":true}]}}