{"id":37150,"date":"2021-10-14T15:50:03","date_gmt":"2021-10-14T12:50:03","guid":{"rendered":"https:\/\/www.teknocanta.com\/?post_type=product&#038;p=37150"},"modified":"2026-02-15T14:13:44","modified_gmt":"2026-02-15T11:13:44","slug":"kanvas-bez-canta","status":"publish","type":"product","link":"https:\/\/www.teknocanta.com\/en\/urun\/kanvas-bez-canta\/","title":{"rendered":"Kanvas Bez \u00c7anta"},"content":{"rendered":"<div><font color=\"#222222\" face=\"Verdana, serif, arial\"><span style=\"font-size: 13.33px;\">En: 25 cm<\/span><\/font><\/div>\n<div><font color=\"#222222\" face=\"Verdana, serif, arial\"><span style=\"font-size: 13.33px;\">Y\u00fckseklik: 35 cm<\/span><\/font><\/div>\n<div><font color=\"#222222\" face=\"Verdana, serif, arial\"><span style=\"font-size: 13.33px;\">K\u00f6r\u00fck: 8 cm&nbsp;<\/span><\/font><\/div>\n<div><font color=\"#222222\" face=\"Verdana, serif, arial\"><span style=\"font-size: 13.33px;\">300 gr. Gabardin kuma\u015f<\/span><\/font><\/div>\n<div><font color=\"#222222\" face=\"Verdana, serif, arial\"><span style=\"font-size: 13.33px;\">\u0130malat s\u00fcresi ortalama 7 i\u015f g\u00fcn\u00fc<\/span><\/font><\/div>\n<div><font color=\"#222222\" face=\"Verdana, serif, arial\"><span style=\"font-size: 13.33px;\"><br \/><\/span><\/font><\/div>\n<div><font color=\"#222222\" face=\"Verdana, serif, arial\"><span style=\"font-size: 13.33px;\">Kanvas bez \u00e7anta sipari\u015f vermeyi d\u00fc\u015f\u00fcn\u00fcyorsan\u0131z veya fiyat bilgisi almak istiyorsan\u0131z, sipari\u015f adetinizi, \u00e7anta \u00fczerine bas\u0131lacak g\u00f6rseli ve ebat bilgisi ile birlikte ileti\u015fim k\u0131sm\u0131nda bulunan e-mail adresimize l\u00fctfen e-mail at\u0131n\u0131z, M\u00fc\u015fteri temsilcimiz ayn\u0131 g\u00fcn i\u00e7inde cevap verecektir.<\/span><\/font><\/div>\n<div><font color=\"#222222\" face=\"Verdana, serif, arial\"><span style=\"font-size: 13.33px;\"><br \/><\/span><\/font><\/div>\n<div><font color=\"#222222\" face=\"Verdana, serif, arial\"><span style=\"font-size: 13.33px;\">Promosyon kanvas bez \u00e7antalar\u0131nda kullan\u0131lan kuma\u015f kal\u0131nl\u0131klar\u0131 ortalama 300 gr. a\u011f\u0131rl\u0131\u011f\u0131ndad\u0131r. Daha ince veya daha kal\u0131n kuma\u015flar tercih edilebilir. Renkli veya ham renk kuma\u015f \u00fcretim yap\u0131labilir.<\/span><\/font><\/div>\n<div><font color=\"#222222\" face=\"Verdana, serif, arial\"><span style=\"font-size: 13.33px;\"><br \/><\/span><\/font><\/div>\n<div><font color=\"#222222\" face=\"Verdana, serif, arial\"><span style=\"font-size: 13.33px;\">Gabardin veya kanvas postac\u0131 model \u00e7antalar\u0131n ortalama imalat s\u00fcreleri sipari\u015f adeti ile orant\u0131l\u0131 olarak ortalama 10 g\u00fcnd\u00fcr. \u00c7anta \u00fczerine emprime bask\u0131, transfer bask\u0131, nak\u0131\u015f bask\u0131, dijital bask\u0131 veya ofset bask\u0131lar yap\u0131labilmektedir. Bask\u0131 tekni\u011fi logodaki renk say\u0131s\u0131na g\u00f6re veya b\u00fct\u00e7e ile alakal\u0131d\u0131r.&nbsp;<\/span><\/font><\/div>\n<div><font color=\"#222222\" face=\"Verdana, serif, arial\"><span style=\"font-size: 13.33px;\"><br \/><\/span><\/font><\/div>\n<div><font color=\"#222222\" face=\"Verdana, serif, arial\"><span style=\"font-size: 13.33px;\">Bez \u00e7anta gurubunda bulunan farkl\u0131 kal\u0131nl\u0131ktaki kuma\u015flar %100 pamuk olduklar\u0131 i\u00e7in geri d\u00f6n\u00fc\u015f\u00fcml\u00fc ve \u00e7evre dostu olarak kabul edilir. Ham bez \u00e7antalar kendi do\u011fal ham renginde veya renkli olarak tercih edilebilir.<\/span><\/font><\/div>\n<div><font color=\"#222222\" face=\"Verdana, serif, arial\"><span style=\"font-size: 13.33px;\"><br \/><\/span><\/font><\/div>\n<div><font color=\"#222222\" face=\"Verdana, serif, arial\"><span style=\"font-size: 13.33px;\">Promosyon kanvas bez \u00e7antalar Promosyon ama\u00e7l\u0131 Fuar ve Sempozyum gibi Her T\u00fcrl\u00fc etkinliklerinizde kullanabilece\u011finiz, m\u00fc\u015fterilerinize hediye edebilece\u011finiz, kullan\u0131\u015fl\u0131 bir Promosyon \u00fcr\u00fcn\u00fcd\u00fcr.<\/span><\/font><\/div>\n","protected":false},"excerpt":{"rendered":"<p>En: 25 cm Y\u00fckseklik: 35 cm K\u00f6r\u00fck: 8 cm&nbsp; 300 gr. Gabardin kuma\u015f \u0130malat s\u00fcresi ortalama 7 i\u015f g\u00fcn\u00fc Kanvas bez \u00e7anta sipari\u015f vermeyi d\u00fc\u015f\u00fcn\u00fcyorsan\u0131z veya fiyat bilgisi almak istiyorsan\u0131z, sipari\u015f adetinizi, \u00e7anta \u00fczerine bas\u0131lacak g\u00f6rseli ve ebat bilgisi ile birlikte ileti\u015fim k\u0131sm\u0131nda bulunan e-mail adresimize l\u00fctfen e-mail at\u0131n\u0131z, M\u00fc\u015fteri temsilcimiz ayn\u0131 g\u00fcn i\u00e7inde cevap&hellip;<\/p>\n","protected":false},"featured_media":37218,"comment_status":"open","ping_status":"closed","template":"","meta":[],"product_brand":[],"product_cat":[789,223],"product_tag":[717,799,728,738],"class_list":{"0":"post-37150","1":"product","2":"type-product","3":"status-publish","4":"has-post-thumbnail","6":"product_cat-postaci-omuz-cantasi","7":"product_cat-hambez-canta","8":"product_tag-bez-canta","9":"product_tag-bez-canta-imalatcilari","10":"product_tag-bez-canta-istoc","11":"product_tag-kanvas-bez-canta","12":"description-off","14":"first","15":"instock","16":"shipping-taxable","17":"purchasable","18":"product-type-simple"},"yoast_head":"<!-- This site is optimized with the Yoast SEO plugin v26.6 - https:\/\/yoast.com\/wordpress\/plugins\/seo\/ -->\n<title>Kanvas Bez \u00c7anta - Tekno \u00c7anta - Promosyon Toptan \u00c7anta \u0130malat\u0131<\/title>\n<meta name=\"robots\" content=\"index, follow, max-snippet:-1, max-image-preview:large, max-video-preview:-1\" \/>\n<link rel=\"canonical\" href=\"https:\/\/www.teknocanta.com\/kanvas-bez-canta\/\" \/>\n<meta property=\"og:locale\" content=\"en_US\" \/>\n<meta property=\"og:type\" content=\"article\" \/>\n<meta property=\"og:title\" content=\"Kanvas Bez \u00c7anta - Tekno \u00c7anta - Promosyon Toptan \u00c7anta \u0130malat\u0131\" \/>\n<meta property=\"og:description\" content=\"En: 25 cm Y\u00fckseklik: 35 cm K\u00f6r\u00fck: 8 cm&nbsp; 300 gr. Gabardin kuma\u015f \u0130malat s\u00fcresi ortalama 7 i\u015f g\u00fcn\u00fc Kanvas bez \u00e7anta sipari\u015f vermeyi d\u00fc\u015f\u00fcn\u00fcyorsan\u0131z veya fiyat bilgisi almak istiyorsan\u0131z, sipari\u015f adetinizi, \u00e7anta \u00fczerine bas\u0131lacak g\u00f6rseli ve ebat bilgisi ile birlikte ileti\u015fim k\u0131sm\u0131nda bulunan e-mail adresimize l\u00fctfen e-mail at\u0131n\u0131z, M\u00fc\u015fteri temsilcimiz ayn\u0131 g\u00fcn i\u00e7inde cevap&hellip;\" \/>\n<meta property=\"og:url\" content=\"https:\/\/www.teknocanta.com\/kanvas-bez-canta\/\" \/>\n<meta property=\"og:site_name\" content=\"Tekno \u00c7anta - Promosyon Toptan \u00c7anta \u0130malat\u0131\" \/>\n<meta property=\"article:modified_time\" content=\"2026-02-15T11:13:44+00:00\" \/>\n<meta property=\"og:image\" content=\"https:\/\/www.teknocanta.com\/wp-content\/uploads\/2021\/10\/kanvas_bez_canta500x550.jpeg\" \/>\n\t<meta property=\"og:image:width\" content=\"600\" \/>\n\t<meta property=\"og:image:height\" content=\"600\" \/>\n\t<meta property=\"og:image:type\" content=\"image\/jpeg\" \/>\n<meta name=\"twitter:card\" content=\"summary_large_image\" \/>\n<meta name=\"twitter:label1\" content=\"Est. reading time\" \/>\n\t<meta name=\"twitter:data1\" content=\"1 minute\" \/>\n<script type=\"application\/ld+json\" class=\"yoast-schema-graph\">{\"@context\":\"https:\/\/schema.org\",\"@graph\":[{\"@type\":\"WebPage\",\"@id\":\"https:\/\/www.teknocanta.com\/kanvas-bez-canta\/\",\"url\":\"https:\/\/www.teknocanta.com\/kanvas-bez-canta\/\",\"name\":\"Kanvas Bez \u00c7anta - Tekno \u00c7anta - Promosyon Toptan \u00c7anta \u0130malat\u0131\",\"isPartOf\":{\"@id\":\"https:\/\/www.teknocanta.com\/#website\"},\"primaryImageOfPage\":{\"@id\":\"https:\/\/www.teknocanta.com\/kanvas-bez-canta\/#primaryimage\"},\"image\":{\"@id\":\"https:\/\/www.teknocanta.com\/kanvas-bez-canta\/#primaryimage\"},\"thumbnailUrl\":\"https:\/\/www.teknocanta.com\/wp-content\/uploads\/2021\/10\/kanvas_bez_canta500x550.jpeg\",\"datePublished\":\"2021-10-14T12:50:03+00:00\",\"dateModified\":\"2026-02-15T11:13:44+00:00\",\"breadcrumb\":{\"@id\":\"https:\/\/www.teknocanta.com\/kanvas-bez-canta\/#breadcrumb\"},\"inLanguage\":\"en-US\",\"potentialAction\":[{\"@type\":\"ReadAction\",\"target\":[\"https:\/\/www.teknocanta.com\/kanvas-bez-canta\/\"]}]},{\"@type\":\"ImageObject\",\"inLanguage\":\"en-US\",\"@id\":\"https:\/\/www.teknocanta.com\/kanvas-bez-canta\/#primaryimage\",\"url\":\"https:\/\/www.teknocanta.com\/wp-content\/uploads\/2021\/10\/kanvas_bez_canta500x550.jpeg\",\"contentUrl\":\"https:\/\/www.teknocanta.com\/wp-content\/uploads\/2021\/10\/kanvas_bez_canta500x550.jpeg\",\"width\":600,\"height\":600},{\"@type\":\"BreadcrumbList\",\"@id\":\"https:\/\/www.teknocanta.com\/kanvas-bez-canta\/#breadcrumb\",\"itemListElement\":[{\"@type\":\"ListItem\",\"position\":1,\"name\":\"Ana sayfa\",\"item\":\"https:\/\/www.teknocanta.com\/en\/\"},{\"@type\":\"ListItem\",\"position\":2,\"name\":\"\u00dcr\u00fcnler\",\"item\":\"https:\/\/www.teknocanta.com\/urunler\/\"},{\"@type\":\"ListItem\",\"position\":3,\"name\":\"Kanvas Bez \u00c7anta\"}]},{\"@type\":\"WebSite\",\"@id\":\"https:\/\/www.teknocanta.com\/#website\",\"url\":\"https:\/\/www.teknocanta.com\/\",\"name\":\"Tekno \u00c7anta - Promosyon Toptan \u00c7anta \u0130malat\u0131\",\"description\":\"Toptan \u00e7anta imalat\u0131, ham bez \u00e7anta, s\u0131rt \u00e7antalar\u0131, laptop ve evrak \u00e7antalar\u0131, kongre \u00e7antalar\u0131, fuar \u00e7antas\u0131 ve ipli b\u00fczg\u00fcl\u00fc \u00e7anta imalat\u0131 yapmaktay\u0131z.\",\"potentialAction\":[{\"@type\":\"SearchAction\",\"target\":{\"@type\":\"EntryPoint\",\"urlTemplate\":\"https:\/\/www.teknocanta.com\/?s={search_term_string}\"},\"query-input\":{\"@type\":\"PropertyValueSpecification\",\"valueRequired\":true,\"valueName\":\"search_term_string\"}}],\"inLanguage\":\"en-US\"}]}<\/script>\n<!-- \/ Yoast SEO plugin. -->","yoast_head_json":{"title":"Kanvas Bez \u00c7anta - Tekno \u00c7anta - Promosyon Toptan \u00c7anta \u0130malat\u0131","robots":{"index":"index","follow":"follow","max-snippet":"max-snippet:-1","max-image-preview":"max-image-preview:large","max-video-preview":"max-video-preview:-1"},"canonical":"https:\/\/www.teknocanta.com\/kanvas-bez-canta\/","og_locale":"en_US","og_type":"article","og_title":"Kanvas Bez \u00c7anta - Tekno \u00c7anta - Promosyon Toptan \u00c7anta \u0130malat\u0131","og_description":"En: 25 cm Y\u00fckseklik: 35 cm K\u00f6r\u00fck: 8 cm&nbsp; 300 gr. Gabardin kuma\u015f \u0130malat s\u00fcresi ortalama 7 i\u015f g\u00fcn\u00fc Kanvas bez \u00e7anta sipari\u015f vermeyi d\u00fc\u015f\u00fcn\u00fcyorsan\u0131z veya fiyat bilgisi almak istiyorsan\u0131z, sipari\u015f adetinizi, \u00e7anta \u00fczerine bas\u0131lacak g\u00f6rseli ve ebat bilgisi ile birlikte ileti\u015fim k\u0131sm\u0131nda bulunan e-mail adresimize l\u00fctfen e-mail at\u0131n\u0131z, M\u00fc\u015fteri temsilcimiz ayn\u0131 g\u00fcn i\u00e7inde cevap&hellip;","og_url":"https:\/\/www.teknocanta.com\/kanvas-bez-canta\/","og_site_name":"Tekno \u00c7anta - Promosyon Toptan \u00c7anta \u0130malat\u0131","article_modified_time":"2026-02-15T11:13:44+00:00","og_image":[{"width":600,"height":600,"url":"https:\/\/www.teknocanta.com\/wp-content\/uploads\/2021\/10\/kanvas_bez_canta500x550.jpeg","type":"image\/jpeg"}],"twitter_card":"summary_large_image","twitter_misc":{"Est. reading time":"1 minute"},"schema":{"@context":"https:\/\/schema.org","@graph":[{"@type":"WebPage","@id":"https:\/\/www.teknocanta.com\/kanvas-bez-canta\/","url":"https:\/\/www.teknocanta.com\/kanvas-bez-canta\/","name":"Kanvas Bez \u00c7anta - Tekno \u00c7anta - Promosyon Toptan \u00c7anta \u0130malat\u0131","isPartOf":{"@id":"https:\/\/www.teknocanta.com\/#website"},"primaryImageOfPage":{"@id":"https:\/\/www.teknocanta.com\/kanvas-bez-canta\/#primaryimage"},"image":{"@id":"https:\/\/www.teknocanta.com\/kanvas-bez-canta\/#primaryimage"},"thumbnailUrl":"https:\/\/www.teknocanta.com\/wp-content\/uploads\/2021\/10\/kanvas_bez_canta500x550.jpeg","datePublished":"2021-10-14T12:50:03+00:00","dateModified":"2026-02-15T11:13:44+00:00","breadcrumb":{"@id":"https:\/\/www.teknocanta.com\/kanvas-bez-canta\/#breadcrumb"},"inLanguage":"en-US","potentialAction":[{"@type":"ReadAction","target":["https:\/\/www.teknocanta.com\/kanvas-bez-canta\/"]}]},{"@type":"ImageObject","inLanguage":"en-US","@id":"https:\/\/www.teknocanta.com\/kanvas-bez-canta\/#primaryimage","url":"https:\/\/www.teknocanta.com\/wp-content\/uploads\/2021\/10\/kanvas_bez_canta500x550.jpeg","contentUrl":"https:\/\/www.teknocanta.com\/wp-content\/uploads\/2021\/10\/kanvas_bez_canta500x550.jpeg","width":600,"height":600},{"@type":"BreadcrumbList","@id":"https:\/\/www.teknocanta.com\/kanvas-bez-canta\/#breadcrumb","itemListElement":[{"@type":"ListItem","position":1,"name":"Ana sayfa","item":"https:\/\/www.teknocanta.com\/en\/"},{"@type":"ListItem","position":2,"name":"\u00dcr\u00fcnler","item":"https:\/\/www.teknocanta.com\/urunler\/"},{"@type":"ListItem","position":3,"name":"Kanvas Bez \u00c7anta"}]},{"@type":"WebSite","@id":"https:\/\/www.teknocanta.com\/#website","url":"https:\/\/www.teknocanta.com\/","name":"Tekno \u00c7anta - Promosyon Toptan \u00c7anta \u0130malat\u0131","description":"Toptan \u00e7anta imalat\u0131, ham bez \u00e7anta, s\u0131rt \u00e7antalar\u0131, laptop ve evrak \u00e7antalar\u0131, kongre \u00e7antalar\u0131, fuar \u00e7antas\u0131 ve ipli b\u00fczg\u00fcl\u00fc \u00e7anta imalat\u0131 yapmaktay\u0131z.","potentialAction":[{"@type":"SearchAction","target":{"@type":"EntryPoint","urlTemplate":"https:\/\/www.teknocanta.com\/?s={search_term_string}"},"query-input":{"@type":"PropertyValueSpecification","valueRequired":true,"valueName":"search_term_string"}}],"inLanguage":"en-US"}]}},"_links":{"self":[{"href":"https:\/\/www.teknocanta.com\/en\/wp-json\/wp\/v2\/product\/37150","targetHints":{"allow":["GET"]}}],"collection":[{"href":"https:\/\/www.teknocanta.com\/en\/wp-json\/wp\/v2\/product"}],"about":[{"href":"https:\/\/www.teknocanta.com\/en\/wp-json\/wp\/v2\/types\/product"}],"replies":[{"embeddable":true,"href":"https:\/\/www.teknocanta.com\/en\/wp-json\/wp\/v2\/comments?post=37150"}],"wp:featuredmedia":[{"embeddable":true,"href":"https:\/\/www.teknocanta.com\/en\/wp-json\/wp\/v2\/media\/37218"}],"wp:attachment":[{"href":"https:\/\/www.teknocanta.com\/en\/wp-json\/wp\/v2\/media?parent=37150"}],"wp:term":[{"taxonomy":"product_brand","embeddable":true,"href":"https:\/\/www.teknocanta.com\/en\/wp-json\/wp\/v2\/product_brand?post=37150"},{"taxonomy":"product_cat","embeddable":true,"href":"https:\/\/www.teknocanta.com\/en\/wp-json\/wp\/v2\/product_cat?post=37150"},{"taxonomy":"product_tag","embeddable":true,"href":"https:\/\/www.teknocanta.com\/en\/wp-json\/wp\/v2\/product_tag?post=37150"}],"curies":[{"name":"wp","href":"https:\/\/api.w.org\/{rel}","templated":true}]}}