{"id":37149,"date":"2021-10-14T15:50:03","date_gmt":"2021-10-14T12:50:03","guid":{"rendered":"https:\/\/www.teknocanta.com\/?post_type=product&#038;p=37149"},"modified":"2025-10-06T04:31:04","modified_gmt":"2025-10-06T01:31:04","slug":"renkli-ham-bez-ipli-canta","status":"publish","type":"product","link":"https:\/\/www.teknocanta.com\/en\/urun\/renkli-ham-bez-ipli-canta\/","title":{"rendered":"Renkli Ham Bez \u0130pli \u00c7anta"},"content":{"rendered":"<div><font color=\"#222222\"><span style=\"font-size: 13.3333px;\">Renkli Ham Bez \u0130pli \u00c7anta<\/span><\/font><\/div>\n<div><font color=\"#222222\"><br \/><\/font><\/div>\n<div><font color=\"#222222\"><span style=\"font-size: 13.3333px;\">32&#215;45 cm ebat<\/span><\/font><\/div>\n<div><font color=\"#222222\"><span style=\"font-size: 13.3333px;\">46 tel\/140 gr ham bez kuma\u015f<\/span><\/font><\/div>\n<div><font color=\"#222222\"><span style=\"font-size: 13.3333px;\">Boyanm\u0131\u015f ham kuma\u015f<\/span><\/font><\/div>\n<div><\/div>\n<div><font color=\"#222222\"><span style=\"font-size: 13.3333px;\">Resimdeki gibi ku\u015f g\u00f6z\u00fc istenir ise fiyat art\u0131\u015f\u0131 olacakt\u0131r.<\/span><\/font><\/div>\n<div><font color=\"#222222\"><span style=\"font-size: 13.3333px;\">&nbsp;<\/span><\/font><\/div>\n<div><font color=\"#222222\"><span style=\"font-size: 13.3333px;\">Farkl\u0131 adet ve ebatlardaki fiyat istekleriniz i\u00e7in ileti\u015fim k\u0131sm\u0131ndaki mail adresimize mail atarak fiyat isteyebilirsiniz.<\/span><\/font><\/div>\n<div><font color=\"#222222\"><span style=\"font-size: 13.3333px;\">&nbsp;<\/span><\/font><\/div>\n<div><font color=\"#222222\"><span style=\"font-size: 13.3333px;\">\u0130pli b\u00fczg\u00fcl\u00fc Ham renkli bez \u00e7anta sipari\u015f vermeyi d\u00fc\u015f\u00fcn\u00fcyorsan\u0131z veya fiyat bilgisi almak istiyorsan\u0131z, sipari\u015f adetinizi, \u00e7anta \u00fczerine bas\u0131lacak g\u00f6rseli ve ebat bilgisi ile birlikte ileti\u015fim k\u0131sm\u0131nda bulunan e-mail adresimize l\u00fctfen e-mail at\u0131n\u0131z. Bask\u0131daki renk say\u0131s\u0131, bas\u0131lacak g\u00f6rsele g\u00f6re bask\u0131 tekni\u011fi ve sipari\u015f adedi fiyat\u0131 etkileyen unsurlard\u0131r. M\u00fc\u015fteri temsilcimiz ayn\u0131 g\u00fcn i\u00e7erisinde en k\u0131sa zamanda taraf\u0131n\u0131za d\u00f6n\u00fc\u015f sa\u011flayacakt\u0131r.&nbsp;<\/span><\/font><\/div>\n<div><font color=\"#222222\"><span style=\"font-size: 13.3333px;\">&nbsp;<\/span><\/font><\/div>\n<div><font color=\"#222222\"><span style=\"font-size: 13.3333px;\">Promosyon renkli ipli b\u00fczg\u00fcl\u00fc ham bez \u00e7antalarda kullan\u0131lan kuma\u015f kal\u0131nl\u0131klar\u0131 ortalama 46 tel\/140 gr\/m2 a\u011f\u0131rl\u0131\u011f\u0131ndad\u0131r. En \u00e7ok tercih edilen ebat 32&#215;45 cm b\u00fcy\u00fckl\u00fc\u011f\u00fcndedir.<\/span><\/font><\/div>\n<div><font color=\"#222222\"><span style=\"font-size: 13.3333px;\"><br \/><\/span><\/font><\/div>\n<div><font color=\"#222222\"><span style=\"font-size: 13.3333px;\">\u0130pli b\u00fczg\u00fcl\u00fc renkli ham bez \u00e7antalar\u0131n ortalama imalat s\u00fcreleri bir haftad\u0131r, i\u015fin \u00f6nemine g\u00f6re daha erken de verilebilir. Logonuzdaki renk say\u0131s\u0131na g\u00f6re bir renk veya \u00e7ok renkli bask\u0131lar yap\u0131labilmektedir. Bas\u0131lacak g\u00f6rsele g\u00f6re farkl\u0131 bask\u0131 teknikleri kullan\u0131labilir. Bask\u0131 \u00e7antan\u0131n bir y\u00fcz\u00fcne dilerseniz iki taraf\u0131na da yap\u0131labilir. \u00c7anta \u00fczerine bas\u0131lacak g\u00f6rsel \u00e7antan\u0131n bir k\u0131sm\u0131na veya tamam\u0131n\u0131 kaplayacak \u015fekilde bas\u0131labilmektedir. Ekonomik olmas\u0131 a\u00e7\u0131s\u0131ndan Genelde tek tarafa tek renk bask\u0131 tercih edilmektedir,&nbsp;<\/span><\/font><\/div>\n<div><font color=\"#222222\"><span style=\"font-size: 13.3333px;\">&nbsp;<\/span><\/font><\/div>\n<div><font color=\"#222222\"><span style=\"font-size: 13.3333px;\">\u0130pli b\u00fczg\u00fcl\u00fc Ham renkli bez \u00e7antalar %100 pamuktan \u00fcretilmi\u015ftir, geri d\u00f6n\u00fc\u015f\u00fcml\u00fc ve \u00e7evreci bir \u00fcr\u00fcn oldu\u011fundan dolay\u0131 en \u00e7ok tercih edilen \u00e7anta t\u00fcrlerindendir. \u0130pli b\u00fczg\u00fcl\u00fc ham bez \u00e7antalar kendi do\u011fal ham renklerindedir. M\u00fc\u015fteri tercihine g\u00f6re Ham renkteki kuma\u015flar boyanarak istenilen renge \u00e7evrilebilir. Bu durum fiyat\u0131 fazlaca art\u0131rd\u0131\u011f\u0131ndan dolay\u0131 \u00e7ok tercih edilen bir durum de\u011fildir. \u0130pli b\u00fczg\u00fcl\u00fc ham bez \u00e7antalar\u0131 elde veya \u00e7ama\u015f\u0131r makinesinde y\u0131kaman\u0131zda mahsur yoktur, \u00fcr\u00fcn\u00fcn y\u0131kanmas\u0131 \u00fczerindeki bask\u0131n\u0131n \u00e7\u0131kmas\u0131na sebep olmaz.<\/span><\/font><\/div>\n<div><font color=\"#222222\"><span style=\"font-size: 13.3333px;\">&nbsp;<\/span><\/font><\/div>\n<div><font color=\"#222222\"><span style=\"font-size: 13.3333px;\">Renkli \u0130pli b\u00fczg\u00fcl\u00fc ham bez \u00e7antalar Promosyon ama\u00e7l\u0131 Fuar ve Sempozyum gibi Her T\u00fcrl\u00fc etkinliklerinizde kullanabilece\u011finiz, m\u00fc\u015fterilerinize hediye edebilece\u011finiz, kullan\u0131\u015fl\u0131 bir Promosyon \u00fcr\u00fcn\u00fcd\u00fcr,&nbsp;<\/span><\/font><\/div>\n<div><font color=\"#222222\"><span style=\"font-size: 13.3333px;\">&nbsp;<\/span><\/font><\/div>\n<div><font color=\"#222222\"><span style=\"font-size: 13.3333px;\">\u015eirketinizin konumuna g\u00f6re \u00fcr\u00fcnleri teslim edebiliriz veya anla\u015fmal\u0131 oldu\u011fumuz kargo \u015firketi ile t\u00fcm T\u00fcrkiye&#8217;ye ula\u015ft\u0131rmaktay\u0131z.<\/span><\/font><\/div>\n","protected":false},"excerpt":{"rendered":"<p>Renkli Ham Bez \u0130pli \u00c7anta 32&#215;45 cm ebat 46 tel\/140 gr ham bez kuma\u015f Boyanm\u0131\u015f ham kuma\u015f Resimdeki gibi ku\u015f g\u00f6z\u00fc istenir ise fiyat art\u0131\u015f\u0131 olacakt\u0131r. &nbsp; Farkl\u0131 adet ve ebatlardaki fiyat istekleriniz i\u00e7in ileti\u015fim k\u0131sm\u0131ndaki mail adresimize mail atarak fiyat isteyebilirsiniz. &nbsp; \u0130pli b\u00fczg\u00fcl\u00fc Ham renkli bez \u00e7anta sipari\u015f vermeyi d\u00fc\u015f\u00fcn\u00fcyorsan\u0131z veya fiyat bilgisi&hellip;<\/p>\n","protected":false},"featured_media":37213,"comment_status":"open","ping_status":"closed","template":"","meta":[],"product_brand":[],"product_cat":[763,223],"product_tag":[706,707,708,717,718,719,720,709,372,721,373,722,374,202,714,203,715,723,713,716,724],"class_list":{"0":"post-37149","1":"product","2":"type-product","3":"status-publish","4":"has-post-thumbnail","6":"product_cat-ipli-buzgulu-canta-2","7":"product_cat-hambez-canta","8":"product_tag-baskili-bez-canta-fiyatlari","9":"product_tag-baskili-ham-bez-canta","10":"product_tag-baskisiz-ham-bez-canta","11":"product_tag-bez-canta","12":"product_tag-bez-canta-satin-al","13":"product_tag-bez-torba-fiyatlari","14":"product_tag-buzgulu-bez-torba","15":"product_tag-fuar-cantalari","16":"product_tag-ham-bez-canta","17":"product_tag-ham-bez-canta-fiyat","18":"product_tag-ham-bez-canta-fiyatlari","19":"product_tag-ham-bez-canta-imalatcilari","20":"product_tag-ham-bez-canta-imalati","21":"product_tag-ham-bez-canta-toptan","22":"product_tag-istanbul-bez-canta","23":"product_tag-kumas-cantalar","24":"product_tag-promosyon","25":"product_tag-promosyon-bez-canta","26":"product_tag-promosyon-bez-canta-fiyatlari","27":"product_tag-siyah-bez-canta","28":"product_tag-toptan-canta","29":"description-off","31":"first","32":"instock","33":"shipping-taxable","34":"purchasable","35":"product-type-simple"},"yoast_head":"<!-- This site is optimized with the Yoast SEO plugin v26.6 - https:\/\/yoast.com\/wordpress\/plugins\/seo\/ -->\n<title>Renkli Ham Bez \u0130pli \u00c7anta - Tekno \u00c7anta - Promosyon Toptan \u00c7anta \u0130malat\u0131<\/title>\n<meta name=\"robots\" content=\"index, follow, max-snippet:-1, max-image-preview:large, max-video-preview:-1\" \/>\n<link rel=\"canonical\" href=\"https:\/\/www.teknocanta.com\/renkli-ham-bez-ipli-canta\/\" \/>\n<meta property=\"og:locale\" content=\"en_US\" \/>\n<meta property=\"og:type\" content=\"article\" \/>\n<meta property=\"og:title\" content=\"Renkli Ham Bez \u0130pli \u00c7anta - Tekno \u00c7anta - Promosyon Toptan \u00c7anta \u0130malat\u0131\" \/>\n<meta property=\"og:description\" content=\"Renkli Ham Bez \u0130pli \u00c7anta 32&#215;45 cm ebat 46 tel\/140 gr ham bez kuma\u015f Boyanm\u0131\u015f ham kuma\u015f Resimdeki gibi ku\u015f g\u00f6z\u00fc istenir ise fiyat art\u0131\u015f\u0131 olacakt\u0131r. &nbsp; Farkl\u0131 adet ve ebatlardaki fiyat istekleriniz i\u00e7in ileti\u015fim k\u0131sm\u0131ndaki mail adresimize mail atarak fiyat isteyebilirsiniz. &nbsp; \u0130pli b\u00fczg\u00fcl\u00fc Ham renkli bez \u00e7anta sipari\u015f vermeyi d\u00fc\u015f\u00fcn\u00fcyorsan\u0131z veya fiyat bilgisi&hellip;\" \/>\n<meta property=\"og:url\" content=\"https:\/\/www.teknocanta.com\/renkli-ham-bez-ipli-canta\/\" \/>\n<meta property=\"og:site_name\" content=\"Tekno \u00c7anta - Promosyon Toptan \u00c7anta \u0130malat\u0131\" \/>\n<meta property=\"article:modified_time\" content=\"2025-10-06T01:31:04+00:00\" \/>\n<meta property=\"og:image\" content=\"https:\/\/www.teknocanta.com\/wp-content\/uploads\/2021\/10\/iplirenklitorba600x600.jpeg\" \/>\n\t<meta property=\"og:image:width\" content=\"600\" \/>\n\t<meta property=\"og:image:height\" content=\"600\" \/>\n\t<meta property=\"og:image:type\" content=\"image\/jpeg\" \/>\n<meta name=\"twitter:card\" content=\"summary_large_image\" \/>\n<meta name=\"twitter:label1\" content=\"Est. reading time\" \/>\n\t<meta name=\"twitter:data1\" content=\"2 minutes\" \/>\n<script type=\"application\/ld+json\" class=\"yoast-schema-graph\">{\"@context\":\"https:\/\/schema.org\",\"@graph\":[{\"@type\":\"WebPage\",\"@id\":\"https:\/\/www.teknocanta.com\/renkli-ham-bez-ipli-canta\/\",\"url\":\"https:\/\/www.teknocanta.com\/renkli-ham-bez-ipli-canta\/\",\"name\":\"Renkli Ham Bez \u0130pli \u00c7anta - Tekno \u00c7anta - Promosyon Toptan \u00c7anta \u0130malat\u0131\",\"isPartOf\":{\"@id\":\"https:\/\/www.teknocanta.com\/#website\"},\"primaryImageOfPage\":{\"@id\":\"https:\/\/www.teknocanta.com\/renkli-ham-bez-ipli-canta\/#primaryimage\"},\"image\":{\"@id\":\"https:\/\/www.teknocanta.com\/renkli-ham-bez-ipli-canta\/#primaryimage\"},\"thumbnailUrl\":\"https:\/\/www.teknocanta.com\/wp-content\/uploads\/2021\/10\/iplirenklitorba600x600.jpeg\",\"datePublished\":\"2021-10-14T12:50:03+00:00\",\"dateModified\":\"2025-10-06T01:31:04+00:00\",\"breadcrumb\":{\"@id\":\"https:\/\/www.teknocanta.com\/renkli-ham-bez-ipli-canta\/#breadcrumb\"},\"inLanguage\":\"en-US\",\"potentialAction\":[{\"@type\":\"ReadAction\",\"target\":[\"https:\/\/www.teknocanta.com\/renkli-ham-bez-ipli-canta\/\"]}]},{\"@type\":\"ImageObject\",\"inLanguage\":\"en-US\",\"@id\":\"https:\/\/www.teknocanta.com\/renkli-ham-bez-ipli-canta\/#primaryimage\",\"url\":\"https:\/\/www.teknocanta.com\/wp-content\/uploads\/2021\/10\/iplirenklitorba600x600.jpeg\",\"contentUrl\":\"https:\/\/www.teknocanta.com\/wp-content\/uploads\/2021\/10\/iplirenklitorba600x600.jpeg\",\"width\":600,\"height\":600},{\"@type\":\"BreadcrumbList\",\"@id\":\"https:\/\/www.teknocanta.com\/renkli-ham-bez-ipli-canta\/#breadcrumb\",\"itemListElement\":[{\"@type\":\"ListItem\",\"position\":1,\"name\":\"Ana sayfa\",\"item\":\"https:\/\/www.teknocanta.com\/en\/\"},{\"@type\":\"ListItem\",\"position\":2,\"name\":\"\u00dcr\u00fcnler\",\"item\":\"https:\/\/www.teknocanta.com\/urunler\/\"},{\"@type\":\"ListItem\",\"position\":3,\"name\":\"Renkli Ham Bez \u0130pli \u00c7anta\"}]},{\"@type\":\"WebSite\",\"@id\":\"https:\/\/www.teknocanta.com\/#website\",\"url\":\"https:\/\/www.teknocanta.com\/\",\"name\":\"Tekno \u00c7anta - Promosyon Toptan \u00c7anta \u0130malat\u0131\",\"description\":\"Toptan \u00e7anta imalat\u0131, ham bez \u00e7anta, s\u0131rt \u00e7antalar\u0131, laptop ve evrak \u00e7antalar\u0131, kongre \u00e7antalar\u0131, fuar \u00e7antas\u0131 ve ipli b\u00fczg\u00fcl\u00fc \u00e7anta imalat\u0131 yapmaktay\u0131z.\",\"potentialAction\":[{\"@type\":\"SearchAction\",\"target\":{\"@type\":\"EntryPoint\",\"urlTemplate\":\"https:\/\/www.teknocanta.com\/?s={search_term_string}\"},\"query-input\":{\"@type\":\"PropertyValueSpecification\",\"valueRequired\":true,\"valueName\":\"search_term_string\"}}],\"inLanguage\":\"en-US\"}]}<\/script>\n<!-- \/ Yoast SEO plugin. -->","yoast_head_json":{"title":"Renkli Ham Bez \u0130pli \u00c7anta - Tekno \u00c7anta - Promosyon Toptan \u00c7anta \u0130malat\u0131","robots":{"index":"index","follow":"follow","max-snippet":"max-snippet:-1","max-image-preview":"max-image-preview:large","max-video-preview":"max-video-preview:-1"},"canonical":"https:\/\/www.teknocanta.com\/renkli-ham-bez-ipli-canta\/","og_locale":"en_US","og_type":"article","og_title":"Renkli Ham Bez \u0130pli \u00c7anta - Tekno \u00c7anta - Promosyon Toptan \u00c7anta \u0130malat\u0131","og_description":"Renkli Ham Bez \u0130pli \u00c7anta 32&#215;45 cm ebat 46 tel\/140 gr ham bez kuma\u015f Boyanm\u0131\u015f ham kuma\u015f Resimdeki gibi ku\u015f g\u00f6z\u00fc istenir ise fiyat art\u0131\u015f\u0131 olacakt\u0131r. &nbsp; Farkl\u0131 adet ve ebatlardaki fiyat istekleriniz i\u00e7in ileti\u015fim k\u0131sm\u0131ndaki mail adresimize mail atarak fiyat isteyebilirsiniz. &nbsp; \u0130pli b\u00fczg\u00fcl\u00fc Ham renkli bez \u00e7anta sipari\u015f vermeyi d\u00fc\u015f\u00fcn\u00fcyorsan\u0131z veya fiyat bilgisi&hellip;","og_url":"https:\/\/www.teknocanta.com\/renkli-ham-bez-ipli-canta\/","og_site_name":"Tekno \u00c7anta - Promosyon Toptan \u00c7anta \u0130malat\u0131","article_modified_time":"2025-10-06T01:31:04+00:00","og_image":[{"width":600,"height":600,"url":"https:\/\/www.teknocanta.com\/wp-content\/uploads\/2021\/10\/iplirenklitorba600x600.jpeg","type":"image\/jpeg"}],"twitter_card":"summary_large_image","twitter_misc":{"Est. reading time":"2 minutes"},"schema":{"@context":"https:\/\/schema.org","@graph":[{"@type":"WebPage","@id":"https:\/\/www.teknocanta.com\/renkli-ham-bez-ipli-canta\/","url":"https:\/\/www.teknocanta.com\/renkli-ham-bez-ipli-canta\/","name":"Renkli Ham Bez \u0130pli \u00c7anta - Tekno \u00c7anta - Promosyon Toptan \u00c7anta \u0130malat\u0131","isPartOf":{"@id":"https:\/\/www.teknocanta.com\/#website"},"primaryImageOfPage":{"@id":"https:\/\/www.teknocanta.com\/renkli-ham-bez-ipli-canta\/#primaryimage"},"image":{"@id":"https:\/\/www.teknocanta.com\/renkli-ham-bez-ipli-canta\/#primaryimage"},"thumbnailUrl":"https:\/\/www.teknocanta.com\/wp-content\/uploads\/2021\/10\/iplirenklitorba600x600.jpeg","datePublished":"2021-10-14T12:50:03+00:00","dateModified":"2025-10-06T01:31:04+00:00","breadcrumb":{"@id":"https:\/\/www.teknocanta.com\/renkli-ham-bez-ipli-canta\/#breadcrumb"},"inLanguage":"en-US","potentialAction":[{"@type":"ReadAction","target":["https:\/\/www.teknocanta.com\/renkli-ham-bez-ipli-canta\/"]}]},{"@type":"ImageObject","inLanguage":"en-US","@id":"https:\/\/www.teknocanta.com\/renkli-ham-bez-ipli-canta\/#primaryimage","url":"https:\/\/www.teknocanta.com\/wp-content\/uploads\/2021\/10\/iplirenklitorba600x600.jpeg","contentUrl":"https:\/\/www.teknocanta.com\/wp-content\/uploads\/2021\/10\/iplirenklitorba600x600.jpeg","width":600,"height":600},{"@type":"BreadcrumbList","@id":"https:\/\/www.teknocanta.com\/renkli-ham-bez-ipli-canta\/#breadcrumb","itemListElement":[{"@type":"ListItem","position":1,"name":"Ana sayfa","item":"https:\/\/www.teknocanta.com\/en\/"},{"@type":"ListItem","position":2,"name":"\u00dcr\u00fcnler","item":"https:\/\/www.teknocanta.com\/urunler\/"},{"@type":"ListItem","position":3,"name":"Renkli Ham Bez \u0130pli \u00c7anta"}]},{"@type":"WebSite","@id":"https:\/\/www.teknocanta.com\/#website","url":"https:\/\/www.teknocanta.com\/","name":"Tekno \u00c7anta - Promosyon Toptan \u00c7anta \u0130malat\u0131","description":"Toptan \u00e7anta imalat\u0131, ham bez \u00e7anta, s\u0131rt \u00e7antalar\u0131, laptop ve evrak \u00e7antalar\u0131, kongre \u00e7antalar\u0131, fuar \u00e7antas\u0131 ve ipli b\u00fczg\u00fcl\u00fc \u00e7anta imalat\u0131 yapmaktay\u0131z.","potentialAction":[{"@type":"SearchAction","target":{"@type":"EntryPoint","urlTemplate":"https:\/\/www.teknocanta.com\/?s={search_term_string}"},"query-input":{"@type":"PropertyValueSpecification","valueRequired":true,"valueName":"search_term_string"}}],"inLanguage":"en-US"}]}},"_links":{"self":[{"href":"https:\/\/www.teknocanta.com\/en\/wp-json\/wp\/v2\/product\/37149","targetHints":{"allow":["GET"]}}],"collection":[{"href":"https:\/\/www.teknocanta.com\/en\/wp-json\/wp\/v2\/product"}],"about":[{"href":"https:\/\/www.teknocanta.com\/en\/wp-json\/wp\/v2\/types\/product"}],"replies":[{"embeddable":true,"href":"https:\/\/www.teknocanta.com\/en\/wp-json\/wp\/v2\/comments?post=37149"}],"wp:featuredmedia":[{"embeddable":true,"href":"https:\/\/www.teknocanta.com\/en\/wp-json\/wp\/v2\/media\/37213"}],"wp:attachment":[{"href":"https:\/\/www.teknocanta.com\/en\/wp-json\/wp\/v2\/media?parent=37149"}],"wp:term":[{"taxonomy":"product_brand","embeddable":true,"href":"https:\/\/www.teknocanta.com\/en\/wp-json\/wp\/v2\/product_brand?post=37149"},{"taxonomy":"product_cat","embeddable":true,"href":"https:\/\/www.teknocanta.com\/en\/wp-json\/wp\/v2\/product_cat?post=37149"},{"taxonomy":"product_tag","embeddable":true,"href":"https:\/\/www.teknocanta.com\/en\/wp-json\/wp\/v2\/product_tag?post=37149"}],"curies":[{"name":"wp","href":"https:\/\/api.w.org\/{rel}","templated":true}]}}