{"id":37139,"date":"2021-10-14T15:50:01","date_gmt":"2021-10-14T12:50:01","guid":{"rendered":"https:\/\/www.teknocanta.com\/?post_type=product&#038;p=37139"},"modified":"2021-12-30T03:16:44","modified_gmt":"2021-12-30T00:16:44","slug":"baskisiz-bez-canta","status":"publish","type":"product","link":"https:\/\/www.teknocanta.com\/en\/urun\/baskisiz-bez-canta\/","title":{"rendered":"Bask\u0131s\u0131z Bez \u00c7anta"},"content":{"rendered":"<p class=\"MsoNormal\" style=\"color: rgb(110, 111, 112); line-height: normal; font-family: Verdana, serif, arial; font-size: 14px; margin-bottom: 0pt;\"><span style=\"color: rgb(34, 34, 34); font-size: 10pt;\">En: 35 cm<br \/>Y\u00fckseklik: 40 cm&nbsp;<\/span><span style=\"font-size: 10pt;\"><o:p><\/o:p><\/span><\/p>\n<p class=\"MsoNormal\" style=\"color: rgb(110, 111, 112); line-height: normal; font-family: Verdana, serif, arial; font-size: 14px; margin-bottom: 0pt;\"><span style=\"color: rgb(34, 34, 34); font-size: 10pt;\">ham bez kuma\u015f<\/span><span style=\"font-size: 10pt;\"><o:p><\/o:p><\/span><\/p>\n<p class=\"MsoNormal\" style=\"color: rgb(110, 111, 112); line-height: normal; font-family: Verdana, serif, arial; font-size: 14px; margin-bottom: 0pt;\"><span style=\"color: rgb(34, 34, 34); font-size: 10pt;\">2 taraf bask\u0131s\u0131z<\/span><span style=\"font-size: 10pt;\"><o:p><\/o:p><\/span><\/p>\n<p class=\"MsoNormal\" style=\"color: rgb(110, 111, 112); line-height: normal; font-family: Verdana, serif, arial; font-size: 14px; margin-bottom: 0pt;\"><span style=\"color: rgb(34, 34, 34); font-size: 10pt;\">Uzun sapl\u0131 model<\/span><span style=\"font-size: 10pt;\"><o:p><\/o:p><\/span><\/p>\n<p class=\"MsoNormal\" style=\"color: rgb(110, 111, 112); line-height: normal; font-family: Verdana, serif, arial; font-size: 14px; margin-bottom: 0pt;\"><span style=\"color: rgb(34, 34, 34); font-size: 10pt;\">Stoktan hemen teslim<\/span><\/p>\n<p class=\"MsoNormal\" style=\"color: rgb(110, 111, 112); line-height: normal; font-family: Verdana, serif, arial; font-size: 14px; margin-bottom: 0pt;\"><\/p>\n<p class=\"MsoNormal\" style=\"color: rgb(110, 111, 112); line-height: normal; font-family: Verdana, serif, arial; font-size: 14px; margin-bottom: 0pt;\"><span style=\"color: rgb(34, 34, 34); font-size: 10pt;\">Promosyon Bask\u0131s\u0131z Ham bez \u00e7antalarda kullan\u0131lan kuma\u015f kal\u0131nl\u0131klar\u0131 ortalama 46 tel\/140 gr\/m2 a\u011f\u0131rl\u0131\u011f\u0131ndad\u0131r. Ham bez \u00e7antalar\u0131n Kulp uzunluklar\u0131n\u0131 omuzdan ask\u0131l\u0131 uzun sapl\u0131 veya el tutmal\u0131 k\u0131sa sapl\u0131 olarak tercih edebilirsiniz. En \u00e7ok tercih edilen ebat 35&#215;40 cm b\u00fcy\u00fckl\u00fc\u011f\u00fcndedir. Yatay ve dikey olarak farkl\u0131 ebatlarda \u00fcretim yapmak m\u00fcmk\u00fcnd\u00fcr.&nbsp;<\/span><span style=\"font-size: 10pt;\"><o:p><\/o:p><\/span><\/p>\n<p class=\"MsoNormal\" style=\"color: rgb(110, 111, 112); line-height: normal; font-family: Verdana, serif, arial; font-size: 14px; margin-bottom: 0pt;\"><span style=\"font-size: 10pt;\">&nbsp;<o:p><\/o:p><\/span><\/p>\n<p class=\"MsoNormal\" style=\"color: rgb(110, 111, 112); line-height: normal; font-family: Verdana, serif, arial; font-size: 14px; margin-bottom: 0pt;\"><span style=\"color: rgb(34, 34, 34); font-size: 10pt;\">Bask\u0131s\u0131z Ham Bez \u00e7antalar stokta s\u00fcrekli bulunmaktad\u0131r. Stokta kalmayan zamanlar i\u00e7in imalat s\u00fcresi 2-3 g\u00fcnd\u00fcr. \u0130\u015fin \u00f6nemine g\u00f6re daha erken de verilebilir.<\/span><span style=\"font-size: 10pt;\"><o:p><\/o:p><\/span><\/p>\n<p class=\"MsoNormal\" style=\"color: rgb(110, 111, 112); line-height: normal; font-family: Verdana, serif, arial; font-size: 14px; margin-bottom: 0pt;\"><span style=\"font-size: 10pt;\">&nbsp;<o:p><\/o:p><\/span><\/p>\n<p class=\"MsoNormal\" style=\"color: rgb(110, 111, 112); line-height: normal; font-family: Verdana, serif, arial; font-size: 14px; margin-bottom: 0pt;\"><span style=\"color: rgb(34, 34, 34); font-size: 10pt;\">Bask\u0131s\u0131z Ham bez \u00e7antalar %100 pamuktan \u00fcretilmi\u015ftir, Geri d\u00f6n\u00fc\u015f\u00fcml\u00fc ve \u00e7evreci bir \u00fcr\u00fcn oldu\u011fundan dolay\u0131 en \u00e7ok tercih edilen \u00e7anta t\u00fcrlerindendir. Ham bez \u00e7antalar kendi do\u011fal ham renklerindedir. M\u00fc\u015fteri tercihine g\u00f6re Ham renkteki kuma\u015flar boyanarak istenilen renge \u00e7evrilebilir. Bu durum fiyat\u0131 fazlaca art\u0131rd\u0131\u011f\u0131ndan dolay\u0131 \u00e7ok tercih edilen bir durum de\u011fildir. Ham bez \u00e7antalar\u0131 elde veya \u00e7ama\u015f\u0131r makinesinde y\u0131kaman\u0131zda mahsur yoktur.<\/span><\/p>\n","protected":false},"excerpt":{"rendered":"<p>En: 35 cmY\u00fckseklik: 40 cm&nbsp; ham bez kuma\u015f 2 taraf bask\u0131s\u0131z Uzun sapl\u0131 model Stoktan hemen teslim Promosyon Bask\u0131s\u0131z Ham bez \u00e7antalarda kullan\u0131lan kuma\u015f kal\u0131nl\u0131klar\u0131 ortalama 46 tel\/140 gr\/m2 a\u011f\u0131rl\u0131\u011f\u0131ndad\u0131r. Ham bez \u00e7antalar\u0131n Kulp uzunluklar\u0131n\u0131 omuzdan ask\u0131l\u0131 uzun sapl\u0131 veya el tutmal\u0131 k\u0131sa sapl\u0131 olarak tercih edebilirsiniz. En \u00e7ok tercih edilen ebat 35&#215;40 cm b\u00fcy\u00fckl\u00fc\u011f\u00fcndedir.&hellip;<\/p>\n","protected":false},"featured_media":37177,"comment_status":"open","ping_status":"closed","template":"","meta":[],"product_brand":[],"product_cat":[223],"product_tag":[641,726,642,708,743,717,744,745,372,721,373,722,374,202,746,747,748,749,723,742],"class_list":{"0":"post-37139","1":"product","2":"type-product","3":"status-publish","4":"has-post-thumbnail","6":"product_cat-hambez-canta","7":"product_tag-baskisiz-bez-canta","8":"product_tag-baskisiz-bez-canta-imalat","9":"product_tag-baskisiz-bez-canta-toptan","10":"product_tag-baskisiz-ham-bez-canta","11":"product_tag-baskisiz-hambez-canta","12":"product_tag-bez-canta","13":"product_tag-bez-canta-imalati","14":"product_tag-bez-fuar-cantasi","15":"product_tag-ham-bez-canta","16":"product_tag-ham-bez-canta-fiyat","17":"product_tag-ham-bez-canta-fiyatlari","18":"product_tag-ham-bez-canta-imalatcilari","19":"product_tag-ham-bez-canta-imalati","20":"product_tag-ham-bez-canta-toptan","21":"product_tag-ham-bez-cantalar","22":"product_tag-hambez-canta","23":"product_tag-hambez-canta-imalati","24":"product_tag-hambez-canta-toptan","25":"product_tag-promosyon-bez-canta","26":"product_tag-toptan-bez-canta","27":"description-off","29":"first","30":"instock","31":"shipping-taxable","32":"purchasable","33":"product-type-simple"},"yoast_head":"<!-- This site is optimized with the Yoast SEO plugin v26.6 - https:\/\/yoast.com\/wordpress\/plugins\/seo\/ -->\n<title>Bask\u0131s\u0131z Bez \u00c7anta - Tekno \u00c7anta - Promosyon Toptan \u00c7anta \u0130malat\u0131<\/title>\n<meta name=\"robots\" content=\"index, follow, max-snippet:-1, max-image-preview:large, max-video-preview:-1\" \/>\n<link rel=\"canonical\" href=\"https:\/\/www.teknocanta.com\/baskisiz-bez-canta\/\" \/>\n<meta property=\"og:locale\" content=\"en_US\" \/>\n<meta property=\"og:type\" content=\"article\" \/>\n<meta property=\"og:title\" content=\"Bask\u0131s\u0131z Bez \u00c7anta - Tekno \u00c7anta - Promosyon Toptan \u00c7anta \u0130malat\u0131\" \/>\n<meta property=\"og:description\" content=\"En: 35 cmY\u00fckseklik: 40 cm&nbsp; ham bez kuma\u015f 2 taraf bask\u0131s\u0131z Uzun sapl\u0131 model Stoktan hemen teslim Promosyon Bask\u0131s\u0131z Ham bez \u00e7antalarda kullan\u0131lan kuma\u015f kal\u0131nl\u0131klar\u0131 ortalama 46 tel\/140 gr\/m2 a\u011f\u0131rl\u0131\u011f\u0131ndad\u0131r. Ham bez \u00e7antalar\u0131n Kulp uzunluklar\u0131n\u0131 omuzdan ask\u0131l\u0131 uzun sapl\u0131 veya el tutmal\u0131 k\u0131sa sapl\u0131 olarak tercih edebilirsiniz. En \u00e7ok tercih edilen ebat 35&#215;40 cm b\u00fcy\u00fckl\u00fc\u011f\u00fcndedir.&hellip;\" \/>\n<meta property=\"og:url\" content=\"https:\/\/www.teknocanta.com\/baskisiz-bez-canta\/\" \/>\n<meta property=\"og:site_name\" content=\"Tekno \u00c7anta - Promosyon Toptan \u00c7anta \u0130malat\u0131\" \/>\n<meta property=\"article:modified_time\" content=\"2021-12-30T00:16:44+00:00\" \/>\n<meta property=\"og:image\" content=\"https:\/\/www.teknocanta.com\/wp-content\/uploads\/2021\/10\/baskisiz_bez_canta500x550.jpg\" \/>\n\t<meta property=\"og:image:width\" content=\"600\" \/>\n\t<meta property=\"og:image:height\" content=\"600\" \/>\n\t<meta property=\"og:image:type\" content=\"image\/jpeg\" \/>\n<meta name=\"twitter:card\" content=\"summary_large_image\" \/>\n<meta name=\"twitter:label1\" content=\"Est. reading time\" \/>\n\t<meta name=\"twitter:data1\" content=\"1 minute\" \/>\n<script type=\"application\/ld+json\" class=\"yoast-schema-graph\">{\"@context\":\"https:\/\/schema.org\",\"@graph\":[{\"@type\":\"WebPage\",\"@id\":\"https:\/\/www.teknocanta.com\/baskisiz-bez-canta\/\",\"url\":\"https:\/\/www.teknocanta.com\/baskisiz-bez-canta\/\",\"name\":\"Bask\u0131s\u0131z Bez \u00c7anta - Tekno \u00c7anta - Promosyon Toptan \u00c7anta \u0130malat\u0131\",\"isPartOf\":{\"@id\":\"https:\/\/www.teknocanta.com\/#website\"},\"primaryImageOfPage\":{\"@id\":\"https:\/\/www.teknocanta.com\/baskisiz-bez-canta\/#primaryimage\"},\"image\":{\"@id\":\"https:\/\/www.teknocanta.com\/baskisiz-bez-canta\/#primaryimage\"},\"thumbnailUrl\":\"https:\/\/www.teknocanta.com\/wp-content\/uploads\/2021\/10\/baskisiz_bez_canta500x550.jpg\",\"datePublished\":\"2021-10-14T12:50:01+00:00\",\"dateModified\":\"2021-12-30T00:16:44+00:00\",\"breadcrumb\":{\"@id\":\"https:\/\/www.teknocanta.com\/baskisiz-bez-canta\/#breadcrumb\"},\"inLanguage\":\"en-US\",\"potentialAction\":[{\"@type\":\"ReadAction\",\"target\":[\"https:\/\/www.teknocanta.com\/baskisiz-bez-canta\/\"]}]},{\"@type\":\"ImageObject\",\"inLanguage\":\"en-US\",\"@id\":\"https:\/\/www.teknocanta.com\/baskisiz-bez-canta\/#primaryimage\",\"url\":\"https:\/\/www.teknocanta.com\/wp-content\/uploads\/2021\/10\/baskisiz_bez_canta500x550.jpg\",\"contentUrl\":\"https:\/\/www.teknocanta.com\/wp-content\/uploads\/2021\/10\/baskisiz_bez_canta500x550.jpg\",\"width\":600,\"height\":600},{\"@type\":\"BreadcrumbList\",\"@id\":\"https:\/\/www.teknocanta.com\/baskisiz-bez-canta\/#breadcrumb\",\"itemListElement\":[{\"@type\":\"ListItem\",\"position\":1,\"name\":\"Ana sayfa\",\"item\":\"https:\/\/www.teknocanta.com\/en\/\"},{\"@type\":\"ListItem\",\"position\":2,\"name\":\"\u00dcr\u00fcnler\",\"item\":\"https:\/\/www.teknocanta.com\/urunler\/\"},{\"@type\":\"ListItem\",\"position\":3,\"name\":\"Bask\u0131s\u0131z Bez \u00c7anta\"}]},{\"@type\":\"WebSite\",\"@id\":\"https:\/\/www.teknocanta.com\/#website\",\"url\":\"https:\/\/www.teknocanta.com\/\",\"name\":\"Tekno \u00c7anta - Promosyon Toptan \u00c7anta \u0130malat\u0131\",\"description\":\"Toptan \u00e7anta imalat\u0131, ham bez \u00e7anta, s\u0131rt \u00e7antalar\u0131, laptop ve evrak \u00e7antalar\u0131, kongre \u00e7antalar\u0131, fuar \u00e7antas\u0131 ve ipli b\u00fczg\u00fcl\u00fc \u00e7anta imalat\u0131 yapmaktay\u0131z.\",\"potentialAction\":[{\"@type\":\"SearchAction\",\"target\":{\"@type\":\"EntryPoint\",\"urlTemplate\":\"https:\/\/www.teknocanta.com\/?s={search_term_string}\"},\"query-input\":{\"@type\":\"PropertyValueSpecification\",\"valueRequired\":true,\"valueName\":\"search_term_string\"}}],\"inLanguage\":\"en-US\"}]}<\/script>\n<!-- \/ Yoast SEO plugin. -->","yoast_head_json":{"title":"Bask\u0131s\u0131z Bez \u00c7anta - Tekno \u00c7anta - Promosyon Toptan \u00c7anta \u0130malat\u0131","robots":{"index":"index","follow":"follow","max-snippet":"max-snippet:-1","max-image-preview":"max-image-preview:large","max-video-preview":"max-video-preview:-1"},"canonical":"https:\/\/www.teknocanta.com\/baskisiz-bez-canta\/","og_locale":"en_US","og_type":"article","og_title":"Bask\u0131s\u0131z Bez \u00c7anta - Tekno \u00c7anta - Promosyon Toptan \u00c7anta \u0130malat\u0131","og_description":"En: 35 cmY\u00fckseklik: 40 cm&nbsp; ham bez kuma\u015f 2 taraf bask\u0131s\u0131z Uzun sapl\u0131 model Stoktan hemen teslim Promosyon Bask\u0131s\u0131z Ham bez \u00e7antalarda kullan\u0131lan kuma\u015f kal\u0131nl\u0131klar\u0131 ortalama 46 tel\/140 gr\/m2 a\u011f\u0131rl\u0131\u011f\u0131ndad\u0131r. Ham bez \u00e7antalar\u0131n Kulp uzunluklar\u0131n\u0131 omuzdan ask\u0131l\u0131 uzun sapl\u0131 veya el tutmal\u0131 k\u0131sa sapl\u0131 olarak tercih edebilirsiniz. En \u00e7ok tercih edilen ebat 35&#215;40 cm b\u00fcy\u00fckl\u00fc\u011f\u00fcndedir.&hellip;","og_url":"https:\/\/www.teknocanta.com\/baskisiz-bez-canta\/","og_site_name":"Tekno \u00c7anta - Promosyon Toptan \u00c7anta \u0130malat\u0131","article_modified_time":"2021-12-30T00:16:44+00:00","og_image":[{"width":600,"height":600,"url":"https:\/\/www.teknocanta.com\/wp-content\/uploads\/2021\/10\/baskisiz_bez_canta500x550.jpg","type":"image\/jpeg"}],"twitter_card":"summary_large_image","twitter_misc":{"Est. reading time":"1 minute"},"schema":{"@context":"https:\/\/schema.org","@graph":[{"@type":"WebPage","@id":"https:\/\/www.teknocanta.com\/baskisiz-bez-canta\/","url":"https:\/\/www.teknocanta.com\/baskisiz-bez-canta\/","name":"Bask\u0131s\u0131z Bez \u00c7anta - Tekno \u00c7anta - Promosyon Toptan \u00c7anta \u0130malat\u0131","isPartOf":{"@id":"https:\/\/www.teknocanta.com\/#website"},"primaryImageOfPage":{"@id":"https:\/\/www.teknocanta.com\/baskisiz-bez-canta\/#primaryimage"},"image":{"@id":"https:\/\/www.teknocanta.com\/baskisiz-bez-canta\/#primaryimage"},"thumbnailUrl":"https:\/\/www.teknocanta.com\/wp-content\/uploads\/2021\/10\/baskisiz_bez_canta500x550.jpg","datePublished":"2021-10-14T12:50:01+00:00","dateModified":"2021-12-30T00:16:44+00:00","breadcrumb":{"@id":"https:\/\/www.teknocanta.com\/baskisiz-bez-canta\/#breadcrumb"},"inLanguage":"en-US","potentialAction":[{"@type":"ReadAction","target":["https:\/\/www.teknocanta.com\/baskisiz-bez-canta\/"]}]},{"@type":"ImageObject","inLanguage":"en-US","@id":"https:\/\/www.teknocanta.com\/baskisiz-bez-canta\/#primaryimage","url":"https:\/\/www.teknocanta.com\/wp-content\/uploads\/2021\/10\/baskisiz_bez_canta500x550.jpg","contentUrl":"https:\/\/www.teknocanta.com\/wp-content\/uploads\/2021\/10\/baskisiz_bez_canta500x550.jpg","width":600,"height":600},{"@type":"BreadcrumbList","@id":"https:\/\/www.teknocanta.com\/baskisiz-bez-canta\/#breadcrumb","itemListElement":[{"@type":"ListItem","position":1,"name":"Ana sayfa","item":"https:\/\/www.teknocanta.com\/en\/"},{"@type":"ListItem","position":2,"name":"\u00dcr\u00fcnler","item":"https:\/\/www.teknocanta.com\/urunler\/"},{"@type":"ListItem","position":3,"name":"Bask\u0131s\u0131z Bez \u00c7anta"}]},{"@type":"WebSite","@id":"https:\/\/www.teknocanta.com\/#website","url":"https:\/\/www.teknocanta.com\/","name":"Tekno \u00c7anta - Promosyon Toptan \u00c7anta \u0130malat\u0131","description":"Toptan \u00e7anta imalat\u0131, ham bez \u00e7anta, s\u0131rt \u00e7antalar\u0131, laptop ve evrak \u00e7antalar\u0131, kongre \u00e7antalar\u0131, fuar \u00e7antas\u0131 ve ipli b\u00fczg\u00fcl\u00fc \u00e7anta imalat\u0131 yapmaktay\u0131z.","potentialAction":[{"@type":"SearchAction","target":{"@type":"EntryPoint","urlTemplate":"https:\/\/www.teknocanta.com\/?s={search_term_string}"},"query-input":{"@type":"PropertyValueSpecification","valueRequired":true,"valueName":"search_term_string"}}],"inLanguage":"en-US"}]}},"_links":{"self":[{"href":"https:\/\/www.teknocanta.com\/en\/wp-json\/wp\/v2\/product\/37139","targetHints":{"allow":["GET"]}}],"collection":[{"href":"https:\/\/www.teknocanta.com\/en\/wp-json\/wp\/v2\/product"}],"about":[{"href":"https:\/\/www.teknocanta.com\/en\/wp-json\/wp\/v2\/types\/product"}],"replies":[{"embeddable":true,"href":"https:\/\/www.teknocanta.com\/en\/wp-json\/wp\/v2\/comments?post=37139"}],"wp:featuredmedia":[{"embeddable":true,"href":"https:\/\/www.teknocanta.com\/en\/wp-json\/wp\/v2\/media\/37177"}],"wp:attachment":[{"href":"https:\/\/www.teknocanta.com\/en\/wp-json\/wp\/v2\/media?parent=37139"}],"wp:term":[{"taxonomy":"product_brand","embeddable":true,"href":"https:\/\/www.teknocanta.com\/en\/wp-json\/wp\/v2\/product_brand?post=37139"},{"taxonomy":"product_cat","embeddable":true,"href":"https:\/\/www.teknocanta.com\/en\/wp-json\/wp\/v2\/product_cat?post=37139"},{"taxonomy":"product_tag","embeddable":true,"href":"https:\/\/www.teknocanta.com\/en\/wp-json\/wp\/v2\/product_tag?post=37139"}],"curies":[{"name":"wp","href":"https:\/\/api.w.org\/{rel}","templated":true}]}}